{"id":21840,"date":"2024-07-31T08:38:21","date_gmt":"2024-07-31T08:38:21","guid":{"rendered":"https:\/\/frudia.es\/producto\/set-de-regalo-proteccion-solar-sea-side\/"},"modified":"2024-08-01T07:49:39","modified_gmt":"2024-08-01T07:49:39","slug":"set-de-regalo-proteccion-solar-sea-side","status":"publish","type":"product","link":"https:\/\/frudia.es\/en\/producto\/set-de-regalo-proteccion-solar-sea-side\/","title":{"rendered":"Set de regalo Protecci\u00f3n Solar Sea Side"},"content":{"rendered":"<h4>Modo de uso<\/h4>\n<p>Aplicar una cantidad adecuada de manera uniforme como \u00faltimo paso del cuidado de la piel.<\/p>\n<p>&nbsp;<\/p>\n<h4>Ingredientes<\/h4>\n<p>Water (Aqua), Propanediol, Ethylhexyl Methoxycinnamate, Dibutyl Adipate, Diethylamino Hydroxybenzoyl Hexyl Benzoate, Polysorbate 60, C12-15 Alkyl Benzoate, Niacinamide, Cetearyl Olivate, Titanium Dioxide, Cetyl Alcohol, Sorbitan Olivate, Ethylhexyl Triazone, Cyclopentasiloxane, Ceteareth-23, Silica, Glyceryl Stearate, Hydroxyethyl Acrylate\/Sodium Acryloyldimethyl Taurate Copolymer, Stearyl Alcohol, 1,2-Hexanediol, Polyglyceryl-2 Stearate, Aluminum Hydroxide, Polyhydroxystearic Acid, Methicone, Tocopheryl Acetate, Myristyl Alcohol, Sorbitan Isostearate, Adenosine, Lauryl Alcohol, Sodium Hyaluronate, Vaccinium Angustifolium (Blueberry) Fruit Extract, Butylene Glycol, Coco-Caprylate\/Caprate, Vitis Vinifera (Grape) Seed Oil, Prunus Armeniaca (Apricot) Kernel Oil, Propylene Glycol, Biosaccharide Gum-4, Salix Alba (Willow) Bark Extract, Origanum Vulgare Leaf Extract, Mangifera Indica (Mango) Fruit Extract, Hyaluronic Acid, Garcinia Mangostana Peel Extract, Chamaecyparis Obtusa Leaf Extract, Solanum Lycopersicum (Tomato) Seed Oil, Scutellaria Baicalensis Root Extract, Punica Granatum Seed Oil, Portulaca Oleracea Extract, Mangifera Indica (Mango) Seed Oil, Lactobacillus\/Soybean Ferment Extract, Citrus Paradisi (Grapefruit) Seed Oil, Cinnamomum Cassia Bark Extract, Ethylhexylglycerin, Malpighia Emarginata (Acerola) Fruit Extract, Tocopherol, Chlorphenesin, Phenoxyethanol, Disodium EDTA, Fragrance (Parfum)<\/p>\n","protected":false},"excerpt":{"rendered":"<ul>\n<li>Esencia solar de hidrataci\u00f3n profunda con textura ligera, protege la piel de los rayos UV proporcionando una rica hidrataci\u00f3n.<\/li>\n<li>Textura h\u00fameda llena de \u00e1cido hialur\u00f3nico triple con una rica hidrataci\u00f3n que penetra en la piel y proporciona una hidrataci\u00f3n profunda.<\/li>\n<li>El componente de hidrataci\u00f3n patentado NATURAL PROTECTOR\u2122 protege la barrera de hidrataci\u00f3n de la piel que se da\u00f1a f\u00e1cilmente con los rayos UV.<\/li>\n<\/ul>\n","protected":false},"featured_media":21862,"comment_status":"closed","ping_status":"closed","template":"","meta":[],"product_brand":[],"product_cat":[706,764,686],"product_tag":[],"class_list":{"0":"post-21840","1":"product","2":"type-product","3":"status-publish","4":"has-post-thumbnail","6":"product_cat-new","7":"product_cat-solar-2-en","8":"product_cat-sun","10":"first","11":"instock","12":"shipping-taxable","13":"purchasable","14":"product-type-simple"},"yoast_head":"<!-- This site is optimized with the Yoast SEO plugin v27.2 - https:\/\/yoast.com\/product\/yoast-seo-wordpress\/ -->\n<title>Set de regalo Protecci\u00f3n Solar Sea Side - Frudia<\/title>\n<meta name=\"robots\" content=\"index, follow, max-snippet:-1, max-image-preview:large, max-video-preview:-1\" \/>\n<link rel=\"canonical\" href=\"https:\/\/frudia.es\/en\/producto\/set-de-regalo-proteccion-solar-sea-side\/\" \/>\n<meta property=\"og:locale\" content=\"en_US\" \/>\n<meta property=\"og:type\" content=\"article\" \/>\n<meta property=\"og:title\" content=\"Set de regalo Protecci\u00f3n Solar Sea Side - Frudia\" \/>\n<meta property=\"og:description\" content=\"Esencia solar de hidrataci\u00f3n profunda con textura ligera, protege la piel de los rayos UV proporcionando una rica hidrataci\u00f3n.  Textura h\u00fameda llena de \u00e1cido hialur\u00f3nico triple con una rica hidrataci\u00f3n que penetra en la piel y proporciona una hidrataci\u00f3n profunda.  El componente de hidrataci\u00f3n patentado NATURAL PROTECTOR\u2122 protege la barrera de hidrataci\u00f3n de la piel que se da\u00f1a f\u00e1cilmente con los rayos UV.\" \/>\n<meta property=\"og:url\" content=\"https:\/\/frudia.es\/en\/producto\/set-de-regalo-proteccion-solar-sea-side\/\" \/>\n<meta property=\"og:site_name\" content=\"Frudia\" \/>\n<meta property=\"article:modified_time\" content=\"2024-08-01T07:49:39+00:00\" \/>\n<meta property=\"og:image\" content=\"http:\/\/frudia.es\/wp-content\/uploads\/2024\/08\/FFDASCMUTST_8803348050742.png\" \/>\n\t<meta property=\"og:image:width\" content=\"1080\" \/>\n\t<meta property=\"og:image:height\" content=\"1081\" \/>\n\t<meta property=\"og:image:type\" content=\"image\/png\" \/>\n<meta name=\"twitter:card\" content=\"summary_large_image\" \/>\n<meta name=\"twitter:label1\" content=\"Est. reading time\" \/>\n\t<meta name=\"twitter:data1\" content=\"1 minute\" \/>\n<script type=\"application\/ld+json\" class=\"yoast-schema-graph\">{\"@context\":\"https:\/\/schema.org\",\"@graph\":[{\"@type\":\"WebPage\",\"@id\":\"https:\/\/frudia.es\/en\/producto\/set-de-regalo-proteccion-solar-sea-side\/\",\"url\":\"https:\/\/frudia.es\/en\/producto\/set-de-regalo-proteccion-solar-sea-side\/\",\"name\":\"Set de regalo Protecci\u00f3n Solar Sea Side - Frudia\",\"isPartOf\":{\"@id\":\"https:\/\/frudia.es\/en\/#website\"},\"primaryImageOfPage\":{\"@id\":\"https:\/\/frudia.es\/en\/producto\/set-de-regalo-proteccion-solar-sea-side\/#primaryimage\"},\"image\":{\"@id\":\"https:\/\/frudia.es\/en\/producto\/set-de-regalo-proteccion-solar-sea-side\/#primaryimage\"},\"thumbnailUrl\":\"https:\/\/frudia.es\/wp-content\/uploads\/2024\/08\/FFDASCMUTST_8803348050742.png\",\"datePublished\":\"2024-07-31T08:38:21+00:00\",\"dateModified\":\"2024-08-01T07:49:39+00:00\",\"breadcrumb\":{\"@id\":\"https:\/\/frudia.es\/en\/producto\/set-de-regalo-proteccion-solar-sea-side\/#breadcrumb\"},\"inLanguage\":\"en-US\",\"potentialAction\":[{\"@type\":\"ReadAction\",\"target\":[\"https:\/\/frudia.es\/en\/producto\/set-de-regalo-proteccion-solar-sea-side\/\"]}]},{\"@type\":\"ImageObject\",\"inLanguage\":\"en-US\",\"@id\":\"https:\/\/frudia.es\/en\/producto\/set-de-regalo-proteccion-solar-sea-side\/#primaryimage\",\"url\":\"https:\/\/frudia.es\/wp-content\/uploads\/2024\/08\/FFDASCMUTST_8803348050742.png\",\"contentUrl\":\"https:\/\/frudia.es\/wp-content\/uploads\/2024\/08\/FFDASCMUTST_8803348050742.png\",\"width\":1080,\"height\":1081},{\"@type\":\"BreadcrumbList\",\"@id\":\"https:\/\/frudia.es\/en\/producto\/set-de-regalo-proteccion-solar-sea-side\/#breadcrumb\",\"itemListElement\":[{\"@type\":\"ListItem\",\"position\":1,\"name\":\"Portada\",\"item\":\"https:\/\/frudia.es\/en\/\"},{\"@type\":\"ListItem\",\"position\":2,\"name\":\"Tienda\",\"item\":\"https:\/\/frudia.es\/en\/shop\/\"},{\"@type\":\"ListItem\",\"position\":3,\"name\":\"Set de regalo Protecci\u00f3n Solar Sea Side\"}]},{\"@type\":\"WebSite\",\"@id\":\"https:\/\/frudia.es\/en\/#website\",\"url\":\"https:\/\/frudia.es\/en\/\",\"name\":\"Frudia\",\"description\":\"La belleza est\u00e1 en las frutas\",\"potentialAction\":[{\"@type\":\"SearchAction\",\"target\":{\"@type\":\"EntryPoint\",\"urlTemplate\":\"https:\/\/frudia.es\/en\/?s={search_term_string}\"},\"query-input\":{\"@type\":\"PropertyValueSpecification\",\"valueRequired\":true,\"valueName\":\"search_term_string\"}}],\"inLanguage\":\"en-US\"}]}<\/script>\n<!-- \/ Yoast SEO plugin. -->","yoast_head_json":{"title":"Set de regalo Protecci\u00f3n Solar Sea Side - Frudia","robots":{"index":"index","follow":"follow","max-snippet":"max-snippet:-1","max-image-preview":"max-image-preview:large","max-video-preview":"max-video-preview:-1"},"canonical":"https:\/\/frudia.es\/en\/producto\/set-de-regalo-proteccion-solar-sea-side\/","og_locale":"en_US","og_type":"article","og_title":"Set de regalo Protecci\u00f3n Solar Sea Side - Frudia","og_description":"Esencia solar de hidrataci\u00f3n profunda con textura ligera, protege la piel de los rayos UV proporcionando una rica hidrataci\u00f3n.  Textura h\u00fameda llena de \u00e1cido hialur\u00f3nico triple con una rica hidrataci\u00f3n que penetra en la piel y proporciona una hidrataci\u00f3n profunda.  El componente de hidrataci\u00f3n patentado NATURAL PROTECTOR\u2122 protege la barrera de hidrataci\u00f3n de la piel que se da\u00f1a f\u00e1cilmente con los rayos UV.","og_url":"https:\/\/frudia.es\/en\/producto\/set-de-regalo-proteccion-solar-sea-side\/","og_site_name":"Frudia","article_modified_time":"2024-08-01T07:49:39+00:00","og_image":[{"width":1080,"height":1081,"url":"http:\/\/frudia.es\/wp-content\/uploads\/2024\/08\/FFDASCMUTST_8803348050742.png","type":"image\/png"}],"twitter_card":"summary_large_image","twitter_misc":{"Est. reading time":"1 minute"},"schema":{"@context":"https:\/\/schema.org","@graph":[{"@type":"WebPage","@id":"https:\/\/frudia.es\/en\/producto\/set-de-regalo-proteccion-solar-sea-side\/","url":"https:\/\/frudia.es\/en\/producto\/set-de-regalo-proteccion-solar-sea-side\/","name":"Set de regalo Protecci\u00f3n Solar Sea Side - Frudia","isPartOf":{"@id":"https:\/\/frudia.es\/en\/#website"},"primaryImageOfPage":{"@id":"https:\/\/frudia.es\/en\/producto\/set-de-regalo-proteccion-solar-sea-side\/#primaryimage"},"image":{"@id":"https:\/\/frudia.es\/en\/producto\/set-de-regalo-proteccion-solar-sea-side\/#primaryimage"},"thumbnailUrl":"https:\/\/frudia.es\/wp-content\/uploads\/2024\/08\/FFDASCMUTST_8803348050742.png","datePublished":"2024-07-31T08:38:21+00:00","dateModified":"2024-08-01T07:49:39+00:00","breadcrumb":{"@id":"https:\/\/frudia.es\/en\/producto\/set-de-regalo-proteccion-solar-sea-side\/#breadcrumb"},"inLanguage":"en-US","potentialAction":[{"@type":"ReadAction","target":["https:\/\/frudia.es\/en\/producto\/set-de-regalo-proteccion-solar-sea-side\/"]}]},{"@type":"ImageObject","inLanguage":"en-US","@id":"https:\/\/frudia.es\/en\/producto\/set-de-regalo-proteccion-solar-sea-side\/#primaryimage","url":"https:\/\/frudia.es\/wp-content\/uploads\/2024\/08\/FFDASCMUTST_8803348050742.png","contentUrl":"https:\/\/frudia.es\/wp-content\/uploads\/2024\/08\/FFDASCMUTST_8803348050742.png","width":1080,"height":1081},{"@type":"BreadcrumbList","@id":"https:\/\/frudia.es\/en\/producto\/set-de-regalo-proteccion-solar-sea-side\/#breadcrumb","itemListElement":[{"@type":"ListItem","position":1,"name":"Portada","item":"https:\/\/frudia.es\/en\/"},{"@type":"ListItem","position":2,"name":"Tienda","item":"https:\/\/frudia.es\/en\/shop\/"},{"@type":"ListItem","position":3,"name":"Set de regalo Protecci\u00f3n Solar Sea Side"}]},{"@type":"WebSite","@id":"https:\/\/frudia.es\/en\/#website","url":"https:\/\/frudia.es\/en\/","name":"Frudia","description":"La belleza est\u00e1 en las frutas","potentialAction":[{"@type":"SearchAction","target":{"@type":"EntryPoint","urlTemplate":"https:\/\/frudia.es\/en\/?s={search_term_string}"},"query-input":{"@type":"PropertyValueSpecification","valueRequired":true,"valueName":"search_term_string"}}],"inLanguage":"en-US"}]}},"_links":{"self":[{"href":"https:\/\/frudia.es\/en\/wp-json\/wp\/v2\/product\/21840","targetHints":{"allow":["GET"]}}],"collection":[{"href":"https:\/\/frudia.es\/en\/wp-json\/wp\/v2\/product"}],"about":[{"href":"https:\/\/frudia.es\/en\/wp-json\/wp\/v2\/types\/product"}],"replies":[{"embeddable":true,"href":"https:\/\/frudia.es\/en\/wp-json\/wp\/v2\/comments?post=21840"}],"wp:featuredmedia":[{"embeddable":true,"href":"https:\/\/frudia.es\/en\/wp-json\/wp\/v2\/media\/21862"}],"wp:attachment":[{"href":"https:\/\/frudia.es\/en\/wp-json\/wp\/v2\/media?parent=21840"}],"wp:term":[{"taxonomy":"product_brand","embeddable":true,"href":"https:\/\/frudia.es\/en\/wp-json\/wp\/v2\/product_brand?post=21840"},{"taxonomy":"product_cat","embeddable":true,"href":"https:\/\/frudia.es\/en\/wp-json\/wp\/v2\/product_cat?post=21840"},{"taxonomy":"product_tag","embeddable":true,"href":"https:\/\/frudia.es\/en\/wp-json\/wp\/v2\/product_tag?post=21840"}],"curies":[{"name":"wp","href":"https:\/\/api.w.org\/{rel}","templated":true}]}}