{"id":21844,"date":"2024-07-31T08:38:21","date_gmt":"2024-07-31T08:38:21","guid":{"rendered":"https:\/\/frudia.es\/producto\/set-cremas-de-manos-y-balsamo-de-labios-hello-winter\/"},"modified":"2024-08-01T07:48:25","modified_gmt":"2024-08-01T07:48:25","slug":"set-cremas-de-manos-y-balsamo-de-labios-hello-winter","status":"publish","type":"product","link":"https:\/\/frudia.es\/en\/producto\/set-cremas-de-manos-y-balsamo-de-labios-hello-winter\/","title":{"rendered":"Set Cremas de Manos y B\u00e1lsamo de Labios Hello Winter"},"content":{"rendered":"<h4>Modo de uso<\/h4>\n<p>Crema de manos: Aplicar generosamente sobre las manos limpias masajeando suavemente. B\u00e1lsamo labial: Tomar la cantidad adecuada y aplicar suavemente alrededor de la delicada zona de los labios.<\/p>\n<p>&nbsp;<\/p>\n<h4>Ingredientes<\/h4>\n<p>Raspberry hand cream: Water, Glycerin, Isopropyl Myristate, Cetyl Alcohol, Polysorbate 60, Cyclopentasiloxane, Mineral Oil, Glyceryl Stearate, Stearyl Alcohol, Cetearyl Alcohol, PEG-100 Stearate, Dimethicone, Sodium Polyacrylate, Myristyl Alcohol, Sorbitan Sesquioleate, Ethylhexyl Stearate, Palmitic Acid, Squalane, Lauryl Alcohol, Erythritol, Butyrospermum Parkii (Shea Butter), Vaccinium Angustifolium (Blueberry) Fruit Extract, Stearic Acid, Adenosine, Trideceth-6, Coco-Caprylate\/Caprate, Rubus Chingii Fruit Extract, Butylene Glycol, 1,2-Hexanediol, Vitis Vinifera (Grape) Seed Oil, Prunus Armeniaca (Apricot) Kernel Oil, Panthenol, Honey Extract, Centella Asiatica Extract, Solanum Lycopersicum (Tomato) Seed Oil, Punica Granatum Seed Oil, Mangifera Indica (Mango) Seed Oil, Citrus Paradisi (Grapefruit) Seed Oil, Tocopherol, Disodium EDTA, Phenoxyethanol, Chlorphenesin, Fragrance, Benzyl Salicylate, Limonene, Hydroxycitronellal, Linalool, Citronellol. Coconut hand cream: Water, Glycerin, Cetyl Alcohol, Mineral Oil, Dipropylene Glycol, Dimethicone, Cyclopentasiloxane, Stearyl Alcohol, Glyceryl Stearate, PEG-100 Stearate, Polysorbate 60, Myristyl Alcohol, Sorbitan Stearate, Acrylates\/C10-30 Alkyl Acrylate Crosspolymer, Cocos Nucifera (Coconut) Water, Squalane, Erythritol, Butyrospermum Parkii (Shea Butter), Punica Granatum Fruit Extract, Lauryl Alcohol, Coco-Caprylate\/Caprate, Xanthan Gum, Potassium Hydroxide, Adenosine, Vitis Vinifera (Grape) Seed Oil, Prunus Armeniaca (Apricot) Kernel Oil, Butylene Glycol, Panthenol, Solanum Lycopersicum (Tomato) Seed Oil, Punica Granatum Seed Oil, Mangifera Indica (Mango) Seed Oil, Citrus Paradisi (Grapefruit) Seed Oil, Honey Extract, Centella Asiatica Extract, Tocopherol, Disodium EDTA, Phenoxyethanol, Chlorphenesin, 1,2-Hexanediol, Fragrance, Benzyl Benzoate, Benzyl Salicylate, Coumarin, Limonene. Blueberry lip balm: Mineral Oil, Petrolatum, Microcrystalline Wax, Hydrogenated Castor Oil Dimer Dilinoleate, Paraffin, Beeswax, Diisostearyl Malate, Ricinus Communis (Castor) Seed Oil, Silica Dimethyl Silylate, Glyceryl Caprylate, Butylene\/Ethylene\/Styrene Copolymer, Ethylene\/Propylene\/Styrene Copolymer, Water, Hydrogenated Polyisobutene, Caprylic\/Capric Triglyceride, Coco-Caprylate\/Caprate, Butylene Glycol, Hydrolyzed Collagen, Prunus Armeniaca (Apricot) Kernel Oil, Vitis Vinifera (Grape) Seed Oil, 1,2-Hexanediol, Ribes Nigrum (Black Currant) Leaf Extract, Sodium Hyaluronate, Vaccinium Angustifolium (Blueberry) Fruit Extract, Citrus Paradisi (Grapefruit) Seed Oil, Honey Extract, Mangifera Indica (Mango) Seed Oil, Punica Granatum Seed Oil, Solanum Lycopersicum (Tomato) Seed Oil, Anemarrhena Asphodeloides Root Extract, Tocopherol, Phenoxyethanol, Fragrance.<\/p>\n","protected":false},"excerpt":{"rendered":"<p>Set perfecto para regalo que incluye 2 cremas de manos y nuestro b\u00e1lsamo de labios top ventas. Las cremas de manos protegen suavemente las manos secas y da\u00f1adas para darles confort y un efecto curativo y el b\u00e1lsamo recupera cualquier labio da\u00f1ado por la sequedad y deshidrataci\u00f3n.<\/p>\n","protected":false},"featured_media":21865,"comment_status":"closed","ping_status":"closed","template":"","meta":[],"product_brand":[],"product_cat":[674,706],"product_tag":[],"class_list":{"0":"post-21844","1":"product","2":"type-product","3":"status-publish","4":"has-post-thumbnail","6":"product_cat-my-orchard-en","7":"product_cat-new","9":"first","10":"instock","11":"shipping-taxable","12":"purchasable","13":"product-type-simple"},"yoast_head":"<!-- This site is optimized with the Yoast SEO plugin v27.2 - https:\/\/yoast.com\/product\/yoast-seo-wordpress\/ -->\n<title>Set Cremas de Manos y B\u00e1lsamo de Labios Hello Winter - Frudia<\/title>\n<meta name=\"robots\" content=\"index, follow, max-snippet:-1, max-image-preview:large, max-video-preview:-1\" \/>\n<link rel=\"canonical\" href=\"https:\/\/frudia.es\/en\/producto\/set-cremas-de-manos-y-balsamo-de-labios-hello-winter\/\" \/>\n<meta property=\"og:locale\" content=\"en_US\" \/>\n<meta property=\"og:type\" content=\"article\" \/>\n<meta property=\"og:title\" content=\"Set Cremas de Manos y B\u00e1lsamo de Labios Hello Winter - Frudia\" \/>\n<meta property=\"og:description\" content=\"Set perfecto para regalo que incluye 2 cremas de manos y nuestro b\u00e1lsamo de labios top ventas. Las cremas de manos protegen suavemente las manos secas y da\u00f1adas para darles confort y un efecto curativo y el b\u00e1lsamo recupera cualquier labio da\u00f1ado por la sequedad y deshidrataci\u00f3n.\" \/>\n<meta property=\"og:url\" content=\"https:\/\/frudia.es\/en\/producto\/set-cremas-de-manos-y-balsamo-de-labios-hello-winter\/\" \/>\n<meta property=\"og:site_name\" content=\"Frudia\" \/>\n<meta property=\"article:modified_time\" content=\"2024-08-01T07:48:25+00:00\" \/>\n<meta property=\"og:image\" content=\"http:\/\/frudia.es\/wp-content\/uploads\/2024\/08\/FFDCTSHLMST_8803348050896.png\" \/>\n\t<meta property=\"og:image:width\" content=\"1080\" \/>\n\t<meta property=\"og:image:height\" content=\"1080\" \/>\n\t<meta property=\"og:image:type\" content=\"image\/png\" \/>\n<meta name=\"twitter:card\" content=\"summary_large_image\" \/>\n<meta name=\"twitter:label1\" content=\"Est. reading time\" \/>\n\t<meta name=\"twitter:data1\" content=\"2 minutes\" \/>\n<script type=\"application\/ld+json\" class=\"yoast-schema-graph\">{\"@context\":\"https:\/\/schema.org\",\"@graph\":[{\"@type\":\"WebPage\",\"@id\":\"https:\/\/frudia.es\/en\/producto\/set-cremas-de-manos-y-balsamo-de-labios-hello-winter\/\",\"url\":\"https:\/\/frudia.es\/en\/producto\/set-cremas-de-manos-y-balsamo-de-labios-hello-winter\/\",\"name\":\"Set Cremas de Manos y B\u00e1lsamo de Labios Hello Winter - Frudia\",\"isPartOf\":{\"@id\":\"https:\/\/frudia.es\/en\/#website\"},\"primaryImageOfPage\":{\"@id\":\"https:\/\/frudia.es\/en\/producto\/set-cremas-de-manos-y-balsamo-de-labios-hello-winter\/#primaryimage\"},\"image\":{\"@id\":\"https:\/\/frudia.es\/en\/producto\/set-cremas-de-manos-y-balsamo-de-labios-hello-winter\/#primaryimage\"},\"thumbnailUrl\":\"https:\/\/frudia.es\/wp-content\/uploads\/2024\/08\/FFDCTSHLMST_8803348050896.png\",\"datePublished\":\"2024-07-31T08:38:21+00:00\",\"dateModified\":\"2024-08-01T07:48:25+00:00\",\"breadcrumb\":{\"@id\":\"https:\/\/frudia.es\/en\/producto\/set-cremas-de-manos-y-balsamo-de-labios-hello-winter\/#breadcrumb\"},\"inLanguage\":\"en-US\",\"potentialAction\":[{\"@type\":\"ReadAction\",\"target\":[\"https:\/\/frudia.es\/en\/producto\/set-cremas-de-manos-y-balsamo-de-labios-hello-winter\/\"]}]},{\"@type\":\"ImageObject\",\"inLanguage\":\"en-US\",\"@id\":\"https:\/\/frudia.es\/en\/producto\/set-cremas-de-manos-y-balsamo-de-labios-hello-winter\/#primaryimage\",\"url\":\"https:\/\/frudia.es\/wp-content\/uploads\/2024\/08\/FFDCTSHLMST_8803348050896.png\",\"contentUrl\":\"https:\/\/frudia.es\/wp-content\/uploads\/2024\/08\/FFDCTSHLMST_8803348050896.png\",\"width\":1080,\"height\":1080},{\"@type\":\"BreadcrumbList\",\"@id\":\"https:\/\/frudia.es\/en\/producto\/set-cremas-de-manos-y-balsamo-de-labios-hello-winter\/#breadcrumb\",\"itemListElement\":[{\"@type\":\"ListItem\",\"position\":1,\"name\":\"Portada\",\"item\":\"https:\/\/frudia.es\/en\/\"},{\"@type\":\"ListItem\",\"position\":2,\"name\":\"Tienda\",\"item\":\"https:\/\/frudia.es\/en\/shop\/\"},{\"@type\":\"ListItem\",\"position\":3,\"name\":\"Set Cremas de Manos y B\u00e1lsamo de Labios Hello Winter\"}]},{\"@type\":\"WebSite\",\"@id\":\"https:\/\/frudia.es\/en\/#website\",\"url\":\"https:\/\/frudia.es\/en\/\",\"name\":\"Frudia\",\"description\":\"La belleza est\u00e1 en las frutas\",\"potentialAction\":[{\"@type\":\"SearchAction\",\"target\":{\"@type\":\"EntryPoint\",\"urlTemplate\":\"https:\/\/frudia.es\/en\/?s={search_term_string}\"},\"query-input\":{\"@type\":\"PropertyValueSpecification\",\"valueRequired\":true,\"valueName\":\"search_term_string\"}}],\"inLanguage\":\"en-US\"}]}<\/script>\n<!-- \/ Yoast SEO plugin. -->","yoast_head_json":{"title":"Set Cremas de Manos y B\u00e1lsamo de Labios Hello Winter - Frudia","robots":{"index":"index","follow":"follow","max-snippet":"max-snippet:-1","max-image-preview":"max-image-preview:large","max-video-preview":"max-video-preview:-1"},"canonical":"https:\/\/frudia.es\/en\/producto\/set-cremas-de-manos-y-balsamo-de-labios-hello-winter\/","og_locale":"en_US","og_type":"article","og_title":"Set Cremas de Manos y B\u00e1lsamo de Labios Hello Winter - Frudia","og_description":"Set perfecto para regalo que incluye 2 cremas de manos y nuestro b\u00e1lsamo de labios top ventas. Las cremas de manos protegen suavemente las manos secas y da\u00f1adas para darles confort y un efecto curativo y el b\u00e1lsamo recupera cualquier labio da\u00f1ado por la sequedad y deshidrataci\u00f3n.","og_url":"https:\/\/frudia.es\/en\/producto\/set-cremas-de-manos-y-balsamo-de-labios-hello-winter\/","og_site_name":"Frudia","article_modified_time":"2024-08-01T07:48:25+00:00","og_image":[{"width":1080,"height":1080,"url":"http:\/\/frudia.es\/wp-content\/uploads\/2024\/08\/FFDCTSHLMST_8803348050896.png","type":"image\/png"}],"twitter_card":"summary_large_image","twitter_misc":{"Est. reading time":"2 minutes"},"schema":{"@context":"https:\/\/schema.org","@graph":[{"@type":"WebPage","@id":"https:\/\/frudia.es\/en\/producto\/set-cremas-de-manos-y-balsamo-de-labios-hello-winter\/","url":"https:\/\/frudia.es\/en\/producto\/set-cremas-de-manos-y-balsamo-de-labios-hello-winter\/","name":"Set Cremas de Manos y B\u00e1lsamo de Labios Hello Winter - Frudia","isPartOf":{"@id":"https:\/\/frudia.es\/en\/#website"},"primaryImageOfPage":{"@id":"https:\/\/frudia.es\/en\/producto\/set-cremas-de-manos-y-balsamo-de-labios-hello-winter\/#primaryimage"},"image":{"@id":"https:\/\/frudia.es\/en\/producto\/set-cremas-de-manos-y-balsamo-de-labios-hello-winter\/#primaryimage"},"thumbnailUrl":"https:\/\/frudia.es\/wp-content\/uploads\/2024\/08\/FFDCTSHLMST_8803348050896.png","datePublished":"2024-07-31T08:38:21+00:00","dateModified":"2024-08-01T07:48:25+00:00","breadcrumb":{"@id":"https:\/\/frudia.es\/en\/producto\/set-cremas-de-manos-y-balsamo-de-labios-hello-winter\/#breadcrumb"},"inLanguage":"en-US","potentialAction":[{"@type":"ReadAction","target":["https:\/\/frudia.es\/en\/producto\/set-cremas-de-manos-y-balsamo-de-labios-hello-winter\/"]}]},{"@type":"ImageObject","inLanguage":"en-US","@id":"https:\/\/frudia.es\/en\/producto\/set-cremas-de-manos-y-balsamo-de-labios-hello-winter\/#primaryimage","url":"https:\/\/frudia.es\/wp-content\/uploads\/2024\/08\/FFDCTSHLMST_8803348050896.png","contentUrl":"https:\/\/frudia.es\/wp-content\/uploads\/2024\/08\/FFDCTSHLMST_8803348050896.png","width":1080,"height":1080},{"@type":"BreadcrumbList","@id":"https:\/\/frudia.es\/en\/producto\/set-cremas-de-manos-y-balsamo-de-labios-hello-winter\/#breadcrumb","itemListElement":[{"@type":"ListItem","position":1,"name":"Portada","item":"https:\/\/frudia.es\/en\/"},{"@type":"ListItem","position":2,"name":"Tienda","item":"https:\/\/frudia.es\/en\/shop\/"},{"@type":"ListItem","position":3,"name":"Set Cremas de Manos y B\u00e1lsamo de Labios Hello Winter"}]},{"@type":"WebSite","@id":"https:\/\/frudia.es\/en\/#website","url":"https:\/\/frudia.es\/en\/","name":"Frudia","description":"La belleza est\u00e1 en las frutas","potentialAction":[{"@type":"SearchAction","target":{"@type":"EntryPoint","urlTemplate":"https:\/\/frudia.es\/en\/?s={search_term_string}"},"query-input":{"@type":"PropertyValueSpecification","valueRequired":true,"valueName":"search_term_string"}}],"inLanguage":"en-US"}]}},"_links":{"self":[{"href":"https:\/\/frudia.es\/en\/wp-json\/wp\/v2\/product\/21844","targetHints":{"allow":["GET"]}}],"collection":[{"href":"https:\/\/frudia.es\/en\/wp-json\/wp\/v2\/product"}],"about":[{"href":"https:\/\/frudia.es\/en\/wp-json\/wp\/v2\/types\/product"}],"replies":[{"embeddable":true,"href":"https:\/\/frudia.es\/en\/wp-json\/wp\/v2\/comments?post=21844"}],"wp:featuredmedia":[{"embeddable":true,"href":"https:\/\/frudia.es\/en\/wp-json\/wp\/v2\/media\/21865"}],"wp:attachment":[{"href":"https:\/\/frudia.es\/en\/wp-json\/wp\/v2\/media?parent=21844"}],"wp:term":[{"taxonomy":"product_brand","embeddable":true,"href":"https:\/\/frudia.es\/en\/wp-json\/wp\/v2\/product_brand?post=21844"},{"taxonomy":"product_cat","embeddable":true,"href":"https:\/\/frudia.es\/en\/wp-json\/wp\/v2\/product_cat?post=21844"},{"taxonomy":"product_tag","embeddable":true,"href":"https:\/\/frudia.es\/en\/wp-json\/wp\/v2\/product_tag?post=21844"}],"curies":[{"name":"wp","href":"https:\/\/api.w.org\/{rel}","templated":true}]}}