{"id":21590,"date":"2023-07-14T11:59:23","date_gmt":"2023-07-14T11:59:23","guid":{"rendered":"https:\/\/frudia.es\/producto\/whats-wrong-solar-cicaderm-2\/"},"modified":"2024-07-31T13:09:06","modified_gmt":"2024-07-31T13:09:06","slug":"whats-wrong-solar-cicaderm","status":"publish","type":"product","link":"https:\/\/frudia.es\/pt-pt\/producto\/whats-wrong-solar-cicaderm\/","title":{"rendered":"What\u00b4s Wrong\u00a0 Cicaderm Creme solar"},"content":{"rendered":"<h4>Modo de<br \/>\n  uso<\/h4>\n<p>Aplicar uniformemente uma quantidade adequada no<br \/>\n  \u00faltimo passo do cuidado da<br \/>\n  pele.<\/p>\n<h4>Ingredientes<\/h4>\n<p>Water, Dipropylene<br \/>\n  Glycol, Dibutyl Adipate, Ethylhexyl Methoxycinnamate, Glycerin,<br \/>\n  Polyglyceryl-3 Methylglucose Distearate, Diethylamino Hydroxybenzoyl Hexyl<br \/>\n  Benzoate, C12-15 Alkyl Benzoate, Niacinamide, Titanium Dioxide, Polysorbate<br \/>\n  60, 1,2-Hexanediol, Ethylhexyl Triazone, Silica, Palmitic Acid, Hydroxyethyl<br \/>\n  Acrylate\/Sodium Acryloyldimethyl Taurate Copolymer, Dimethicone, Tocopheryl<br \/>\n  Acetate, Sorbitan Sesquioleate, Glyceryl Stearate, Stearic Acid, Aluminum<br \/>\n  Hydroxide, Polyhydroxystearic Acid, Methicone, Erythritol, Sodium<br \/>\n  Acrylate\/Sodium Acryloyldimethyl Taurate Copolymer, Polyisobutene, Limonene,<br \/>\n  Citrus Aurantium Bergamia (Bergamot) Fruit Oil, Ethylhexylglycerin,<br \/>\n  Adenosine, Lavandula Hybrida Oil, Disodium EDTA, Sorbitan Isostearate,<br \/>\n  Linalool, Juniperus Virginiana Oil, Cupressus Sempervirens Leaf\/Nut\/Stem Oil,<br \/>\n  Citric Acid, Sorbitan Oleate, Caprylyl\/Capryl Glucoside, Sodium Hyaluronate,<br \/>\n  Caprylic\/Capric Triglyceride, Citrus Aurantium Dulcis (Orange) Peel Oil,<br \/>\n  Menthyl Lactate, Ethyl Menthane Carboxamide, Centella Asiatica Extract,<br \/>\n  Vaccinium Angustifolium (Blueberry) Fruit Extract, Methyl Diisopropyl<br \/>\n  Propionamide, Citrus Paradisi (Grapefruit) Peel Oil, Butylene Glycol,<br \/>\n  Madecassic Acid, Asiaticoside, Asiatic Acid, Polygonum Cuspidatum Root<br \/>\n  Extract, Scutellaria Baicalensis Root Extract, Biosaccharide Gum-4, Camellia<br \/>\n  Sinensis Leaf Extract, Glycyrrhiza Glabra (Licorice) Root Extract, Pentylene<br \/>\n  Glycol, Madecassoside, Chamomilla Recutita (Matricaria) Flower Extract,<br \/>\n  Rosmarinus Officinalis (Rosemary) Leaf Extract, Caprylyl Glycol, Petroselinum<br \/>\n  Sativum (Parsley) Extract, Cucumis Sativus (Cucumber) Fruit Extract, Brassica<br \/>\n  Oleracea Capitata (Cabbage) Leaf Extract, Spinacia Oleracea (Spinach) Leaf<br \/>\n  Extract, Calophyllum Inophyllum Seed Oil<\/p>\n","protected":false},"excerpt":{"rendered":"<p>Protector solar<br \/>\n  hidratante que acalma a pele cansada dos raios UV com uma hidrata\u00e7\u00e3o profunda<br \/>\n  como um creme. Proporciona uma elevada protec\u00e7\u00e3o UVA e UVB ao mesmo tempo. O<br \/>\n  efeito de frescura instant\u00e2nea do Complexo SNOW ICE refresca e acalma a pele<br \/>\n  sobreaquecida.<\/p>\n","protected":false},"featured_media":21591,"comment_status":"closed","ping_status":"closed","template":"","meta":[],"product_brand":[],"product_cat":[745],"product_tag":[],"class_list":{"0":"post-21590","1":"product","2":"type-product","3":"status-publish","4":"has-post-thumbnail","6":"product_cat-sol","8":"first","9":"instock","10":"shipping-taxable","11":"purchasable","12":"product-type-simple"},"yoast_head":"<!-- This site is optimized with the Yoast SEO plugin v27.2 - https:\/\/yoast.com\/product\/yoast-seo-wordpress\/ -->\n<title>What\u00b4s Wrong\u00a0 Cicaderm Creme solar - Frudia<\/title>\n<meta name=\"robots\" content=\"index, follow, max-snippet:-1, max-image-preview:large, max-video-preview:-1\" \/>\n<link rel=\"canonical\" href=\"https:\/\/frudia.es\/pt-pt\/producto\/whats-wrong-solar-cicaderm\/\" \/>\n<meta property=\"og:locale\" content=\"pt_PT\" \/>\n<meta property=\"og:type\" content=\"article\" \/>\n<meta property=\"og:title\" content=\"What\u00b4s Wrong\u00a0 Cicaderm Creme solar - Frudia\" \/>\n<meta property=\"og:description\" content=\"Protector solar  hidratante que acalma a pele cansada dos raios UV com uma hidrata\u00e7\u00e3o profunda  como um creme. Proporciona uma elevada protec\u00e7\u00e3o UVA e UVB ao mesmo tempo. O  efeito de frescura instant\u00e2nea do Complexo SNOW ICE refresca e acalma a pele  sobreaquecida.\" \/>\n<meta property=\"og:url\" content=\"https:\/\/frudia.es\/pt-pt\/producto\/whats-wrong-solar-cicaderm\/\" \/>\n<meta property=\"og:site_name\" content=\"Frudia\" \/>\n<meta property=\"article:modified_time\" content=\"2024-07-31T13:09:06+00:00\" \/>\n<meta property=\"og:image\" content=\"https:\/\/frudia.es\/wp-content\/uploads\/2023\/07\/FFDASCMWC50_8803348049692.jpg\" \/>\n\t<meta property=\"og:image:width\" content=\"1000\" \/>\n\t<meta property=\"og:image:height\" content=\"1000\" \/>\n\t<meta property=\"og:image:type\" content=\"image\/jpeg\" \/>\n<meta name=\"twitter:card\" content=\"summary_large_image\" \/>\n<meta name=\"twitter:label1\" content=\"Tempo estimado de leitura\" \/>\n\t<meta name=\"twitter:data1\" content=\"1 minuto\" \/>\n<script type=\"application\/ld+json\" class=\"yoast-schema-graph\">{\"@context\":\"https:\/\/schema.org\",\"@graph\":[{\"@type\":\"WebPage\",\"@id\":\"https:\/\/frudia.es\/pt-pt\/producto\/whats-wrong-solar-cicaderm\/\",\"url\":\"https:\/\/frudia.es\/pt-pt\/producto\/whats-wrong-solar-cicaderm\/\",\"name\":\"What\u00b4s Wrong\u00a0 Cicaderm Creme solar - Frudia\",\"isPartOf\":{\"@id\":\"https:\/\/frudia.es\/pt-pt\/#website\"},\"primaryImageOfPage\":{\"@id\":\"https:\/\/frudia.es\/pt-pt\/producto\/whats-wrong-solar-cicaderm\/#primaryimage\"},\"image\":{\"@id\":\"https:\/\/frudia.es\/pt-pt\/producto\/whats-wrong-solar-cicaderm\/#primaryimage\"},\"thumbnailUrl\":\"https:\/\/frudia.es\/wp-content\/uploads\/2023\/07\/FFDASCMWC50_8803348049692.jpg\",\"datePublished\":\"2023-07-14T11:59:23+00:00\",\"dateModified\":\"2024-07-31T13:09:06+00:00\",\"breadcrumb\":{\"@id\":\"https:\/\/frudia.es\/pt-pt\/producto\/whats-wrong-solar-cicaderm\/#breadcrumb\"},\"inLanguage\":\"pt-PT\",\"potentialAction\":[{\"@type\":\"ReadAction\",\"target\":[\"https:\/\/frudia.es\/pt-pt\/producto\/whats-wrong-solar-cicaderm\/\"]}]},{\"@type\":\"ImageObject\",\"inLanguage\":\"pt-PT\",\"@id\":\"https:\/\/frudia.es\/pt-pt\/producto\/whats-wrong-solar-cicaderm\/#primaryimage\",\"url\":\"https:\/\/frudia.es\/wp-content\/uploads\/2023\/07\/FFDASCMWC50_8803348049692.jpg\",\"contentUrl\":\"https:\/\/frudia.es\/wp-content\/uploads\/2023\/07\/FFDASCMWC50_8803348049692.jpg\",\"width\":1000,\"height\":1000},{\"@type\":\"BreadcrumbList\",\"@id\":\"https:\/\/frudia.es\/pt-pt\/producto\/whats-wrong-solar-cicaderm\/#breadcrumb\",\"itemListElement\":[{\"@type\":\"ListItem\",\"position\":1,\"name\":\"Portada\",\"item\":\"https:\/\/frudia.es\/pt-pt\/\"},{\"@type\":\"ListItem\",\"position\":2,\"name\":\"Tienda\",\"item\":\"https:\/\/frudia.es\/en\/shop\/\"},{\"@type\":\"ListItem\",\"position\":3,\"name\":\"What\u00b4s Wrong\u00a0 Cicaderm Creme solar\"}]},{\"@type\":\"WebSite\",\"@id\":\"https:\/\/frudia.es\/pt-pt\/#website\",\"url\":\"https:\/\/frudia.es\/pt-pt\/\",\"name\":\"Frudia\",\"description\":\"La belleza est\u00e1 en las frutas\",\"potentialAction\":[{\"@type\":\"SearchAction\",\"target\":{\"@type\":\"EntryPoint\",\"urlTemplate\":\"https:\/\/frudia.es\/pt-pt\/?s={search_term_string}\"},\"query-input\":{\"@type\":\"PropertyValueSpecification\",\"valueRequired\":true,\"valueName\":\"search_term_string\"}}],\"inLanguage\":\"pt-PT\"}]}<\/script>\n<!-- \/ Yoast SEO plugin. -->","yoast_head_json":{"title":"What\u00b4s Wrong\u00a0 Cicaderm Creme solar - Frudia","robots":{"index":"index","follow":"follow","max-snippet":"max-snippet:-1","max-image-preview":"max-image-preview:large","max-video-preview":"max-video-preview:-1"},"canonical":"https:\/\/frudia.es\/pt-pt\/producto\/whats-wrong-solar-cicaderm\/","og_locale":"pt_PT","og_type":"article","og_title":"What\u00b4s Wrong\u00a0 Cicaderm Creme solar - Frudia","og_description":"Protector solar  hidratante que acalma a pele cansada dos raios UV com uma hidrata\u00e7\u00e3o profunda  como um creme. Proporciona uma elevada protec\u00e7\u00e3o UVA e UVB ao mesmo tempo. O  efeito de frescura instant\u00e2nea do Complexo SNOW ICE refresca e acalma a pele  sobreaquecida.","og_url":"https:\/\/frudia.es\/pt-pt\/producto\/whats-wrong-solar-cicaderm\/","og_site_name":"Frudia","article_modified_time":"2024-07-31T13:09:06+00:00","og_image":[{"width":1000,"height":1000,"url":"https:\/\/frudia.es\/wp-content\/uploads\/2023\/07\/FFDASCMWC50_8803348049692.jpg","type":"image\/jpeg"}],"twitter_card":"summary_large_image","twitter_misc":{"Tempo estimado de leitura":"1 minuto"},"schema":{"@context":"https:\/\/schema.org","@graph":[{"@type":"WebPage","@id":"https:\/\/frudia.es\/pt-pt\/producto\/whats-wrong-solar-cicaderm\/","url":"https:\/\/frudia.es\/pt-pt\/producto\/whats-wrong-solar-cicaderm\/","name":"What\u00b4s Wrong\u00a0 Cicaderm Creme solar - Frudia","isPartOf":{"@id":"https:\/\/frudia.es\/pt-pt\/#website"},"primaryImageOfPage":{"@id":"https:\/\/frudia.es\/pt-pt\/producto\/whats-wrong-solar-cicaderm\/#primaryimage"},"image":{"@id":"https:\/\/frudia.es\/pt-pt\/producto\/whats-wrong-solar-cicaderm\/#primaryimage"},"thumbnailUrl":"https:\/\/frudia.es\/wp-content\/uploads\/2023\/07\/FFDASCMWC50_8803348049692.jpg","datePublished":"2023-07-14T11:59:23+00:00","dateModified":"2024-07-31T13:09:06+00:00","breadcrumb":{"@id":"https:\/\/frudia.es\/pt-pt\/producto\/whats-wrong-solar-cicaderm\/#breadcrumb"},"inLanguage":"pt-PT","potentialAction":[{"@type":"ReadAction","target":["https:\/\/frudia.es\/pt-pt\/producto\/whats-wrong-solar-cicaderm\/"]}]},{"@type":"ImageObject","inLanguage":"pt-PT","@id":"https:\/\/frudia.es\/pt-pt\/producto\/whats-wrong-solar-cicaderm\/#primaryimage","url":"https:\/\/frudia.es\/wp-content\/uploads\/2023\/07\/FFDASCMWC50_8803348049692.jpg","contentUrl":"https:\/\/frudia.es\/wp-content\/uploads\/2023\/07\/FFDASCMWC50_8803348049692.jpg","width":1000,"height":1000},{"@type":"BreadcrumbList","@id":"https:\/\/frudia.es\/pt-pt\/producto\/whats-wrong-solar-cicaderm\/#breadcrumb","itemListElement":[{"@type":"ListItem","position":1,"name":"Portada","item":"https:\/\/frudia.es\/pt-pt\/"},{"@type":"ListItem","position":2,"name":"Tienda","item":"https:\/\/frudia.es\/en\/shop\/"},{"@type":"ListItem","position":3,"name":"What\u00b4s Wrong\u00a0 Cicaderm Creme solar"}]},{"@type":"WebSite","@id":"https:\/\/frudia.es\/pt-pt\/#website","url":"https:\/\/frudia.es\/pt-pt\/","name":"Frudia","description":"La belleza est\u00e1 en las frutas","potentialAction":[{"@type":"SearchAction","target":{"@type":"EntryPoint","urlTemplate":"https:\/\/frudia.es\/pt-pt\/?s={search_term_string}"},"query-input":{"@type":"PropertyValueSpecification","valueRequired":true,"valueName":"search_term_string"}}],"inLanguage":"pt-PT"}]}},"_links":{"self":[{"href":"https:\/\/frudia.es\/pt-pt\/wp-json\/wp\/v2\/product\/21590","targetHints":{"allow":["GET"]}}],"collection":[{"href":"https:\/\/frudia.es\/pt-pt\/wp-json\/wp\/v2\/product"}],"about":[{"href":"https:\/\/frudia.es\/pt-pt\/wp-json\/wp\/v2\/types\/product"}],"replies":[{"embeddable":true,"href":"https:\/\/frudia.es\/pt-pt\/wp-json\/wp\/v2\/comments?post=21590"}],"wp:featuredmedia":[{"embeddable":true,"href":"https:\/\/frudia.es\/pt-pt\/wp-json\/wp\/v2\/media\/21591"}],"wp:attachment":[{"href":"https:\/\/frudia.es\/pt-pt\/wp-json\/wp\/v2\/media?parent=21590"}],"wp:term":[{"taxonomy":"product_brand","embeddable":true,"href":"https:\/\/frudia.es\/pt-pt\/wp-json\/wp\/v2\/product_brand?post=21590"},{"taxonomy":"product_cat","embeddable":true,"href":"https:\/\/frudia.es\/pt-pt\/wp-json\/wp\/v2\/product_cat?post=21590"},{"taxonomy":"product_tag","embeddable":true,"href":"https:\/\/frudia.es\/pt-pt\/wp-json\/wp\/v2\/product_tag?post=21590"}],"curies":[{"name":"wp","href":"https:\/\/api.w.org\/{rel}","templated":true}]}}