{"id":21594,"date":"2023-07-14T11:59:23","date_gmt":"2023-07-14T11:59:23","guid":{"rendered":"https:\/\/frudia.es\/producto\/my-orchard-crema-de-manos-banana-2\/"},"modified":"2024-07-31T13:09:06","modified_gmt":"2024-07-31T13:09:06","slug":"my-orchard-crema-de-manos-banana","status":"publish","type":"product","link":"https:\/\/frudia.es\/pt-pt\/producto\/my-orchard-crema-de-manos-banana\/","title":{"rendered":"My Orchard Creme de m\u00e3os de\n  banana"},"content":{"rendered":"<h4>Modo de<br \/>\n  uso<\/h4>\n<p>Aplicar generosamente nas m\u00e3os limpas e massajar<br \/>\n  suavemente.<\/p>\n<h4>Ingredientes<\/h4>\n<p>Water,<br \/>\n  Glycerin, Mineral Oil, Cetyl Alcohol, Dipropylene Glycol, Polysorbate 60,<br \/>\n  Glyceryl Stearate, PEG-100 Stearate, Stearyl Alcohol, Cyclopentasiloxane,<br \/>\n  Dimethicone, Myristyl Alcohol, Sorbitan Stearate, Acrylates\/C10-30 Alkyl<br \/>\n  Acrylate Crosspolymer, Butyrospermum Parkii (Shea) Butter, Squalane,<br \/>\n  Erythritol, Lauryl Alcohol, Xanthan Gum, Potassium Hydroxide, Adenosine, Musa<br \/>\n  Sapientum (Banana) Fruit Extract, Panthenol, Alcohol, Centella Asiatica<br \/>\n  Extract, Vaccinium Angustifolium (Blueberry) Fruit Extract,<br \/>\n  Coco-Caprylate\/Caprate, Vitis Vinifera (Grape) Seed Oil, Prunus Armeniaca<br \/>\n  (Apricot) Kernel Oil, Butylene Glycol, Citric Acid, Solanum Lycopersicum<br \/>\n  (Tomato) Seed Oil, Punica Granatum Seed Oil, Pentylene Glycol, Mangifera<br \/>\n  Indica (Mango) Seed Oil, Citrus Paradisi (Grapefruit) Seed Oil, Honey<br \/>\n  Extract, Caprylyl Glycol, Butyrospermum Parkii (Shea) Butter Extract,<br \/>\n  Tocopherol, Tris(Tetramethylhydroxypiperidinol) Citrate, Disodium EDTA,<br \/>\n  Phenoxyethanol, Chlorphenesin, 1,2-Hexanediol, Ethylhexylglycerin, Fragrance,<br \/>\n  Benzyl Alcohol, Citral, Limonene, Eugenol, Benzyl Salicylate, Citronellol,<br \/>\n  Hexyl Cinnamal, Linalool<\/p>\n","protected":false},"excerpt":{"rendered":"<p>A camada super<br \/>\n  hidratante deste creme de m\u00e3os terap\u00eautico com extracto de frutos de aroma<br \/>\n  doce cont\u00e9m extracto de banana altamente nutritivo. Protege suavemente as<br \/>\n  m\u00e3os secas e sens\u00edveis, proporcionando conforto e suavidade.<\/p>\n","protected":false},"featured_media":21595,"comment_status":"closed","ping_status":"closed","template":"","meta":[],"product_brand":[],"product_cat":[726,730],"product_tag":[],"class_list":{"0":"post-21594","1":"product","2":"type-product","3":"status-publish","4":"has-post-thumbnail","6":"product_cat-hands-pt-pt","7":"product_cat-my-orchard-pt-pt","9":"first","10":"instock","11":"shipping-taxable","12":"purchasable","13":"product-type-simple"},"yoast_head":"<!-- This site is optimized with the Yoast SEO plugin v27.2 - https:\/\/yoast.com\/product\/yoast-seo-wordpress\/ -->\n<title>My Orchard Creme de m\u00e3os de  banana - Frudia<\/title>\n<meta name=\"robots\" content=\"index, follow, max-snippet:-1, max-image-preview:large, max-video-preview:-1\" \/>\n<link rel=\"canonical\" href=\"https:\/\/frudia.es\/pt-pt\/producto\/my-orchard-crema-de-manos-banana\/\" \/>\n<meta property=\"og:locale\" content=\"pt_PT\" \/>\n<meta property=\"og:type\" content=\"article\" \/>\n<meta property=\"og:title\" content=\"My Orchard Creme de m\u00e3os de  banana - Frudia\" \/>\n<meta property=\"og:description\" content=\"A camada super  hidratante deste creme de m\u00e3os terap\u00eautico com extracto de frutos de aroma  doce cont\u00e9m extracto de banana altamente nutritivo. Protege suavemente as  m\u00e3os secas e sens\u00edveis, proporcionando conforto e suavidade.\" \/>\n<meta property=\"og:url\" content=\"https:\/\/frudia.es\/pt-pt\/producto\/my-orchard-crema-de-manos-banana\/\" \/>\n<meta property=\"og:site_name\" content=\"Frudia\" \/>\n<meta property=\"article:modified_time\" content=\"2024-07-31T13:09:06+00:00\" \/>\n<meta property=\"og:image\" content=\"https:\/\/frudia.es\/wp-content\/uploads\/2023\/07\/FFDCHCMBA30_8803348042020.jpg\" \/>\n\t<meta property=\"og:image:width\" content=\"1000\" \/>\n\t<meta property=\"og:image:height\" content=\"1000\" \/>\n\t<meta property=\"og:image:type\" content=\"image\/jpeg\" \/>\n<meta name=\"twitter:card\" content=\"summary_large_image\" \/>\n<meta name=\"twitter:label1\" content=\"Tempo estimado de leitura\" \/>\n\t<meta name=\"twitter:data1\" content=\"1 minuto\" \/>\n<script type=\"application\/ld+json\" class=\"yoast-schema-graph\">{\"@context\":\"https:\/\/schema.org\",\"@graph\":[{\"@type\":\"WebPage\",\"@id\":\"https:\/\/frudia.es\/pt-pt\/producto\/my-orchard-crema-de-manos-banana\/\",\"url\":\"https:\/\/frudia.es\/pt-pt\/producto\/my-orchard-crema-de-manos-banana\/\",\"name\":\"My Orchard Creme de m\u00e3os de banana - Frudia\",\"isPartOf\":{\"@id\":\"https:\/\/frudia.es\/pt-pt\/#website\"},\"primaryImageOfPage\":{\"@id\":\"https:\/\/frudia.es\/pt-pt\/producto\/my-orchard-crema-de-manos-banana\/#primaryimage\"},\"image\":{\"@id\":\"https:\/\/frudia.es\/pt-pt\/producto\/my-orchard-crema-de-manos-banana\/#primaryimage\"},\"thumbnailUrl\":\"https:\/\/frudia.es\/wp-content\/uploads\/2023\/07\/FFDCHCMBA30_8803348042020.jpg\",\"datePublished\":\"2023-07-14T11:59:23+00:00\",\"dateModified\":\"2024-07-31T13:09:06+00:00\",\"breadcrumb\":{\"@id\":\"https:\/\/frudia.es\/pt-pt\/producto\/my-orchard-crema-de-manos-banana\/#breadcrumb\"},\"inLanguage\":\"pt-PT\",\"potentialAction\":[{\"@type\":\"ReadAction\",\"target\":[\"https:\/\/frudia.es\/pt-pt\/producto\/my-orchard-crema-de-manos-banana\/\"]}]},{\"@type\":\"ImageObject\",\"inLanguage\":\"pt-PT\",\"@id\":\"https:\/\/frudia.es\/pt-pt\/producto\/my-orchard-crema-de-manos-banana\/#primaryimage\",\"url\":\"https:\/\/frudia.es\/wp-content\/uploads\/2023\/07\/FFDCHCMBA30_8803348042020.jpg\",\"contentUrl\":\"https:\/\/frudia.es\/wp-content\/uploads\/2023\/07\/FFDCHCMBA30_8803348042020.jpg\",\"width\":1000,\"height\":1000},{\"@type\":\"BreadcrumbList\",\"@id\":\"https:\/\/frudia.es\/pt-pt\/producto\/my-orchard-crema-de-manos-banana\/#breadcrumb\",\"itemListElement\":[{\"@type\":\"ListItem\",\"position\":1,\"name\":\"Portada\",\"item\":\"https:\/\/frudia.es\/pt-pt\/\"},{\"@type\":\"ListItem\",\"position\":2,\"name\":\"Tienda\",\"item\":\"https:\/\/frudia.es\/en\/shop\/\"},{\"@type\":\"ListItem\",\"position\":3,\"name\":\"My Orchard Creme de m\u00e3os de banana\"}]},{\"@type\":\"WebSite\",\"@id\":\"https:\/\/frudia.es\/pt-pt\/#website\",\"url\":\"https:\/\/frudia.es\/pt-pt\/\",\"name\":\"Frudia\",\"description\":\"La belleza est\u00e1 en las frutas\",\"potentialAction\":[{\"@type\":\"SearchAction\",\"target\":{\"@type\":\"EntryPoint\",\"urlTemplate\":\"https:\/\/frudia.es\/pt-pt\/?s={search_term_string}\"},\"query-input\":{\"@type\":\"PropertyValueSpecification\",\"valueRequired\":true,\"valueName\":\"search_term_string\"}}],\"inLanguage\":\"pt-PT\"}]}<\/script>\n<!-- \/ Yoast SEO plugin. -->","yoast_head_json":{"title":"My Orchard Creme de m\u00e3os de  banana - Frudia","robots":{"index":"index","follow":"follow","max-snippet":"max-snippet:-1","max-image-preview":"max-image-preview:large","max-video-preview":"max-video-preview:-1"},"canonical":"https:\/\/frudia.es\/pt-pt\/producto\/my-orchard-crema-de-manos-banana\/","og_locale":"pt_PT","og_type":"article","og_title":"My Orchard Creme de m\u00e3os de  banana - Frudia","og_description":"A camada super  hidratante deste creme de m\u00e3os terap\u00eautico com extracto de frutos de aroma  doce cont\u00e9m extracto de banana altamente nutritivo. Protege suavemente as  m\u00e3os secas e sens\u00edveis, proporcionando conforto e suavidade.","og_url":"https:\/\/frudia.es\/pt-pt\/producto\/my-orchard-crema-de-manos-banana\/","og_site_name":"Frudia","article_modified_time":"2024-07-31T13:09:06+00:00","og_image":[{"width":1000,"height":1000,"url":"https:\/\/frudia.es\/wp-content\/uploads\/2023\/07\/FFDCHCMBA30_8803348042020.jpg","type":"image\/jpeg"}],"twitter_card":"summary_large_image","twitter_misc":{"Tempo estimado de leitura":"1 minuto"},"schema":{"@context":"https:\/\/schema.org","@graph":[{"@type":"WebPage","@id":"https:\/\/frudia.es\/pt-pt\/producto\/my-orchard-crema-de-manos-banana\/","url":"https:\/\/frudia.es\/pt-pt\/producto\/my-orchard-crema-de-manos-banana\/","name":"My Orchard Creme de m\u00e3os de banana - Frudia","isPartOf":{"@id":"https:\/\/frudia.es\/pt-pt\/#website"},"primaryImageOfPage":{"@id":"https:\/\/frudia.es\/pt-pt\/producto\/my-orchard-crema-de-manos-banana\/#primaryimage"},"image":{"@id":"https:\/\/frudia.es\/pt-pt\/producto\/my-orchard-crema-de-manos-banana\/#primaryimage"},"thumbnailUrl":"https:\/\/frudia.es\/wp-content\/uploads\/2023\/07\/FFDCHCMBA30_8803348042020.jpg","datePublished":"2023-07-14T11:59:23+00:00","dateModified":"2024-07-31T13:09:06+00:00","breadcrumb":{"@id":"https:\/\/frudia.es\/pt-pt\/producto\/my-orchard-crema-de-manos-banana\/#breadcrumb"},"inLanguage":"pt-PT","potentialAction":[{"@type":"ReadAction","target":["https:\/\/frudia.es\/pt-pt\/producto\/my-orchard-crema-de-manos-banana\/"]}]},{"@type":"ImageObject","inLanguage":"pt-PT","@id":"https:\/\/frudia.es\/pt-pt\/producto\/my-orchard-crema-de-manos-banana\/#primaryimage","url":"https:\/\/frudia.es\/wp-content\/uploads\/2023\/07\/FFDCHCMBA30_8803348042020.jpg","contentUrl":"https:\/\/frudia.es\/wp-content\/uploads\/2023\/07\/FFDCHCMBA30_8803348042020.jpg","width":1000,"height":1000},{"@type":"BreadcrumbList","@id":"https:\/\/frudia.es\/pt-pt\/producto\/my-orchard-crema-de-manos-banana\/#breadcrumb","itemListElement":[{"@type":"ListItem","position":1,"name":"Portada","item":"https:\/\/frudia.es\/pt-pt\/"},{"@type":"ListItem","position":2,"name":"Tienda","item":"https:\/\/frudia.es\/en\/shop\/"},{"@type":"ListItem","position":3,"name":"My Orchard Creme de m\u00e3os de banana"}]},{"@type":"WebSite","@id":"https:\/\/frudia.es\/pt-pt\/#website","url":"https:\/\/frudia.es\/pt-pt\/","name":"Frudia","description":"La belleza est\u00e1 en las frutas","potentialAction":[{"@type":"SearchAction","target":{"@type":"EntryPoint","urlTemplate":"https:\/\/frudia.es\/pt-pt\/?s={search_term_string}"},"query-input":{"@type":"PropertyValueSpecification","valueRequired":true,"valueName":"search_term_string"}}],"inLanguage":"pt-PT"}]}},"_links":{"self":[{"href":"https:\/\/frudia.es\/pt-pt\/wp-json\/wp\/v2\/product\/21594","targetHints":{"allow":["GET"]}}],"collection":[{"href":"https:\/\/frudia.es\/pt-pt\/wp-json\/wp\/v2\/product"}],"about":[{"href":"https:\/\/frudia.es\/pt-pt\/wp-json\/wp\/v2\/types\/product"}],"replies":[{"embeddable":true,"href":"https:\/\/frudia.es\/pt-pt\/wp-json\/wp\/v2\/comments?post=21594"}],"wp:featuredmedia":[{"embeddable":true,"href":"https:\/\/frudia.es\/pt-pt\/wp-json\/wp\/v2\/media\/21595"}],"wp:attachment":[{"href":"https:\/\/frudia.es\/pt-pt\/wp-json\/wp\/v2\/media?parent=21594"}],"wp:term":[{"taxonomy":"product_brand","embeddable":true,"href":"https:\/\/frudia.es\/pt-pt\/wp-json\/wp\/v2\/product_brand?post=21594"},{"taxonomy":"product_cat","embeddable":true,"href":"https:\/\/frudia.es\/pt-pt\/wp-json\/wp\/v2\/product_cat?post=21594"},{"taxonomy":"product_tag","embeddable":true,"href":"https:\/\/frudia.es\/pt-pt\/wp-json\/wp\/v2\/product_tag?post=21594"}],"curies":[{"name":"wp","href":"https:\/\/api.w.org\/{rel}","templated":true}]}}