{"id":21602,"date":"2023-01-27T08:52:46","date_gmt":"2023-01-27T08:52:46","guid":{"rendered":"https:\/\/frudia.es\/producto\/essential-blending-crema-de-manos-greenery-2\/"},"modified":"2024-07-31T13:09:22","modified_gmt":"2024-07-31T13:09:22","slug":"essential-blending-crema-de-manos-greenery","status":"publish","type":"product","link":"https:\/\/frudia.es\/pt-pt\/producto\/essential-blending-crema-de-manos-greenery\/","title":{"rendered":"Re:proust Essential Blending\n  Creme de M\u00e3os Greenery"},"content":{"rendered":"<h4>Modo de<br \/>\n  uso<\/h4>\n<p>Aplicar generosamente sobre as m\u00e3os limpas com uma<br \/>\n  massagem suave. <\/p>\n<h4>Ingredientes<\/h4>\n<p>Water,<br \/>\n  Glycerin, Ethylhexyl Palmitate, Cetyl Alcohol, Caprylic\/Capric Triglyceride,<br \/>\n  Polyglyceryl-10 Laurate, Glyceryl Stearate, Stearyl Alcohol, Dimethicone,<br \/>\n  Coptis Japonica Root Extract, Glyceryl Caprylate, Myristyl Alcohol, Palmitic<br \/>\n  Acid, Butylene Glycol, Stearic Acid, Acrylates\/C10-30 Alkyl Acrylate<br \/>\n  Crosspolymer, Tromethamine, Lauryl Alcohol, Butyrospermum Parkii (Shea)<br \/>\n  Butter, Moringa Oleifera Seed Oil, Hippophae Rhamnoides Oil, Disodium EDTA,<br \/>\n  1,2-Hexanediol, Chlorphenesin, Ricinus Communis (Castor) Seed Oil, Citrus<br \/>\n  Aurantium Bergamia (Bergamot) Fruit Oil, Citrus Nobilis (Mandarin Orange) Peel<br \/>\n  Oil, Pelargonium Graveolens Flower Oil, Anthemis Nobilis Flower Oil, Citrus<br \/>\n  Aurantium Dulcis (Orange) Peel Oil, Santalum Album (Sandalwood) Oil,<br \/>\n  Limonene, Linalool, Citronellol, Geraniol, Citral<\/p>\n","protected":false},"excerpt":{"rendered":"<p>Creme de m\u00e3os vegan<br \/>\n  que hidrata as m\u00e3os secas e \u00e1speras durante muito tempo com uma mistura de<br \/>\n  \u00f3leo essencial arom\u00e1tico (ger\u00e2nio e bergamota) e manteiga de carit\u00e9 [ZERO<br \/>\n  fragr\u00e2ncias artificiais, 100% fragr\u00e2ncia arom\u00e1tica verde].<br \/>\n    &#8211; Adequado para vegans &#8211; mistura de \u00f3leo de ger\u00e2nio e bergamota.<br \/>\n    &#8211; Fragr\u00e2ncia de \u00f3leo essencial 100% natural &#8211; Oferece benef\u00edcios de<br \/>\n  hidrata\u00e7\u00e3o profunda.<\/p>\n","protected":false},"featured_media":20507,"comment_status":"closed","ping_status":"closed","template":"","meta":[],"product_brand":[],"product_cat":[726,734],"product_tag":[],"class_list":{"0":"post-21602","1":"product","2":"type-product","3":"status-publish","4":"has-post-thumbnail","6":"product_cat-hands-pt-pt","7":"product_cat-reproust-pt-pt","9":"first","10":"instock","11":"shipping-taxable","12":"purchasable","13":"product-type-simple"},"yoast_head":"<!-- This site is optimized with the Yoast SEO plugin v27.2 - https:\/\/yoast.com\/product\/yoast-seo-wordpress\/ -->\n<title>Re:proust Essential Blending  Creme de M\u00e3os Greenery - Frudia<\/title>\n<meta name=\"robots\" content=\"index, follow, max-snippet:-1, max-image-preview:large, max-video-preview:-1\" \/>\n<link rel=\"canonical\" href=\"https:\/\/frudia.es\/pt-pt\/producto\/essential-blending-crema-de-manos-greenery\/\" \/>\n<meta property=\"og:locale\" content=\"pt_PT\" \/>\n<meta property=\"og:type\" content=\"article\" \/>\n<meta property=\"og:title\" content=\"Re:proust Essential Blending  Creme de M\u00e3os Greenery - Frudia\" \/>\n<meta property=\"og:description\" content=\"Creme de m\u00e3os vegan  que hidrata as m\u00e3os secas e \u00e1speras durante muito tempo com uma mistura de  \u00f3leo essencial arom\u00e1tico (ger\u00e2nio e bergamota) e manteiga de carit\u00e9 [ZERO  fragr\u00e2ncias artificiais, 100% fragr\u00e2ncia arom\u00e1tica verde].   - Adequado para vegans - mistura de \u00f3leo de ger\u00e2nio e bergamota.   - Fragr\u00e2ncia de \u00f3leo essencial 100% natural - Oferece benef\u00edcios de  hidrata\u00e7\u00e3o profunda.\" \/>\n<meta property=\"og:url\" content=\"https:\/\/frudia.es\/pt-pt\/producto\/essential-blending-crema-de-manos-greenery\/\" \/>\n<meta property=\"og:site_name\" content=\"Frudia\" \/>\n<meta property=\"article:modified_time\" content=\"2024-07-31T13:09:22+00:00\" \/>\n<meta property=\"og:image\" content=\"https:\/\/frudia.es\/wp-content\/uploads\/2023\/01\/ffdchcmpn50@86.jpg\" \/>\n\t<meta property=\"og:image:width\" content=\"800\" \/>\n\t<meta property=\"og:image:height\" content=\"800\" \/>\n\t<meta property=\"og:image:type\" content=\"image\/jpeg\" \/>\n<meta name=\"twitter:card\" content=\"summary_large_image\" \/>\n<meta name=\"twitter:label1\" content=\"Tempo estimado de leitura\" \/>\n\t<meta name=\"twitter:data1\" content=\"1 minuto\" \/>\n<script type=\"application\/ld+json\" class=\"yoast-schema-graph\">{\"@context\":\"https:\/\/schema.org\",\"@graph\":[{\"@type\":\"WebPage\",\"@id\":\"https:\/\/frudia.es\/pt-pt\/producto\/essential-blending-crema-de-manos-greenery\/\",\"url\":\"https:\/\/frudia.es\/pt-pt\/producto\/essential-blending-crema-de-manos-greenery\/\",\"name\":\"Re:proust Essential Blending Creme de M\u00e3os Greenery - Frudia\",\"isPartOf\":{\"@id\":\"https:\/\/frudia.es\/pt-pt\/#website\"},\"primaryImageOfPage\":{\"@id\":\"https:\/\/frudia.es\/pt-pt\/producto\/essential-blending-crema-de-manos-greenery\/#primaryimage\"},\"image\":{\"@id\":\"https:\/\/frudia.es\/pt-pt\/producto\/essential-blending-crema-de-manos-greenery\/#primaryimage\"},\"thumbnailUrl\":\"https:\/\/frudia.es\/wp-content\/uploads\/2023\/01\/ffdchcmpn50@86.jpg\",\"datePublished\":\"2023-01-27T08:52:46+00:00\",\"dateModified\":\"2024-07-31T13:09:22+00:00\",\"breadcrumb\":{\"@id\":\"https:\/\/frudia.es\/pt-pt\/producto\/essential-blending-crema-de-manos-greenery\/#breadcrumb\"},\"inLanguage\":\"pt-PT\",\"potentialAction\":[{\"@type\":\"ReadAction\",\"target\":[\"https:\/\/frudia.es\/pt-pt\/producto\/essential-blending-crema-de-manos-greenery\/\"]}]},{\"@type\":\"ImageObject\",\"inLanguage\":\"pt-PT\",\"@id\":\"https:\/\/frudia.es\/pt-pt\/producto\/essential-blending-crema-de-manos-greenery\/#primaryimage\",\"url\":\"https:\/\/frudia.es\/wp-content\/uploads\/2023\/01\/ffdchcmpn50@86.jpg\",\"contentUrl\":\"https:\/\/frudia.es\/wp-content\/uploads\/2023\/01\/ffdchcmpn50@86.jpg\",\"width\":800,\"height\":800},{\"@type\":\"BreadcrumbList\",\"@id\":\"https:\/\/frudia.es\/pt-pt\/producto\/essential-blending-crema-de-manos-greenery\/#breadcrumb\",\"itemListElement\":[{\"@type\":\"ListItem\",\"position\":1,\"name\":\"Portada\",\"item\":\"https:\/\/frudia.es\/pt-pt\/\"},{\"@type\":\"ListItem\",\"position\":2,\"name\":\"Tienda\",\"item\":\"https:\/\/frudia.es\/en\/shop\/\"},{\"@type\":\"ListItem\",\"position\":3,\"name\":\"Re:proust Essential Blending Creme de M\u00e3os Greenery\"}]},{\"@type\":\"WebSite\",\"@id\":\"https:\/\/frudia.es\/pt-pt\/#website\",\"url\":\"https:\/\/frudia.es\/pt-pt\/\",\"name\":\"Frudia\",\"description\":\"La belleza est\u00e1 en las frutas\",\"potentialAction\":[{\"@type\":\"SearchAction\",\"target\":{\"@type\":\"EntryPoint\",\"urlTemplate\":\"https:\/\/frudia.es\/pt-pt\/?s={search_term_string}\"},\"query-input\":{\"@type\":\"PropertyValueSpecification\",\"valueRequired\":true,\"valueName\":\"search_term_string\"}}],\"inLanguage\":\"pt-PT\"}]}<\/script>\n<!-- \/ Yoast SEO plugin. -->","yoast_head_json":{"title":"Re:proust Essential Blending  Creme de M\u00e3os Greenery - Frudia","robots":{"index":"index","follow":"follow","max-snippet":"max-snippet:-1","max-image-preview":"max-image-preview:large","max-video-preview":"max-video-preview:-1"},"canonical":"https:\/\/frudia.es\/pt-pt\/producto\/essential-blending-crema-de-manos-greenery\/","og_locale":"pt_PT","og_type":"article","og_title":"Re:proust Essential Blending  Creme de M\u00e3os Greenery - Frudia","og_description":"Creme de m\u00e3os vegan  que hidrata as m\u00e3os secas e \u00e1speras durante muito tempo com uma mistura de  \u00f3leo essencial arom\u00e1tico (ger\u00e2nio e bergamota) e manteiga de carit\u00e9 [ZERO  fragr\u00e2ncias artificiais, 100% fragr\u00e2ncia arom\u00e1tica verde].   - Adequado para vegans - mistura de \u00f3leo de ger\u00e2nio e bergamota.   - Fragr\u00e2ncia de \u00f3leo essencial 100% natural - Oferece benef\u00edcios de  hidrata\u00e7\u00e3o profunda.","og_url":"https:\/\/frudia.es\/pt-pt\/producto\/essential-blending-crema-de-manos-greenery\/","og_site_name":"Frudia","article_modified_time":"2024-07-31T13:09:22+00:00","og_image":[{"width":800,"height":800,"url":"https:\/\/frudia.es\/wp-content\/uploads\/2023\/01\/ffdchcmpn50@86.jpg","type":"image\/jpeg"}],"twitter_card":"summary_large_image","twitter_misc":{"Tempo estimado de leitura":"1 minuto"},"schema":{"@context":"https:\/\/schema.org","@graph":[{"@type":"WebPage","@id":"https:\/\/frudia.es\/pt-pt\/producto\/essential-blending-crema-de-manos-greenery\/","url":"https:\/\/frudia.es\/pt-pt\/producto\/essential-blending-crema-de-manos-greenery\/","name":"Re:proust Essential Blending Creme de M\u00e3os Greenery - Frudia","isPartOf":{"@id":"https:\/\/frudia.es\/pt-pt\/#website"},"primaryImageOfPage":{"@id":"https:\/\/frudia.es\/pt-pt\/producto\/essential-blending-crema-de-manos-greenery\/#primaryimage"},"image":{"@id":"https:\/\/frudia.es\/pt-pt\/producto\/essential-blending-crema-de-manos-greenery\/#primaryimage"},"thumbnailUrl":"https:\/\/frudia.es\/wp-content\/uploads\/2023\/01\/ffdchcmpn50@86.jpg","datePublished":"2023-01-27T08:52:46+00:00","dateModified":"2024-07-31T13:09:22+00:00","breadcrumb":{"@id":"https:\/\/frudia.es\/pt-pt\/producto\/essential-blending-crema-de-manos-greenery\/#breadcrumb"},"inLanguage":"pt-PT","potentialAction":[{"@type":"ReadAction","target":["https:\/\/frudia.es\/pt-pt\/producto\/essential-blending-crema-de-manos-greenery\/"]}]},{"@type":"ImageObject","inLanguage":"pt-PT","@id":"https:\/\/frudia.es\/pt-pt\/producto\/essential-blending-crema-de-manos-greenery\/#primaryimage","url":"https:\/\/frudia.es\/wp-content\/uploads\/2023\/01\/ffdchcmpn50@86.jpg","contentUrl":"https:\/\/frudia.es\/wp-content\/uploads\/2023\/01\/ffdchcmpn50@86.jpg","width":800,"height":800},{"@type":"BreadcrumbList","@id":"https:\/\/frudia.es\/pt-pt\/producto\/essential-blending-crema-de-manos-greenery\/#breadcrumb","itemListElement":[{"@type":"ListItem","position":1,"name":"Portada","item":"https:\/\/frudia.es\/pt-pt\/"},{"@type":"ListItem","position":2,"name":"Tienda","item":"https:\/\/frudia.es\/en\/shop\/"},{"@type":"ListItem","position":3,"name":"Re:proust Essential Blending Creme de M\u00e3os Greenery"}]},{"@type":"WebSite","@id":"https:\/\/frudia.es\/pt-pt\/#website","url":"https:\/\/frudia.es\/pt-pt\/","name":"Frudia","description":"La belleza est\u00e1 en las frutas","potentialAction":[{"@type":"SearchAction","target":{"@type":"EntryPoint","urlTemplate":"https:\/\/frudia.es\/pt-pt\/?s={search_term_string}"},"query-input":{"@type":"PropertyValueSpecification","valueRequired":true,"valueName":"search_term_string"}}],"inLanguage":"pt-PT"}]}},"_links":{"self":[{"href":"https:\/\/frudia.es\/pt-pt\/wp-json\/wp\/v2\/product\/21602","targetHints":{"allow":["GET"]}}],"collection":[{"href":"https:\/\/frudia.es\/pt-pt\/wp-json\/wp\/v2\/product"}],"about":[{"href":"https:\/\/frudia.es\/pt-pt\/wp-json\/wp\/v2\/types\/product"}],"replies":[{"embeddable":true,"href":"https:\/\/frudia.es\/pt-pt\/wp-json\/wp\/v2\/comments?post=21602"}],"wp:featuredmedia":[{"embeddable":true,"href":"https:\/\/frudia.es\/pt-pt\/wp-json\/wp\/v2\/media\/20507"}],"wp:attachment":[{"href":"https:\/\/frudia.es\/pt-pt\/wp-json\/wp\/v2\/media?parent=21602"}],"wp:term":[{"taxonomy":"product_brand","embeddable":true,"href":"https:\/\/frudia.es\/pt-pt\/wp-json\/wp\/v2\/product_brand?post=21602"},{"taxonomy":"product_cat","embeddable":true,"href":"https:\/\/frudia.es\/pt-pt\/wp-json\/wp\/v2\/product_cat?post=21602"},{"taxonomy":"product_tag","embeddable":true,"href":"https:\/\/frudia.es\/pt-pt\/wp-json\/wp\/v2\/product_tag?post=21602"}],"curies":[{"name":"wp","href":"https:\/\/api.w.org\/{rel}","templated":true}]}}