{"id":21604,"date":"2023-01-27T08:52:44","date_gmt":"2023-01-27T08:52:44","guid":{"rendered":"https:\/\/frudia.es\/producto\/my-orchard-peach-mascarilla-exfoliante-pies-2\/"},"modified":"2024-07-31T13:09:22","modified_gmt":"2024-07-31T13:09:22","slug":"my-orchard-peach-mascarilla-exfoliante-pies","status":"publish","type":"product","link":"https:\/\/frudia.es\/pt-pt\/producto\/my-orchard-peach-mascarilla-exfoliante-pies\/","title":{"rendered":"My Orchard P\u00eassego M\u00e1scara\n  Esfoliante de P\u00e9s"},"content":{"rendered":"<h4>Modo de<br \/>\n  uso<\/h4>\n<p>1. Tirar as meias da embalagem, cortar ao longo da<br \/>\n  linha de corte e coloc\u00e1-las em ambos os p\u00e9s secos.<br \/>\n    2. Utilizar o adesivo dispon\u00edvel para fixar firmemente as partes do<br \/>\n  tornozelo.<br \/>\n    3. Depois de deixar o produto atuar durante cerca de 50~60 minutos,<br \/>\n  retire-o e lave bem os p\u00e9s com \u00e1gua t\u00e9pida.<br \/>\n    4. Ap\u00f3s cerca de 4~10 dias de utiliza\u00e7\u00e3o, as c\u00e9lulas mortas da pele ser\u00e3o<br \/>\n  removidas naturalmente, deixando os seus p\u00e9s lisos. <\/p>\n<p>    [Recomendado para utiliza\u00e7\u00e3o uma vez por m\u00eas].<br \/>\n    A dura\u00e7\u00e3o ou efeito da esfolia\u00e7\u00e3o pode variar em fun\u00e7\u00e3o do estado da pele e<br \/>\n  do p\u00e9 do indiv\u00edduo.<br \/>\n    N\u00e3o esfoliar demasiado e esperar que as c\u00e9lulas mortas da pele sejam<br \/>\n  removidas naturalmente.<\/p>\n<h4>Ingredientes<\/h4>\n<p>Alcohol<br \/>\n  Denat., Water, Methylpropanediol, Lactic Acid, Isopropyl Alcohol, Urea,<br \/>\n  Glycolic Acid, Betaine, Prunus Persica (Peach) Fruit Extract, Vaccinium<br \/>\n  Angustifolium (Blueberry) Fruit Extract, Vinegar Extract, Chamaecyparis<br \/>\n  Obtusa Water, Chenopodium Quinoa Seed Extract, Bambusa Vulgaris Extract, Rosa<br \/>\n  Davurica Bud Extract, Sodium Hydroxide, Salicylic Acid, Menthol, Disodium<br \/>\n  EDTA<\/p>\n","protected":false},"excerpt":{"rendered":"<p>Renasce com p\u00e9s<br \/>\n  macios como os de um beb\u00e9 depois de usares as meias esfoliantes de uso<br \/>\n  \u00fanico.<br \/>\n    &#8211; Efeito esfoliante espetacular.<br \/>\n    &#8211; Acalma os p\u00e9s cansados enquanto reduz os odores.<br \/>\n    &#8211; Nutre e hidrata a pele seca e a descamar.<\/p>\n","protected":false},"featured_media":20493,"comment_status":"closed","ping_status":"closed","template":"","meta":[],"product_brand":[],"product_cat":[730,727],"product_tag":[],"class_list":{"0":"post-21604","1":"product","2":"type-product","3":"status-publish","4":"has-post-thumbnail","6":"product_cat-my-orchard-pt-pt","7":"product_cat-tartes","9":"first","10":"instock","11":"shipping-taxable","12":"purchasable","13":"product-type-simple"},"yoast_head":"<!-- This site is optimized with the Yoast SEO plugin v27.2 - https:\/\/yoast.com\/product\/yoast-seo-wordpress\/ -->\n<title>My Orchard P\u00eassego M\u00e1scara  Esfoliante de P\u00e9s - Frudia<\/title>\n<meta name=\"robots\" content=\"index, follow, max-snippet:-1, max-image-preview:large, max-video-preview:-1\" \/>\n<link rel=\"canonical\" href=\"https:\/\/frudia.es\/pt-pt\/producto\/my-orchard-peach-mascarilla-exfoliante-pies\/\" \/>\n<meta property=\"og:locale\" content=\"pt_PT\" \/>\n<meta property=\"og:type\" content=\"article\" \/>\n<meta property=\"og:title\" content=\"My Orchard P\u00eassego M\u00e1scara  Esfoliante de P\u00e9s - Frudia\" \/>\n<meta property=\"og:description\" content=\"Renasce com p\u00e9s  macios como os de um beb\u00e9 depois de usares as meias esfoliantes de uso  \u00fanico.   - Efeito esfoliante espetacular.   - Acalma os p\u00e9s cansados enquanto reduz os odores.   - Nutre e hidrata a pele seca e a descamar.\" \/>\n<meta property=\"og:url\" content=\"https:\/\/frudia.es\/pt-pt\/producto\/my-orchard-peach-mascarilla-exfoliante-pies\/\" \/>\n<meta property=\"og:site_name\" content=\"Frudia\" \/>\n<meta property=\"article:modified_time\" content=\"2024-07-31T13:09:22+00:00\" \/>\n<meta property=\"og:image\" content=\"https:\/\/frudia.es\/wp-content\/uploads\/2023\/01\/ffdcfpkpc20@56.jpg\" \/>\n\t<meta property=\"og:image:width\" content=\"800\" \/>\n\t<meta property=\"og:image:height\" content=\"800\" \/>\n\t<meta property=\"og:image:type\" content=\"image\/jpeg\" \/>\n<meta name=\"twitter:card\" content=\"summary_large_image\" \/>\n<meta name=\"twitter:label1\" content=\"Tempo estimado de leitura\" \/>\n\t<meta name=\"twitter:data1\" content=\"1 minuto\" \/>\n<script type=\"application\/ld+json\" class=\"yoast-schema-graph\">{\"@context\":\"https:\/\/schema.org\",\"@graph\":[{\"@type\":\"WebPage\",\"@id\":\"https:\/\/frudia.es\/pt-pt\/producto\/my-orchard-peach-mascarilla-exfoliante-pies\/\",\"url\":\"https:\/\/frudia.es\/pt-pt\/producto\/my-orchard-peach-mascarilla-exfoliante-pies\/\",\"name\":\"My Orchard P\u00eassego M\u00e1scara Esfoliante de P\u00e9s - Frudia\",\"isPartOf\":{\"@id\":\"https:\/\/frudia.es\/pt-pt\/#website\"},\"primaryImageOfPage\":{\"@id\":\"https:\/\/frudia.es\/pt-pt\/producto\/my-orchard-peach-mascarilla-exfoliante-pies\/#primaryimage\"},\"image\":{\"@id\":\"https:\/\/frudia.es\/pt-pt\/producto\/my-orchard-peach-mascarilla-exfoliante-pies\/#primaryimage\"},\"thumbnailUrl\":\"https:\/\/frudia.es\/wp-content\/uploads\/2023\/01\/ffdcfpkpc20@56.jpg\",\"datePublished\":\"2023-01-27T08:52:44+00:00\",\"dateModified\":\"2024-07-31T13:09:22+00:00\",\"breadcrumb\":{\"@id\":\"https:\/\/frudia.es\/pt-pt\/producto\/my-orchard-peach-mascarilla-exfoliante-pies\/#breadcrumb\"},\"inLanguage\":\"pt-PT\",\"potentialAction\":[{\"@type\":\"ReadAction\",\"target\":[\"https:\/\/frudia.es\/pt-pt\/producto\/my-orchard-peach-mascarilla-exfoliante-pies\/\"]}]},{\"@type\":\"ImageObject\",\"inLanguage\":\"pt-PT\",\"@id\":\"https:\/\/frudia.es\/pt-pt\/producto\/my-orchard-peach-mascarilla-exfoliante-pies\/#primaryimage\",\"url\":\"https:\/\/frudia.es\/wp-content\/uploads\/2023\/01\/ffdcfpkpc20@56.jpg\",\"contentUrl\":\"https:\/\/frudia.es\/wp-content\/uploads\/2023\/01\/ffdcfpkpc20@56.jpg\",\"width\":800,\"height\":800},{\"@type\":\"BreadcrumbList\",\"@id\":\"https:\/\/frudia.es\/pt-pt\/producto\/my-orchard-peach-mascarilla-exfoliante-pies\/#breadcrumb\",\"itemListElement\":[{\"@type\":\"ListItem\",\"position\":1,\"name\":\"Portada\",\"item\":\"https:\/\/frudia.es\/pt-pt\/\"},{\"@type\":\"ListItem\",\"position\":2,\"name\":\"Tienda\",\"item\":\"https:\/\/frudia.es\/en\/shop\/\"},{\"@type\":\"ListItem\",\"position\":3,\"name\":\"My Orchard P\u00eassego M\u00e1scara Esfoliante de P\u00e9s\"}]},{\"@type\":\"WebSite\",\"@id\":\"https:\/\/frudia.es\/pt-pt\/#website\",\"url\":\"https:\/\/frudia.es\/pt-pt\/\",\"name\":\"Frudia\",\"description\":\"La belleza est\u00e1 en las frutas\",\"potentialAction\":[{\"@type\":\"SearchAction\",\"target\":{\"@type\":\"EntryPoint\",\"urlTemplate\":\"https:\/\/frudia.es\/pt-pt\/?s={search_term_string}\"},\"query-input\":{\"@type\":\"PropertyValueSpecification\",\"valueRequired\":true,\"valueName\":\"search_term_string\"}}],\"inLanguage\":\"pt-PT\"}]}<\/script>\n<!-- \/ Yoast SEO plugin. -->","yoast_head_json":{"title":"My Orchard P\u00eassego M\u00e1scara  Esfoliante de P\u00e9s - Frudia","robots":{"index":"index","follow":"follow","max-snippet":"max-snippet:-1","max-image-preview":"max-image-preview:large","max-video-preview":"max-video-preview:-1"},"canonical":"https:\/\/frudia.es\/pt-pt\/producto\/my-orchard-peach-mascarilla-exfoliante-pies\/","og_locale":"pt_PT","og_type":"article","og_title":"My Orchard P\u00eassego M\u00e1scara  Esfoliante de P\u00e9s - Frudia","og_description":"Renasce com p\u00e9s  macios como os de um beb\u00e9 depois de usares as meias esfoliantes de uso  \u00fanico.   - Efeito esfoliante espetacular.   - Acalma os p\u00e9s cansados enquanto reduz os odores.   - Nutre e hidrata a pele seca e a descamar.","og_url":"https:\/\/frudia.es\/pt-pt\/producto\/my-orchard-peach-mascarilla-exfoliante-pies\/","og_site_name":"Frudia","article_modified_time":"2024-07-31T13:09:22+00:00","og_image":[{"width":800,"height":800,"url":"https:\/\/frudia.es\/wp-content\/uploads\/2023\/01\/ffdcfpkpc20@56.jpg","type":"image\/jpeg"}],"twitter_card":"summary_large_image","twitter_misc":{"Tempo estimado de leitura":"1 minuto"},"schema":{"@context":"https:\/\/schema.org","@graph":[{"@type":"WebPage","@id":"https:\/\/frudia.es\/pt-pt\/producto\/my-orchard-peach-mascarilla-exfoliante-pies\/","url":"https:\/\/frudia.es\/pt-pt\/producto\/my-orchard-peach-mascarilla-exfoliante-pies\/","name":"My Orchard P\u00eassego M\u00e1scara Esfoliante de P\u00e9s - Frudia","isPartOf":{"@id":"https:\/\/frudia.es\/pt-pt\/#website"},"primaryImageOfPage":{"@id":"https:\/\/frudia.es\/pt-pt\/producto\/my-orchard-peach-mascarilla-exfoliante-pies\/#primaryimage"},"image":{"@id":"https:\/\/frudia.es\/pt-pt\/producto\/my-orchard-peach-mascarilla-exfoliante-pies\/#primaryimage"},"thumbnailUrl":"https:\/\/frudia.es\/wp-content\/uploads\/2023\/01\/ffdcfpkpc20@56.jpg","datePublished":"2023-01-27T08:52:44+00:00","dateModified":"2024-07-31T13:09:22+00:00","breadcrumb":{"@id":"https:\/\/frudia.es\/pt-pt\/producto\/my-orchard-peach-mascarilla-exfoliante-pies\/#breadcrumb"},"inLanguage":"pt-PT","potentialAction":[{"@type":"ReadAction","target":["https:\/\/frudia.es\/pt-pt\/producto\/my-orchard-peach-mascarilla-exfoliante-pies\/"]}]},{"@type":"ImageObject","inLanguage":"pt-PT","@id":"https:\/\/frudia.es\/pt-pt\/producto\/my-orchard-peach-mascarilla-exfoliante-pies\/#primaryimage","url":"https:\/\/frudia.es\/wp-content\/uploads\/2023\/01\/ffdcfpkpc20@56.jpg","contentUrl":"https:\/\/frudia.es\/wp-content\/uploads\/2023\/01\/ffdcfpkpc20@56.jpg","width":800,"height":800},{"@type":"BreadcrumbList","@id":"https:\/\/frudia.es\/pt-pt\/producto\/my-orchard-peach-mascarilla-exfoliante-pies\/#breadcrumb","itemListElement":[{"@type":"ListItem","position":1,"name":"Portada","item":"https:\/\/frudia.es\/pt-pt\/"},{"@type":"ListItem","position":2,"name":"Tienda","item":"https:\/\/frudia.es\/en\/shop\/"},{"@type":"ListItem","position":3,"name":"My Orchard P\u00eassego M\u00e1scara Esfoliante de P\u00e9s"}]},{"@type":"WebSite","@id":"https:\/\/frudia.es\/pt-pt\/#website","url":"https:\/\/frudia.es\/pt-pt\/","name":"Frudia","description":"La belleza est\u00e1 en las frutas","potentialAction":[{"@type":"SearchAction","target":{"@type":"EntryPoint","urlTemplate":"https:\/\/frudia.es\/pt-pt\/?s={search_term_string}"},"query-input":{"@type":"PropertyValueSpecification","valueRequired":true,"valueName":"search_term_string"}}],"inLanguage":"pt-PT"}]}},"_links":{"self":[{"href":"https:\/\/frudia.es\/pt-pt\/wp-json\/wp\/v2\/product\/21604","targetHints":{"allow":["GET"]}}],"collection":[{"href":"https:\/\/frudia.es\/pt-pt\/wp-json\/wp\/v2\/product"}],"about":[{"href":"https:\/\/frudia.es\/pt-pt\/wp-json\/wp\/v2\/types\/product"}],"replies":[{"embeddable":true,"href":"https:\/\/frudia.es\/pt-pt\/wp-json\/wp\/v2\/comments?post=21604"}],"wp:featuredmedia":[{"embeddable":true,"href":"https:\/\/frudia.es\/pt-pt\/wp-json\/wp\/v2\/media\/20493"}],"wp:attachment":[{"href":"https:\/\/frudia.es\/pt-pt\/wp-json\/wp\/v2\/media?parent=21604"}],"wp:term":[{"taxonomy":"product_brand","embeddable":true,"href":"https:\/\/frudia.es\/pt-pt\/wp-json\/wp\/v2\/product_brand?post=21604"},{"taxonomy":"product_cat","embeddable":true,"href":"https:\/\/frudia.es\/pt-pt\/wp-json\/wp\/v2\/product_cat?post=21604"},{"taxonomy":"product_tag","embeddable":true,"href":"https:\/\/frudia.es\/pt-pt\/wp-json\/wp\/v2\/product_tag?post=21604"}],"curies":[{"name":"wp","href":"https:\/\/api.w.org\/{rel}","templated":true}]}}