{"id":21608,"date":"2023-01-27T08:52:38","date_gmt":"2023-01-27T08:52:38","guid":{"rendered":"https:\/\/frudia.es\/producto\/my-orchard-peach-esencia-corporal-hidratante-2\/"},"modified":"2024-07-31T13:09:30","modified_gmt":"2024-07-31T13:09:30","slug":"my-orchard-peach-esencia-corporal-hidratante","status":"publish","type":"product","link":"https:\/\/frudia.es\/pt-pt\/producto\/my-orchard-peach-esencia-corporal-hidratante\/","title":{"rendered":"My Orchard P\u00eassego Ess\u00eancia\n  Corporal Hidratante\u00a0"},"content":{"rendered":"<h4>Modo de<br \/>\n  uso<\/h4>\n<p>Aplique uma quantidade apropriada sobre o corpo com<br \/>\n  uma massagem suave, ap\u00f3s o duche ou sobre a pele<br \/>\n  seca.<\/p>\n<h4>Ingredientes<\/h4>\n<p>Water, Ethylhexyl<br \/>\n  Palmitate, Glycerin, Butylene Glycol, Cetyl Alcohol, Glyceryl Stearate,<br \/>\n  Polysorbate 60, Dimethicone, PEG-100 Stearate, Palmitic Acid, Sorbitan<br \/>\n  Stearate, Stearic Acid, Stearyl Alcohol, Sodium Polyacrylate, Ethylhexyl<br \/>\n  Stearate, Myristyl Alcohol, Butyrospermum Parkii (Shea Butter), Ammonium Acryloyldimethyltaurate\/VP<br \/>\n  Copolymer, Coco-Caprylate\/Caprate, Lauryl Alcohol, Adenosine, Trideceth-6,<br \/>\n  Vitis Vinifera (Grape) Seed Oil, Prunus Armeniaca (Apricot) Kernel Oil,<br \/>\n  Prunus Persica (Peach) Fruit Extract, Panthenol, Allantoin, Vaccinium<br \/>\n  Angustifolium (Blueberry) Fruit Extract, Carica Papaya (Papaya) Fruit<br \/>\n  Extract, Saccharum Officinarum (Sugar cane) Extract, Solanum Lycopersicum<br \/>\n  (Tomato) Seed Oil, Punica Granatum Seed Oil, Mangifera Indica (Mango) Seed<br \/>\n  Oil, Citrus Paradisi (Grapefruit) Seed Oil, Honey Extract, Tocopherol,<br \/>\n  Disodium EDTA, Phenoxyethanol, Chlorphenesin, 1,2-Hexanediol,<br \/>\n  Ethylhexylglycerin, Fragrance, Limonene, Linalool, Hexyl Cinnamal, Benzyl<br \/>\n  Benzoate, Citral<\/p>\n","protected":false},"excerpt":{"rendered":"<p>Ess\u00eancia corporal para uma pele macia e nutrida. Cont\u00e9m mel e<br \/>\n  p\u00eassego ricos em vitaminas e um complexo de fruta altamente hidratante.<\/p>\n","protected":false},"featured_media":20477,"comment_status":"closed","ping_status":"closed","template":"","meta":[],"product_brand":[],"product_cat":[725,730],"product_tag":[],"class_list":{"0":"post-21608","1":"product","2":"type-product","3":"status-publish","4":"has-post-thumbnail","6":"product_cat-hidratante-pt-pt","7":"product_cat-my-orchard-pt-pt","9":"first","10":"instock","11":"shipping-taxable","12":"purchasable","13":"product-type-simple"},"yoast_head":"<!-- This site is optimized with the Yoast SEO plugin v27.2 - https:\/\/yoast.com\/product\/yoast-seo-wordpress\/ -->\n<title>My Orchard P\u00eassego Ess\u00eancia  Corporal Hidratante\u00a0 - Frudia<\/title>\n<meta name=\"robots\" content=\"index, follow, max-snippet:-1, max-image-preview:large, max-video-preview:-1\" \/>\n<link rel=\"canonical\" href=\"https:\/\/frudia.es\/pt-pt\/producto\/my-orchard-peach-esencia-corporal-hidratante\/\" \/>\n<meta property=\"og:locale\" content=\"pt_PT\" \/>\n<meta property=\"og:type\" content=\"article\" \/>\n<meta property=\"og:title\" content=\"My Orchard P\u00eassego Ess\u00eancia  Corporal Hidratante\u00a0 - Frudia\" \/>\n<meta property=\"og:description\" content=\"Ess\u00eancia corporal para uma pele macia e nutrida. Cont\u00e9m mel e  p\u00eassego ricos em vitaminas e um complexo de fruta altamente hidratante.\" \/>\n<meta property=\"og:url\" content=\"https:\/\/frudia.es\/pt-pt\/producto\/my-orchard-peach-esencia-corporal-hidratante\/\" \/>\n<meta property=\"og:site_name\" content=\"Frudia\" \/>\n<meta property=\"article:modified_time\" content=\"2024-07-31T13:09:30+00:00\" \/>\n<meta property=\"og:image\" content=\"https:\/\/frudia.es\/wp-content\/uploads\/2023\/01\/0tn01855@1.jpg\" \/>\n\t<meta property=\"og:image:width\" content=\"600\" \/>\n\t<meta property=\"og:image:height\" content=\"600\" \/>\n\t<meta property=\"og:image:type\" content=\"image\/jpeg\" \/>\n<meta name=\"twitter:card\" content=\"summary_large_image\" \/>\n<meta name=\"twitter:label1\" content=\"Tempo estimado de leitura\" \/>\n\t<meta name=\"twitter:data1\" content=\"1 minuto\" \/>\n<script type=\"application\/ld+json\" class=\"yoast-schema-graph\">{\"@context\":\"https:\/\/schema.org\",\"@graph\":[{\"@type\":\"WebPage\",\"@id\":\"https:\/\/frudia.es\/pt-pt\/producto\/my-orchard-peach-esencia-corporal-hidratante\/\",\"url\":\"https:\/\/frudia.es\/pt-pt\/producto\/my-orchard-peach-esencia-corporal-hidratante\/\",\"name\":\"My Orchard P\u00eassego Ess\u00eancia Corporal Hidratante\u00a0 - Frudia\",\"isPartOf\":{\"@id\":\"https:\/\/frudia.es\/pt-pt\/#website\"},\"primaryImageOfPage\":{\"@id\":\"https:\/\/frudia.es\/pt-pt\/producto\/my-orchard-peach-esencia-corporal-hidratante\/#primaryimage\"},\"image\":{\"@id\":\"https:\/\/frudia.es\/pt-pt\/producto\/my-orchard-peach-esencia-corporal-hidratante\/#primaryimage\"},\"thumbnailUrl\":\"https:\/\/frudia.es\/wp-content\/uploads\/2023\/01\/0tn01855@1.jpg\",\"datePublished\":\"2023-01-27T08:52:38+00:00\",\"dateModified\":\"2024-07-31T13:09:30+00:00\",\"breadcrumb\":{\"@id\":\"https:\/\/frudia.es\/pt-pt\/producto\/my-orchard-peach-esencia-corporal-hidratante\/#breadcrumb\"},\"inLanguage\":\"pt-PT\",\"potentialAction\":[{\"@type\":\"ReadAction\",\"target\":[\"https:\/\/frudia.es\/pt-pt\/producto\/my-orchard-peach-esencia-corporal-hidratante\/\"]}]},{\"@type\":\"ImageObject\",\"inLanguage\":\"pt-PT\",\"@id\":\"https:\/\/frudia.es\/pt-pt\/producto\/my-orchard-peach-esencia-corporal-hidratante\/#primaryimage\",\"url\":\"https:\/\/frudia.es\/wp-content\/uploads\/2023\/01\/0tn01855@1.jpg\",\"contentUrl\":\"https:\/\/frudia.es\/wp-content\/uploads\/2023\/01\/0tn01855@1.jpg\",\"width\":600,\"height\":600},{\"@type\":\"BreadcrumbList\",\"@id\":\"https:\/\/frudia.es\/pt-pt\/producto\/my-orchard-peach-esencia-corporal-hidratante\/#breadcrumb\",\"itemListElement\":[{\"@type\":\"ListItem\",\"position\":1,\"name\":\"Portada\",\"item\":\"https:\/\/frudia.es\/pt-pt\/\"},{\"@type\":\"ListItem\",\"position\":2,\"name\":\"Tienda\",\"item\":\"https:\/\/frudia.es\/en\/shop\/\"},{\"@type\":\"ListItem\",\"position\":3,\"name\":\"My Orchard P\u00eassego Ess\u00eancia Corporal Hidratante\u00a0\"}]},{\"@type\":\"WebSite\",\"@id\":\"https:\/\/frudia.es\/pt-pt\/#website\",\"url\":\"https:\/\/frudia.es\/pt-pt\/\",\"name\":\"Frudia\",\"description\":\"La belleza est\u00e1 en las frutas\",\"potentialAction\":[{\"@type\":\"SearchAction\",\"target\":{\"@type\":\"EntryPoint\",\"urlTemplate\":\"https:\/\/frudia.es\/pt-pt\/?s={search_term_string}\"},\"query-input\":{\"@type\":\"PropertyValueSpecification\",\"valueRequired\":true,\"valueName\":\"search_term_string\"}}],\"inLanguage\":\"pt-PT\"}]}<\/script>\n<!-- \/ Yoast SEO plugin. -->","yoast_head_json":{"title":"My Orchard P\u00eassego Ess\u00eancia  Corporal Hidratante\u00a0 - Frudia","robots":{"index":"index","follow":"follow","max-snippet":"max-snippet:-1","max-image-preview":"max-image-preview:large","max-video-preview":"max-video-preview:-1"},"canonical":"https:\/\/frudia.es\/pt-pt\/producto\/my-orchard-peach-esencia-corporal-hidratante\/","og_locale":"pt_PT","og_type":"article","og_title":"My Orchard P\u00eassego Ess\u00eancia  Corporal Hidratante\u00a0 - Frudia","og_description":"Ess\u00eancia corporal para uma pele macia e nutrida. Cont\u00e9m mel e  p\u00eassego ricos em vitaminas e um complexo de fruta altamente hidratante.","og_url":"https:\/\/frudia.es\/pt-pt\/producto\/my-orchard-peach-esencia-corporal-hidratante\/","og_site_name":"Frudia","article_modified_time":"2024-07-31T13:09:30+00:00","og_image":[{"width":600,"height":600,"url":"https:\/\/frudia.es\/wp-content\/uploads\/2023\/01\/0tn01855@1.jpg","type":"image\/jpeg"}],"twitter_card":"summary_large_image","twitter_misc":{"Tempo estimado de leitura":"1 minuto"},"schema":{"@context":"https:\/\/schema.org","@graph":[{"@type":"WebPage","@id":"https:\/\/frudia.es\/pt-pt\/producto\/my-orchard-peach-esencia-corporal-hidratante\/","url":"https:\/\/frudia.es\/pt-pt\/producto\/my-orchard-peach-esencia-corporal-hidratante\/","name":"My Orchard P\u00eassego Ess\u00eancia Corporal Hidratante\u00a0 - Frudia","isPartOf":{"@id":"https:\/\/frudia.es\/pt-pt\/#website"},"primaryImageOfPage":{"@id":"https:\/\/frudia.es\/pt-pt\/producto\/my-orchard-peach-esencia-corporal-hidratante\/#primaryimage"},"image":{"@id":"https:\/\/frudia.es\/pt-pt\/producto\/my-orchard-peach-esencia-corporal-hidratante\/#primaryimage"},"thumbnailUrl":"https:\/\/frudia.es\/wp-content\/uploads\/2023\/01\/0tn01855@1.jpg","datePublished":"2023-01-27T08:52:38+00:00","dateModified":"2024-07-31T13:09:30+00:00","breadcrumb":{"@id":"https:\/\/frudia.es\/pt-pt\/producto\/my-orchard-peach-esencia-corporal-hidratante\/#breadcrumb"},"inLanguage":"pt-PT","potentialAction":[{"@type":"ReadAction","target":["https:\/\/frudia.es\/pt-pt\/producto\/my-orchard-peach-esencia-corporal-hidratante\/"]}]},{"@type":"ImageObject","inLanguage":"pt-PT","@id":"https:\/\/frudia.es\/pt-pt\/producto\/my-orchard-peach-esencia-corporal-hidratante\/#primaryimage","url":"https:\/\/frudia.es\/wp-content\/uploads\/2023\/01\/0tn01855@1.jpg","contentUrl":"https:\/\/frudia.es\/wp-content\/uploads\/2023\/01\/0tn01855@1.jpg","width":600,"height":600},{"@type":"BreadcrumbList","@id":"https:\/\/frudia.es\/pt-pt\/producto\/my-orchard-peach-esencia-corporal-hidratante\/#breadcrumb","itemListElement":[{"@type":"ListItem","position":1,"name":"Portada","item":"https:\/\/frudia.es\/pt-pt\/"},{"@type":"ListItem","position":2,"name":"Tienda","item":"https:\/\/frudia.es\/en\/shop\/"},{"@type":"ListItem","position":3,"name":"My Orchard P\u00eassego Ess\u00eancia Corporal Hidratante\u00a0"}]},{"@type":"WebSite","@id":"https:\/\/frudia.es\/pt-pt\/#website","url":"https:\/\/frudia.es\/pt-pt\/","name":"Frudia","description":"La belleza est\u00e1 en las frutas","potentialAction":[{"@type":"SearchAction","target":{"@type":"EntryPoint","urlTemplate":"https:\/\/frudia.es\/pt-pt\/?s={search_term_string}"},"query-input":{"@type":"PropertyValueSpecification","valueRequired":true,"valueName":"search_term_string"}}],"inLanguage":"pt-PT"}]}},"_links":{"self":[{"href":"https:\/\/frudia.es\/pt-pt\/wp-json\/wp\/v2\/product\/21608","targetHints":{"allow":["GET"]}}],"collection":[{"href":"https:\/\/frudia.es\/pt-pt\/wp-json\/wp\/v2\/product"}],"about":[{"href":"https:\/\/frudia.es\/pt-pt\/wp-json\/wp\/v2\/types\/product"}],"replies":[{"embeddable":true,"href":"https:\/\/frudia.es\/pt-pt\/wp-json\/wp\/v2\/comments?post=21608"}],"wp:featuredmedia":[{"embeddable":true,"href":"https:\/\/frudia.es\/pt-pt\/wp-json\/wp\/v2\/media\/20477"}],"wp:attachment":[{"href":"https:\/\/frudia.es\/pt-pt\/wp-json\/wp\/v2\/media?parent=21608"}],"wp:term":[{"taxonomy":"product_brand","embeddable":true,"href":"https:\/\/frudia.es\/pt-pt\/wp-json\/wp\/v2\/product_brand?post=21608"},{"taxonomy":"product_cat","embeddable":true,"href":"https:\/\/frudia.es\/pt-pt\/wp-json\/wp\/v2\/product_cat?post=21608"},{"taxonomy":"product_tag","embeddable":true,"href":"https:\/\/frudia.es\/pt-pt\/wp-json\/wp\/v2\/product_tag?post=21608"}],"curies":[{"name":"wp","href":"https:\/\/api.w.org\/{rel}","templated":true}]}}