{"id":21613,"date":"2023-01-27T08:52:36","date_gmt":"2023-01-27T08:52:36","guid":{"rendered":"https:\/\/frudia.es\/producto\/proteccion-solar-iluminadora-spf50pa-2\/"},"modified":"2024-07-31T13:09:39","modified_gmt":"2024-07-31T13:09:39","slug":"proteccion-solar-iluminadora-spf50pa","status":"publish","type":"product","link":"https:\/\/frudia.es\/pt-pt\/producto\/proteccion-solar-iluminadora-spf50pa\/","title":{"rendered":"Protetor Solar Iluminador\n  SPF50+PA+++\u00a0"},"content":{"rendered":"<h4>Modo de<br \/>\n  uso<\/h4>\n<p>Aplicar uniformemente uma quantidade apropriada como<br \/>\n  \u00faltimo passo dos cuidados de<br \/>\n  pele.<\/p>\n<h4>Ingredientes<\/h4>\n<p>Water, Ethylhexyl<br \/>\n  Methoxycinnamate, Titanium Dioxide, Glycerin, Dipropylene Glycol, Dibutyl<br \/>\n  Adipate, C12-15 Alkyl Benzoate, Diethylamino Hydroxybenzoyl Hexyl Benzoate,<br \/>\n  Niacinamide, Ethylhexyl Triazone, Glyceryl Stearate, Cetearyl Alcohol, Cetyl<br \/>\n  Alcohol, Polysorbate 60, Dimethicone, PEG-100 Stearate, Aluminum Hydroxide,<br \/>\n  Cetearyl Olivate, Glyceryl Caprylate, Sorbitan Olivate, Polyhydroxystearic<br \/>\n  Acid, Hydroxyethyl Acrylate\/Sodium Acryloyldimethyl Taurate Copolymer,<br \/>\n  Stearyl Alcohol, Cetearyl Glucoside, Methicone, Tocopheryl Acetate, Myristyl<br \/>\n  Alcohol, Adenosine, Lauryl Alcohol, Sorbitan Isostearate, Pearl Powder,<br \/>\n  Citrus Unshiu Peel Extract, Coco-Caprylate\/Caprate, Butylene Glycol, Glucose,<br \/>\n  Macadamia Ternifolia Seed Oil, Vitis Vinifera (Grape) Seed Oil, Prunus<br \/>\n  Armeniaca (Apricot) Kernel Oil, Propylene Glycol, PEG-5 Rapeseed Sterol,<br \/>\n  Cholesterol, Brassica Campestris (Rapeseed) Sterols, Biosaccharide Gum-4,<br \/>\n  Mangifera Indica (Mango) Fruit Extract, Hydrogenated Lecithin, Glutathione,<br \/>\n  Garcinia Mangostana Peel Extract, Ceteth-5, Ceteth-3, Solanum Lycopersicum<br \/>\n  (Tomato) Seed Oil, Sodium Ascorbyl Phosphate, Punica Granatum Seed Oil,<br \/>\n  Mangifera Indica (Mango) Seed Oil, Citrus Paradisi (Grapefruit) Seed Oil,<br \/>\n  Cetyl Phosphate, Ethylhexylglycerin, Malpighia Emarginata (Acerola) Fruit<br \/>\n  Extract, Tocopherol, Phenoxyethanol, 1,2-Hexanediol, Chlorphenesin, Disodium<br \/>\n  EDTA, Fragrance, Coumarin, Alpha-Isomethyl Ionone, Citronellol,<br \/>\n  Hydroxycitronellal<\/p>\n","protected":false},"excerpt":{"rendered":"<p>Protetor solar tonificante que ilumina a pele com um efeito<br \/>\n  bloqueador dos raios UV, sem um efeito pastoso.<br \/>\n    6 tipos de \u00f3leo de sementes de fruta mergulham suavemente na pele e criam<br \/>\n  uma pele iluminada e natural.<br \/>\n    Tamb\u00e9m pode ser utilizado como base de maquilhagem gra\u00e7as \u00e0 sua ader\u00eancia<br \/>\n  suave e mate.<\/p>\n","protected":false},"featured_media":20451,"comment_status":"closed","ping_status":"closed","template":"","meta":[],"product_brand":[],"product_cat":[745],"product_tag":[],"class_list":{"0":"post-21613","1":"product","2":"type-product","3":"status-publish","4":"has-post-thumbnail","6":"product_cat-sol","8":"first","9":"instock","10":"shipping-taxable","11":"purchasable","12":"product-type-simple"},"yoast_head":"<!-- This site is optimized with the Yoast SEO plugin v27.2 - https:\/\/yoast.com\/product\/yoast-seo-wordpress\/ -->\n<title>Protetor Solar Iluminador  SPF50+PA+++\u00a0 - Frudia<\/title>\n<meta name=\"robots\" content=\"index, follow, max-snippet:-1, max-image-preview:large, max-video-preview:-1\" \/>\n<link rel=\"canonical\" href=\"https:\/\/frudia.es\/pt-pt\/producto\/proteccion-solar-iluminadora-spf50pa\/\" \/>\n<meta property=\"og:locale\" content=\"pt_PT\" \/>\n<meta property=\"og:type\" content=\"article\" \/>\n<meta property=\"og:title\" content=\"Protetor Solar Iluminador  SPF50+PA+++\u00a0 - Frudia\" \/>\n<meta property=\"og:description\" content=\"Protetor solar tonificante que ilumina a pele com um efeito  bloqueador dos raios UV, sem um efeito pastoso.   6 tipos de \u00f3leo de sementes de fruta mergulham suavemente na pele e criam  uma pele iluminada e natural.   Tamb\u00e9m pode ser utilizado como base de maquilhagem gra\u00e7as \u00e0 sua ader\u00eancia  suave e mate.\" \/>\n<meta property=\"og:url\" content=\"https:\/\/frudia.es\/pt-pt\/producto\/proteccion-solar-iluminadora-spf50pa\/\" \/>\n<meta property=\"og:site_name\" content=\"Frudia\" \/>\n<meta property=\"article:modified_time\" content=\"2024-07-31T13:09:39+00:00\" \/>\n<meta property=\"og:image\" content=\"https:\/\/frudia.es\/wp-content\/uploads\/2023\/01\/0tf16667@1.jpg\" \/>\n\t<meta property=\"og:image:width\" content=\"600\" \/>\n\t<meta property=\"og:image:height\" content=\"600\" \/>\n\t<meta property=\"og:image:type\" content=\"image\/jpeg\" \/>\n<meta name=\"twitter:card\" content=\"summary_large_image\" \/>\n<meta name=\"twitter:label1\" content=\"Tempo estimado de leitura\" \/>\n\t<meta name=\"twitter:data1\" content=\"1 minuto\" \/>\n<script type=\"application\/ld+json\" class=\"yoast-schema-graph\">{\"@context\":\"https:\/\/schema.org\",\"@graph\":[{\"@type\":\"WebPage\",\"@id\":\"https:\/\/frudia.es\/pt-pt\/producto\/proteccion-solar-iluminadora-spf50pa\/\",\"url\":\"https:\/\/frudia.es\/pt-pt\/producto\/proteccion-solar-iluminadora-spf50pa\/\",\"name\":\"Protetor Solar Iluminador SPF50+PA+++\u00a0 - Frudia\",\"isPartOf\":{\"@id\":\"https:\/\/frudia.es\/pt-pt\/#website\"},\"primaryImageOfPage\":{\"@id\":\"https:\/\/frudia.es\/pt-pt\/producto\/proteccion-solar-iluminadora-spf50pa\/#primaryimage\"},\"image\":{\"@id\":\"https:\/\/frudia.es\/pt-pt\/producto\/proteccion-solar-iluminadora-spf50pa\/#primaryimage\"},\"thumbnailUrl\":\"https:\/\/frudia.es\/wp-content\/uploads\/2023\/01\/0tf16667@1.jpg\",\"datePublished\":\"2023-01-27T08:52:36+00:00\",\"dateModified\":\"2024-07-31T13:09:39+00:00\",\"breadcrumb\":{\"@id\":\"https:\/\/frudia.es\/pt-pt\/producto\/proteccion-solar-iluminadora-spf50pa\/#breadcrumb\"},\"inLanguage\":\"pt-PT\",\"potentialAction\":[{\"@type\":\"ReadAction\",\"target\":[\"https:\/\/frudia.es\/pt-pt\/producto\/proteccion-solar-iluminadora-spf50pa\/\"]}]},{\"@type\":\"ImageObject\",\"inLanguage\":\"pt-PT\",\"@id\":\"https:\/\/frudia.es\/pt-pt\/producto\/proteccion-solar-iluminadora-spf50pa\/#primaryimage\",\"url\":\"https:\/\/frudia.es\/wp-content\/uploads\/2023\/01\/0tf16667@1.jpg\",\"contentUrl\":\"https:\/\/frudia.es\/wp-content\/uploads\/2023\/01\/0tf16667@1.jpg\",\"width\":600,\"height\":600},{\"@type\":\"BreadcrumbList\",\"@id\":\"https:\/\/frudia.es\/pt-pt\/producto\/proteccion-solar-iluminadora-spf50pa\/#breadcrumb\",\"itemListElement\":[{\"@type\":\"ListItem\",\"position\":1,\"name\":\"Portada\",\"item\":\"https:\/\/frudia.es\/pt-pt\/\"},{\"@type\":\"ListItem\",\"position\":2,\"name\":\"Tienda\",\"item\":\"https:\/\/frudia.es\/en\/shop\/\"},{\"@type\":\"ListItem\",\"position\":3,\"name\":\"Protetor Solar Iluminador SPF50+PA+++\u00a0\"}]},{\"@type\":\"WebSite\",\"@id\":\"https:\/\/frudia.es\/pt-pt\/#website\",\"url\":\"https:\/\/frudia.es\/pt-pt\/\",\"name\":\"Frudia\",\"description\":\"La belleza est\u00e1 en las frutas\",\"potentialAction\":[{\"@type\":\"SearchAction\",\"target\":{\"@type\":\"EntryPoint\",\"urlTemplate\":\"https:\/\/frudia.es\/pt-pt\/?s={search_term_string}\"},\"query-input\":{\"@type\":\"PropertyValueSpecification\",\"valueRequired\":true,\"valueName\":\"search_term_string\"}}],\"inLanguage\":\"pt-PT\"}]}<\/script>\n<!-- \/ Yoast SEO plugin. -->","yoast_head_json":{"title":"Protetor Solar Iluminador  SPF50+PA+++\u00a0 - Frudia","robots":{"index":"index","follow":"follow","max-snippet":"max-snippet:-1","max-image-preview":"max-image-preview:large","max-video-preview":"max-video-preview:-1"},"canonical":"https:\/\/frudia.es\/pt-pt\/producto\/proteccion-solar-iluminadora-spf50pa\/","og_locale":"pt_PT","og_type":"article","og_title":"Protetor Solar Iluminador  SPF50+PA+++\u00a0 - Frudia","og_description":"Protetor solar tonificante que ilumina a pele com um efeito  bloqueador dos raios UV, sem um efeito pastoso.   6 tipos de \u00f3leo de sementes de fruta mergulham suavemente na pele e criam  uma pele iluminada e natural.   Tamb\u00e9m pode ser utilizado como base de maquilhagem gra\u00e7as \u00e0 sua ader\u00eancia  suave e mate.","og_url":"https:\/\/frudia.es\/pt-pt\/producto\/proteccion-solar-iluminadora-spf50pa\/","og_site_name":"Frudia","article_modified_time":"2024-07-31T13:09:39+00:00","og_image":[{"width":600,"height":600,"url":"https:\/\/frudia.es\/wp-content\/uploads\/2023\/01\/0tf16667@1.jpg","type":"image\/jpeg"}],"twitter_card":"summary_large_image","twitter_misc":{"Tempo estimado de leitura":"1 minuto"},"schema":{"@context":"https:\/\/schema.org","@graph":[{"@type":"WebPage","@id":"https:\/\/frudia.es\/pt-pt\/producto\/proteccion-solar-iluminadora-spf50pa\/","url":"https:\/\/frudia.es\/pt-pt\/producto\/proteccion-solar-iluminadora-spf50pa\/","name":"Protetor Solar Iluminador SPF50+PA+++\u00a0 - Frudia","isPartOf":{"@id":"https:\/\/frudia.es\/pt-pt\/#website"},"primaryImageOfPage":{"@id":"https:\/\/frudia.es\/pt-pt\/producto\/proteccion-solar-iluminadora-spf50pa\/#primaryimage"},"image":{"@id":"https:\/\/frudia.es\/pt-pt\/producto\/proteccion-solar-iluminadora-spf50pa\/#primaryimage"},"thumbnailUrl":"https:\/\/frudia.es\/wp-content\/uploads\/2023\/01\/0tf16667@1.jpg","datePublished":"2023-01-27T08:52:36+00:00","dateModified":"2024-07-31T13:09:39+00:00","breadcrumb":{"@id":"https:\/\/frudia.es\/pt-pt\/producto\/proteccion-solar-iluminadora-spf50pa\/#breadcrumb"},"inLanguage":"pt-PT","potentialAction":[{"@type":"ReadAction","target":["https:\/\/frudia.es\/pt-pt\/producto\/proteccion-solar-iluminadora-spf50pa\/"]}]},{"@type":"ImageObject","inLanguage":"pt-PT","@id":"https:\/\/frudia.es\/pt-pt\/producto\/proteccion-solar-iluminadora-spf50pa\/#primaryimage","url":"https:\/\/frudia.es\/wp-content\/uploads\/2023\/01\/0tf16667@1.jpg","contentUrl":"https:\/\/frudia.es\/wp-content\/uploads\/2023\/01\/0tf16667@1.jpg","width":600,"height":600},{"@type":"BreadcrumbList","@id":"https:\/\/frudia.es\/pt-pt\/producto\/proteccion-solar-iluminadora-spf50pa\/#breadcrumb","itemListElement":[{"@type":"ListItem","position":1,"name":"Portada","item":"https:\/\/frudia.es\/pt-pt\/"},{"@type":"ListItem","position":2,"name":"Tienda","item":"https:\/\/frudia.es\/en\/shop\/"},{"@type":"ListItem","position":3,"name":"Protetor Solar Iluminador SPF50+PA+++\u00a0"}]},{"@type":"WebSite","@id":"https:\/\/frudia.es\/pt-pt\/#website","url":"https:\/\/frudia.es\/pt-pt\/","name":"Frudia","description":"La belleza est\u00e1 en las frutas","potentialAction":[{"@type":"SearchAction","target":{"@type":"EntryPoint","urlTemplate":"https:\/\/frudia.es\/pt-pt\/?s={search_term_string}"},"query-input":{"@type":"PropertyValueSpecification","valueRequired":true,"valueName":"search_term_string"}}],"inLanguage":"pt-PT"}]}},"_links":{"self":[{"href":"https:\/\/frudia.es\/pt-pt\/wp-json\/wp\/v2\/product\/21613","targetHints":{"allow":["GET"]}}],"collection":[{"href":"https:\/\/frudia.es\/pt-pt\/wp-json\/wp\/v2\/product"}],"about":[{"href":"https:\/\/frudia.es\/pt-pt\/wp-json\/wp\/v2\/types\/product"}],"replies":[{"embeddable":true,"href":"https:\/\/frudia.es\/pt-pt\/wp-json\/wp\/v2\/comments?post=21613"}],"wp:featuredmedia":[{"embeddable":true,"href":"https:\/\/frudia.es\/pt-pt\/wp-json\/wp\/v2\/media\/20451"}],"wp:attachment":[{"href":"https:\/\/frudia.es\/pt-pt\/wp-json\/wp\/v2\/media?parent=21613"}],"wp:term":[{"taxonomy":"product_brand","embeddable":true,"href":"https:\/\/frudia.es\/pt-pt\/wp-json\/wp\/v2\/product_brand?post=21613"},{"taxonomy":"product_cat","embeddable":true,"href":"https:\/\/frudia.es\/pt-pt\/wp-json\/wp\/v2\/product_cat?post=21613"},{"taxonomy":"product_tag","embeddable":true,"href":"https:\/\/frudia.es\/pt-pt\/wp-json\/wp\/v2\/product_tag?post=21613"}],"curies":[{"name":"wp","href":"https:\/\/api.w.org\/{rel}","templated":true}]}}