{"id":21615,"date":"2023-01-27T08:52:35","date_gmt":"2023-01-27T08:52:35","guid":{"rendered":"https:\/\/frudia.es\/producto\/my-orchard-peach-gel-calmante-en-spray-2\/"},"modified":"2024-07-31T13:09:47","modified_gmt":"2024-07-31T13:09:47","slug":"my-orchard-peach-gel-calmante-en-spray","status":"publish","type":"product","link":"https:\/\/frudia.es\/pt-pt\/producto\/my-orchard-peach-gel-calmante-en-spray\/","title":{"rendered":"My Orchard P\u00eassego Gel\n  Calmante em Spray\u00a0"},"content":{"rendered":"<h4>Modo de<br \/>\n  uso<\/h4>\n<p>Ap\u00f3s a limpeza, fechar os olhos e pulverizar uma<br \/>\n  quantidade adequada a 20-30 cm do rosto. Utilizar sempre que a pele esteja<br \/>\n  seca ou a precisar de hidrata\u00e7\u00e3o instant\u00e2nea, antes ou depois da<br \/>\n  maquilhagem.<\/p>\n<h4>Ingredientes<\/h4>\n<p>Water,<br \/>\n  Glycerin, Dipropylene Glycol, Betaine, Polyglyceryl-10 Laurate, Prunus<br \/>\n  Persica (Peach) Fruit Extract, Panthenol, Acrylates\/C10-30 Alkyl Acrylate<br \/>\n  Crosspolymer, Tromethamine, Centella Asiatica Extract, Vitis Vinifera (Grape)<br \/>\n  Fruit Extract, Butylene Glycol, Chamaecyparis Obtusa Leaf Extract, Origanum<br \/>\n  Vulgare Leaf Extract, Salix Alba (Willow) Bark Extract, Cinnamomum Cassia<br \/>\n  Bark Extract, Lactobacillus\/Soybean Ferment Extract, Pentylene Glycol,<br \/>\n  Portulaca Oleracea Extract, Scutellaria Baicalensis Root Extract, Honey<br \/>\n  Extract, Caprylyl Glycol, Ethylhexylglycerin, Disodium EDTA, Phenoxyethanol,<br \/>\n  Chlorphenesin, 1,2-Hexanediol, Fragrance, Limonene<\/p>\n","protected":false},"excerpt":{"rendered":"<p>N\u00e9voa de gel<br \/>\n  calmante de pH baixo que acalma a pele sens\u00edvel e seca com uma sensa\u00e7\u00e3o<br \/>\n  refrescante e hidratante.<br \/>\n    Cheio de energia nutritiva e fresca de 99% de extrato de p\u00eassego<br \/>\n  excepcional no al\u00edvio da desidrata\u00e7\u00e3o da pele.<\/p>\n","protected":false},"featured_media":20440,"comment_status":"closed","ping_status":"closed","template":"","meta":[],"product_brand":[],"product_cat":[730,728],"product_tag":[],"class_list":{"0":"post-21615","1":"product","2":"type-product","3":"status-publish","4":"has-post-thumbnail","6":"product_cat-my-orchard-pt-pt","7":"product_cat-spray-pt-pt","9":"first","10":"instock","11":"shipping-taxable","12":"purchasable","13":"product-type-simple"},"yoast_head":"<!-- This site is optimized with the Yoast SEO plugin v27.2 - https:\/\/yoast.com\/product\/yoast-seo-wordpress\/ -->\n<title>My Orchard P\u00eassego Gel  Calmante em Spray\u00a0 - Frudia<\/title>\n<meta name=\"robots\" content=\"index, follow, max-snippet:-1, max-image-preview:large, max-video-preview:-1\" \/>\n<link rel=\"canonical\" href=\"https:\/\/frudia.es\/pt-pt\/producto\/my-orchard-peach-gel-calmante-en-spray\/\" \/>\n<meta property=\"og:locale\" content=\"pt_PT\" \/>\n<meta property=\"og:type\" content=\"article\" \/>\n<meta property=\"og:title\" content=\"My Orchard P\u00eassego Gel  Calmante em Spray\u00a0 - Frudia\" \/>\n<meta property=\"og:description\" content=\"N\u00e9voa de gel  calmante de pH baixo que acalma a pele sens\u00edvel e seca com uma sensa\u00e7\u00e3o  refrescante e hidratante.   Cheio de energia nutritiva e fresca de 99% de extrato de p\u00eassego  excepcional no al\u00edvio da desidrata\u00e7\u00e3o da pele.\" \/>\n<meta property=\"og:url\" content=\"https:\/\/frudia.es\/pt-pt\/producto\/my-orchard-peach-gel-calmante-en-spray\/\" \/>\n<meta property=\"og:site_name\" content=\"Frudia\" \/>\n<meta property=\"article:modified_time\" content=\"2024-07-31T13:09:47+00:00\" \/>\n<meta property=\"og:image\" content=\"https:\/\/frudia.es\/wp-content\/uploads\/2023\/01\/0tf18319@1.jpg\" \/>\n\t<meta property=\"og:image:width\" content=\"600\" \/>\n\t<meta property=\"og:image:height\" content=\"600\" \/>\n\t<meta property=\"og:image:type\" content=\"image\/jpeg\" \/>\n<meta name=\"twitter:card\" content=\"summary_large_image\" \/>\n<meta name=\"twitter:label1\" content=\"Tempo estimado de leitura\" \/>\n\t<meta name=\"twitter:data1\" content=\"1 minuto\" \/>\n<script type=\"application\/ld+json\" class=\"yoast-schema-graph\">{\"@context\":\"https:\/\/schema.org\",\"@graph\":[{\"@type\":\"WebPage\",\"@id\":\"https:\/\/frudia.es\/pt-pt\/producto\/my-orchard-peach-gel-calmante-en-spray\/\",\"url\":\"https:\/\/frudia.es\/pt-pt\/producto\/my-orchard-peach-gel-calmante-en-spray\/\",\"name\":\"My Orchard P\u00eassego Gel Calmante em Spray\u00a0 - Frudia\",\"isPartOf\":{\"@id\":\"https:\/\/frudia.es\/pt-pt\/#website\"},\"primaryImageOfPage\":{\"@id\":\"https:\/\/frudia.es\/pt-pt\/producto\/my-orchard-peach-gel-calmante-en-spray\/#primaryimage\"},\"image\":{\"@id\":\"https:\/\/frudia.es\/pt-pt\/producto\/my-orchard-peach-gel-calmante-en-spray\/#primaryimage\"},\"thumbnailUrl\":\"https:\/\/frudia.es\/wp-content\/uploads\/2023\/01\/0tf18319@1.jpg\",\"datePublished\":\"2023-01-27T08:52:35+00:00\",\"dateModified\":\"2024-07-31T13:09:47+00:00\",\"breadcrumb\":{\"@id\":\"https:\/\/frudia.es\/pt-pt\/producto\/my-orchard-peach-gel-calmante-en-spray\/#breadcrumb\"},\"inLanguage\":\"pt-PT\",\"potentialAction\":[{\"@type\":\"ReadAction\",\"target\":[\"https:\/\/frudia.es\/pt-pt\/producto\/my-orchard-peach-gel-calmante-en-spray\/\"]}]},{\"@type\":\"ImageObject\",\"inLanguage\":\"pt-PT\",\"@id\":\"https:\/\/frudia.es\/pt-pt\/producto\/my-orchard-peach-gel-calmante-en-spray\/#primaryimage\",\"url\":\"https:\/\/frudia.es\/wp-content\/uploads\/2023\/01\/0tf18319@1.jpg\",\"contentUrl\":\"https:\/\/frudia.es\/wp-content\/uploads\/2023\/01\/0tf18319@1.jpg\",\"width\":600,\"height\":600},{\"@type\":\"BreadcrumbList\",\"@id\":\"https:\/\/frudia.es\/pt-pt\/producto\/my-orchard-peach-gel-calmante-en-spray\/#breadcrumb\",\"itemListElement\":[{\"@type\":\"ListItem\",\"position\":1,\"name\":\"Portada\",\"item\":\"https:\/\/frudia.es\/pt-pt\/\"},{\"@type\":\"ListItem\",\"position\":2,\"name\":\"Tienda\",\"item\":\"https:\/\/frudia.es\/en\/shop\/\"},{\"@type\":\"ListItem\",\"position\":3,\"name\":\"My Orchard P\u00eassego Gel Calmante em Spray\u00a0\"}]},{\"@type\":\"WebSite\",\"@id\":\"https:\/\/frudia.es\/pt-pt\/#website\",\"url\":\"https:\/\/frudia.es\/pt-pt\/\",\"name\":\"Frudia\",\"description\":\"La belleza est\u00e1 en las frutas\",\"potentialAction\":[{\"@type\":\"SearchAction\",\"target\":{\"@type\":\"EntryPoint\",\"urlTemplate\":\"https:\/\/frudia.es\/pt-pt\/?s={search_term_string}\"},\"query-input\":{\"@type\":\"PropertyValueSpecification\",\"valueRequired\":true,\"valueName\":\"search_term_string\"}}],\"inLanguage\":\"pt-PT\"}]}<\/script>\n<!-- \/ Yoast SEO plugin. -->","yoast_head_json":{"title":"My Orchard P\u00eassego Gel  Calmante em Spray\u00a0 - Frudia","robots":{"index":"index","follow":"follow","max-snippet":"max-snippet:-1","max-image-preview":"max-image-preview:large","max-video-preview":"max-video-preview:-1"},"canonical":"https:\/\/frudia.es\/pt-pt\/producto\/my-orchard-peach-gel-calmante-en-spray\/","og_locale":"pt_PT","og_type":"article","og_title":"My Orchard P\u00eassego Gel  Calmante em Spray\u00a0 - Frudia","og_description":"N\u00e9voa de gel  calmante de pH baixo que acalma a pele sens\u00edvel e seca com uma sensa\u00e7\u00e3o  refrescante e hidratante.   Cheio de energia nutritiva e fresca de 99% de extrato de p\u00eassego  excepcional no al\u00edvio da desidrata\u00e7\u00e3o da pele.","og_url":"https:\/\/frudia.es\/pt-pt\/producto\/my-orchard-peach-gel-calmante-en-spray\/","og_site_name":"Frudia","article_modified_time":"2024-07-31T13:09:47+00:00","og_image":[{"width":600,"height":600,"url":"https:\/\/frudia.es\/wp-content\/uploads\/2023\/01\/0tf18319@1.jpg","type":"image\/jpeg"}],"twitter_card":"summary_large_image","twitter_misc":{"Tempo estimado de leitura":"1 minuto"},"schema":{"@context":"https:\/\/schema.org","@graph":[{"@type":"WebPage","@id":"https:\/\/frudia.es\/pt-pt\/producto\/my-orchard-peach-gel-calmante-en-spray\/","url":"https:\/\/frudia.es\/pt-pt\/producto\/my-orchard-peach-gel-calmante-en-spray\/","name":"My Orchard P\u00eassego Gel Calmante em Spray\u00a0 - Frudia","isPartOf":{"@id":"https:\/\/frudia.es\/pt-pt\/#website"},"primaryImageOfPage":{"@id":"https:\/\/frudia.es\/pt-pt\/producto\/my-orchard-peach-gel-calmante-en-spray\/#primaryimage"},"image":{"@id":"https:\/\/frudia.es\/pt-pt\/producto\/my-orchard-peach-gel-calmante-en-spray\/#primaryimage"},"thumbnailUrl":"https:\/\/frudia.es\/wp-content\/uploads\/2023\/01\/0tf18319@1.jpg","datePublished":"2023-01-27T08:52:35+00:00","dateModified":"2024-07-31T13:09:47+00:00","breadcrumb":{"@id":"https:\/\/frudia.es\/pt-pt\/producto\/my-orchard-peach-gel-calmante-en-spray\/#breadcrumb"},"inLanguage":"pt-PT","potentialAction":[{"@type":"ReadAction","target":["https:\/\/frudia.es\/pt-pt\/producto\/my-orchard-peach-gel-calmante-en-spray\/"]}]},{"@type":"ImageObject","inLanguage":"pt-PT","@id":"https:\/\/frudia.es\/pt-pt\/producto\/my-orchard-peach-gel-calmante-en-spray\/#primaryimage","url":"https:\/\/frudia.es\/wp-content\/uploads\/2023\/01\/0tf18319@1.jpg","contentUrl":"https:\/\/frudia.es\/wp-content\/uploads\/2023\/01\/0tf18319@1.jpg","width":600,"height":600},{"@type":"BreadcrumbList","@id":"https:\/\/frudia.es\/pt-pt\/producto\/my-orchard-peach-gel-calmante-en-spray\/#breadcrumb","itemListElement":[{"@type":"ListItem","position":1,"name":"Portada","item":"https:\/\/frudia.es\/pt-pt\/"},{"@type":"ListItem","position":2,"name":"Tienda","item":"https:\/\/frudia.es\/en\/shop\/"},{"@type":"ListItem","position":3,"name":"My Orchard P\u00eassego Gel Calmante em Spray\u00a0"}]},{"@type":"WebSite","@id":"https:\/\/frudia.es\/pt-pt\/#website","url":"https:\/\/frudia.es\/pt-pt\/","name":"Frudia","description":"La belleza est\u00e1 en las frutas","potentialAction":[{"@type":"SearchAction","target":{"@type":"EntryPoint","urlTemplate":"https:\/\/frudia.es\/pt-pt\/?s={search_term_string}"},"query-input":{"@type":"PropertyValueSpecification","valueRequired":true,"valueName":"search_term_string"}}],"inLanguage":"pt-PT"}]}},"_links":{"self":[{"href":"https:\/\/frudia.es\/pt-pt\/wp-json\/wp\/v2\/product\/21615","targetHints":{"allow":["GET"]}}],"collection":[{"href":"https:\/\/frudia.es\/pt-pt\/wp-json\/wp\/v2\/product"}],"about":[{"href":"https:\/\/frudia.es\/pt-pt\/wp-json\/wp\/v2\/types\/product"}],"replies":[{"embeddable":true,"href":"https:\/\/frudia.es\/pt-pt\/wp-json\/wp\/v2\/comments?post=21615"}],"wp:featuredmedia":[{"embeddable":true,"href":"https:\/\/frudia.es\/pt-pt\/wp-json\/wp\/v2\/media\/20440"}],"wp:attachment":[{"href":"https:\/\/frudia.es\/pt-pt\/wp-json\/wp\/v2\/media?parent=21615"}],"wp:term":[{"taxonomy":"product_brand","embeddable":true,"href":"https:\/\/frudia.es\/pt-pt\/wp-json\/wp\/v2\/product_brand?post=21615"},{"taxonomy":"product_cat","embeddable":true,"href":"https:\/\/frudia.es\/pt-pt\/wp-json\/wp\/v2\/product_cat?post=21615"},{"taxonomy":"product_tag","embeddable":true,"href":"https:\/\/frudia.es\/pt-pt\/wp-json\/wp\/v2\/product_tag?post=21615"}],"curies":[{"name":"wp","href":"https:\/\/api.w.org\/{rel}","templated":true}]}}