{"id":21619,"date":"2023-01-27T08:52:33","date_gmt":"2023-01-27T08:52:33","guid":{"rendered":"https:\/\/frudia.es\/producto\/mago-honey-mascarilla-labios-2\/"},"modified":"2024-07-31T13:09:55","modified_gmt":"2024-07-31T13:09:55","slug":"mago-honey-mascarilla-labios","status":"publish","type":"product","link":"https:\/\/frudia.es\/pt-pt\/producto\/mago-honey-mascarilla-labios\/","title":{"rendered":"Mago Honey M\u00e1scara de\n  L\u00e1bios\u00a0"},"content":{"rendered":"<h4>Modo de<br \/>\n  uso<\/h4>\n<p>Dispensar uma quantidade adequada e aplicar suavemente<br \/>\n  nos l\u00e1bios. <\/p>\n<h4>Ingredientes<\/h4>\n<p>Mineral Oil,<br \/>\n  Petrolatum, Microcrystalline Wax, Hydrogenated Castor Oil Dimer Dilinoleate,<br \/>\n  Paraffin, Ricinus Communis (Castor) Seed Oil, Diisostearyl Malate, Beeswax,<br \/>\n  Silica Dimethyl Silylate, Ethylene\/Propylene\/Styrene Copolymer, Glyceryl<br \/>\n  Caprylate, Mauritia Flexuosa Fruit Oil, Butylene\/Ethylene\/Styrene Copolymer,<br \/>\n  Water, Xylitol, Butyrospermum Parkii (Shea Butter), Vaccinium Angustifolium<br \/>\n  (Blueberry) Fruit Extract, Honey Extract, Glycerin, Coco-Caprylate\/Caprate,<br \/>\n  Butylene Glycol, Caprylic\/Capric Triglyceride, Octyldodecanol, Vitis Vinifera<br \/>\n  (Grape) Seed Oil, Prunus Armeniaca (Apricot) Kernel Oil, Hydrogenated<br \/>\n  Lecithin, Propylene Glycol, Polysorbate 80, Ceramide NP, Tocopherol,<br \/>\n  Ubiquinone, Lactobacillus Ferment, Tocopheryl Acetate, Solanum Lycopersicum<br \/>\n  (Tomato) Seed Oil, Punica Granatum Seed Oil, Mangifera Indica (Mango) Seed<br \/>\n  Oil, Citrus Paradisi (Grapefruit) Seed Oil, Caprylyl Glycol, Pyrus Malus<br \/>\n  (Apple) Fruit Extract, Citrus Paradisi (Grapefruit) Fruit Extract, Ananas<br \/>\n  Sativus (Pineapple) Fruit Extract, Ethylhexylglycerin, Vitis Vinifera (Grape)<br \/>\n  Fruit Extract, Prunus Persica (Peach) Fruit Extract, Fragaria Vesca<br \/>\n  (Strawberry) Fruit Extract, Actinidia Chinensis (Kiwi) Fruit Extract, Rubus<br \/>\n  Idaeus (Raspberry) Fruit Extract, Rubus Fruticosus (Blackberry) Fruit<br \/>\n  Extract, Punica Granatum Fruit Extract, Prunus Mume Fruit Extract, Propolis<br \/>\n  Extract, Cornus Officinalis Fruit Extract, Citrus Aurantifolia (Lime) Fruit<br \/>\n  Extract, Chaenomeles Sinensis Fruit Extract, Royal Jelly Extract,<br \/>\n  Phenoxyethanol, 1,2-Hexanediol, Citrus Aurantium Bergamia (Bergamot) Fruit<br \/>\n  Oil, Citrus Limon (Lemon) Peel Oil, Citrus Aurantifolia (Lime) Oil, Citrus<br \/>\n  Nobilis (Mandarin Orange) Peel Oil, Mentha Viridis (Spearmint) Leaf Oil,<br \/>\n  Citrus Aurantium Dulcis (Orange) Peel Oil, Fragrance, Limonene, Benzyl<br \/>\n  Alcohol<\/p>\n","protected":false},"excerpt":{"rendered":"<p>M\u00e1scara labial<br \/>\n  altamente hidratante, com sumo de manga conservado em mel, proporciona uma<br \/>\n  poderosa sensa\u00e7\u00e3o hidratante em l\u00e1bios secos e \u00e1speros, suaviza a queratina e<br \/>\n  cria l\u00e1bios suaves.<br \/>\n    \u00a0hidrata os l\u00e1bios secos e \u00e1speros,<br \/>\n  deixando-os macios.<br \/>\n    + Cont\u00e9m fragr\u00e2ncia de fruta fresca comest\u00edvel.<br \/>\n    + Ceramida : Camada hidratante e fortalecedora.<br \/>\n    + AHACOS COMPLEX(SC)-\u2161: Peeling hipoalerg\u00e9nico produzido por um complexo<br \/>\n  fermentado com \u00e1cido l\u00e1ctico de 10 tipos de frutas.<\/p>\n","protected":false},"featured_media":20421,"comment_status":"closed","ping_status":"closed","template":"","meta":[],"product_brand":[],"product_cat":[741],"product_tag":[],"class_list":{"0":"post-21619","1":"product","2":"type-product","3":"status-publish","4":"has-post-thumbnail","6":"product_cat-labios-pt-pt","8":"first","9":"instock","10":"shipping-taxable","11":"purchasable","12":"product-type-simple"},"yoast_head":"<!-- This site is optimized with the Yoast SEO plugin v27.2 - https:\/\/yoast.com\/product\/yoast-seo-wordpress\/ -->\n<title>Mago Honey M\u00e1scara de  L\u00e1bios\u00a0 - Frudia<\/title>\n<meta name=\"robots\" content=\"index, follow, max-snippet:-1, max-image-preview:large, max-video-preview:-1\" \/>\n<link rel=\"canonical\" href=\"https:\/\/frudia.es\/pt-pt\/producto\/mago-honey-mascarilla-labios\/\" \/>\n<meta property=\"og:locale\" content=\"pt_PT\" \/>\n<meta property=\"og:type\" content=\"article\" \/>\n<meta property=\"og:title\" content=\"Mago Honey M\u00e1scara de  L\u00e1bios\u00a0 - Frudia\" \/>\n<meta property=\"og:description\" content=\"M\u00e1scara labial  altamente hidratante, com sumo de manga conservado em mel, proporciona uma  poderosa sensa\u00e7\u00e3o hidratante em l\u00e1bios secos e \u00e1speros, suaviza a queratina e  cria l\u00e1bios suaves.   \u00a0hidrata os l\u00e1bios secos e \u00e1speros,  deixando-os macios.   + Cont\u00e9m fragr\u00e2ncia de fruta fresca comest\u00edvel.   + Ceramida : Camada hidratante e fortalecedora.   + AHACOS COMPLEX(SC)-\u2161: Peeling hipoalerg\u00e9nico produzido por um complexo  fermentado com \u00e1cido l\u00e1ctico de 10 tipos de frutas.\" \/>\n<meta property=\"og:url\" content=\"https:\/\/frudia.es\/pt-pt\/producto\/mago-honey-mascarilla-labios\/\" \/>\n<meta property=\"og:site_name\" content=\"Frudia\" \/>\n<meta property=\"article:modified_time\" content=\"2024-07-31T13:09:55+00:00\" \/>\n<meta property=\"og:image\" content=\"https:\/\/frudia.es\/wp-content\/uploads\/2023\/01\/0tf16653@1.jpg\" \/>\n\t<meta property=\"og:image:width\" content=\"600\" \/>\n\t<meta property=\"og:image:height\" content=\"600\" \/>\n\t<meta property=\"og:image:type\" content=\"image\/jpeg\" \/>\n<meta name=\"twitter:card\" content=\"summary_large_image\" \/>\n<meta name=\"twitter:label1\" content=\"Tempo estimado de leitura\" \/>\n\t<meta name=\"twitter:data1\" content=\"1 minuto\" \/>\n<script type=\"application\/ld+json\" class=\"yoast-schema-graph\">{\"@context\":\"https:\/\/schema.org\",\"@graph\":[{\"@type\":\"WebPage\",\"@id\":\"https:\/\/frudia.es\/pt-pt\/producto\/mago-honey-mascarilla-labios\/\",\"url\":\"https:\/\/frudia.es\/pt-pt\/producto\/mago-honey-mascarilla-labios\/\",\"name\":\"Mago Honey M\u00e1scara de L\u00e1bios\u00a0 - Frudia\",\"isPartOf\":{\"@id\":\"https:\/\/frudia.es\/pt-pt\/#website\"},\"primaryImageOfPage\":{\"@id\":\"https:\/\/frudia.es\/pt-pt\/producto\/mago-honey-mascarilla-labios\/#primaryimage\"},\"image\":{\"@id\":\"https:\/\/frudia.es\/pt-pt\/producto\/mago-honey-mascarilla-labios\/#primaryimage\"},\"thumbnailUrl\":\"https:\/\/frudia.es\/wp-content\/uploads\/2023\/01\/0tf16653@1.jpg\",\"datePublished\":\"2023-01-27T08:52:33+00:00\",\"dateModified\":\"2024-07-31T13:09:55+00:00\",\"breadcrumb\":{\"@id\":\"https:\/\/frudia.es\/pt-pt\/producto\/mago-honey-mascarilla-labios\/#breadcrumb\"},\"inLanguage\":\"pt-PT\",\"potentialAction\":[{\"@type\":\"ReadAction\",\"target\":[\"https:\/\/frudia.es\/pt-pt\/producto\/mago-honey-mascarilla-labios\/\"]}]},{\"@type\":\"ImageObject\",\"inLanguage\":\"pt-PT\",\"@id\":\"https:\/\/frudia.es\/pt-pt\/producto\/mago-honey-mascarilla-labios\/#primaryimage\",\"url\":\"https:\/\/frudia.es\/wp-content\/uploads\/2023\/01\/0tf16653@1.jpg\",\"contentUrl\":\"https:\/\/frudia.es\/wp-content\/uploads\/2023\/01\/0tf16653@1.jpg\",\"width\":600,\"height\":600},{\"@type\":\"BreadcrumbList\",\"@id\":\"https:\/\/frudia.es\/pt-pt\/producto\/mago-honey-mascarilla-labios\/#breadcrumb\",\"itemListElement\":[{\"@type\":\"ListItem\",\"position\":1,\"name\":\"Portada\",\"item\":\"https:\/\/frudia.es\/pt-pt\/\"},{\"@type\":\"ListItem\",\"position\":2,\"name\":\"Tienda\",\"item\":\"https:\/\/frudia.es\/en\/shop\/\"},{\"@type\":\"ListItem\",\"position\":3,\"name\":\"Mago Honey M\u00e1scara de L\u00e1bios\u00a0\"}]},{\"@type\":\"WebSite\",\"@id\":\"https:\/\/frudia.es\/pt-pt\/#website\",\"url\":\"https:\/\/frudia.es\/pt-pt\/\",\"name\":\"Frudia\",\"description\":\"La belleza est\u00e1 en las frutas\",\"potentialAction\":[{\"@type\":\"SearchAction\",\"target\":{\"@type\":\"EntryPoint\",\"urlTemplate\":\"https:\/\/frudia.es\/pt-pt\/?s={search_term_string}\"},\"query-input\":{\"@type\":\"PropertyValueSpecification\",\"valueRequired\":true,\"valueName\":\"search_term_string\"}}],\"inLanguage\":\"pt-PT\"}]}<\/script>\n<!-- \/ Yoast SEO plugin. -->","yoast_head_json":{"title":"Mago Honey M\u00e1scara de  L\u00e1bios\u00a0 - Frudia","robots":{"index":"index","follow":"follow","max-snippet":"max-snippet:-1","max-image-preview":"max-image-preview:large","max-video-preview":"max-video-preview:-1"},"canonical":"https:\/\/frudia.es\/pt-pt\/producto\/mago-honey-mascarilla-labios\/","og_locale":"pt_PT","og_type":"article","og_title":"Mago Honey M\u00e1scara de  L\u00e1bios\u00a0 - Frudia","og_description":"M\u00e1scara labial  altamente hidratante, com sumo de manga conservado em mel, proporciona uma  poderosa sensa\u00e7\u00e3o hidratante em l\u00e1bios secos e \u00e1speros, suaviza a queratina e  cria l\u00e1bios suaves.   \u00a0hidrata os l\u00e1bios secos e \u00e1speros,  deixando-os macios.   + Cont\u00e9m fragr\u00e2ncia de fruta fresca comest\u00edvel.   + Ceramida : Camada hidratante e fortalecedora.   + AHACOS COMPLEX(SC)-\u2161: Peeling hipoalerg\u00e9nico produzido por um complexo  fermentado com \u00e1cido l\u00e1ctico de 10 tipos de frutas.","og_url":"https:\/\/frudia.es\/pt-pt\/producto\/mago-honey-mascarilla-labios\/","og_site_name":"Frudia","article_modified_time":"2024-07-31T13:09:55+00:00","og_image":[{"width":600,"height":600,"url":"https:\/\/frudia.es\/wp-content\/uploads\/2023\/01\/0tf16653@1.jpg","type":"image\/jpeg"}],"twitter_card":"summary_large_image","twitter_misc":{"Tempo estimado de leitura":"1 minuto"},"schema":{"@context":"https:\/\/schema.org","@graph":[{"@type":"WebPage","@id":"https:\/\/frudia.es\/pt-pt\/producto\/mago-honey-mascarilla-labios\/","url":"https:\/\/frudia.es\/pt-pt\/producto\/mago-honey-mascarilla-labios\/","name":"Mago Honey M\u00e1scara de L\u00e1bios\u00a0 - Frudia","isPartOf":{"@id":"https:\/\/frudia.es\/pt-pt\/#website"},"primaryImageOfPage":{"@id":"https:\/\/frudia.es\/pt-pt\/producto\/mago-honey-mascarilla-labios\/#primaryimage"},"image":{"@id":"https:\/\/frudia.es\/pt-pt\/producto\/mago-honey-mascarilla-labios\/#primaryimage"},"thumbnailUrl":"https:\/\/frudia.es\/wp-content\/uploads\/2023\/01\/0tf16653@1.jpg","datePublished":"2023-01-27T08:52:33+00:00","dateModified":"2024-07-31T13:09:55+00:00","breadcrumb":{"@id":"https:\/\/frudia.es\/pt-pt\/producto\/mago-honey-mascarilla-labios\/#breadcrumb"},"inLanguage":"pt-PT","potentialAction":[{"@type":"ReadAction","target":["https:\/\/frudia.es\/pt-pt\/producto\/mago-honey-mascarilla-labios\/"]}]},{"@type":"ImageObject","inLanguage":"pt-PT","@id":"https:\/\/frudia.es\/pt-pt\/producto\/mago-honey-mascarilla-labios\/#primaryimage","url":"https:\/\/frudia.es\/wp-content\/uploads\/2023\/01\/0tf16653@1.jpg","contentUrl":"https:\/\/frudia.es\/wp-content\/uploads\/2023\/01\/0tf16653@1.jpg","width":600,"height":600},{"@type":"BreadcrumbList","@id":"https:\/\/frudia.es\/pt-pt\/producto\/mago-honey-mascarilla-labios\/#breadcrumb","itemListElement":[{"@type":"ListItem","position":1,"name":"Portada","item":"https:\/\/frudia.es\/pt-pt\/"},{"@type":"ListItem","position":2,"name":"Tienda","item":"https:\/\/frudia.es\/en\/shop\/"},{"@type":"ListItem","position":3,"name":"Mago Honey M\u00e1scara de L\u00e1bios\u00a0"}]},{"@type":"WebSite","@id":"https:\/\/frudia.es\/pt-pt\/#website","url":"https:\/\/frudia.es\/pt-pt\/","name":"Frudia","description":"La belleza est\u00e1 en las frutas","potentialAction":[{"@type":"SearchAction","target":{"@type":"EntryPoint","urlTemplate":"https:\/\/frudia.es\/pt-pt\/?s={search_term_string}"},"query-input":{"@type":"PropertyValueSpecification","valueRequired":true,"valueName":"search_term_string"}}],"inLanguage":"pt-PT"}]}},"_links":{"self":[{"href":"https:\/\/frudia.es\/pt-pt\/wp-json\/wp\/v2\/product\/21619","targetHints":{"allow":["GET"]}}],"collection":[{"href":"https:\/\/frudia.es\/pt-pt\/wp-json\/wp\/v2\/product"}],"about":[{"href":"https:\/\/frudia.es\/pt-pt\/wp-json\/wp\/v2\/types\/product"}],"replies":[{"embeddable":true,"href":"https:\/\/frudia.es\/pt-pt\/wp-json\/wp\/v2\/comments?post=21619"}],"wp:featuredmedia":[{"embeddable":true,"href":"https:\/\/frudia.es\/pt-pt\/wp-json\/wp\/v2\/media\/20421"}],"wp:attachment":[{"href":"https:\/\/frudia.es\/pt-pt\/wp-json\/wp\/v2\/media?parent=21619"}],"wp:term":[{"taxonomy":"product_brand","embeddable":true,"href":"https:\/\/frudia.es\/pt-pt\/wp-json\/wp\/v2\/product_brand?post=21619"},{"taxonomy":"product_cat","embeddable":true,"href":"https:\/\/frudia.es\/pt-pt\/wp-json\/wp\/v2\/product_cat?post=21619"},{"taxonomy":"product_tag","embeddable":true,"href":"https:\/\/frudia.es\/pt-pt\/wp-json\/wp\/v2\/product_tag?post=21619"}],"curies":[{"name":"wp","href":"https:\/\/api.w.org\/{rel}","templated":true}]}}