{"id":21623,"date":"2023-01-27T08:52:30","date_gmt":"2023-01-27T08:52:30","guid":{"rendered":"https:\/\/frudia.es\/producto\/blueberry-honey-balsamo-labios-hidratante-2\/"},"modified":"2024-07-31T13:10:03","modified_gmt":"2024-07-31T13:10:03","slug":"blueberry-honey-balsamo-labios-hidratante","status":"publish","type":"product","link":"https:\/\/frudia.es\/pt-pt\/producto\/blueberry-honey-balsamo-labios-hidratante\/","title":{"rendered":"Blueberry Honey\n  B\u00e1lsamo de L\u00e1bios Hidratante\u00a0"},"content":{"rendered":"<h4>Modo de<br \/>\n  uso<\/h4>\n<p>Dispensar uma quantidade adequada e aplicar suavemente<br \/>\n  nos l\u00e1bios. <\/p>\n<h4>Ingredientes<\/h4>\n<p>Mineral Oil,<br \/>\n  Petrolatum, Microcrystalline Wax, Hydrogenated Castor Oil Dimer Dilinoleate,<br \/>\n  Paraffin, Beeswax, Diisostearyl Malate, Ricinus Communis (Castor) Seed Oil,<br \/>\n  Silica Dimethyl Silylate, Glyceryl Caprylate, Butylene\/Ethylene\/Styrene<br \/>\n  Copolymer, Ethylene\/Propylene\/Styrene Copolymer, Water, Hydrogenated<br \/>\n  Polyisobutene, Caprylic\/Capric Triglyceride, Coco-Caprylate\/Caprate, Butylene<br \/>\n  Glycol, Hydrolyzed Collagen, Prunus Armeniaca (Apricot) Kernel Oil, Vitis<br \/>\n  Vinifera (Grape) Seed Oil, 1,2-Hexanediol, Ribes Nigrum (Black Currant) Leaf<br \/>\n  Extract, Sodium Hyaluronate, Vaccinium Angustifolium (Blueberry) Fruit<br \/>\n  Extract, Citrus Paradisi (Grapefruit) Seed Oil, Honey Extract, Mangifera<br \/>\n  Indica (Mango) Seed Oil, Punica Granatum Seed Oil, Solanum Lycopersicum<br \/>\n  (Tomato) Seed Oil, Anemarrhena Asphodeloides Root Extract, Tocopherol,<br \/>\n  Phenoxyethanol, Fragrance.<\/p>\n","protected":false},"excerpt":{"rendered":"<p>Efeito hidratante e<br \/>\n  volumador.<br \/>\n    Um b\u00e1lsamo labial com uma textura de geleia que protege os l\u00e1bios de<br \/>\n  fatores prejudiciais e proporciona um efeito de preenchimento e hidrata\u00e7\u00e3o ao<br \/>\n  criar uma camada de mel sobre os l\u00e1bios secos e fragilizados. Cont\u00e9m fragr\u00e2ncia<br \/>\n  de mel e frutas frescas e doces.<\/p>\n","protected":false},"featured_media":20393,"comment_status":"closed","ping_status":"closed","template":"","meta":[],"product_brand":[],"product_cat":[718,741],"product_tag":[],"class_list":{"0":"post-21623","1":"product","2":"type-product","3":"status-publish","4":"has-post-thumbnail","6":"product_cat-blueberry-pt-pt","7":"product_cat-labios-pt-pt","9":"first","10":"instock","11":"shipping-taxable","12":"purchasable","13":"product-type-simple"},"yoast_head":"<!-- This site is optimized with the Yoast SEO plugin v27.2 - https:\/\/yoast.com\/product\/yoast-seo-wordpress\/ -->\n<title>Blueberry Honey  B\u00e1lsamo de L\u00e1bios Hidratante\u00a0 - Frudia<\/title>\n<meta name=\"robots\" content=\"index, follow, max-snippet:-1, max-image-preview:large, max-video-preview:-1\" \/>\n<link rel=\"canonical\" href=\"https:\/\/frudia.es\/pt-pt\/producto\/blueberry-honey-balsamo-labios-hidratante\/\" \/>\n<meta property=\"og:locale\" content=\"pt_PT\" \/>\n<meta property=\"og:type\" content=\"article\" \/>\n<meta property=\"og:title\" content=\"Blueberry Honey  B\u00e1lsamo de L\u00e1bios Hidratante\u00a0 - Frudia\" \/>\n<meta property=\"og:description\" content=\"Efeito hidratante e  volumador.   Um b\u00e1lsamo labial com uma textura de geleia que protege os l\u00e1bios de  fatores prejudiciais e proporciona um efeito de preenchimento e hidrata\u00e7\u00e3o ao  criar uma camada de mel sobre os l\u00e1bios secos e fragilizados. Cont\u00e9m fragr\u00e2ncia  de mel e frutas frescas e doces.\" \/>\n<meta property=\"og:url\" content=\"https:\/\/frudia.es\/pt-pt\/producto\/blueberry-honey-balsamo-labios-hidratante\/\" \/>\n<meta property=\"og:site_name\" content=\"Frudia\" \/>\n<meta property=\"article:modified_time\" content=\"2024-07-31T13:10:03+00:00\" \/>\n<meta property=\"og:image\" content=\"https:\/\/frudia.es\/wp-content\/uploads\/2023\/01\/0tf16650@1.jpg\" \/>\n\t<meta property=\"og:image:width\" content=\"600\" \/>\n\t<meta property=\"og:image:height\" content=\"600\" \/>\n\t<meta property=\"og:image:type\" content=\"image\/jpeg\" \/>\n<meta name=\"twitter:card\" content=\"summary_large_image\" \/>\n<meta name=\"twitter:label1\" content=\"Tempo estimado de leitura\" \/>\n\t<meta name=\"twitter:data1\" content=\"1 minuto\" \/>\n<script type=\"application\/ld+json\" class=\"yoast-schema-graph\">{\"@context\":\"https:\/\/schema.org\",\"@graph\":[{\"@type\":\"WebPage\",\"@id\":\"https:\/\/frudia.es\/pt-pt\/producto\/blueberry-honey-balsamo-labios-hidratante\/\",\"url\":\"https:\/\/frudia.es\/pt-pt\/producto\/blueberry-honey-balsamo-labios-hidratante\/\",\"name\":\"Blueberry Honey B\u00e1lsamo de L\u00e1bios Hidratante\u00a0 - Frudia\",\"isPartOf\":{\"@id\":\"https:\/\/frudia.es\/pt-pt\/#website\"},\"primaryImageOfPage\":{\"@id\":\"https:\/\/frudia.es\/pt-pt\/producto\/blueberry-honey-balsamo-labios-hidratante\/#primaryimage\"},\"image\":{\"@id\":\"https:\/\/frudia.es\/pt-pt\/producto\/blueberry-honey-balsamo-labios-hidratante\/#primaryimage\"},\"thumbnailUrl\":\"https:\/\/frudia.es\/wp-content\/uploads\/2023\/01\/0tf16650@1.jpg\",\"datePublished\":\"2023-01-27T08:52:30+00:00\",\"dateModified\":\"2024-07-31T13:10:03+00:00\",\"breadcrumb\":{\"@id\":\"https:\/\/frudia.es\/pt-pt\/producto\/blueberry-honey-balsamo-labios-hidratante\/#breadcrumb\"},\"inLanguage\":\"pt-PT\",\"potentialAction\":[{\"@type\":\"ReadAction\",\"target\":[\"https:\/\/frudia.es\/pt-pt\/producto\/blueberry-honey-balsamo-labios-hidratante\/\"]}]},{\"@type\":\"ImageObject\",\"inLanguage\":\"pt-PT\",\"@id\":\"https:\/\/frudia.es\/pt-pt\/producto\/blueberry-honey-balsamo-labios-hidratante\/#primaryimage\",\"url\":\"https:\/\/frudia.es\/wp-content\/uploads\/2023\/01\/0tf16650@1.jpg\",\"contentUrl\":\"https:\/\/frudia.es\/wp-content\/uploads\/2023\/01\/0tf16650@1.jpg\",\"width\":600,\"height\":600,\"caption\":\"Blueberry Honey B\u00e1lsamo Labios Hidratante\"},{\"@type\":\"BreadcrumbList\",\"@id\":\"https:\/\/frudia.es\/pt-pt\/producto\/blueberry-honey-balsamo-labios-hidratante\/#breadcrumb\",\"itemListElement\":[{\"@type\":\"ListItem\",\"position\":1,\"name\":\"Portada\",\"item\":\"https:\/\/frudia.es\/pt-pt\/\"},{\"@type\":\"ListItem\",\"position\":2,\"name\":\"Tienda\",\"item\":\"https:\/\/frudia.es\/en\/shop\/\"},{\"@type\":\"ListItem\",\"position\":3,\"name\":\"Blueberry Honey B\u00e1lsamo de L\u00e1bios Hidratante\u00a0\"}]},{\"@type\":\"WebSite\",\"@id\":\"https:\/\/frudia.es\/pt-pt\/#website\",\"url\":\"https:\/\/frudia.es\/pt-pt\/\",\"name\":\"Frudia\",\"description\":\"La belleza est\u00e1 en las frutas\",\"potentialAction\":[{\"@type\":\"SearchAction\",\"target\":{\"@type\":\"EntryPoint\",\"urlTemplate\":\"https:\/\/frudia.es\/pt-pt\/?s={search_term_string}\"},\"query-input\":{\"@type\":\"PropertyValueSpecification\",\"valueRequired\":true,\"valueName\":\"search_term_string\"}}],\"inLanguage\":\"pt-PT\"}]}<\/script>\n<!-- \/ Yoast SEO plugin. -->","yoast_head_json":{"title":"Blueberry Honey  B\u00e1lsamo de L\u00e1bios Hidratante\u00a0 - Frudia","robots":{"index":"index","follow":"follow","max-snippet":"max-snippet:-1","max-image-preview":"max-image-preview:large","max-video-preview":"max-video-preview:-1"},"canonical":"https:\/\/frudia.es\/pt-pt\/producto\/blueberry-honey-balsamo-labios-hidratante\/","og_locale":"pt_PT","og_type":"article","og_title":"Blueberry Honey  B\u00e1lsamo de L\u00e1bios Hidratante\u00a0 - Frudia","og_description":"Efeito hidratante e  volumador.   Um b\u00e1lsamo labial com uma textura de geleia que protege os l\u00e1bios de  fatores prejudiciais e proporciona um efeito de preenchimento e hidrata\u00e7\u00e3o ao  criar uma camada de mel sobre os l\u00e1bios secos e fragilizados. Cont\u00e9m fragr\u00e2ncia  de mel e frutas frescas e doces.","og_url":"https:\/\/frudia.es\/pt-pt\/producto\/blueberry-honey-balsamo-labios-hidratante\/","og_site_name":"Frudia","article_modified_time":"2024-07-31T13:10:03+00:00","og_image":[{"width":600,"height":600,"url":"https:\/\/frudia.es\/wp-content\/uploads\/2023\/01\/0tf16650@1.jpg","type":"image\/jpeg"}],"twitter_card":"summary_large_image","twitter_misc":{"Tempo estimado de leitura":"1 minuto"},"schema":{"@context":"https:\/\/schema.org","@graph":[{"@type":"WebPage","@id":"https:\/\/frudia.es\/pt-pt\/producto\/blueberry-honey-balsamo-labios-hidratante\/","url":"https:\/\/frudia.es\/pt-pt\/producto\/blueberry-honey-balsamo-labios-hidratante\/","name":"Blueberry Honey B\u00e1lsamo de L\u00e1bios Hidratante\u00a0 - Frudia","isPartOf":{"@id":"https:\/\/frudia.es\/pt-pt\/#website"},"primaryImageOfPage":{"@id":"https:\/\/frudia.es\/pt-pt\/producto\/blueberry-honey-balsamo-labios-hidratante\/#primaryimage"},"image":{"@id":"https:\/\/frudia.es\/pt-pt\/producto\/blueberry-honey-balsamo-labios-hidratante\/#primaryimage"},"thumbnailUrl":"https:\/\/frudia.es\/wp-content\/uploads\/2023\/01\/0tf16650@1.jpg","datePublished":"2023-01-27T08:52:30+00:00","dateModified":"2024-07-31T13:10:03+00:00","breadcrumb":{"@id":"https:\/\/frudia.es\/pt-pt\/producto\/blueberry-honey-balsamo-labios-hidratante\/#breadcrumb"},"inLanguage":"pt-PT","potentialAction":[{"@type":"ReadAction","target":["https:\/\/frudia.es\/pt-pt\/producto\/blueberry-honey-balsamo-labios-hidratante\/"]}]},{"@type":"ImageObject","inLanguage":"pt-PT","@id":"https:\/\/frudia.es\/pt-pt\/producto\/blueberry-honey-balsamo-labios-hidratante\/#primaryimage","url":"https:\/\/frudia.es\/wp-content\/uploads\/2023\/01\/0tf16650@1.jpg","contentUrl":"https:\/\/frudia.es\/wp-content\/uploads\/2023\/01\/0tf16650@1.jpg","width":600,"height":600,"caption":"Blueberry Honey B\u00e1lsamo Labios Hidratante"},{"@type":"BreadcrumbList","@id":"https:\/\/frudia.es\/pt-pt\/producto\/blueberry-honey-balsamo-labios-hidratante\/#breadcrumb","itemListElement":[{"@type":"ListItem","position":1,"name":"Portada","item":"https:\/\/frudia.es\/pt-pt\/"},{"@type":"ListItem","position":2,"name":"Tienda","item":"https:\/\/frudia.es\/en\/shop\/"},{"@type":"ListItem","position":3,"name":"Blueberry Honey B\u00e1lsamo de L\u00e1bios Hidratante\u00a0"}]},{"@type":"WebSite","@id":"https:\/\/frudia.es\/pt-pt\/#website","url":"https:\/\/frudia.es\/pt-pt\/","name":"Frudia","description":"La belleza est\u00e1 en las frutas","potentialAction":[{"@type":"SearchAction","target":{"@type":"EntryPoint","urlTemplate":"https:\/\/frudia.es\/pt-pt\/?s={search_term_string}"},"query-input":{"@type":"PropertyValueSpecification","valueRequired":true,"valueName":"search_term_string"}}],"inLanguage":"pt-PT"}]}},"_links":{"self":[{"href":"https:\/\/frudia.es\/pt-pt\/wp-json\/wp\/v2\/product\/21623","targetHints":{"allow":["GET"]}}],"collection":[{"href":"https:\/\/frudia.es\/pt-pt\/wp-json\/wp\/v2\/product"}],"about":[{"href":"https:\/\/frudia.es\/pt-pt\/wp-json\/wp\/v2\/types\/product"}],"replies":[{"embeddable":true,"href":"https:\/\/frudia.es\/pt-pt\/wp-json\/wp\/v2\/comments?post=21623"}],"wp:featuredmedia":[{"embeddable":true,"href":"https:\/\/frudia.es\/pt-pt\/wp-json\/wp\/v2\/media\/20393"}],"wp:attachment":[{"href":"https:\/\/frudia.es\/pt-pt\/wp-json\/wp\/v2\/media?parent=21623"}],"wp:term":[{"taxonomy":"product_brand","embeddable":true,"href":"https:\/\/frudia.es\/pt-pt\/wp-json\/wp\/v2\/product_brand?post=21623"},{"taxonomy":"product_cat","embeddable":true,"href":"https:\/\/frudia.es\/pt-pt\/wp-json\/wp\/v2\/product_cat?post=21623"},{"taxonomy":"product_tag","embeddable":true,"href":"https:\/\/frudia.es\/pt-pt\/wp-json\/wp\/v2\/product_tag?post=21623"}],"curies":[{"name":"wp","href":"https:\/\/api.w.org\/{rel}","templated":true}]}}