{"id":21624,"date":"2023-01-27T08:52:30","date_gmt":"2023-01-27T08:52:30","guid":{"rendered":"https:\/\/frudia.es\/producto\/my-orchard-set-regalo-crema-manos-fruits-market-2\/"},"modified":"2024-07-31T13:10:03","modified_gmt":"2024-07-31T13:10:03","slug":"my-orchard-set-regalo-crema-manos-fruits-market","status":"publish","type":"product","link":"https:\/\/frudia.es\/pt-pt\/producto\/my-orchard-set-regalo-crema-manos-fruits-market\/","title":{"rendered":"My Orchard Set Presente Creme\n  de M\u00e3os Fruits Market *6"},"content":{"rendered":"<h4>Modo de<br \/>\n  uso<\/h4>\n<p>Aplicar generosamente sobre as m\u00e3os limpas com uma<br \/>\n  massagem suave.<\/p>\n<h4>Ingredientes<\/h4>\n<p>Shea<br \/>\n  Butter: Water, Glycerin, Isopropyl Myristate, Cetyl Alcohol, Polysorbate 60,<br \/>\n  Cyclopentasiloxane, Mineral Oil, Glyceryl Stearate, Stearyl Alcohol, Cetearyl<br \/>\n  Alcohol, PEG-100 Stearate, Dimethicone, Sodium Polyacrylate, Myristyl<br \/>\n  Alcohol, Sorbitan Sesquioleate, Ethylhexyl Stearate, Palmitic Acid, Squalane,<br \/>\n  Lauryl Alcohol, Erythritol, Butyrospermum Parkii (Shea) Butter, Punica<br \/>\n  Granatum Fruit Extract, Stearic Acid, Adenosine, Trideceth-6,<br \/>\n  Coco-Caprylate\/Caprate, Butylene Glycol, Vitis Vinifera (Grape) Seed Oil,<br \/>\n  Prunus Armeniaca (Apricot) Kernel Oil, Panthenol, Honey Extract, Centella<br \/>\n  Asiatica Extract, Solanum Lycopersicum (Tomato) Seed Oil, Punica Granatum<br \/>\n  Seed Oil, Mangifera Indica (Mango) Seed Oil, Citrus Paradisi (Grapefruit)<br \/>\n  Seed Oil, Tocopherol, Disodium EDTA, Phenoxyethanol, Chlorphenesin,<br \/>\n  1,2-Hexanediol, Fragrance, Coumarin, Alpha-Isomethyl Ionone, Citronellol,<br \/>\n  Hydroxycitronellal. Raspberry Wine: Water, Glycerin, Isopropyl Myristate,<br \/>\n  Cetyl Alcohol, Polysorbate 60, Cyclopentasiloxane, Mineral Oil, Glyceryl<br \/>\n  Stearate, Stearyl Alcohol, Cetearyl Alcohol, PEG-100 Stearate, Dimethicone,<br \/>\n  Sodium Polyacrylate, Myristyl Alcohol, Sorbitan Sesquioleate, Ethylhexyl<br \/>\n  Stearate, Palmitic Acid, Squalane, Lauryl Alcohol, Erythritol, Butyrospermum<br \/>\n  Parkii (Shea Butter), Vaccinium Angustifolium (Blueberry) Fruit Extract,<br \/>\n  Stearic Acid, Adenosine, Trideceth-6, Coco-Caprylate\/Caprate, Rubus Chingii<br \/>\n  Fruit Extract, Butylene Glycol, 1,2-Hexanediol, Vitis Vinifera (Grape) Seed<br \/>\n  Oil, Prunus Armeniaca (Apricot) Kernel Oil, Panthenol, Honey Extract,<br \/>\n  Centella Asiatica Extract, Solanum Lycopersicum (Tomato) Seed Oil, Punica<br \/>\n  Granatum Seed Oil, Mangifera Indica (Mango) Seed Oil, Citrus Paradisi<br \/>\n  (Grapefruit) Seed Oil, Tocopherol, Disodium EDTA, Phenoxyethanol,<br \/>\n  Chlorphenesin, Fragrance, Benzyl Salicylate, Limonene, Hydroxycitronellal,<br \/>\n  Linalool, Citronellol. Cactus: Water, Glycerin, Isopropyl Myristate, Cetyl<br \/>\n  Alcohol, Polysorbate 60, Cyclopentasiloxane, Mineral Oil, Glyceryl Stearate,<br \/>\n  Stearyl Alcohol, Cetearyl Alcohol, PEG-100 Stearate, Dimethicone, Sodium<br \/>\n  Polyacrylate, Myristyl Alcohol, Sorbitan Sesquioleate, Ethylhexyl Stearate,<br \/>\n  Palmitic Acid, Squalane, Lauryl Alcohol, Erythritol, Butyrospermum Parkii<br \/>\n  (Shea Butter), Punica Granatum Fruit Extract, Stearic Acid, Adenosine,<br \/>\n  Butylene Glycol, Trideceth-6, Coco-Caprylate\/Caprate, Opuntia Coccinellifera<br \/>\n  Fruit Extract, Vitis Vinifera (Grape) Seed Oil, Prunus Armeniaca (Apricot)<br \/>\n  Kernel Oil, Panthenol, Honey Extract, Centella Asiatica Extract, Solanum<br \/>\n  Lycopersicum (Tomato) Seed Oil, Punica Granatum Seed Oil, Mangifera Indica<br \/>\n  (Mango) Seed Oil, Citrus Paradisi (Grapefruit) Seed Oil, Tocopherol, Disodium<br \/>\n  EDTA, Phenoxyethanol, Chlorphenesin, 1,2-Hexanediol, Ethylhexylglycerin,<br \/>\n  Fragrance, Limonene, Alpha-Isomethyl Ionone, Linalool, Citronellol, Geraniol,<br \/>\n  Coumarin. Peach: Water, Glycerin, Cetyl Alcohol, Mineral Oil, Dipropylene<br \/>\n  Glycol, Dimethicone, Cyclopentasiloxane, Stearyl Alcohol, Glyceryl Stearate,<br \/>\n  PEG-100 Stearate, Polysorbate 60, Myristyl Alcohol, Sorbitan Stearate,<br \/>\n  Acrylates\/C10-30 Alkyl Acrylate Crosspolymer, Prunus Persica (Peach) Fruit<br \/>\n  Extract, Squalane, Erythritol, Butyrospermum Parkii (Shea) Butter, Punica<br \/>\n  Granatum Fruit Extract, Lauryl Alcohol, Coco-Caprylate\/Caprate, Xanthan Gum,<br \/>\n  Potassium Hydroxide, Adenosine, Vitis Vinifera (Grape) Seed Oil, Prunus<br \/>\n  Armeniaca (Apricot) Kernel Oil, Butylene Glycol, Panthenol, Solanum Lycopersicum<br \/>\n  (Tomato) Seed Oil, Punica Granatum Seed Oil, Mangifera Indica (Mango) Seed<br \/>\n  Oil, Citrus Paradisi (Grapefruit) Seed Oil, Honey Extract, Centella Asiatica<br \/>\n  Extract, Tocopherol, Disodium EDTA, Phenoxyethanol, Chlorphenesin,<br \/>\n  1,2-Hexanediol, Fragrance, Benzyl Benzoate, Citral, Limonene, Hexyl Cinnamal,<br \/>\n  Linalool. Cherry: Water, Glycerin, Cetyl Alcohol, Mineral Oil, Dipropylene<br \/>\n  Glycol, Dimethicone, Cyclopentasiloxane, Stearyl Alcohol, Glyceryl Stearate,<br \/>\n  PEG-100 Stearate, Polysorbate 60, Myristyl Alcohol, Sorbitan Stearate,<br \/>\n  Acrylates\/C10-30 Alkyl Acrylate Crosspolymer, Butylene Glycol, Squalane,<br \/>\n  Erythritol, Butyrospermum Parkii (Shea) Butter, Punica Granatum Fruit<br \/>\n  Extract, Lauryl Alcohol, Coco-Caprylate\/Caprate, Xanthan Gum, Potassium<br \/>\n  Hydroxide, Adenosine, Vitis Vinifera (Grape) Seed Oil, Prunus Armeniaca<br \/>\n  (Apricot) Kernel Oil, Prunus Serotina (Wild Cherry) Fruit Extract, Panthenol,<br \/>\n  Honey Extract, Solanum Lycopersicum (Tomato) Seed Oil, Punica Granatum Seed<br \/>\n  Oil, Mangifera Indica (Mango) Seed Oil, Citrus Paradisi (Grapefruit) Seed<br \/>\n  Oil, Centella Asiatica Extract, Tocopherol, Disodium EDTA, Phenoxyethanol,<br \/>\n  Chlorphenesin, 1,2-Hexanediol, Fragrance, Benzyl Salicylate, Citronellol,<br \/>\n  Limonene, Hexyl Cinnamal, Hydroxycitronellal, Linalool. Banana: Water, Glycerin,<br \/>\n  Mineral Oil, Cetyl Alcohol, Dipropylene Glycol, Polysorbate 60, Glyceryl<br \/>\n  Stearate, PEG-100 Stearate, Stearyl Alcohol, Phenoxyethanol,<br \/>\n  Cyclopentasiloxane, Dimethicone, Fragrance, Chlorphenesin, Myristyl Alcohol,<br \/>\n  Sorbitan Stearate, Acrylates\/C10-30 Alkyl Acrylate Crosspolymer, Erythritol,<br \/>\n  Squalane, Butyrospermum Parkii (Shea) Butter, Lauryl Alcohol, Disodium EDTA,<br \/>\n  Xanthan Gum, Potassium Hydroxide, Adenosine, Musa Sapientum (Banana) Fruit<br \/>\n  Extract, Alcohol, Panthenol, Centella Asiatica Extract, Vaccinium<br \/>\n  Angustifolium (Blueberry) Fruit Extract, Coco-Caprylate\/Caprate,<br \/>\n  Tris(Tetramethylhydroxypiperidinol) Citrate, Prunus Armeniaca (Apricot)<br \/>\n  Kernel Oil, Vitis Vinifera (Grape) Seed Oil, 1,2-Hexanediol, Butylene Glycol,<br \/>\n  Citrus Paradisi (Grapefruit) Seed Oil, Mangifera Indica (Mango) Seed Oil,<br \/>\n  Pentylene Glycol, Punica Granatum Seed Oil, Solanum Lycopersicum (Tomato)<br \/>\n  Seed Oil, Honey Extract, Caprylyl Glycol, Butyrospermum Parkii (Shea) Butter<br \/>\n  Extract, Ethylhexylglycerin, Tocopherol, Citric Acid.<\/p>\n","protected":false},"excerpt":{"rendered":"<p>Kit de oferta<br \/>\n  perfeito que inclui 6 cremes de m\u00e3os: Manteiga de Karit\u00e9, Framboesa, Cato,<br \/>\n  P\u00eassego, Cereja e Banana. Cremes de m\u00e3os altamente hidratantes com extractos<br \/>\n  de frutos. Protegem suavemente as m\u00e3os secas e danificadas,<br \/>\n  proporcionando-lhes conforto e um efeito curativo.<\/p>\n","protected":false},"featured_media":20386,"comment_status":"closed","ping_status":"closed","template":"","meta":[],"product_brand":[],"product_cat":[726,730],"product_tag":[],"class_list":{"0":"post-21624","1":"product","2":"type-product","3":"status-publish","4":"has-post-thumbnail","6":"product_cat-hands-pt-pt","7":"product_cat-my-orchard-pt-pt","9":"first","10":"instock","11":"shipping-taxable","12":"purchasable","13":"product-type-simple"},"yoast_head":"<!-- This site is optimized with the Yoast SEO plugin v27.2 - https:\/\/yoast.com\/product\/yoast-seo-wordpress\/ -->\n<title>My Orchard Set Presente Creme  de M\u00e3os Fruits Market *6 - Frudia<\/title>\n<meta name=\"robots\" content=\"index, follow, max-snippet:-1, max-image-preview:large, max-video-preview:-1\" \/>\n<link rel=\"canonical\" href=\"https:\/\/frudia.es\/pt-pt\/producto\/my-orchard-set-regalo-crema-manos-fruits-market\/\" \/>\n<meta property=\"og:locale\" content=\"pt_PT\" \/>\n<meta property=\"og:type\" content=\"article\" \/>\n<meta property=\"og:title\" content=\"My Orchard Set Presente Creme  de M\u00e3os Fruits Market *6 - Frudia\" \/>\n<meta property=\"og:description\" content=\"Kit de oferta  perfeito que inclui 6 cremes de m\u00e3os: Manteiga de Karit\u00e9, Framboesa, Cato,  P\u00eassego, Cereja e Banana. Cremes de m\u00e3os altamente hidratantes com extractos  de frutos. Protegem suavemente as m\u00e3os secas e danificadas,  proporcionando-lhes conforto e um efeito curativo.\" \/>\n<meta property=\"og:url\" content=\"https:\/\/frudia.es\/pt-pt\/producto\/my-orchard-set-regalo-crema-manos-fruits-market\/\" \/>\n<meta property=\"og:site_name\" content=\"Frudia\" \/>\n<meta property=\"article:modified_time\" content=\"2024-07-31T13:10:03+00:00\" \/>\n<meta property=\"og:image\" content=\"https:\/\/frudia.es\/wp-content\/uploads\/2023\/01\/ffdchcmfm06@31.jpg\" \/>\n\t<meta property=\"og:image:width\" content=\"800\" \/>\n\t<meta property=\"og:image:height\" content=\"800\" \/>\n\t<meta property=\"og:image:type\" content=\"image\/jpeg\" \/>\n<meta name=\"twitter:card\" content=\"summary_large_image\" \/>\n<meta name=\"twitter:label1\" content=\"Tempo estimado de leitura\" \/>\n\t<meta name=\"twitter:data1\" content=\"3 minutos\" \/>\n<script type=\"application\/ld+json\" class=\"yoast-schema-graph\">{\"@context\":\"https:\/\/schema.org\",\"@graph\":[{\"@type\":\"WebPage\",\"@id\":\"https:\/\/frudia.es\/pt-pt\/producto\/my-orchard-set-regalo-crema-manos-fruits-market\/\",\"url\":\"https:\/\/frudia.es\/pt-pt\/producto\/my-orchard-set-regalo-crema-manos-fruits-market\/\",\"name\":\"My Orchard Set Presente Creme de M\u00e3os Fruits Market *6 - Frudia\",\"isPartOf\":{\"@id\":\"https:\/\/frudia.es\/pt-pt\/#website\"},\"primaryImageOfPage\":{\"@id\":\"https:\/\/frudia.es\/pt-pt\/producto\/my-orchard-set-regalo-crema-manos-fruits-market\/#primaryimage\"},\"image\":{\"@id\":\"https:\/\/frudia.es\/pt-pt\/producto\/my-orchard-set-regalo-crema-manos-fruits-market\/#primaryimage\"},\"thumbnailUrl\":\"https:\/\/frudia.es\/wp-content\/uploads\/2023\/01\/ffdchcmfm06@31.jpg\",\"datePublished\":\"2023-01-27T08:52:30+00:00\",\"dateModified\":\"2024-07-31T13:10:03+00:00\",\"breadcrumb\":{\"@id\":\"https:\/\/frudia.es\/pt-pt\/producto\/my-orchard-set-regalo-crema-manos-fruits-market\/#breadcrumb\"},\"inLanguage\":\"pt-PT\",\"potentialAction\":[{\"@type\":\"ReadAction\",\"target\":[\"https:\/\/frudia.es\/pt-pt\/producto\/my-orchard-set-regalo-crema-manos-fruits-market\/\"]}]},{\"@type\":\"ImageObject\",\"inLanguage\":\"pt-PT\",\"@id\":\"https:\/\/frudia.es\/pt-pt\/producto\/my-orchard-set-regalo-crema-manos-fruits-market\/#primaryimage\",\"url\":\"https:\/\/frudia.es\/wp-content\/uploads\/2023\/01\/ffdchcmfm06@31.jpg\",\"contentUrl\":\"https:\/\/frudia.es\/wp-content\/uploads\/2023\/01\/ffdchcmfm06@31.jpg\",\"width\":800,\"height\":800},{\"@type\":\"BreadcrumbList\",\"@id\":\"https:\/\/frudia.es\/pt-pt\/producto\/my-orchard-set-regalo-crema-manos-fruits-market\/#breadcrumb\",\"itemListElement\":[{\"@type\":\"ListItem\",\"position\":1,\"name\":\"Portada\",\"item\":\"https:\/\/frudia.es\/pt-pt\/\"},{\"@type\":\"ListItem\",\"position\":2,\"name\":\"Tienda\",\"item\":\"https:\/\/frudia.es\/en\/shop\/\"},{\"@type\":\"ListItem\",\"position\":3,\"name\":\"My Orchard Set Presente Creme de M\u00e3os Fruits Market *6\"}]},{\"@type\":\"WebSite\",\"@id\":\"https:\/\/frudia.es\/pt-pt\/#website\",\"url\":\"https:\/\/frudia.es\/pt-pt\/\",\"name\":\"Frudia\",\"description\":\"La belleza est\u00e1 en las frutas\",\"potentialAction\":[{\"@type\":\"SearchAction\",\"target\":{\"@type\":\"EntryPoint\",\"urlTemplate\":\"https:\/\/frudia.es\/pt-pt\/?s={search_term_string}\"},\"query-input\":{\"@type\":\"PropertyValueSpecification\",\"valueRequired\":true,\"valueName\":\"search_term_string\"}}],\"inLanguage\":\"pt-PT\"}]}<\/script>\n<!-- \/ Yoast SEO plugin. -->","yoast_head_json":{"title":"My Orchard Set Presente Creme  de M\u00e3os Fruits Market *6 - Frudia","robots":{"index":"index","follow":"follow","max-snippet":"max-snippet:-1","max-image-preview":"max-image-preview:large","max-video-preview":"max-video-preview:-1"},"canonical":"https:\/\/frudia.es\/pt-pt\/producto\/my-orchard-set-regalo-crema-manos-fruits-market\/","og_locale":"pt_PT","og_type":"article","og_title":"My Orchard Set Presente Creme  de M\u00e3os Fruits Market *6 - Frudia","og_description":"Kit de oferta  perfeito que inclui 6 cremes de m\u00e3os: Manteiga de Karit\u00e9, Framboesa, Cato,  P\u00eassego, Cereja e Banana. Cremes de m\u00e3os altamente hidratantes com extractos  de frutos. Protegem suavemente as m\u00e3os secas e danificadas,  proporcionando-lhes conforto e um efeito curativo.","og_url":"https:\/\/frudia.es\/pt-pt\/producto\/my-orchard-set-regalo-crema-manos-fruits-market\/","og_site_name":"Frudia","article_modified_time":"2024-07-31T13:10:03+00:00","og_image":[{"width":800,"height":800,"url":"https:\/\/frudia.es\/wp-content\/uploads\/2023\/01\/ffdchcmfm06@31.jpg","type":"image\/jpeg"}],"twitter_card":"summary_large_image","twitter_misc":{"Tempo estimado de leitura":"3 minutos"},"schema":{"@context":"https:\/\/schema.org","@graph":[{"@type":"WebPage","@id":"https:\/\/frudia.es\/pt-pt\/producto\/my-orchard-set-regalo-crema-manos-fruits-market\/","url":"https:\/\/frudia.es\/pt-pt\/producto\/my-orchard-set-regalo-crema-manos-fruits-market\/","name":"My Orchard Set Presente Creme de M\u00e3os Fruits Market *6 - Frudia","isPartOf":{"@id":"https:\/\/frudia.es\/pt-pt\/#website"},"primaryImageOfPage":{"@id":"https:\/\/frudia.es\/pt-pt\/producto\/my-orchard-set-regalo-crema-manos-fruits-market\/#primaryimage"},"image":{"@id":"https:\/\/frudia.es\/pt-pt\/producto\/my-orchard-set-regalo-crema-manos-fruits-market\/#primaryimage"},"thumbnailUrl":"https:\/\/frudia.es\/wp-content\/uploads\/2023\/01\/ffdchcmfm06@31.jpg","datePublished":"2023-01-27T08:52:30+00:00","dateModified":"2024-07-31T13:10:03+00:00","breadcrumb":{"@id":"https:\/\/frudia.es\/pt-pt\/producto\/my-orchard-set-regalo-crema-manos-fruits-market\/#breadcrumb"},"inLanguage":"pt-PT","potentialAction":[{"@type":"ReadAction","target":["https:\/\/frudia.es\/pt-pt\/producto\/my-orchard-set-regalo-crema-manos-fruits-market\/"]}]},{"@type":"ImageObject","inLanguage":"pt-PT","@id":"https:\/\/frudia.es\/pt-pt\/producto\/my-orchard-set-regalo-crema-manos-fruits-market\/#primaryimage","url":"https:\/\/frudia.es\/wp-content\/uploads\/2023\/01\/ffdchcmfm06@31.jpg","contentUrl":"https:\/\/frudia.es\/wp-content\/uploads\/2023\/01\/ffdchcmfm06@31.jpg","width":800,"height":800},{"@type":"BreadcrumbList","@id":"https:\/\/frudia.es\/pt-pt\/producto\/my-orchard-set-regalo-crema-manos-fruits-market\/#breadcrumb","itemListElement":[{"@type":"ListItem","position":1,"name":"Portada","item":"https:\/\/frudia.es\/pt-pt\/"},{"@type":"ListItem","position":2,"name":"Tienda","item":"https:\/\/frudia.es\/en\/shop\/"},{"@type":"ListItem","position":3,"name":"My Orchard Set Presente Creme de M\u00e3os Fruits Market *6"}]},{"@type":"WebSite","@id":"https:\/\/frudia.es\/pt-pt\/#website","url":"https:\/\/frudia.es\/pt-pt\/","name":"Frudia","description":"La belleza est\u00e1 en las frutas","potentialAction":[{"@type":"SearchAction","target":{"@type":"EntryPoint","urlTemplate":"https:\/\/frudia.es\/pt-pt\/?s={search_term_string}"},"query-input":{"@type":"PropertyValueSpecification","valueRequired":true,"valueName":"search_term_string"}}],"inLanguage":"pt-PT"}]}},"_links":{"self":[{"href":"https:\/\/frudia.es\/pt-pt\/wp-json\/wp\/v2\/product\/21624","targetHints":{"allow":["GET"]}}],"collection":[{"href":"https:\/\/frudia.es\/pt-pt\/wp-json\/wp\/v2\/product"}],"about":[{"href":"https:\/\/frudia.es\/pt-pt\/wp-json\/wp\/v2\/types\/product"}],"replies":[{"embeddable":true,"href":"https:\/\/frudia.es\/pt-pt\/wp-json\/wp\/v2\/comments?post=21624"}],"wp:featuredmedia":[{"embeddable":true,"href":"https:\/\/frudia.es\/pt-pt\/wp-json\/wp\/v2\/media\/20386"}],"wp:attachment":[{"href":"https:\/\/frudia.es\/pt-pt\/wp-json\/wp\/v2\/media?parent=21624"}],"wp:term":[{"taxonomy":"product_brand","embeddable":true,"href":"https:\/\/frudia.es\/pt-pt\/wp-json\/wp\/v2\/product_brand?post=21624"},{"taxonomy":"product_cat","embeddable":true,"href":"https:\/\/frudia.es\/pt-pt\/wp-json\/wp\/v2\/product_cat?post=21624"},{"taxonomy":"product_tag","embeddable":true,"href":"https:\/\/frudia.es\/pt-pt\/wp-json\/wp\/v2\/product_tag?post=21624"}],"curies":[{"name":"wp","href":"https:\/\/api.w.org\/{rel}","templated":true}]}}