{"id":21641,"date":"2023-01-27T08:52:20","date_gmt":"2023-01-27T08:52:20","guid":{"rendered":"https:\/\/frudia.es\/producto\/my-orchard-acai-berry-espuma-limpiadora-2\/"},"modified":"2024-07-31T13:10:36","modified_gmt":"2024-07-31T13:10:36","slug":"my-orchard-acai-berry-espuma-limpiadora","status":"publish","type":"product","link":"https:\/\/frudia.es\/pt-pt\/producto\/my-orchard-acai-berry-espuma-limpiadora\/","title":{"rendered":"My Orchard A\u00e7a\u00ed Espuma de\n  Limpeza\u00a0"},"content":{"rendered":"<h4>Modo de<br \/>\n  uso<\/h4>\n<p>Aplicar uma quantidade adequada sobre o rosto e<br \/>\n  massajar. Depois disso, lavar o rosto com \u00e1gua t\u00e9pida.\n  <\/p>\n<h4>Ingredientes<\/h4>\n<p>Water, Palmitic Acid,<br \/>\n  Stearic Acid, Myristic Acid, Glycerin, Lauric Acid, Potassium Hydroxide,<br \/>\n  Cocamidopropyl Betaine, Sorbitan Olivate, Glyceryl Stearate, PEG-100<br \/>\n  Stearate, Sodium Chloride, Arachidonic Acid, Oleic Acid, Capric Acid,<br \/>\n  Allantoin, Disodium EDTA, PEG-90M, Betaine, Erythritol, Panthenol, Punica<br \/>\n  Granatum Fruit Extract, Butylene Glycol, 1,2-Hexanediol, Sodium Hyaluronate,<br \/>\n  Euterpe Oleracea Fruit Extract, Beta-Glucan, Biosaccharide Gum-1, Fucus<br \/>\n  Vesiculosus Extract, Prunella Vulgaris Extract, Honey Extract,<br \/>\n  Ethylhexylglycerin, Phenoxyethanol, Chlorphenesin, Fragrance, Geraniol,<br \/>\n  Linalool, Benzyl Benzoate, Citronellol, Hexyl Cinnamal, Limonene<\/p>\n","protected":false},"excerpt":{"rendered":"<p>O seu poder de<br \/>\n  limpeza profundo com bolhas viscosas remove completamente os res\u00edduos e as<br \/>\n  impurezas da maquilhagem.<br \/>\n    As antocianinas presentes no extrato de bagas de a\u00e7a\u00ed, a &#8220;fruta da<br \/>\n  vida&#8221;, aportam elasticidade e hidrata\u00e7\u00e3o.<br \/>\n    Evita a evapora\u00e7\u00e3o da humidade e protege a barreira cut\u00e2nea com bolhas<br \/>\n  suaves.<\/p>\n","protected":false},"featured_media":20315,"comment_status":"closed","ping_status":"closed","template":"","meta":[],"product_brand":[],"product_cat":[742,730],"product_tag":[],"class_list":{"0":"post-21641","1":"product","2":"type-product","3":"status-publish","4":"has-post-thumbnail","6":"product_cat-limpador","7":"product_cat-my-orchard-pt-pt","9":"first","10":"instock","11":"shipping-taxable","12":"purchasable","13":"product-type-simple"},"yoast_head":"<!-- This site is optimized with the Yoast SEO plugin v27.2 - https:\/\/yoast.com\/product\/yoast-seo-wordpress\/ -->\n<title>My Orchard A\u00e7a\u00ed Espuma de  Limpeza\u00a0 - Frudia<\/title>\n<meta name=\"robots\" content=\"index, follow, max-snippet:-1, max-image-preview:large, max-video-preview:-1\" \/>\n<link rel=\"canonical\" href=\"https:\/\/frudia.es\/pt-pt\/producto\/my-orchard-acai-berry-espuma-limpiadora\/\" \/>\n<meta property=\"og:locale\" content=\"pt_PT\" \/>\n<meta property=\"og:type\" content=\"article\" \/>\n<meta property=\"og:title\" content=\"My Orchard A\u00e7a\u00ed Espuma de  Limpeza\u00a0 - Frudia\" \/>\n<meta property=\"og:description\" content=\"O seu poder de  limpeza profundo com bolhas viscosas remove completamente os res\u00edduos e as  impurezas da maquilhagem.   As antocianinas presentes no extrato de bagas de a\u00e7a\u00ed, a &quot;fruta da  vida&quot;, aportam elasticidade e hidrata\u00e7\u00e3o.   Evita a evapora\u00e7\u00e3o da humidade e protege a barreira cut\u00e2nea com bolhas  suaves.\" \/>\n<meta property=\"og:url\" content=\"https:\/\/frudia.es\/pt-pt\/producto\/my-orchard-acai-berry-espuma-limpiadora\/\" \/>\n<meta property=\"og:site_name\" content=\"Frudia\" \/>\n<meta property=\"article:modified_time\" content=\"2024-07-31T13:10:36+00:00\" \/>\n<meta property=\"og:image\" content=\"https:\/\/frudia.es\/wp-content\/uploads\/2023\/01\/0tf18273@1.jpg\" \/>\n\t<meta property=\"og:image:width\" content=\"600\" \/>\n\t<meta property=\"og:image:height\" content=\"600\" \/>\n\t<meta property=\"og:image:type\" content=\"image\/jpeg\" \/>\n<meta name=\"twitter:card\" content=\"summary_large_image\" \/>\n<script type=\"application\/ld+json\" class=\"yoast-schema-graph\">{\"@context\":\"https:\/\/schema.org\",\"@graph\":[{\"@type\":\"WebPage\",\"@id\":\"https:\/\/frudia.es\/pt-pt\/producto\/my-orchard-acai-berry-espuma-limpiadora\/\",\"url\":\"https:\/\/frudia.es\/pt-pt\/producto\/my-orchard-acai-berry-espuma-limpiadora\/\",\"name\":\"My Orchard A\u00e7a\u00ed Espuma de Limpeza\u00a0 - Frudia\",\"isPartOf\":{\"@id\":\"https:\/\/frudia.es\/pt-pt\/#website\"},\"primaryImageOfPage\":{\"@id\":\"https:\/\/frudia.es\/pt-pt\/producto\/my-orchard-acai-berry-espuma-limpiadora\/#primaryimage\"},\"image\":{\"@id\":\"https:\/\/frudia.es\/pt-pt\/producto\/my-orchard-acai-berry-espuma-limpiadora\/#primaryimage\"},\"thumbnailUrl\":\"https:\/\/frudia.es\/wp-content\/uploads\/2023\/01\/0tf18273@1.jpg\",\"datePublished\":\"2023-01-27T08:52:20+00:00\",\"dateModified\":\"2024-07-31T13:10:36+00:00\",\"breadcrumb\":{\"@id\":\"https:\/\/frudia.es\/pt-pt\/producto\/my-orchard-acai-berry-espuma-limpiadora\/#breadcrumb\"},\"inLanguage\":\"pt-PT\",\"potentialAction\":[{\"@type\":\"ReadAction\",\"target\":[\"https:\/\/frudia.es\/pt-pt\/producto\/my-orchard-acai-berry-espuma-limpiadora\/\"]}]},{\"@type\":\"ImageObject\",\"inLanguage\":\"pt-PT\",\"@id\":\"https:\/\/frudia.es\/pt-pt\/producto\/my-orchard-acai-berry-espuma-limpiadora\/#primaryimage\",\"url\":\"https:\/\/frudia.es\/wp-content\/uploads\/2023\/01\/0tf18273@1.jpg\",\"contentUrl\":\"https:\/\/frudia.es\/wp-content\/uploads\/2023\/01\/0tf18273@1.jpg\",\"width\":600,\"height\":600},{\"@type\":\"BreadcrumbList\",\"@id\":\"https:\/\/frudia.es\/pt-pt\/producto\/my-orchard-acai-berry-espuma-limpiadora\/#breadcrumb\",\"itemListElement\":[{\"@type\":\"ListItem\",\"position\":1,\"name\":\"Portada\",\"item\":\"https:\/\/frudia.es\/pt-pt\/\"},{\"@type\":\"ListItem\",\"position\":2,\"name\":\"Tienda\",\"item\":\"https:\/\/frudia.es\/en\/shop\/\"},{\"@type\":\"ListItem\",\"position\":3,\"name\":\"My Orchard A\u00e7a\u00ed Espuma de Limpeza\u00a0\"}]},{\"@type\":\"WebSite\",\"@id\":\"https:\/\/frudia.es\/pt-pt\/#website\",\"url\":\"https:\/\/frudia.es\/pt-pt\/\",\"name\":\"Frudia\",\"description\":\"La belleza est\u00e1 en las frutas\",\"potentialAction\":[{\"@type\":\"SearchAction\",\"target\":{\"@type\":\"EntryPoint\",\"urlTemplate\":\"https:\/\/frudia.es\/pt-pt\/?s={search_term_string}\"},\"query-input\":{\"@type\":\"PropertyValueSpecification\",\"valueRequired\":true,\"valueName\":\"search_term_string\"}}],\"inLanguage\":\"pt-PT\"}]}<\/script>\n<!-- \/ Yoast SEO plugin. -->","yoast_head_json":{"title":"My Orchard A\u00e7a\u00ed Espuma de  Limpeza\u00a0 - Frudia","robots":{"index":"index","follow":"follow","max-snippet":"max-snippet:-1","max-image-preview":"max-image-preview:large","max-video-preview":"max-video-preview:-1"},"canonical":"https:\/\/frudia.es\/pt-pt\/producto\/my-orchard-acai-berry-espuma-limpiadora\/","og_locale":"pt_PT","og_type":"article","og_title":"My Orchard A\u00e7a\u00ed Espuma de  Limpeza\u00a0 - Frudia","og_description":"O seu poder de  limpeza profundo com bolhas viscosas remove completamente os res\u00edduos e as  impurezas da maquilhagem.   As antocianinas presentes no extrato de bagas de a\u00e7a\u00ed, a \"fruta da  vida\", aportam elasticidade e hidrata\u00e7\u00e3o.   Evita a evapora\u00e7\u00e3o da humidade e protege a barreira cut\u00e2nea com bolhas  suaves.","og_url":"https:\/\/frudia.es\/pt-pt\/producto\/my-orchard-acai-berry-espuma-limpiadora\/","og_site_name":"Frudia","article_modified_time":"2024-07-31T13:10:36+00:00","og_image":[{"width":600,"height":600,"url":"https:\/\/frudia.es\/wp-content\/uploads\/2023\/01\/0tf18273@1.jpg","type":"image\/jpeg"}],"twitter_card":"summary_large_image","schema":{"@context":"https:\/\/schema.org","@graph":[{"@type":"WebPage","@id":"https:\/\/frudia.es\/pt-pt\/producto\/my-orchard-acai-berry-espuma-limpiadora\/","url":"https:\/\/frudia.es\/pt-pt\/producto\/my-orchard-acai-berry-espuma-limpiadora\/","name":"My Orchard A\u00e7a\u00ed Espuma de Limpeza\u00a0 - Frudia","isPartOf":{"@id":"https:\/\/frudia.es\/pt-pt\/#website"},"primaryImageOfPage":{"@id":"https:\/\/frudia.es\/pt-pt\/producto\/my-orchard-acai-berry-espuma-limpiadora\/#primaryimage"},"image":{"@id":"https:\/\/frudia.es\/pt-pt\/producto\/my-orchard-acai-berry-espuma-limpiadora\/#primaryimage"},"thumbnailUrl":"https:\/\/frudia.es\/wp-content\/uploads\/2023\/01\/0tf18273@1.jpg","datePublished":"2023-01-27T08:52:20+00:00","dateModified":"2024-07-31T13:10:36+00:00","breadcrumb":{"@id":"https:\/\/frudia.es\/pt-pt\/producto\/my-orchard-acai-berry-espuma-limpiadora\/#breadcrumb"},"inLanguage":"pt-PT","potentialAction":[{"@type":"ReadAction","target":["https:\/\/frudia.es\/pt-pt\/producto\/my-orchard-acai-berry-espuma-limpiadora\/"]}]},{"@type":"ImageObject","inLanguage":"pt-PT","@id":"https:\/\/frudia.es\/pt-pt\/producto\/my-orchard-acai-berry-espuma-limpiadora\/#primaryimage","url":"https:\/\/frudia.es\/wp-content\/uploads\/2023\/01\/0tf18273@1.jpg","contentUrl":"https:\/\/frudia.es\/wp-content\/uploads\/2023\/01\/0tf18273@1.jpg","width":600,"height":600},{"@type":"BreadcrumbList","@id":"https:\/\/frudia.es\/pt-pt\/producto\/my-orchard-acai-berry-espuma-limpiadora\/#breadcrumb","itemListElement":[{"@type":"ListItem","position":1,"name":"Portada","item":"https:\/\/frudia.es\/pt-pt\/"},{"@type":"ListItem","position":2,"name":"Tienda","item":"https:\/\/frudia.es\/en\/shop\/"},{"@type":"ListItem","position":3,"name":"My Orchard A\u00e7a\u00ed Espuma de Limpeza\u00a0"}]},{"@type":"WebSite","@id":"https:\/\/frudia.es\/pt-pt\/#website","url":"https:\/\/frudia.es\/pt-pt\/","name":"Frudia","description":"La belleza est\u00e1 en las frutas","potentialAction":[{"@type":"SearchAction","target":{"@type":"EntryPoint","urlTemplate":"https:\/\/frudia.es\/pt-pt\/?s={search_term_string}"},"query-input":{"@type":"PropertyValueSpecification","valueRequired":true,"valueName":"search_term_string"}}],"inLanguage":"pt-PT"}]}},"_links":{"self":[{"href":"https:\/\/frudia.es\/pt-pt\/wp-json\/wp\/v2\/product\/21641","targetHints":{"allow":["GET"]}}],"collection":[{"href":"https:\/\/frudia.es\/pt-pt\/wp-json\/wp\/v2\/product"}],"about":[{"href":"https:\/\/frudia.es\/pt-pt\/wp-json\/wp\/v2\/types\/product"}],"replies":[{"embeddable":true,"href":"https:\/\/frudia.es\/pt-pt\/wp-json\/wp\/v2\/comments?post=21641"}],"wp:featuredmedia":[{"embeddable":true,"href":"https:\/\/frudia.es\/pt-pt\/wp-json\/wp\/v2\/media\/20315"}],"wp:attachment":[{"href":"https:\/\/frudia.es\/pt-pt\/wp-json\/wp\/v2\/media?parent=21641"}],"wp:term":[{"taxonomy":"product_brand","embeddable":true,"href":"https:\/\/frudia.es\/pt-pt\/wp-json\/wp\/v2\/product_brand?post=21641"},{"taxonomy":"product_cat","embeddable":true,"href":"https:\/\/frudia.es\/pt-pt\/wp-json\/wp\/v2\/product_cat?post=21641"},{"taxonomy":"product_tag","embeddable":true,"href":"https:\/\/frudia.es\/pt-pt\/wp-json\/wp\/v2\/product_tag?post=21641"}],"curies":[{"name":"wp","href":"https:\/\/api.w.org\/{rel}","templated":true}]}}