{"id":21644,"date":"2023-01-27T08:52:19","date_gmt":"2023-01-27T08:52:19","guid":{"rendered":"https:\/\/frudia.es\/producto\/my-orchard-passion-fruit-espuma-limpiadora-ph-bajo-2\/"},"modified":"2024-07-31T13:10:44","modified_gmt":"2024-07-31T13:10:44","slug":"my-orchard-passion-fruit-espuma-limpiadora-ph-bajo","status":"publish","type":"product","link":"https:\/\/frudia.es\/pt-pt\/producto\/my-orchard-passion-fruit-espuma-limpiadora-ph-bajo\/","title":{"rendered":"My Orchard Maracuj\u00e1 Espuma de\n  Limpeza (pH Baixo)\u00a0\u00a0"},"content":{"rendered":"<h4>Modo de<br \/>\n  uso<\/h4>\n<p>Aplicar uma quantidade adequada sobre o rosto e<br \/>\n  massajar. Depois disso, lavar o rosto com \u00e1gua t\u00e9pida.\n  <\/p>\n<h4>Ingredientes<\/h4>\n<p>Water, Ammonium Lauryl<br \/>\n  Sulfate, Ammonium Laureth Sulfate, Cocamidopropyl Betaine, Acrylates\/Vinyl<br \/>\n  Neodecanoate Crosspolymer, Sodium Chloride, Potassium Hydroxide, Betaine,<br \/>\n  Erythritol, Citrus Unshiu Peel Extract, Titanium Dioxide, Butylene Glycol,<br \/>\n  Sodium Cocoyl Apple Amino Acids, Gluconolactone, Pentylene Glycol, Hexylene<br \/>\n  Glycol, Passiflora Edulis Fruit Extract, Oleth-10, Polysorbate 60,<br \/>\n  Beta-Glucan, Silica, Triethoxycaprylylsilane, Sodium Hyaluronate, Tetrasodium<br \/>\n  Glutamate Diacetate, Honey Extract, Ethylhexylglycerin, Disodium EDTA, Sodium<br \/>\n  Benzoate, Chlorphenesin, 1,2-Hexanediol, Fragrance, Linalool, Limonene,<br \/>\n  Benzyl Benzoate, Hexyl Cinnamal<\/p>\n","protected":false},"excerpt":{"rendered":"<p>A limpeza profunda com micro-bolhas densas como a gelatina<br \/>\n  remove completamente n\u00e3o s\u00f3 os res\u00edduos de maquilhagem mas tamb\u00e9m<br \/>\n  poeiras.<br \/>\n    Acalma a pele fatigada enquanto remove com efici\u00eancia qualquer<br \/>\n  impureza.<br \/>\n    Protege a barreira cut\u00e2nea de irrita\u00e7\u00f5es externas, mantendo o equil\u00edbrio<br \/>\n  ideal de pH.<\/p>\n","protected":false},"featured_media":20303,"comment_status":"closed","ping_status":"closed","template":"","meta":[],"product_brand":[],"product_cat":[742,730],"product_tag":[],"class_list":{"0":"post-21644","1":"product","2":"type-product","3":"status-publish","4":"has-post-thumbnail","6":"product_cat-limpador","7":"product_cat-my-orchard-pt-pt","9":"first","10":"instock","11":"shipping-taxable","12":"purchasable","13":"product-type-simple"},"yoast_head":"<!-- This site is optimized with the Yoast SEO plugin v27.2 - https:\/\/yoast.com\/product\/yoast-seo-wordpress\/ -->\n<title>My Orchard Maracuj\u00e1 Espuma de  Limpeza (pH Baixo)\u00a0\u00a0 - Frudia<\/title>\n<meta name=\"robots\" content=\"index, follow, max-snippet:-1, max-image-preview:large, max-video-preview:-1\" \/>\n<link rel=\"canonical\" href=\"https:\/\/frudia.es\/pt-pt\/producto\/my-orchard-passion-fruit-espuma-limpiadora-ph-bajo\/\" \/>\n<meta property=\"og:locale\" content=\"pt_PT\" \/>\n<meta property=\"og:type\" content=\"article\" \/>\n<meta property=\"og:title\" content=\"My Orchard Maracuj\u00e1 Espuma de  Limpeza (pH Baixo)\u00a0\u00a0 - Frudia\" \/>\n<meta property=\"og:description\" content=\"A limpeza profunda com micro-bolhas densas como a gelatina  remove completamente n\u00e3o s\u00f3 os res\u00edduos de maquilhagem mas tamb\u00e9m  poeiras.   Acalma a pele fatigada enquanto remove com efici\u00eancia qualquer  impureza.   Protege a barreira cut\u00e2nea de irrita\u00e7\u00f5es externas, mantendo o equil\u00edbrio  ideal de pH.\" \/>\n<meta property=\"og:url\" content=\"https:\/\/frudia.es\/pt-pt\/producto\/my-orchard-passion-fruit-espuma-limpiadora-ph-bajo\/\" \/>\n<meta property=\"og:site_name\" content=\"Frudia\" \/>\n<meta property=\"article:modified_time\" content=\"2024-07-31T13:10:44+00:00\" \/>\n<meta property=\"og:image\" content=\"https:\/\/frudia.es\/wp-content\/uploads\/2023\/01\/0tf18290@1.jpg\" \/>\n\t<meta property=\"og:image:width\" content=\"600\" \/>\n\t<meta property=\"og:image:height\" content=\"600\" \/>\n\t<meta property=\"og:image:type\" content=\"image\/jpeg\" \/>\n<meta name=\"twitter:card\" content=\"summary_large_image\" \/>\n<script type=\"application\/ld+json\" class=\"yoast-schema-graph\">{\"@context\":\"https:\/\/schema.org\",\"@graph\":[{\"@type\":\"WebPage\",\"@id\":\"https:\/\/frudia.es\/pt-pt\/producto\/my-orchard-passion-fruit-espuma-limpiadora-ph-bajo\/\",\"url\":\"https:\/\/frudia.es\/pt-pt\/producto\/my-orchard-passion-fruit-espuma-limpiadora-ph-bajo\/\",\"name\":\"My Orchard Maracuj\u00e1 Espuma de Limpeza (pH Baixo)\u00a0\u00a0 - Frudia\",\"isPartOf\":{\"@id\":\"https:\/\/frudia.es\/pt-pt\/#website\"},\"primaryImageOfPage\":{\"@id\":\"https:\/\/frudia.es\/pt-pt\/producto\/my-orchard-passion-fruit-espuma-limpiadora-ph-bajo\/#primaryimage\"},\"image\":{\"@id\":\"https:\/\/frudia.es\/pt-pt\/producto\/my-orchard-passion-fruit-espuma-limpiadora-ph-bajo\/#primaryimage\"},\"thumbnailUrl\":\"https:\/\/frudia.es\/wp-content\/uploads\/2023\/01\/0tf18290@1.jpg\",\"datePublished\":\"2023-01-27T08:52:19+00:00\",\"dateModified\":\"2024-07-31T13:10:44+00:00\",\"breadcrumb\":{\"@id\":\"https:\/\/frudia.es\/pt-pt\/producto\/my-orchard-passion-fruit-espuma-limpiadora-ph-bajo\/#breadcrumb\"},\"inLanguage\":\"pt-PT\",\"potentialAction\":[{\"@type\":\"ReadAction\",\"target\":[\"https:\/\/frudia.es\/pt-pt\/producto\/my-orchard-passion-fruit-espuma-limpiadora-ph-bajo\/\"]}]},{\"@type\":\"ImageObject\",\"inLanguage\":\"pt-PT\",\"@id\":\"https:\/\/frudia.es\/pt-pt\/producto\/my-orchard-passion-fruit-espuma-limpiadora-ph-bajo\/#primaryimage\",\"url\":\"https:\/\/frudia.es\/wp-content\/uploads\/2023\/01\/0tf18290@1.jpg\",\"contentUrl\":\"https:\/\/frudia.es\/wp-content\/uploads\/2023\/01\/0tf18290@1.jpg\",\"width\":600,\"height\":600},{\"@type\":\"BreadcrumbList\",\"@id\":\"https:\/\/frudia.es\/pt-pt\/producto\/my-orchard-passion-fruit-espuma-limpiadora-ph-bajo\/#breadcrumb\",\"itemListElement\":[{\"@type\":\"ListItem\",\"position\":1,\"name\":\"Portada\",\"item\":\"https:\/\/frudia.es\/pt-pt\/\"},{\"@type\":\"ListItem\",\"position\":2,\"name\":\"Tienda\",\"item\":\"https:\/\/frudia.es\/en\/shop\/\"},{\"@type\":\"ListItem\",\"position\":3,\"name\":\"My Orchard Maracuj\u00e1 Espuma de Limpeza (pH Baixo)\u00a0\u00a0\"}]},{\"@type\":\"WebSite\",\"@id\":\"https:\/\/frudia.es\/pt-pt\/#website\",\"url\":\"https:\/\/frudia.es\/pt-pt\/\",\"name\":\"Frudia\",\"description\":\"La belleza est\u00e1 en las frutas\",\"potentialAction\":[{\"@type\":\"SearchAction\",\"target\":{\"@type\":\"EntryPoint\",\"urlTemplate\":\"https:\/\/frudia.es\/pt-pt\/?s={search_term_string}\"},\"query-input\":{\"@type\":\"PropertyValueSpecification\",\"valueRequired\":true,\"valueName\":\"search_term_string\"}}],\"inLanguage\":\"pt-PT\"}]}<\/script>\n<!-- \/ Yoast SEO plugin. -->","yoast_head_json":{"title":"My Orchard Maracuj\u00e1 Espuma de  Limpeza (pH Baixo)\u00a0\u00a0 - Frudia","robots":{"index":"index","follow":"follow","max-snippet":"max-snippet:-1","max-image-preview":"max-image-preview:large","max-video-preview":"max-video-preview:-1"},"canonical":"https:\/\/frudia.es\/pt-pt\/producto\/my-orchard-passion-fruit-espuma-limpiadora-ph-bajo\/","og_locale":"pt_PT","og_type":"article","og_title":"My Orchard Maracuj\u00e1 Espuma de  Limpeza (pH Baixo)\u00a0\u00a0 - Frudia","og_description":"A limpeza profunda com micro-bolhas densas como a gelatina  remove completamente n\u00e3o s\u00f3 os res\u00edduos de maquilhagem mas tamb\u00e9m  poeiras.   Acalma a pele fatigada enquanto remove com efici\u00eancia qualquer  impureza.   Protege a barreira cut\u00e2nea de irrita\u00e7\u00f5es externas, mantendo o equil\u00edbrio  ideal de pH.","og_url":"https:\/\/frudia.es\/pt-pt\/producto\/my-orchard-passion-fruit-espuma-limpiadora-ph-bajo\/","og_site_name":"Frudia","article_modified_time":"2024-07-31T13:10:44+00:00","og_image":[{"width":600,"height":600,"url":"https:\/\/frudia.es\/wp-content\/uploads\/2023\/01\/0tf18290@1.jpg","type":"image\/jpeg"}],"twitter_card":"summary_large_image","schema":{"@context":"https:\/\/schema.org","@graph":[{"@type":"WebPage","@id":"https:\/\/frudia.es\/pt-pt\/producto\/my-orchard-passion-fruit-espuma-limpiadora-ph-bajo\/","url":"https:\/\/frudia.es\/pt-pt\/producto\/my-orchard-passion-fruit-espuma-limpiadora-ph-bajo\/","name":"My Orchard Maracuj\u00e1 Espuma de Limpeza (pH Baixo)\u00a0\u00a0 - Frudia","isPartOf":{"@id":"https:\/\/frudia.es\/pt-pt\/#website"},"primaryImageOfPage":{"@id":"https:\/\/frudia.es\/pt-pt\/producto\/my-orchard-passion-fruit-espuma-limpiadora-ph-bajo\/#primaryimage"},"image":{"@id":"https:\/\/frudia.es\/pt-pt\/producto\/my-orchard-passion-fruit-espuma-limpiadora-ph-bajo\/#primaryimage"},"thumbnailUrl":"https:\/\/frudia.es\/wp-content\/uploads\/2023\/01\/0tf18290@1.jpg","datePublished":"2023-01-27T08:52:19+00:00","dateModified":"2024-07-31T13:10:44+00:00","breadcrumb":{"@id":"https:\/\/frudia.es\/pt-pt\/producto\/my-orchard-passion-fruit-espuma-limpiadora-ph-bajo\/#breadcrumb"},"inLanguage":"pt-PT","potentialAction":[{"@type":"ReadAction","target":["https:\/\/frudia.es\/pt-pt\/producto\/my-orchard-passion-fruit-espuma-limpiadora-ph-bajo\/"]}]},{"@type":"ImageObject","inLanguage":"pt-PT","@id":"https:\/\/frudia.es\/pt-pt\/producto\/my-orchard-passion-fruit-espuma-limpiadora-ph-bajo\/#primaryimage","url":"https:\/\/frudia.es\/wp-content\/uploads\/2023\/01\/0tf18290@1.jpg","contentUrl":"https:\/\/frudia.es\/wp-content\/uploads\/2023\/01\/0tf18290@1.jpg","width":600,"height":600},{"@type":"BreadcrumbList","@id":"https:\/\/frudia.es\/pt-pt\/producto\/my-orchard-passion-fruit-espuma-limpiadora-ph-bajo\/#breadcrumb","itemListElement":[{"@type":"ListItem","position":1,"name":"Portada","item":"https:\/\/frudia.es\/pt-pt\/"},{"@type":"ListItem","position":2,"name":"Tienda","item":"https:\/\/frudia.es\/en\/shop\/"},{"@type":"ListItem","position":3,"name":"My Orchard Maracuj\u00e1 Espuma de Limpeza (pH Baixo)\u00a0\u00a0"}]},{"@type":"WebSite","@id":"https:\/\/frudia.es\/pt-pt\/#website","url":"https:\/\/frudia.es\/pt-pt\/","name":"Frudia","description":"La belleza est\u00e1 en las frutas","potentialAction":[{"@type":"SearchAction","target":{"@type":"EntryPoint","urlTemplate":"https:\/\/frudia.es\/pt-pt\/?s={search_term_string}"},"query-input":{"@type":"PropertyValueSpecification","valueRequired":true,"valueName":"search_term_string"}}],"inLanguage":"pt-PT"}]}},"_links":{"self":[{"href":"https:\/\/frudia.es\/pt-pt\/wp-json\/wp\/v2\/product\/21644","targetHints":{"allow":["GET"]}}],"collection":[{"href":"https:\/\/frudia.es\/pt-pt\/wp-json\/wp\/v2\/product"}],"about":[{"href":"https:\/\/frudia.es\/pt-pt\/wp-json\/wp\/v2\/types\/product"}],"replies":[{"embeddable":true,"href":"https:\/\/frudia.es\/pt-pt\/wp-json\/wp\/v2\/comments?post=21644"}],"wp:featuredmedia":[{"embeddable":true,"href":"https:\/\/frudia.es\/pt-pt\/wp-json\/wp\/v2\/media\/20303"}],"wp:attachment":[{"href":"https:\/\/frudia.es\/pt-pt\/wp-json\/wp\/v2\/media?parent=21644"}],"wp:term":[{"taxonomy":"product_brand","embeddable":true,"href":"https:\/\/frudia.es\/pt-pt\/wp-json\/wp\/v2\/product_brand?post=21644"},{"taxonomy":"product_cat","embeddable":true,"href":"https:\/\/frudia.es\/pt-pt\/wp-json\/wp\/v2\/product_cat?post=21644"},{"taxonomy":"product_tag","embeddable":true,"href":"https:\/\/frudia.es\/pt-pt\/wp-json\/wp\/v2\/product_tag?post=21644"}],"curies":[{"name":"wp","href":"https:\/\/api.w.org\/{rel}","templated":true}]}}