{"id":21658,"date":"2023-01-27T08:52:13","date_gmt":"2023-01-27T08:52:13","guid":{"rendered":"https:\/\/frudia.es\/producto\/air-mask-watery-2\/"},"modified":"2024-07-31T13:11:17","modified_gmt":"2024-07-31T13:11:17","slug":"air-mask-watery","status":"publish","type":"product","link":"https:\/\/frudia.es\/pt-pt\/producto\/air-mask-watery\/","title":{"rendered":"AIR M\u00e1scara\n  Watery\u00a0"},"content":{"rendered":"<h4>Modo de<br \/>\n  uso<\/h4>\n<p>1. Aplicar o t\u00f3nico ap\u00f3s a limpeza. 2. Abrir a<br \/>\n  embalagem e aplicar a m\u00e1scara, ajustando-a uniformemente ao rosto. 3) Deixar<br \/>\n  atuar durante 10-20 minutos. 4) Remover a m\u00e1scara e promover a absor\u00e7\u00e3o do<br \/>\n  produto restante com leves toques at\u00e9 que seja completamente<br \/>\n  absorvido.<\/p>\n<h4>Ingredientes<\/h4>\n<p>Water, Butylene<br \/>\n  Glycol, Glycereth-26, Hydroxyethyl Acrylate\/Sodium Acryloyldimethyl Taurate<br \/>\n  Copolymer, Trehalose, Panthenol, Diglycerin, Glycerin, PEG-60 Hydrogenated<br \/>\n  Castor Oil, Vaccinium Angustifolium (Blueberry) Fruit Extract, Xanthan Gum,<br \/>\n  Adenosine, Sorbitan Isostearate, Polysorbate 60, Glyceryl Acrylate\/Acrylic<br \/>\n  Acid Copolymer, Sodium Hyaluronate, Propylene Glycol, PVM\/MA Copolymer,<br \/>\n  Hyaluronic Acid, Caprylic\/Capric Triglyceride, Hydrogenated Lecithin, Vitis<br \/>\n  Vinifera (Grape) Fruit Extract, Pyrus Malus (Apple) Fruit Extract, Citrus<br \/>\n  Limon (Lemon) Fruit Extract, Citrus Aurantium Dulcis (Orange) Fruit Extract,<br \/>\n  Citrus Aurantifolia (Lime) Fruit Extract, Phytosterols, Disodium EDTA,<br \/>\n  Phenoxyethanol, Chlorphenesin, 1,2-Hexanediol, Fragrance<\/p>\n","protected":false},"excerpt":{"rendered":"<p>M\u00e1scara sub\u00e1cida<br \/>\n  que absorve o \u00e1cido hialur\u00f3nico triplo de forma t\u00e3o leve e confort\u00e1vel como o<br \/>\n  ar na pele, permitindo que a barreira cut\u00e2nea permane\u00e7a hidratada.<br \/>\n    \u00a0<br \/>\n    -Hidrata\u00e7\u00e3o a tr\u00eas n\u00edveis: O \u00e1cido hialur\u00f3nico triplo, composto por<br \/>\n  pequenas, m\u00e9dias e grandes mol\u00e9culas, \u00e9 absorvido em profundidade e de uma<br \/>\n  forma ordenada pela pele, proporcionando um efeito hidratante compacto e<br \/>\n  completo.<br \/>\n    -M\u00e1scara sub\u00e1cida pH 5.0(\u00b10.5) : Ingrediente \u00e1cido de fruta torna a pele<br \/>\n  mais saud\u00e1vel e ligeiramente \u00e1cida, controlando o equil\u00edbrio do pH perturbado<br \/>\n  pelo ambiente externo.<br \/>\n    -Tela de malha de ar confort\u00e1vel : Com um material de malha altamente<br \/>\n  perme\u00e1vel, a folha adere levemente \u00e0 pele e fornece-lhe suavemente os seus<br \/>\n  ingredientes ativos.<\/p>\n","protected":false},"featured_media":20247,"comment_status":"closed","ping_status":"closed","template":"","meta":[],"product_brand":[],"product_cat":[717,743],"product_tag":[],"class_list":{"0":"post-21658","1":"product","2":"type-product","3":"status-publish","4":"has-post-thumbnail","6":"product_cat-air-pt-pt","7":"product_cat-mascara","9":"first","10":"instock","11":"shipping-taxable","12":"purchasable","13":"product-type-simple"},"yoast_head":"<!-- This site is optimized with the Yoast SEO plugin v27.2 - https:\/\/yoast.com\/product\/yoast-seo-wordpress\/ -->\n<title>AIR M\u00e1scara  Watery\u00a0 - Frudia<\/title>\n<meta name=\"robots\" content=\"index, follow, max-snippet:-1, max-image-preview:large, max-video-preview:-1\" \/>\n<link rel=\"canonical\" href=\"https:\/\/frudia.es\/pt-pt\/producto\/air-mask-watery\/\" \/>\n<meta property=\"og:locale\" content=\"pt_PT\" \/>\n<meta property=\"og:type\" content=\"article\" \/>\n<meta property=\"og:title\" content=\"AIR M\u00e1scara  Watery\u00a0 - Frudia\" \/>\n<meta property=\"og:description\" content=\"M\u00e1scara sub\u00e1cida  que absorve o \u00e1cido hialur\u00f3nico triplo de forma t\u00e3o leve e confort\u00e1vel como o  ar na pele, permitindo que a barreira cut\u00e2nea permane\u00e7a hidratada.   \u00a0   -Hidrata\u00e7\u00e3o a tr\u00eas n\u00edveis: O \u00e1cido hialur\u00f3nico triplo, composto por  pequenas, m\u00e9dias e grandes mol\u00e9culas, \u00e9 absorvido em profundidade e de uma  forma ordenada pela pele, proporcionando um efeito hidratante compacto e  completo.   -M\u00e1scara sub\u00e1cida pH 5.0(\u00b10.5) : Ingrediente \u00e1cido de fruta torna a pele  mais saud\u00e1vel e ligeiramente \u00e1cida, controlando o equil\u00edbrio do pH perturbado  pelo ambiente externo.   -Tela de malha de ar confort\u00e1vel : Com um material de malha altamente  perme\u00e1vel, a folha adere levemente \u00e0 pele e fornece-lhe suavemente os seus  ingredientes ativos.\" \/>\n<meta property=\"og:url\" content=\"https:\/\/frudia.es\/pt-pt\/producto\/air-mask-watery\/\" \/>\n<meta property=\"og:site_name\" content=\"Frudia\" \/>\n<meta property=\"article:modified_time\" content=\"2024-07-31T13:11:17+00:00\" \/>\n<meta property=\"og:image\" content=\"https:\/\/frudia.es\/wp-content\/uploads\/2023\/01\/0tf16657@1.jpg\" \/>\n\t<meta property=\"og:image:width\" content=\"600\" \/>\n\t<meta property=\"og:image:height\" content=\"600\" \/>\n\t<meta property=\"og:image:type\" content=\"image\/jpeg\" \/>\n<meta name=\"twitter:card\" content=\"summary_large_image\" \/>\n<meta name=\"twitter:label1\" content=\"Tempo estimado de leitura\" \/>\n\t<meta name=\"twitter:data1\" content=\"1 minuto\" \/>\n<script type=\"application\/ld+json\" class=\"yoast-schema-graph\">{\"@context\":\"https:\/\/schema.org\",\"@graph\":[{\"@type\":\"WebPage\",\"@id\":\"https:\/\/frudia.es\/pt-pt\/producto\/air-mask-watery\/\",\"url\":\"https:\/\/frudia.es\/pt-pt\/producto\/air-mask-watery\/\",\"name\":\"AIR M\u00e1scara Watery\u00a0 - Frudia\",\"isPartOf\":{\"@id\":\"https:\/\/frudia.es\/pt-pt\/#website\"},\"primaryImageOfPage\":{\"@id\":\"https:\/\/frudia.es\/pt-pt\/producto\/air-mask-watery\/#primaryimage\"},\"image\":{\"@id\":\"https:\/\/frudia.es\/pt-pt\/producto\/air-mask-watery\/#primaryimage\"},\"thumbnailUrl\":\"https:\/\/frudia.es\/wp-content\/uploads\/2023\/01\/0tf16657@1.jpg\",\"datePublished\":\"2023-01-27T08:52:13+00:00\",\"dateModified\":\"2024-07-31T13:11:17+00:00\",\"breadcrumb\":{\"@id\":\"https:\/\/frudia.es\/pt-pt\/producto\/air-mask-watery\/#breadcrumb\"},\"inLanguage\":\"pt-PT\",\"potentialAction\":[{\"@type\":\"ReadAction\",\"target\":[\"https:\/\/frudia.es\/pt-pt\/producto\/air-mask-watery\/\"]}]},{\"@type\":\"ImageObject\",\"inLanguage\":\"pt-PT\",\"@id\":\"https:\/\/frudia.es\/pt-pt\/producto\/air-mask-watery\/#primaryimage\",\"url\":\"https:\/\/frudia.es\/wp-content\/uploads\/2023\/01\/0tf16657@1.jpg\",\"contentUrl\":\"https:\/\/frudia.es\/wp-content\/uploads\/2023\/01\/0tf16657@1.jpg\",\"width\":600,\"height\":600},{\"@type\":\"BreadcrumbList\",\"@id\":\"https:\/\/frudia.es\/pt-pt\/producto\/air-mask-watery\/#breadcrumb\",\"itemListElement\":[{\"@type\":\"ListItem\",\"position\":1,\"name\":\"Portada\",\"item\":\"https:\/\/frudia.es\/pt-pt\/\"},{\"@type\":\"ListItem\",\"position\":2,\"name\":\"Tienda\",\"item\":\"https:\/\/frudia.es\/en\/shop\/\"},{\"@type\":\"ListItem\",\"position\":3,\"name\":\"AIR M\u00e1scara Watery\u00a0\"}]},{\"@type\":\"WebSite\",\"@id\":\"https:\/\/frudia.es\/pt-pt\/#website\",\"url\":\"https:\/\/frudia.es\/pt-pt\/\",\"name\":\"Frudia\",\"description\":\"La belleza est\u00e1 en las frutas\",\"potentialAction\":[{\"@type\":\"SearchAction\",\"target\":{\"@type\":\"EntryPoint\",\"urlTemplate\":\"https:\/\/frudia.es\/pt-pt\/?s={search_term_string}\"},\"query-input\":{\"@type\":\"PropertyValueSpecification\",\"valueRequired\":true,\"valueName\":\"search_term_string\"}}],\"inLanguage\":\"pt-PT\"}]}<\/script>\n<!-- \/ Yoast SEO plugin. -->","yoast_head_json":{"title":"AIR M\u00e1scara  Watery\u00a0 - Frudia","robots":{"index":"index","follow":"follow","max-snippet":"max-snippet:-1","max-image-preview":"max-image-preview:large","max-video-preview":"max-video-preview:-1"},"canonical":"https:\/\/frudia.es\/pt-pt\/producto\/air-mask-watery\/","og_locale":"pt_PT","og_type":"article","og_title":"AIR M\u00e1scara  Watery\u00a0 - Frudia","og_description":"M\u00e1scara sub\u00e1cida  que absorve o \u00e1cido hialur\u00f3nico triplo de forma t\u00e3o leve e confort\u00e1vel como o  ar na pele, permitindo que a barreira cut\u00e2nea permane\u00e7a hidratada.   \u00a0   -Hidrata\u00e7\u00e3o a tr\u00eas n\u00edveis: O \u00e1cido hialur\u00f3nico triplo, composto por  pequenas, m\u00e9dias e grandes mol\u00e9culas, \u00e9 absorvido em profundidade e de uma  forma ordenada pela pele, proporcionando um efeito hidratante compacto e  completo.   -M\u00e1scara sub\u00e1cida pH 5.0(\u00b10.5) : Ingrediente \u00e1cido de fruta torna a pele  mais saud\u00e1vel e ligeiramente \u00e1cida, controlando o equil\u00edbrio do pH perturbado  pelo ambiente externo.   -Tela de malha de ar confort\u00e1vel : Com um material de malha altamente  perme\u00e1vel, a folha adere levemente \u00e0 pele e fornece-lhe suavemente os seus  ingredientes ativos.","og_url":"https:\/\/frudia.es\/pt-pt\/producto\/air-mask-watery\/","og_site_name":"Frudia","article_modified_time":"2024-07-31T13:11:17+00:00","og_image":[{"width":600,"height":600,"url":"https:\/\/frudia.es\/wp-content\/uploads\/2023\/01\/0tf16657@1.jpg","type":"image\/jpeg"}],"twitter_card":"summary_large_image","twitter_misc":{"Tempo estimado de leitura":"1 minuto"},"schema":{"@context":"https:\/\/schema.org","@graph":[{"@type":"WebPage","@id":"https:\/\/frudia.es\/pt-pt\/producto\/air-mask-watery\/","url":"https:\/\/frudia.es\/pt-pt\/producto\/air-mask-watery\/","name":"AIR M\u00e1scara Watery\u00a0 - Frudia","isPartOf":{"@id":"https:\/\/frudia.es\/pt-pt\/#website"},"primaryImageOfPage":{"@id":"https:\/\/frudia.es\/pt-pt\/producto\/air-mask-watery\/#primaryimage"},"image":{"@id":"https:\/\/frudia.es\/pt-pt\/producto\/air-mask-watery\/#primaryimage"},"thumbnailUrl":"https:\/\/frudia.es\/wp-content\/uploads\/2023\/01\/0tf16657@1.jpg","datePublished":"2023-01-27T08:52:13+00:00","dateModified":"2024-07-31T13:11:17+00:00","breadcrumb":{"@id":"https:\/\/frudia.es\/pt-pt\/producto\/air-mask-watery\/#breadcrumb"},"inLanguage":"pt-PT","potentialAction":[{"@type":"ReadAction","target":["https:\/\/frudia.es\/pt-pt\/producto\/air-mask-watery\/"]}]},{"@type":"ImageObject","inLanguage":"pt-PT","@id":"https:\/\/frudia.es\/pt-pt\/producto\/air-mask-watery\/#primaryimage","url":"https:\/\/frudia.es\/wp-content\/uploads\/2023\/01\/0tf16657@1.jpg","contentUrl":"https:\/\/frudia.es\/wp-content\/uploads\/2023\/01\/0tf16657@1.jpg","width":600,"height":600},{"@type":"BreadcrumbList","@id":"https:\/\/frudia.es\/pt-pt\/producto\/air-mask-watery\/#breadcrumb","itemListElement":[{"@type":"ListItem","position":1,"name":"Portada","item":"https:\/\/frudia.es\/pt-pt\/"},{"@type":"ListItem","position":2,"name":"Tienda","item":"https:\/\/frudia.es\/en\/shop\/"},{"@type":"ListItem","position":3,"name":"AIR M\u00e1scara Watery\u00a0"}]},{"@type":"WebSite","@id":"https:\/\/frudia.es\/pt-pt\/#website","url":"https:\/\/frudia.es\/pt-pt\/","name":"Frudia","description":"La belleza est\u00e1 en las frutas","potentialAction":[{"@type":"SearchAction","target":{"@type":"EntryPoint","urlTemplate":"https:\/\/frudia.es\/pt-pt\/?s={search_term_string}"},"query-input":{"@type":"PropertyValueSpecification","valueRequired":true,"valueName":"search_term_string"}}],"inLanguage":"pt-PT"}]}},"_links":{"self":[{"href":"https:\/\/frudia.es\/pt-pt\/wp-json\/wp\/v2\/product\/21658","targetHints":{"allow":["GET"]}}],"collection":[{"href":"https:\/\/frudia.es\/pt-pt\/wp-json\/wp\/v2\/product"}],"about":[{"href":"https:\/\/frudia.es\/pt-pt\/wp-json\/wp\/v2\/types\/product"}],"replies":[{"embeddable":true,"href":"https:\/\/frudia.es\/pt-pt\/wp-json\/wp\/v2\/comments?post=21658"}],"wp:featuredmedia":[{"embeddable":true,"href":"https:\/\/frudia.es\/pt-pt\/wp-json\/wp\/v2\/media\/20247"}],"wp:attachment":[{"href":"https:\/\/frudia.es\/pt-pt\/wp-json\/wp\/v2\/media?parent=21658"}],"wp:term":[{"taxonomy":"product_brand","embeddable":true,"href":"https:\/\/frudia.es\/pt-pt\/wp-json\/wp\/v2\/product_brand?post=21658"},{"taxonomy":"product_cat","embeddable":true,"href":"https:\/\/frudia.es\/pt-pt\/wp-json\/wp\/v2\/product_cat?post=21658"},{"taxonomy":"product_tag","embeddable":true,"href":"https:\/\/frudia.es\/pt-pt\/wp-json\/wp\/v2\/product_tag?post=21658"}],"curies":[{"name":"wp","href":"https:\/\/api.w.org\/{rel}","templated":true}]}}