{"id":21660,"date":"2023-01-27T08:52:12","date_gmt":"2023-01-27T08:52:12","guid":{"rendered":"https:\/\/frudia.es\/producto\/avocado-mascarilla-calmante-2\/"},"modified":"2024-07-31T13:11:17","modified_gmt":"2024-07-31T13:11:17","slug":"avocado-mascarilla-calmante","status":"publish","type":"product","link":"https:\/\/frudia.es\/pt-pt\/producto\/avocado-mascarilla-calmante\/","title":{"rendered":"Avocado M\u00e1scara\n  Calmante\u00a0"},"content":{"rendered":"<h4>Modo de<br \/>\n  uso<\/h4>\n<p>1. Aplicar o t\u00f3nico ap\u00f3s a limpeza. 2. Abrir a<br \/>\n  embalagem e aplicar a m\u00e1scara, ajustando-a uniformemente ao rosto. 3) Deixar<br \/>\n  atuar durante 10-20 minutos. 4) Remover a m\u00e1scara e promover a absor\u00e7\u00e3o do<br \/>\n  produto restante com leves toques at\u00e9 que seja completamente<br \/>\n  absorvido.<\/p>\n<h4>Ingredientes<\/h4>\n<p>Water, Butylene<br \/>\n  Glycol, Glycereth-26, 1,2-Hexanediol, Persea Gratissima (Avocado) Fruit<br \/>\n  Extract, Panthenol, Ammonium Acryloyldimethyltaurate\/Beheneth-25 Methacrylate<br \/>\n  Crosspolymer, Glycerin, Caprylic\/Capric Triglyceride, Butyrospermum Parkii<br \/>\n  (Shea Butter), Olea Europaea (Olive) Fruit Oil, Polyglyceryl-10 Laurate,<br \/>\n  Portulaca Oleracea Extract, Hydrogenated Lecithin, Squalane, Allantoin,<br \/>\n  Disodium EDTA, Xanthan Gum, Madecassoside, Punica Granatum Fruit Extract,<br \/>\n  Citrus Aurantium Bergamia (Bergamot) Fruit Oil, Lavandula Hybrida Oil, Citrus<br \/>\n  Aurantium Dulcis (Orange) Peel Oil, Cupressus Sempervirens Leaf\/Nut\/Stem Oil,<br \/>\n  Juniperus Virginiana Oil, Ceramide 3, Cholesterol, Citrus Paradisi<br \/>\n  (Grapefruit) Peel Oil, Asiaticoside, Ethylhexylglycerin, Phytosphingosine,<br \/>\n  Aesculus Hippocastanum (Horse Chestnut) Extract, Centella Asiatica Extract,<br \/>\n  Camphor, Hamamelis Virginiana (Witch Hazel) Leaf Extract, Cocos Nucifera (Coconut)<br \/>\n  Oil, Madecassic Acid, Asiatic Acid, Leucine, Phenylalanine, Methionine,<br \/>\n  Lysine, Histidine, Isoleucine, Valine, Threonine, Camellia Sinensis Leaf Oil,<br \/>\n  Cinnamomum Camphora (Camphor) Bark Oil, Gardenia Tahitensis Flower,<br \/>\n  Tryptophan, Tocopherol, Chlorphenesin<\/p>\n","protected":false},"excerpt":{"rendered":"<p>Dada a sua elevada<br \/>\n  concentra\u00e7\u00e3o de extrato de abacate rico em amino\u00e1cidos, contribui para<br \/>\n  acalmar a pele sens\u00edvel e danificada. Esta m\u00e1scara apresenta uma excelente<br \/>\n  adesividade e \u00e9 constitu\u00edda por uma fibra natural bastante compat\u00edvel com a<br \/>\n  pele, contribuindo para uma eficaz absor\u00e7\u00e3o dos ingredientes ativos na pele.<br \/>\n  O abacate, chamado manteiga da floresta, refor\u00e7a a barreira cut\u00e2nea<br \/>\n  enfraquecida para a proteger da irrita\u00e7\u00e3o externa. Esta m\u00e1scara passou no<br \/>\n  teste de irrita\u00e7\u00e3o da pele, pelo que pode ser amplamente utilizada em pele<br \/>\n  sens\u00edvel.<\/p>\n","protected":false},"featured_media":20239,"comment_status":"closed","ping_status":"closed","template":"","meta":[],"product_brand":[],"product_cat":[716,743],"product_tag":[],"class_list":{"0":"post-21660","1":"product","2":"type-product","3":"status-publish","4":"has-post-thumbnail","6":"product_cat-avocado-pt-pt","7":"product_cat-mascara","9":"first","10":"instock","11":"shipping-taxable","12":"purchasable","13":"product-type-simple"},"yoast_head":"<!-- This site is optimized with the Yoast SEO plugin v27.2 - https:\/\/yoast.com\/product\/yoast-seo-wordpress\/ -->\n<title>Avocado M\u00e1scara  Calmante\u00a0 - Frudia<\/title>\n<meta name=\"robots\" content=\"index, follow, max-snippet:-1, max-image-preview:large, max-video-preview:-1\" \/>\n<link rel=\"canonical\" href=\"https:\/\/frudia.es\/pt-pt\/producto\/avocado-mascarilla-calmante\/\" \/>\n<meta property=\"og:locale\" content=\"pt_PT\" \/>\n<meta property=\"og:type\" content=\"article\" \/>\n<meta property=\"og:title\" content=\"Avocado M\u00e1scara  Calmante\u00a0 - Frudia\" \/>\n<meta property=\"og:description\" content=\"Dada a sua elevada  concentra\u00e7\u00e3o de extrato de abacate rico em amino\u00e1cidos, contribui para  acalmar a pele sens\u00edvel e danificada. Esta m\u00e1scara apresenta uma excelente  adesividade e \u00e9 constitu\u00edda por uma fibra natural bastante compat\u00edvel com a  pele, contribuindo para uma eficaz absor\u00e7\u00e3o dos ingredientes ativos na pele.  O abacate, chamado manteiga da floresta, refor\u00e7a a barreira cut\u00e2nea  enfraquecida para a proteger da irrita\u00e7\u00e3o externa. Esta m\u00e1scara passou no  teste de irrita\u00e7\u00e3o da pele, pelo que pode ser amplamente utilizada em pele  sens\u00edvel.\" \/>\n<meta property=\"og:url\" content=\"https:\/\/frudia.es\/pt-pt\/producto\/avocado-mascarilla-calmante\/\" \/>\n<meta property=\"og:site_name\" content=\"Frudia\" \/>\n<meta property=\"article:modified_time\" content=\"2024-07-31T13:11:17+00:00\" \/>\n<meta property=\"og:image\" content=\"https:\/\/frudia.es\/wp-content\/uploads\/2023\/01\/0tf17629@1.jpg\" \/>\n\t<meta property=\"og:image:width\" content=\"600\" \/>\n\t<meta property=\"og:image:height\" content=\"600\" \/>\n\t<meta property=\"og:image:type\" content=\"image\/jpeg\" \/>\n<meta name=\"twitter:card\" content=\"summary_large_image\" \/>\n<meta name=\"twitter:label1\" content=\"Tempo estimado de leitura\" \/>\n\t<meta name=\"twitter:data1\" content=\"1 minuto\" \/>\n<script type=\"application\/ld+json\" class=\"yoast-schema-graph\">{\"@context\":\"https:\/\/schema.org\",\"@graph\":[{\"@type\":\"WebPage\",\"@id\":\"https:\/\/frudia.es\/pt-pt\/producto\/avocado-mascarilla-calmante\/\",\"url\":\"https:\/\/frudia.es\/pt-pt\/producto\/avocado-mascarilla-calmante\/\",\"name\":\"Avocado M\u00e1scara Calmante\u00a0 - Frudia\",\"isPartOf\":{\"@id\":\"https:\/\/frudia.es\/pt-pt\/#website\"},\"primaryImageOfPage\":{\"@id\":\"https:\/\/frudia.es\/pt-pt\/producto\/avocado-mascarilla-calmante\/#primaryimage\"},\"image\":{\"@id\":\"https:\/\/frudia.es\/pt-pt\/producto\/avocado-mascarilla-calmante\/#primaryimage\"},\"thumbnailUrl\":\"https:\/\/frudia.es\/wp-content\/uploads\/2023\/01\/0tf17629@1.jpg\",\"datePublished\":\"2023-01-27T08:52:12+00:00\",\"dateModified\":\"2024-07-31T13:11:17+00:00\",\"breadcrumb\":{\"@id\":\"https:\/\/frudia.es\/pt-pt\/producto\/avocado-mascarilla-calmante\/#breadcrumb\"},\"inLanguage\":\"pt-PT\",\"potentialAction\":[{\"@type\":\"ReadAction\",\"target\":[\"https:\/\/frudia.es\/pt-pt\/producto\/avocado-mascarilla-calmante\/\"]}]},{\"@type\":\"ImageObject\",\"inLanguage\":\"pt-PT\",\"@id\":\"https:\/\/frudia.es\/pt-pt\/producto\/avocado-mascarilla-calmante\/#primaryimage\",\"url\":\"https:\/\/frudia.es\/wp-content\/uploads\/2023\/01\/0tf17629@1.jpg\",\"contentUrl\":\"https:\/\/frudia.es\/wp-content\/uploads\/2023\/01\/0tf17629@1.jpg\",\"width\":600,\"height\":600},{\"@type\":\"BreadcrumbList\",\"@id\":\"https:\/\/frudia.es\/pt-pt\/producto\/avocado-mascarilla-calmante\/#breadcrumb\",\"itemListElement\":[{\"@type\":\"ListItem\",\"position\":1,\"name\":\"Portada\",\"item\":\"https:\/\/frudia.es\/pt-pt\/\"},{\"@type\":\"ListItem\",\"position\":2,\"name\":\"Tienda\",\"item\":\"https:\/\/frudia.es\/en\/shop\/\"},{\"@type\":\"ListItem\",\"position\":3,\"name\":\"Avocado M\u00e1scara Calmante\u00a0\"}]},{\"@type\":\"WebSite\",\"@id\":\"https:\/\/frudia.es\/pt-pt\/#website\",\"url\":\"https:\/\/frudia.es\/pt-pt\/\",\"name\":\"Frudia\",\"description\":\"La belleza est\u00e1 en las frutas\",\"potentialAction\":[{\"@type\":\"SearchAction\",\"target\":{\"@type\":\"EntryPoint\",\"urlTemplate\":\"https:\/\/frudia.es\/pt-pt\/?s={search_term_string}\"},\"query-input\":{\"@type\":\"PropertyValueSpecification\",\"valueRequired\":true,\"valueName\":\"search_term_string\"}}],\"inLanguage\":\"pt-PT\"}]}<\/script>\n<!-- \/ Yoast SEO plugin. -->","yoast_head_json":{"title":"Avocado M\u00e1scara  Calmante\u00a0 - Frudia","robots":{"index":"index","follow":"follow","max-snippet":"max-snippet:-1","max-image-preview":"max-image-preview:large","max-video-preview":"max-video-preview:-1"},"canonical":"https:\/\/frudia.es\/pt-pt\/producto\/avocado-mascarilla-calmante\/","og_locale":"pt_PT","og_type":"article","og_title":"Avocado M\u00e1scara  Calmante\u00a0 - Frudia","og_description":"Dada a sua elevada  concentra\u00e7\u00e3o de extrato de abacate rico em amino\u00e1cidos, contribui para  acalmar a pele sens\u00edvel e danificada. Esta m\u00e1scara apresenta uma excelente  adesividade e \u00e9 constitu\u00edda por uma fibra natural bastante compat\u00edvel com a  pele, contribuindo para uma eficaz absor\u00e7\u00e3o dos ingredientes ativos na pele.  O abacate, chamado manteiga da floresta, refor\u00e7a a barreira cut\u00e2nea  enfraquecida para a proteger da irrita\u00e7\u00e3o externa. Esta m\u00e1scara passou no  teste de irrita\u00e7\u00e3o da pele, pelo que pode ser amplamente utilizada em pele  sens\u00edvel.","og_url":"https:\/\/frudia.es\/pt-pt\/producto\/avocado-mascarilla-calmante\/","og_site_name":"Frudia","article_modified_time":"2024-07-31T13:11:17+00:00","og_image":[{"width":600,"height":600,"url":"https:\/\/frudia.es\/wp-content\/uploads\/2023\/01\/0tf17629@1.jpg","type":"image\/jpeg"}],"twitter_card":"summary_large_image","twitter_misc":{"Tempo estimado de leitura":"1 minuto"},"schema":{"@context":"https:\/\/schema.org","@graph":[{"@type":"WebPage","@id":"https:\/\/frudia.es\/pt-pt\/producto\/avocado-mascarilla-calmante\/","url":"https:\/\/frudia.es\/pt-pt\/producto\/avocado-mascarilla-calmante\/","name":"Avocado M\u00e1scara Calmante\u00a0 - Frudia","isPartOf":{"@id":"https:\/\/frudia.es\/pt-pt\/#website"},"primaryImageOfPage":{"@id":"https:\/\/frudia.es\/pt-pt\/producto\/avocado-mascarilla-calmante\/#primaryimage"},"image":{"@id":"https:\/\/frudia.es\/pt-pt\/producto\/avocado-mascarilla-calmante\/#primaryimage"},"thumbnailUrl":"https:\/\/frudia.es\/wp-content\/uploads\/2023\/01\/0tf17629@1.jpg","datePublished":"2023-01-27T08:52:12+00:00","dateModified":"2024-07-31T13:11:17+00:00","breadcrumb":{"@id":"https:\/\/frudia.es\/pt-pt\/producto\/avocado-mascarilla-calmante\/#breadcrumb"},"inLanguage":"pt-PT","potentialAction":[{"@type":"ReadAction","target":["https:\/\/frudia.es\/pt-pt\/producto\/avocado-mascarilla-calmante\/"]}]},{"@type":"ImageObject","inLanguage":"pt-PT","@id":"https:\/\/frudia.es\/pt-pt\/producto\/avocado-mascarilla-calmante\/#primaryimage","url":"https:\/\/frudia.es\/wp-content\/uploads\/2023\/01\/0tf17629@1.jpg","contentUrl":"https:\/\/frudia.es\/wp-content\/uploads\/2023\/01\/0tf17629@1.jpg","width":600,"height":600},{"@type":"BreadcrumbList","@id":"https:\/\/frudia.es\/pt-pt\/producto\/avocado-mascarilla-calmante\/#breadcrumb","itemListElement":[{"@type":"ListItem","position":1,"name":"Portada","item":"https:\/\/frudia.es\/pt-pt\/"},{"@type":"ListItem","position":2,"name":"Tienda","item":"https:\/\/frudia.es\/en\/shop\/"},{"@type":"ListItem","position":3,"name":"Avocado M\u00e1scara Calmante\u00a0"}]},{"@type":"WebSite","@id":"https:\/\/frudia.es\/pt-pt\/#website","url":"https:\/\/frudia.es\/pt-pt\/","name":"Frudia","description":"La belleza est\u00e1 en las frutas","potentialAction":[{"@type":"SearchAction","target":{"@type":"EntryPoint","urlTemplate":"https:\/\/frudia.es\/pt-pt\/?s={search_term_string}"},"query-input":{"@type":"PropertyValueSpecification","valueRequired":true,"valueName":"search_term_string"}}],"inLanguage":"pt-PT"}]}},"_links":{"self":[{"href":"https:\/\/frudia.es\/pt-pt\/wp-json\/wp\/v2\/product\/21660","targetHints":{"allow":["GET"]}}],"collection":[{"href":"https:\/\/frudia.es\/pt-pt\/wp-json\/wp\/v2\/product"}],"about":[{"href":"https:\/\/frudia.es\/pt-pt\/wp-json\/wp\/v2\/types\/product"}],"replies":[{"embeddable":true,"href":"https:\/\/frudia.es\/pt-pt\/wp-json\/wp\/v2\/comments?post=21660"}],"wp:featuredmedia":[{"embeddable":true,"href":"https:\/\/frudia.es\/pt-pt\/wp-json\/wp\/v2\/media\/20239"}],"wp:attachment":[{"href":"https:\/\/frudia.es\/pt-pt\/wp-json\/wp\/v2\/media?parent=21660"}],"wp:term":[{"taxonomy":"product_brand","embeddable":true,"href":"https:\/\/frudia.es\/pt-pt\/wp-json\/wp\/v2\/product_brand?post=21660"},{"taxonomy":"product_cat","embeddable":true,"href":"https:\/\/frudia.es\/pt-pt\/wp-json\/wp\/v2\/product_cat?post=21660"},{"taxonomy":"product_tag","embeddable":true,"href":"https:\/\/frudia.es\/pt-pt\/wp-json\/wp\/v2\/product_tag?post=21660"}],"curies":[{"name":"wp","href":"https:\/\/api.w.org\/{rel}","templated":true}]}}