{"id":21662,"date":"2023-01-27T08:52:11","date_gmt":"2023-01-27T08:52:11","guid":{"rendered":"https:\/\/frudia.es\/producto\/green-grape-mascarilla-control-poros-2\/"},"modified":"2024-07-31T13:11:25","modified_gmt":"2024-07-31T13:11:25","slug":"green-grape-mascarilla-control-poros","status":"publish","type":"product","link":"https:\/\/frudia.es\/pt-pt\/producto\/green-grape-mascarilla-control-poros\/","title":{"rendered":"Green Grape M\u00e1scara\n  Control Poros\u00a0\u00a0"},"content":{"rendered":"<h4>Modo de<br \/>\n  uso<\/h4>\n<p>1. Aplicar o t\u00f3nico ap\u00f3s a limpeza. 2. Abrir a<br \/>\n  embalagem e aplicar a m\u00e1scara, ajustando-a uniformemente ao rosto. 3) Deixar<br \/>\n  atuar durante 10-20 minutos. 4) Remover a m\u00e1scara e promover a absor\u00e7\u00e3o do<br \/>\n  produto restante com leves toques at\u00e9 que seja completamente<br \/>\n  absorvido.<\/p>\n<h4>Ingredientes<\/h4>\n<p>Vitis Vinifera<br \/>\n  (Grape) Fruit Extract, Water, Methylpropanediol, Glycereth-26,<br \/>\n  1,2-Hexanediol, Betaine, Hydroxyethyl Acrylate\/Sodium Acryloyldimethyl<br \/>\n  Taurate Copolymer, Panthenol, PEG-60 Hydrogenated Castor Oil,<br \/>\n  Octyldodeceth-16, Allantoin, Xanthan Gum, Polysorbate 60, Sorbitan<br \/>\n  Isostearate, Glycerin, Butylene Glycol, Diospyros Kaki Leaf Extract,<br \/>\n  Gluconolactone, Tannic Acid, Carthamus Tinctorius (Safflower) Flower Extract,<br \/>\n  Coffea Arabica (Coffee) Seed Extract, Polygonum Cuspidatum Root Extract,<br \/>\n  Camellia Sinensis Leaf Extract, Castanea Crenata (Chestnut) Shell Extract,<br \/>\n  Zanthoxylum Piperitum Fruit Extract, Caprylic\/Capric Triglyceride, Soluble<br \/>\n  Collagen, Papain, Hydrogenated Lecithin, Oenothera Biennis (Evening Primrose)<br \/>\n  Flower Extract, Pinus Palustris Leaf Extract, Pueraria Lobata Root Extract,<br \/>\n  Ulmus Davidiana Root Extract, Ethylhexylglycerin, Phytosterols, Disodium<br \/>\n  EDTA, Chlorphenesin, Phenoxyethanol, Fragrance, Hexyl Cinnamal, Benzyl<br \/>\n  Salicylate, Linalool<\/p>\n","protected":false},"excerpt":{"rendered":"<p>Formulada com 60%<br \/>\n  de extrato de uvas verdes em vez de \u00e1gua pela sua riqueza em antioxidantes<br \/>\n  para refo\u00e7ar a barreira cut\u00e2nea e evitar a perda de \u00e1gua. Esta m\u00e1scara de<br \/>\n  controlo da apar\u00eancia de poros \u00e9 feita com fibra natural derivada de plantas<br \/>\n  para uma excelente adesividade que favorece uma absor\u00e7\u00e3o mais eficiente de<br \/>\n  princ\u00edpios ativos. Ajuda a manter um equil\u00edbrio perfeito de \u00e1gua e \u00f3leo para<br \/>\n  uma pele visivelmente mais suave e saud\u00e1vel.<\/p>\n","protected":false},"featured_media":20231,"comment_status":"closed","ping_status":"closed","template":"","meta":[],"product_brand":[],"product_cat":[750,743],"product_tag":[],"class_list":{"0":"post-21662","1":"product","2":"type-product","3":"status-publish","4":"has-post-thumbnail","6":"product_cat-green-grape-pt-pt","7":"product_cat-mascara","9":"first","10":"instock","11":"shipping-taxable","12":"purchasable","13":"product-type-simple"},"yoast_head":"<!-- This site is optimized with the Yoast SEO plugin v27.2 - https:\/\/yoast.com\/product\/yoast-seo-wordpress\/ -->\n<title>Green Grape M\u00e1scara  Control Poros\u00a0\u00a0 - Frudia<\/title>\n<meta name=\"robots\" content=\"index, follow, max-snippet:-1, max-image-preview:large, max-video-preview:-1\" \/>\n<link rel=\"canonical\" href=\"https:\/\/frudia.es\/pt-pt\/producto\/green-grape-mascarilla-control-poros\/\" \/>\n<meta property=\"og:locale\" content=\"pt_PT\" \/>\n<meta property=\"og:type\" content=\"article\" \/>\n<meta property=\"og:title\" content=\"Green Grape M\u00e1scara  Control Poros\u00a0\u00a0 - Frudia\" \/>\n<meta property=\"og:description\" content=\"Formulada com 60%  de extrato de uvas verdes em vez de \u00e1gua pela sua riqueza em antioxidantes  para refo\u00e7ar a barreira cut\u00e2nea e evitar a perda de \u00e1gua. Esta m\u00e1scara de  controlo da apar\u00eancia de poros \u00e9 feita com fibra natural derivada de plantas  para uma excelente adesividade que favorece uma absor\u00e7\u00e3o mais eficiente de  princ\u00edpios ativos. Ajuda a manter um equil\u00edbrio perfeito de \u00e1gua e \u00f3leo para  uma pele visivelmente mais suave e saud\u00e1vel.\" \/>\n<meta property=\"og:url\" content=\"https:\/\/frudia.es\/pt-pt\/producto\/green-grape-mascarilla-control-poros\/\" \/>\n<meta property=\"og:site_name\" content=\"Frudia\" \/>\n<meta property=\"article:modified_time\" content=\"2024-07-31T13:11:25+00:00\" \/>\n<meta property=\"og:image\" content=\"https:\/\/frudia.es\/wp-content\/uploads\/2023\/01\/0tf17628@1.jpg\" \/>\n\t<meta property=\"og:image:width\" content=\"600\" \/>\n\t<meta property=\"og:image:height\" content=\"600\" \/>\n\t<meta property=\"og:image:type\" content=\"image\/jpeg\" \/>\n<meta name=\"twitter:card\" content=\"summary_large_image\" \/>\n<meta name=\"twitter:label1\" content=\"Tempo estimado de leitura\" \/>\n\t<meta name=\"twitter:data1\" content=\"1 minuto\" \/>\n<script type=\"application\/ld+json\" class=\"yoast-schema-graph\">{\"@context\":\"https:\/\/schema.org\",\"@graph\":[{\"@type\":\"WebPage\",\"@id\":\"https:\/\/frudia.es\/pt-pt\/producto\/green-grape-mascarilla-control-poros\/\",\"url\":\"https:\/\/frudia.es\/pt-pt\/producto\/green-grape-mascarilla-control-poros\/\",\"name\":\"Green Grape M\u00e1scara Control Poros\u00a0\u00a0 - Frudia\",\"isPartOf\":{\"@id\":\"https:\/\/frudia.es\/pt-pt\/#website\"},\"primaryImageOfPage\":{\"@id\":\"https:\/\/frudia.es\/pt-pt\/producto\/green-grape-mascarilla-control-poros\/#primaryimage\"},\"image\":{\"@id\":\"https:\/\/frudia.es\/pt-pt\/producto\/green-grape-mascarilla-control-poros\/#primaryimage\"},\"thumbnailUrl\":\"https:\/\/frudia.es\/wp-content\/uploads\/2023\/01\/0tf17628@1.jpg\",\"datePublished\":\"2023-01-27T08:52:11+00:00\",\"dateModified\":\"2024-07-31T13:11:25+00:00\",\"breadcrumb\":{\"@id\":\"https:\/\/frudia.es\/pt-pt\/producto\/green-grape-mascarilla-control-poros\/#breadcrumb\"},\"inLanguage\":\"pt-PT\",\"potentialAction\":[{\"@type\":\"ReadAction\",\"target\":[\"https:\/\/frudia.es\/pt-pt\/producto\/green-grape-mascarilla-control-poros\/\"]}]},{\"@type\":\"ImageObject\",\"inLanguage\":\"pt-PT\",\"@id\":\"https:\/\/frudia.es\/pt-pt\/producto\/green-grape-mascarilla-control-poros\/#primaryimage\",\"url\":\"https:\/\/frudia.es\/wp-content\/uploads\/2023\/01\/0tf17628@1.jpg\",\"contentUrl\":\"https:\/\/frudia.es\/wp-content\/uploads\/2023\/01\/0tf17628@1.jpg\",\"width\":600,\"height\":600},{\"@type\":\"BreadcrumbList\",\"@id\":\"https:\/\/frudia.es\/pt-pt\/producto\/green-grape-mascarilla-control-poros\/#breadcrumb\",\"itemListElement\":[{\"@type\":\"ListItem\",\"position\":1,\"name\":\"Portada\",\"item\":\"https:\/\/frudia.es\/pt-pt\/\"},{\"@type\":\"ListItem\",\"position\":2,\"name\":\"Tienda\",\"item\":\"https:\/\/frudia.es\/en\/shop\/\"},{\"@type\":\"ListItem\",\"position\":3,\"name\":\"Green Grape M\u00e1scara Control Poros\u00a0\u00a0\"}]},{\"@type\":\"WebSite\",\"@id\":\"https:\/\/frudia.es\/pt-pt\/#website\",\"url\":\"https:\/\/frudia.es\/pt-pt\/\",\"name\":\"Frudia\",\"description\":\"La belleza est\u00e1 en las frutas\",\"potentialAction\":[{\"@type\":\"SearchAction\",\"target\":{\"@type\":\"EntryPoint\",\"urlTemplate\":\"https:\/\/frudia.es\/pt-pt\/?s={search_term_string}\"},\"query-input\":{\"@type\":\"PropertyValueSpecification\",\"valueRequired\":true,\"valueName\":\"search_term_string\"}}],\"inLanguage\":\"pt-PT\"}]}<\/script>\n<!-- \/ Yoast SEO plugin. -->","yoast_head_json":{"title":"Green Grape M\u00e1scara  Control Poros\u00a0\u00a0 - Frudia","robots":{"index":"index","follow":"follow","max-snippet":"max-snippet:-1","max-image-preview":"max-image-preview:large","max-video-preview":"max-video-preview:-1"},"canonical":"https:\/\/frudia.es\/pt-pt\/producto\/green-grape-mascarilla-control-poros\/","og_locale":"pt_PT","og_type":"article","og_title":"Green Grape M\u00e1scara  Control Poros\u00a0\u00a0 - Frudia","og_description":"Formulada com 60%  de extrato de uvas verdes em vez de \u00e1gua pela sua riqueza em antioxidantes  para refo\u00e7ar a barreira cut\u00e2nea e evitar a perda de \u00e1gua. Esta m\u00e1scara de  controlo da apar\u00eancia de poros \u00e9 feita com fibra natural derivada de plantas  para uma excelente adesividade que favorece uma absor\u00e7\u00e3o mais eficiente de  princ\u00edpios ativos. Ajuda a manter um equil\u00edbrio perfeito de \u00e1gua e \u00f3leo para  uma pele visivelmente mais suave e saud\u00e1vel.","og_url":"https:\/\/frudia.es\/pt-pt\/producto\/green-grape-mascarilla-control-poros\/","og_site_name":"Frudia","article_modified_time":"2024-07-31T13:11:25+00:00","og_image":[{"width":600,"height":600,"url":"https:\/\/frudia.es\/wp-content\/uploads\/2023\/01\/0tf17628@1.jpg","type":"image\/jpeg"}],"twitter_card":"summary_large_image","twitter_misc":{"Tempo estimado de leitura":"1 minuto"},"schema":{"@context":"https:\/\/schema.org","@graph":[{"@type":"WebPage","@id":"https:\/\/frudia.es\/pt-pt\/producto\/green-grape-mascarilla-control-poros\/","url":"https:\/\/frudia.es\/pt-pt\/producto\/green-grape-mascarilla-control-poros\/","name":"Green Grape M\u00e1scara Control Poros\u00a0\u00a0 - Frudia","isPartOf":{"@id":"https:\/\/frudia.es\/pt-pt\/#website"},"primaryImageOfPage":{"@id":"https:\/\/frudia.es\/pt-pt\/producto\/green-grape-mascarilla-control-poros\/#primaryimage"},"image":{"@id":"https:\/\/frudia.es\/pt-pt\/producto\/green-grape-mascarilla-control-poros\/#primaryimage"},"thumbnailUrl":"https:\/\/frudia.es\/wp-content\/uploads\/2023\/01\/0tf17628@1.jpg","datePublished":"2023-01-27T08:52:11+00:00","dateModified":"2024-07-31T13:11:25+00:00","breadcrumb":{"@id":"https:\/\/frudia.es\/pt-pt\/producto\/green-grape-mascarilla-control-poros\/#breadcrumb"},"inLanguage":"pt-PT","potentialAction":[{"@type":"ReadAction","target":["https:\/\/frudia.es\/pt-pt\/producto\/green-grape-mascarilla-control-poros\/"]}]},{"@type":"ImageObject","inLanguage":"pt-PT","@id":"https:\/\/frudia.es\/pt-pt\/producto\/green-grape-mascarilla-control-poros\/#primaryimage","url":"https:\/\/frudia.es\/wp-content\/uploads\/2023\/01\/0tf17628@1.jpg","contentUrl":"https:\/\/frudia.es\/wp-content\/uploads\/2023\/01\/0tf17628@1.jpg","width":600,"height":600},{"@type":"BreadcrumbList","@id":"https:\/\/frudia.es\/pt-pt\/producto\/green-grape-mascarilla-control-poros\/#breadcrumb","itemListElement":[{"@type":"ListItem","position":1,"name":"Portada","item":"https:\/\/frudia.es\/pt-pt\/"},{"@type":"ListItem","position":2,"name":"Tienda","item":"https:\/\/frudia.es\/en\/shop\/"},{"@type":"ListItem","position":3,"name":"Green Grape M\u00e1scara Control Poros\u00a0\u00a0"}]},{"@type":"WebSite","@id":"https:\/\/frudia.es\/pt-pt\/#website","url":"https:\/\/frudia.es\/pt-pt\/","name":"Frudia","description":"La belleza est\u00e1 en las frutas","potentialAction":[{"@type":"SearchAction","target":{"@type":"EntryPoint","urlTemplate":"https:\/\/frudia.es\/pt-pt\/?s={search_term_string}"},"query-input":{"@type":"PropertyValueSpecification","valueRequired":true,"valueName":"search_term_string"}}],"inLanguage":"pt-PT"}]}},"_links":{"self":[{"href":"https:\/\/frudia.es\/pt-pt\/wp-json\/wp\/v2\/product\/21662","targetHints":{"allow":["GET"]}}],"collection":[{"href":"https:\/\/frudia.es\/pt-pt\/wp-json\/wp\/v2\/product"}],"about":[{"href":"https:\/\/frudia.es\/pt-pt\/wp-json\/wp\/v2\/types\/product"}],"replies":[{"embeddable":true,"href":"https:\/\/frudia.es\/pt-pt\/wp-json\/wp\/v2\/comments?post=21662"}],"wp:featuredmedia":[{"embeddable":true,"href":"https:\/\/frudia.es\/pt-pt\/wp-json\/wp\/v2\/media\/20231"}],"wp:attachment":[{"href":"https:\/\/frudia.es\/pt-pt\/wp-json\/wp\/v2\/media?parent=21662"}],"wp:term":[{"taxonomy":"product_brand","embeddable":true,"href":"https:\/\/frudia.es\/pt-pt\/wp-json\/wp\/v2\/product_brand?post=21662"},{"taxonomy":"product_cat","embeddable":true,"href":"https:\/\/frudia.es\/pt-pt\/wp-json\/wp\/v2\/product_cat?post=21662"},{"taxonomy":"product_tag","embeddable":true,"href":"https:\/\/frudia.es\/pt-pt\/wp-json\/wp\/v2\/product_tag?post=21662"}],"curies":[{"name":"wp","href":"https:\/\/api.w.org\/{rel}","templated":true}]}}