{"id":21664,"date":"2023-01-27T08:52:10","date_gmt":"2023-01-27T08:52:10","guid":{"rendered":"https:\/\/frudia.es\/producto\/blueberry-mascarilla-hidratante-2\/"},"modified":"2024-07-31T13:11:25","modified_gmt":"2024-07-31T13:11:25","slug":"blueberry-mascarilla-hidratante","status":"publish","type":"product","link":"https:\/\/frudia.es\/pt-pt\/producto\/blueberry-mascarilla-hidratante\/","title":{"rendered":"Blueberry M\u00e1scara\n  Hidratante\u00a0"},"content":{"rendered":"<h4>Modo de<br \/>\n  uso<\/h4>\n<p>1. Aplicar o t\u00f3nico ap\u00f3s a limpeza. 2. Abrir a<br \/>\n  embalagem e aplicar a m\u00e1scara, ajustando-a uniformemente ao rosto. 3) Deixar<br \/>\n  atuar durante 10-20 minutos. 4) Remover a m\u00e1scara e promover a absor\u00e7\u00e3o do<br \/>\n  produto restante com leves toques at\u00e9 que seja completamente<br \/>\n  absorvido.<\/p>\n<h4>Ingredientes<\/h4>\n<p>Vaccinium<br \/>\n  Angustifolium (Blueberry) Fruit Extract, Water, Methylpropanediol,<br \/>\n  Glycereth-26, Betaine, 1,2-Hexanediol, Hydroxyethyl Acrylate\/Sodium Acryloyldimethyl<br \/>\n  Taurate Copolymer, Panthenol, Bis-PEG-18 Methyl Ether Dimethyl Silane, PEG-60<br \/>\n  Hydrogenated Castor Oil, Octyldodeceth-16, Xanthan Gum, Sorbitan Isostearate,<br \/>\n  Polysorbate 60, Allantoin, Coco-Caprylate\/Caprate, Glycerin, Butylene Glycol,<br \/>\n  Vitis Vinifera (Grape) Seed Oil, Prunus Armeniaca (Apricot) Kernel Oil,<br \/>\n  Caprylic\/Capric Triglyceride, Hydrogenated Lecithin, Solanum Lycopersicum<br \/>\n  (Tomato) Seed Oil, Punica Granatum Seed Oil, Mangifera Indica (Mango) Seed<br \/>\n  Oil, Citrus Paradisi (Grapefruit) Seed Oil, Selaginella Tamariscina Extract,<br \/>\n  Passiflora Incarnata Extract, Gypsophila Paniculata Root Extract,<br \/>\n  Butyrospermum Parkii (Shea) Butter Extract, Peucedanum Graveolens (Dill)<br \/>\n  Extract, Albizia Julibrissin Bark Extract, Phytosterols, Tocopherol, Disodium<br \/>\n  EDTA, Phenoxyethanol, Chlorphenesin, Fragrance<\/p>\n","protected":false},"excerpt":{"rendered":"<p>Formulada com 55%<br \/>\n  de extrato de mirtilos em vez de \u00e1gua para proporcionar hidrata\u00e7\u00e3o<br \/>\n  instant\u00e2nea e a longo prazo da pele seca e sob stress.<br \/>\n    Com fibras naturais derivadas de plantas para uma excelente adesividade<br \/>\n  para proporcionar uma penetra\u00e7\u00e3o mais eficiente de princ\u00edpios activos.<br \/>\n    Enriquecida com mirtilos com elevado teor em antioxidantes, esta m\u00e1scara de<br \/>\n  m\u00e1scara de absor\u00e7\u00e3o r\u00e1pida hidrata e nutre a pele para um aspeto saud\u00e1vel.<\/p>\n","protected":false},"featured_media":20223,"comment_status":"closed","ping_status":"closed","template":"","meta":[],"product_brand":[],"product_cat":[718,743],"product_tag":[],"class_list":{"0":"post-21664","1":"product","2":"type-product","3":"status-publish","4":"has-post-thumbnail","6":"product_cat-blueberry-pt-pt","7":"product_cat-mascara","9":"first","10":"instock","11":"shipping-taxable","12":"purchasable","13":"product-type-simple"},"yoast_head":"<!-- This site is optimized with the Yoast SEO plugin v27.2 - https:\/\/yoast.com\/product\/yoast-seo-wordpress\/ -->\n<title>Blueberry M\u00e1scara  Hidratante\u00a0 - Frudia<\/title>\n<meta name=\"robots\" content=\"index, follow, max-snippet:-1, max-image-preview:large, max-video-preview:-1\" \/>\n<link rel=\"canonical\" href=\"https:\/\/frudia.es\/pt-pt\/producto\/blueberry-mascarilla-hidratante\/\" \/>\n<meta property=\"og:locale\" content=\"pt_PT\" \/>\n<meta property=\"og:type\" content=\"article\" \/>\n<meta property=\"og:title\" content=\"Blueberry M\u00e1scara  Hidratante\u00a0 - Frudia\" \/>\n<meta property=\"og:description\" content=\"Formulada com 55%  de extrato de mirtilos em vez de \u00e1gua para proporcionar hidrata\u00e7\u00e3o  instant\u00e2nea e a longo prazo da pele seca e sob stress.   Com fibras naturais derivadas de plantas para uma excelente adesividade  para proporcionar uma penetra\u00e7\u00e3o mais eficiente de princ\u00edpios activos.   Enriquecida com mirtilos com elevado teor em antioxidantes, esta m\u00e1scara de  m\u00e1scara de absor\u00e7\u00e3o r\u00e1pida hidrata e nutre a pele para um aspeto saud\u00e1vel.\" \/>\n<meta property=\"og:url\" content=\"https:\/\/frudia.es\/pt-pt\/producto\/blueberry-mascarilla-hidratante\/\" \/>\n<meta property=\"og:site_name\" content=\"Frudia\" \/>\n<meta property=\"article:modified_time\" content=\"2024-07-31T13:11:25+00:00\" \/>\n<meta property=\"og:image\" content=\"https:\/\/frudia.es\/wp-content\/uploads\/2023\/01\/0tf17626@1.jpg\" \/>\n\t<meta property=\"og:image:width\" content=\"600\" \/>\n\t<meta property=\"og:image:height\" content=\"600\" \/>\n\t<meta property=\"og:image:type\" content=\"image\/jpeg\" \/>\n<meta name=\"twitter:card\" content=\"summary_large_image\" \/>\n<meta name=\"twitter:label1\" content=\"Tempo estimado de leitura\" \/>\n\t<meta name=\"twitter:data1\" content=\"1 minuto\" \/>\n<script type=\"application\/ld+json\" class=\"yoast-schema-graph\">{\"@context\":\"https:\/\/schema.org\",\"@graph\":[{\"@type\":\"WebPage\",\"@id\":\"https:\/\/frudia.es\/pt-pt\/producto\/blueberry-mascarilla-hidratante\/\",\"url\":\"https:\/\/frudia.es\/pt-pt\/producto\/blueberry-mascarilla-hidratante\/\",\"name\":\"Blueberry M\u00e1scara Hidratante\u00a0 - Frudia\",\"isPartOf\":{\"@id\":\"https:\/\/frudia.es\/pt-pt\/#website\"},\"primaryImageOfPage\":{\"@id\":\"https:\/\/frudia.es\/pt-pt\/producto\/blueberry-mascarilla-hidratante\/#primaryimage\"},\"image\":{\"@id\":\"https:\/\/frudia.es\/pt-pt\/producto\/blueberry-mascarilla-hidratante\/#primaryimage\"},\"thumbnailUrl\":\"https:\/\/frudia.es\/wp-content\/uploads\/2023\/01\/0tf17626@1.jpg\",\"datePublished\":\"2023-01-27T08:52:10+00:00\",\"dateModified\":\"2024-07-31T13:11:25+00:00\",\"breadcrumb\":{\"@id\":\"https:\/\/frudia.es\/pt-pt\/producto\/blueberry-mascarilla-hidratante\/#breadcrumb\"},\"inLanguage\":\"pt-PT\",\"potentialAction\":[{\"@type\":\"ReadAction\",\"target\":[\"https:\/\/frudia.es\/pt-pt\/producto\/blueberry-mascarilla-hidratante\/\"]}]},{\"@type\":\"ImageObject\",\"inLanguage\":\"pt-PT\",\"@id\":\"https:\/\/frudia.es\/pt-pt\/producto\/blueberry-mascarilla-hidratante\/#primaryimage\",\"url\":\"https:\/\/frudia.es\/wp-content\/uploads\/2023\/01\/0tf17626@1.jpg\",\"contentUrl\":\"https:\/\/frudia.es\/wp-content\/uploads\/2023\/01\/0tf17626@1.jpg\",\"width\":600,\"height\":600},{\"@type\":\"BreadcrumbList\",\"@id\":\"https:\/\/frudia.es\/pt-pt\/producto\/blueberry-mascarilla-hidratante\/#breadcrumb\",\"itemListElement\":[{\"@type\":\"ListItem\",\"position\":1,\"name\":\"Portada\",\"item\":\"https:\/\/frudia.es\/pt-pt\/\"},{\"@type\":\"ListItem\",\"position\":2,\"name\":\"Tienda\",\"item\":\"https:\/\/frudia.es\/en\/shop\/\"},{\"@type\":\"ListItem\",\"position\":3,\"name\":\"Blueberry M\u00e1scara Hidratante\u00a0\"}]},{\"@type\":\"WebSite\",\"@id\":\"https:\/\/frudia.es\/pt-pt\/#website\",\"url\":\"https:\/\/frudia.es\/pt-pt\/\",\"name\":\"Frudia\",\"description\":\"La belleza est\u00e1 en las frutas\",\"potentialAction\":[{\"@type\":\"SearchAction\",\"target\":{\"@type\":\"EntryPoint\",\"urlTemplate\":\"https:\/\/frudia.es\/pt-pt\/?s={search_term_string}\"},\"query-input\":{\"@type\":\"PropertyValueSpecification\",\"valueRequired\":true,\"valueName\":\"search_term_string\"}}],\"inLanguage\":\"pt-PT\"}]}<\/script>\n<!-- \/ Yoast SEO plugin. -->","yoast_head_json":{"title":"Blueberry M\u00e1scara  Hidratante\u00a0 - Frudia","robots":{"index":"index","follow":"follow","max-snippet":"max-snippet:-1","max-image-preview":"max-image-preview:large","max-video-preview":"max-video-preview:-1"},"canonical":"https:\/\/frudia.es\/pt-pt\/producto\/blueberry-mascarilla-hidratante\/","og_locale":"pt_PT","og_type":"article","og_title":"Blueberry M\u00e1scara  Hidratante\u00a0 - Frudia","og_description":"Formulada com 55%  de extrato de mirtilos em vez de \u00e1gua para proporcionar hidrata\u00e7\u00e3o  instant\u00e2nea e a longo prazo da pele seca e sob stress.   Com fibras naturais derivadas de plantas para uma excelente adesividade  para proporcionar uma penetra\u00e7\u00e3o mais eficiente de princ\u00edpios activos.   Enriquecida com mirtilos com elevado teor em antioxidantes, esta m\u00e1scara de  m\u00e1scara de absor\u00e7\u00e3o r\u00e1pida hidrata e nutre a pele para um aspeto saud\u00e1vel.","og_url":"https:\/\/frudia.es\/pt-pt\/producto\/blueberry-mascarilla-hidratante\/","og_site_name":"Frudia","article_modified_time":"2024-07-31T13:11:25+00:00","og_image":[{"width":600,"height":600,"url":"https:\/\/frudia.es\/wp-content\/uploads\/2023\/01\/0tf17626@1.jpg","type":"image\/jpeg"}],"twitter_card":"summary_large_image","twitter_misc":{"Tempo estimado de leitura":"1 minuto"},"schema":{"@context":"https:\/\/schema.org","@graph":[{"@type":"WebPage","@id":"https:\/\/frudia.es\/pt-pt\/producto\/blueberry-mascarilla-hidratante\/","url":"https:\/\/frudia.es\/pt-pt\/producto\/blueberry-mascarilla-hidratante\/","name":"Blueberry M\u00e1scara Hidratante\u00a0 - Frudia","isPartOf":{"@id":"https:\/\/frudia.es\/pt-pt\/#website"},"primaryImageOfPage":{"@id":"https:\/\/frudia.es\/pt-pt\/producto\/blueberry-mascarilla-hidratante\/#primaryimage"},"image":{"@id":"https:\/\/frudia.es\/pt-pt\/producto\/blueberry-mascarilla-hidratante\/#primaryimage"},"thumbnailUrl":"https:\/\/frudia.es\/wp-content\/uploads\/2023\/01\/0tf17626@1.jpg","datePublished":"2023-01-27T08:52:10+00:00","dateModified":"2024-07-31T13:11:25+00:00","breadcrumb":{"@id":"https:\/\/frudia.es\/pt-pt\/producto\/blueberry-mascarilla-hidratante\/#breadcrumb"},"inLanguage":"pt-PT","potentialAction":[{"@type":"ReadAction","target":["https:\/\/frudia.es\/pt-pt\/producto\/blueberry-mascarilla-hidratante\/"]}]},{"@type":"ImageObject","inLanguage":"pt-PT","@id":"https:\/\/frudia.es\/pt-pt\/producto\/blueberry-mascarilla-hidratante\/#primaryimage","url":"https:\/\/frudia.es\/wp-content\/uploads\/2023\/01\/0tf17626@1.jpg","contentUrl":"https:\/\/frudia.es\/wp-content\/uploads\/2023\/01\/0tf17626@1.jpg","width":600,"height":600},{"@type":"BreadcrumbList","@id":"https:\/\/frudia.es\/pt-pt\/producto\/blueberry-mascarilla-hidratante\/#breadcrumb","itemListElement":[{"@type":"ListItem","position":1,"name":"Portada","item":"https:\/\/frudia.es\/pt-pt\/"},{"@type":"ListItem","position":2,"name":"Tienda","item":"https:\/\/frudia.es\/en\/shop\/"},{"@type":"ListItem","position":3,"name":"Blueberry M\u00e1scara Hidratante\u00a0"}]},{"@type":"WebSite","@id":"https:\/\/frudia.es\/pt-pt\/#website","url":"https:\/\/frudia.es\/pt-pt\/","name":"Frudia","description":"La belleza est\u00e1 en las frutas","potentialAction":[{"@type":"SearchAction","target":{"@type":"EntryPoint","urlTemplate":"https:\/\/frudia.es\/pt-pt\/?s={search_term_string}"},"query-input":{"@type":"PropertyValueSpecification","valueRequired":true,"valueName":"search_term_string"}}],"inLanguage":"pt-PT"}]}},"_links":{"self":[{"href":"https:\/\/frudia.es\/pt-pt\/wp-json\/wp\/v2\/product\/21664","targetHints":{"allow":["GET"]}}],"collection":[{"href":"https:\/\/frudia.es\/pt-pt\/wp-json\/wp\/v2\/product"}],"about":[{"href":"https:\/\/frudia.es\/pt-pt\/wp-json\/wp\/v2\/types\/product"}],"replies":[{"embeddable":true,"href":"https:\/\/frudia.es\/pt-pt\/wp-json\/wp\/v2\/comments?post=21664"}],"wp:featuredmedia":[{"embeddable":true,"href":"https:\/\/frudia.es\/pt-pt\/wp-json\/wp\/v2\/media\/20223"}],"wp:attachment":[{"href":"https:\/\/frudia.es\/pt-pt\/wp-json\/wp\/v2\/media?parent=21664"}],"wp:term":[{"taxonomy":"product_brand","embeddable":true,"href":"https:\/\/frudia.es\/pt-pt\/wp-json\/wp\/v2\/product_brand?post=21664"},{"taxonomy":"product_cat","embeddable":true,"href":"https:\/\/frudia.es\/pt-pt\/wp-json\/wp\/v2\/product_cat?post=21664"},{"taxonomy":"product_tag","embeddable":true,"href":"https:\/\/frudia.es\/pt-pt\/wp-json\/wp\/v2\/product_tag?post=21664"}],"curies":[{"name":"wp","href":"https:\/\/api.w.org\/{rel}","templated":true}]}}