{"id":21665,"date":"2023-01-27T08:52:10","date_gmt":"2023-01-27T08:52:10","guid":{"rendered":"https:\/\/frudia.es\/producto\/avocado-limpiador-intimo-calmante-2\/"},"modified":"2024-07-31T13:11:25","modified_gmt":"2024-07-31T13:11:25","slug":"avocado-limpiador-intimo-calmante","status":"publish","type":"product","link":"https:\/\/frudia.es\/pt-pt\/producto\/avocado-limpiador-intimo-calmante\/","title":{"rendered":"Avocado Gel de\n  Limpeza Calmante\u00a0"},"content":{"rendered":"<h4>Modo de<br \/>\n  uso<\/h4>\n<p>Bombeie o conte\u00fado 2-3 vezes na sua m\u00e3o e aplique na<br \/>\n  zona \u00edntima. Enxaguar com \u00e1gua abundante. Utilizar menos de 3 vezes por<br \/>\n  dia.<\/p>\n<h4>Ingredientes<\/h4>\n<p>Water, Butylene<br \/>\n  Glycol, Persea Gratissima (Avocado) Fruit Extract, Cocamidopropyl<br \/>\n  Hydroxysultaine, Coco-Betaine, Polyglyceryl-10 Laurate, Sodium Lauroyl Oat<br \/>\n  Amino Acids, Sodium Cocoyl Apple Amino Acids, Citric Acid, Sodium Citrate,<br \/>\n  Punica Granatum Fruit Extract, Illicium Verum (Anise) Fruit Extract, Hexylene<br \/>\n  Glycol, Caprylic\/Capric Triglyceride, Allantoin, Lactobacillus Ferment<br \/>\n  Lysate, Panthenol, Trehalose, Madecassoside, Aesculus Hippocastanum (Horse<br \/>\n  Chestnut) Extract, Glycerin, Centella Asiatica Extract, Camellia Sinensis<br \/>\n  Leaf Oil, Cinnamomum Camphora (Camphor) Bark Oil, Asiaticoside, Hamamelis<br \/>\n  Virginiana (Witch Hazel) Leaf Extract, Madecassic Acid, Asiatic Acid,<br \/>\n  Leucine, Phenylalanine, Methionine, Lysine, Histidine, Isoleucine, Valine,<br \/>\n  Threonine, Tryptophan, Disodium EDTA, Tetrasodium Glutamate Diacetate,<br \/>\n  Caprylyl Glycol, 1,2-Hexanediol, Ethylhexylglycerin, Citrus Aurantium<br \/>\n  Bergamia (Bergamot) Fruit Oil, Lavandula Hybrida Oil, Juniperus Virginiana<br \/>\n  Oil, Cupressus Sempervirens Leaf\/Nut\/Stem Oil, Citrus Aurantium Dulcis<br \/>\n  (Orange) Peel Oil, Citrus Paradisi (Grapefruit) Peel Oil, Limonene<\/p>\n","protected":false},"excerpt":{"rendered":"<p>Os extratos de<br \/>\n  abacate ricos em amino\u00e1cidos e bolhas suaves com pH \u00e1cido contendo 90% de<br \/>\n  componentes naturais mant\u00eam a regi\u00e3o \u00edntima saud\u00e1vel e limpa quando aplicados<br \/>\n  suavemente na pele h\u00famida. Ingredientes vegetais incluindo complexo verde de<br \/>\n  jeju e madecassoside ajudam a suavizar a pele sens\u00edvel e a sua fragr\u00e2ncia<br \/>\n  elimina o odor desagrad\u00e1vel para uma sensa\u00e7\u00e3o refrescante. O produto de<br \/>\n  limpeza feminino Acidulous Careefree, rico em nutrientes do superalimento que<br \/>\n  \u00e9 o abacate, passou no teste de irrita\u00e7\u00e3o cut\u00e2nea, pelo que pode ser<br \/>\n  utilizado em peles sens\u00edveis.<br \/>\n    + EWG Green Rating F\u00f3rmula adequada para peles sens\u00edveis.<br \/>\n    + Ingrediente de limpeza natural e refrescante para elimina\u00e7\u00e3o do odor<br \/>\n  desagrad\u00e1vel.<br \/>\n    + Equil\u00edbrio do pH para prote\u00e7\u00e3o de agress\u00f5es externas, mantendo a acidez<br \/>\n  ideal da zona \u00edntima.<\/p>\n","protected":false},"featured_media":20219,"comment_status":"closed","ping_status":"closed","template":"","meta":[],"product_brand":[],"product_cat":[716,747],"product_tag":[],"class_list":{"0":"post-21665","1":"product","2":"type-product","3":"status-publish","4":"has-post-thumbnail","6":"product_cat-avocado-pt-pt","7":"product_cat-intimo-pt-pt","9":"first","10":"instock","11":"shipping-taxable","12":"purchasable","13":"product-type-simple"},"yoast_head":"<!-- This site is optimized with the Yoast SEO plugin v27.5 - https:\/\/yoast.com\/product\/yoast-seo-wordpress\/ -->\n<title>Avocado Gel de  Limpeza Calmante\u00a0 - Frudia<\/title>\n<meta name=\"robots\" content=\"index, follow, max-snippet:-1, max-image-preview:large, max-video-preview:-1\" \/>\n<link rel=\"canonical\" href=\"https:\/\/frudia.es\/pt-pt\/producto\/avocado-limpiador-intimo-calmante\/\" \/>\n<meta property=\"og:locale\" content=\"pt_PT\" \/>\n<meta property=\"og:type\" content=\"article\" \/>\n<meta property=\"og:title\" content=\"Avocado Gel de  Limpeza Calmante\u00a0 - Frudia\" \/>\n<meta property=\"og:description\" content=\"Os extratos de  abacate ricos em amino\u00e1cidos e bolhas suaves com pH \u00e1cido contendo 90% de  componentes naturais mant\u00eam a regi\u00e3o \u00edntima saud\u00e1vel e limpa quando aplicados  suavemente na pele h\u00famida. Ingredientes vegetais incluindo complexo verde de  jeju e madecassoside ajudam a suavizar a pele sens\u00edvel e a sua fragr\u00e2ncia  elimina o odor desagrad\u00e1vel para uma sensa\u00e7\u00e3o refrescante. O produto de  limpeza feminino Acidulous Careefree, rico em nutrientes do superalimento que  \u00e9 o abacate, passou no teste de irrita\u00e7\u00e3o cut\u00e2nea, pelo que pode ser  utilizado em peles sens\u00edveis.   + EWG Green Rating F\u00f3rmula adequada para peles sens\u00edveis.   + Ingrediente de limpeza natural e refrescante para elimina\u00e7\u00e3o do odor  desagrad\u00e1vel.   + Equil\u00edbrio do pH para prote\u00e7\u00e3o de agress\u00f5es externas, mantendo a acidez  ideal da zona \u00edntima.\" \/>\n<meta property=\"og:url\" content=\"https:\/\/frudia.es\/pt-pt\/producto\/avocado-limpiador-intimo-calmante\/\" \/>\n<meta property=\"og:site_name\" content=\"Frudia\" \/>\n<meta property=\"article:modified_time\" content=\"2024-07-31T13:11:25+00:00\" \/>\n<meta property=\"og:image\" content=\"https:\/\/frudia.es\/wp-content\/uploads\/2023\/01\/ffdcwcavcsw@2.jpg\" \/>\n\t<meta property=\"og:image:width\" content=\"800\" \/>\n\t<meta property=\"og:image:height\" content=\"800\" \/>\n\t<meta property=\"og:image:type\" content=\"image\/jpeg\" \/>\n<meta name=\"twitter:card\" content=\"summary_large_image\" \/>\n<meta name=\"twitter:label1\" content=\"Tempo estimado de leitura\" \/>\n\t<meta name=\"twitter:data1\" content=\"1 minuto\" \/>\n<script type=\"application\/ld+json\" class=\"yoast-schema-graph\">{\"@context\":\"https:\\\/\\\/schema.org\",\"@graph\":[{\"@type\":\"WebPage\",\"@id\":\"https:\\\/\\\/frudia.es\\\/pt-pt\\\/producto\\\/avocado-limpiador-intimo-calmante\\\/\",\"url\":\"https:\\\/\\\/frudia.es\\\/pt-pt\\\/producto\\\/avocado-limpiador-intimo-calmante\\\/\",\"name\":\"Avocado Gel de Limpeza Calmante\u00a0 - Frudia\",\"isPartOf\":{\"@id\":\"https:\\\/\\\/frudia.es\\\/pt-pt\\\/#website\"},\"primaryImageOfPage\":{\"@id\":\"https:\\\/\\\/frudia.es\\\/pt-pt\\\/producto\\\/avocado-limpiador-intimo-calmante\\\/#primaryimage\"},\"image\":{\"@id\":\"https:\\\/\\\/frudia.es\\\/pt-pt\\\/producto\\\/avocado-limpiador-intimo-calmante\\\/#primaryimage\"},\"thumbnailUrl\":\"https:\\\/\\\/frudia.es\\\/wp-content\\\/uploads\\\/2023\\\/01\\\/ffdcwcavcsw@2.jpg\",\"datePublished\":\"2023-01-27T08:52:10+00:00\",\"dateModified\":\"2024-07-31T13:11:25+00:00\",\"breadcrumb\":{\"@id\":\"https:\\\/\\\/frudia.es\\\/pt-pt\\\/producto\\\/avocado-limpiador-intimo-calmante\\\/#breadcrumb\"},\"inLanguage\":\"pt-PT\",\"potentialAction\":[{\"@type\":\"ReadAction\",\"target\":[\"https:\\\/\\\/frudia.es\\\/pt-pt\\\/producto\\\/avocado-limpiador-intimo-calmante\\\/\"]}]},{\"@type\":\"ImageObject\",\"inLanguage\":\"pt-PT\",\"@id\":\"https:\\\/\\\/frudia.es\\\/pt-pt\\\/producto\\\/avocado-limpiador-intimo-calmante\\\/#primaryimage\",\"url\":\"https:\\\/\\\/frudia.es\\\/wp-content\\\/uploads\\\/2023\\\/01\\\/ffdcwcavcsw@2.jpg\",\"contentUrl\":\"https:\\\/\\\/frudia.es\\\/wp-content\\\/uploads\\\/2023\\\/01\\\/ffdcwcavcsw@2.jpg\",\"width\":800,\"height\":800},{\"@type\":\"BreadcrumbList\",\"@id\":\"https:\\\/\\\/frudia.es\\\/pt-pt\\\/producto\\\/avocado-limpiador-intimo-calmante\\\/#breadcrumb\",\"itemListElement\":[{\"@type\":\"ListItem\",\"position\":1,\"name\":\"Portada\",\"item\":\"https:\\\/\\\/frudia.es\\\/pt-pt\\\/\"},{\"@type\":\"ListItem\",\"position\":2,\"name\":\"Tienda\",\"item\":\"https:\\\/\\\/frudia.es\\\/en\\\/shop\\\/\"},{\"@type\":\"ListItem\",\"position\":3,\"name\":\"Avocado Gel de Limpeza Calmante\u00a0\"}]},{\"@type\":\"WebSite\",\"@id\":\"https:\\\/\\\/frudia.es\\\/pt-pt\\\/#website\",\"url\":\"https:\\\/\\\/frudia.es\\\/pt-pt\\\/\",\"name\":\"Frudia\",\"description\":\"La belleza est\u00e1 en las frutas\",\"potentialAction\":[{\"@type\":\"SearchAction\",\"target\":{\"@type\":\"EntryPoint\",\"urlTemplate\":\"https:\\\/\\\/frudia.es\\\/pt-pt\\\/?s={search_term_string}\"},\"query-input\":{\"@type\":\"PropertyValueSpecification\",\"valueRequired\":true,\"valueName\":\"search_term_string\"}}],\"inLanguage\":\"pt-PT\"}]}<\/script>\n<!-- \/ Yoast SEO plugin. -->","yoast_head_json":{"title":"Avocado Gel de  Limpeza Calmante\u00a0 - Frudia","robots":{"index":"index","follow":"follow","max-snippet":"max-snippet:-1","max-image-preview":"max-image-preview:large","max-video-preview":"max-video-preview:-1"},"canonical":"https:\/\/frudia.es\/pt-pt\/producto\/avocado-limpiador-intimo-calmante\/","og_locale":"pt_PT","og_type":"article","og_title":"Avocado Gel de  Limpeza Calmante\u00a0 - Frudia","og_description":"Os extratos de  abacate ricos em amino\u00e1cidos e bolhas suaves com pH \u00e1cido contendo 90% de  componentes naturais mant\u00eam a regi\u00e3o \u00edntima saud\u00e1vel e limpa quando aplicados  suavemente na pele h\u00famida. Ingredientes vegetais incluindo complexo verde de  jeju e madecassoside ajudam a suavizar a pele sens\u00edvel e a sua fragr\u00e2ncia  elimina o odor desagrad\u00e1vel para uma sensa\u00e7\u00e3o refrescante. O produto de  limpeza feminino Acidulous Careefree, rico em nutrientes do superalimento que  \u00e9 o abacate, passou no teste de irrita\u00e7\u00e3o cut\u00e2nea, pelo que pode ser  utilizado em peles sens\u00edveis.   + EWG Green Rating F\u00f3rmula adequada para peles sens\u00edveis.   + Ingrediente de limpeza natural e refrescante para elimina\u00e7\u00e3o do odor  desagrad\u00e1vel.   + Equil\u00edbrio do pH para prote\u00e7\u00e3o de agress\u00f5es externas, mantendo a acidez  ideal da zona \u00edntima.","og_url":"https:\/\/frudia.es\/pt-pt\/producto\/avocado-limpiador-intimo-calmante\/","og_site_name":"Frudia","article_modified_time":"2024-07-31T13:11:25+00:00","og_image":[{"width":800,"height":800,"url":"https:\/\/frudia.es\/wp-content\/uploads\/2023\/01\/ffdcwcavcsw@2.jpg","type":"image\/jpeg"}],"twitter_card":"summary_large_image","twitter_misc":{"Tempo estimado de leitura":"1 minuto"},"schema":{"@context":"https:\/\/schema.org","@graph":[{"@type":"WebPage","@id":"https:\/\/frudia.es\/pt-pt\/producto\/avocado-limpiador-intimo-calmante\/","url":"https:\/\/frudia.es\/pt-pt\/producto\/avocado-limpiador-intimo-calmante\/","name":"Avocado Gel de Limpeza Calmante\u00a0 - Frudia","isPartOf":{"@id":"https:\/\/frudia.es\/pt-pt\/#website"},"primaryImageOfPage":{"@id":"https:\/\/frudia.es\/pt-pt\/producto\/avocado-limpiador-intimo-calmante\/#primaryimage"},"image":{"@id":"https:\/\/frudia.es\/pt-pt\/producto\/avocado-limpiador-intimo-calmante\/#primaryimage"},"thumbnailUrl":"https:\/\/frudia.es\/wp-content\/uploads\/2023\/01\/ffdcwcavcsw@2.jpg","datePublished":"2023-01-27T08:52:10+00:00","dateModified":"2024-07-31T13:11:25+00:00","breadcrumb":{"@id":"https:\/\/frudia.es\/pt-pt\/producto\/avocado-limpiador-intimo-calmante\/#breadcrumb"},"inLanguage":"pt-PT","potentialAction":[{"@type":"ReadAction","target":["https:\/\/frudia.es\/pt-pt\/producto\/avocado-limpiador-intimo-calmante\/"]}]},{"@type":"ImageObject","inLanguage":"pt-PT","@id":"https:\/\/frudia.es\/pt-pt\/producto\/avocado-limpiador-intimo-calmante\/#primaryimage","url":"https:\/\/frudia.es\/wp-content\/uploads\/2023\/01\/ffdcwcavcsw@2.jpg","contentUrl":"https:\/\/frudia.es\/wp-content\/uploads\/2023\/01\/ffdcwcavcsw@2.jpg","width":800,"height":800},{"@type":"BreadcrumbList","@id":"https:\/\/frudia.es\/pt-pt\/producto\/avocado-limpiador-intimo-calmante\/#breadcrumb","itemListElement":[{"@type":"ListItem","position":1,"name":"Portada","item":"https:\/\/frudia.es\/pt-pt\/"},{"@type":"ListItem","position":2,"name":"Tienda","item":"https:\/\/frudia.es\/en\/shop\/"},{"@type":"ListItem","position":3,"name":"Avocado Gel de Limpeza Calmante\u00a0"}]},{"@type":"WebSite","@id":"https:\/\/frudia.es\/pt-pt\/#website","url":"https:\/\/frudia.es\/pt-pt\/","name":"Frudia","description":"La belleza est\u00e1 en las frutas","potentialAction":[{"@type":"SearchAction","target":{"@type":"EntryPoint","urlTemplate":"https:\/\/frudia.es\/pt-pt\/?s={search_term_string}"},"query-input":{"@type":"PropertyValueSpecification","valueRequired":true,"valueName":"search_term_string"}}],"inLanguage":"pt-PT"}]}},"_links":{"self":[{"href":"https:\/\/frudia.es\/pt-pt\/wp-json\/wp\/v2\/product\/21665","targetHints":{"allow":["GET"]}}],"collection":[{"href":"https:\/\/frudia.es\/pt-pt\/wp-json\/wp\/v2\/product"}],"about":[{"href":"https:\/\/frudia.es\/pt-pt\/wp-json\/wp\/v2\/types\/product"}],"replies":[{"embeddable":true,"href":"https:\/\/frudia.es\/pt-pt\/wp-json\/wp\/v2\/comments?post=21665"}],"wp:featuredmedia":[{"embeddable":true,"href":"https:\/\/frudia.es\/pt-pt\/wp-json\/wp\/v2\/media\/20219"}],"wp:attachment":[{"href":"https:\/\/frudia.es\/pt-pt\/wp-json\/wp\/v2\/media?parent=21665"}],"wp:term":[{"taxonomy":"product_brand","embeddable":true,"href":"https:\/\/frudia.es\/pt-pt\/wp-json\/wp\/v2\/product_brand?post=21665"},{"taxonomy":"product_cat","embeddable":true,"href":"https:\/\/frudia.es\/pt-pt\/wp-json\/wp\/v2\/product_cat?post=21665"},{"taxonomy":"product_tag","embeddable":true,"href":"https:\/\/frudia.es\/pt-pt\/wp-json\/wp\/v2\/product_tag?post=21665"}],"curies":[{"name":"wp","href":"https:\/\/api.w.org\/{rel}","templated":true}]}}