{"id":21666,"date":"2023-01-27T08:52:09","date_gmt":"2023-01-27T08:52:09","guid":{"rendered":"https:\/\/frudia.es\/producto\/avocado-gel-exfoliante-enzimatico-calmante-2\/"},"modified":"2024-07-31T13:11:33","modified_gmt":"2024-07-31T13:11:33","slug":"avocado-gel-exfoliante-enzimatico-calmante","status":"publish","type":"product","link":"https:\/\/frudia.es\/pt-pt\/producto\/avocado-gel-exfoliante-enzimatico-calmante\/","title":{"rendered":"Avocado Gel\n  Esfoliante Enzim\u00e1tico Calmante\u00a0"},"content":{"rendered":"<h4>Modo de<br \/>\n  uso<\/h4>\n<p>Ap\u00f3s a limpeza, dispensar uma quantidade adequada e<br \/>\n  espalh\u00e1-la por todo o rosto, evitando os olhos e os l\u00e1bios. Massajar<br \/>\n  suavemente durante 1~2 minutos para libertar as c\u00e9lulas mortas e os res\u00edduos<br \/>\n  acumulados sobre a pele. Remover com \u00e1gua<br \/>\n  t\u00e9pida.<\/p>\n<h4>Ingredientes<\/h4>\n<p>Water, Cellulose,<br \/>\n  Dipropylene Glycol, Persea Gratissima (Avocado) Fruit Extract,<br \/>\n  1,2-Hexanediol, Centella Asiatica Extract, Glyceryl Caprylate, Panthenol,<br \/>\n  Trehalose, Coco-Caprylate\/Caprate, Acrylates\/C10-30 Alkyl Acrylate<br \/>\n  Crosspolymer, Tromethamine, Polyglyceryl-10 Laurate, Polyglyceryl-4 Laurate,<br \/>\n  Glycerin, Caprylyl\/Capryl Glucoside, Hydrogenated Olive Oil Unsaponifiables,<br \/>\n  Xanthan Gum, Melia Azadirachta Leaf Extract, Caprylic\/Capric Triglyceride,<br \/>\n  Gluconolactone, Melia Azadirachta Flower Extract, Pentylene Glycol, Butylene<br \/>\n  Glycol, Hydrogenated Lecithin, Caprylyl Glycol, Ethylhexylglycerin,<br \/>\n  Madecassoside, Papain, Asiaticoside, Madecassic Acid, Cucurbita Maxima Fruit<br \/>\n  Extract, Asiatic Acid, Phytosterols, Disodium EDTA, Citrus Aurantium Bergamia<br \/>\n  (Bergamot) Fruit Oil, Lavandula Hybrida Oil, Juniperus Virginiana Oil,<br \/>\n  Cupressus Sempervirens Leaf\/Nut\/Stem Oil, Citrus Aurantium Dulcis (Orange)<br \/>\n  Peel Oil, Citrus Paradisi (Grapefruit) Peel Oil, Limonene, Linalool<\/p>\n","protected":false},"excerpt":{"rendered":"<p>Gel esfoliante<br \/>\n  ligeiramente \u00e1cido que remove suavemente as c\u00e9lulas mortas da pele e protege<br \/>\n  confortavelmente a barreira cut\u00e2nea:<br \/>\n    &#8211; Sistema de esfolia\u00e7\u00e3o dupla: A\u00e7\u00e3o suave mas poderosa atrav\u00e9s da<br \/>\n  esfolia\u00e7\u00e3o com celulose e dissolu\u00e7\u00e3o com enzimas naturais e PHA.<br \/>\n    &#8211; Tratamento calmante ligeiramente \u00e1cido: O equil\u00edbrio ideal de pH protege<br \/>\n  a barreira cut\u00e2nea e mant\u00e9m a pele saud\u00e1vel.<br \/>\n    &#8211; Celulose derivada do algod\u00e3o: minimiza o atrito sobre a pele para remover<br \/>\n  suavemente os detritos que obstruem os poros e as c\u00e9lulas mortas da pele,<br \/>\n  cuidando-a suavemente.<\/p>\n","protected":false},"featured_media":20215,"comment_status":"closed","ping_status":"closed","template":"","meta":[],"product_brand":[],"product_cat":[716,740],"product_tag":[],"class_list":{"0":"post-21666","1":"product","2":"type-product","3":"status-publish","4":"has-post-thumbnail","6":"product_cat-avocado-pt-pt","7":"product_cat-esfoliante-pt-pt","9":"first","10":"instock","11":"shipping-taxable","12":"purchasable","13":"product-type-simple"},"yoast_head":"<!-- This site is optimized with the Yoast SEO plugin v27.5 - https:\/\/yoast.com\/product\/yoast-seo-wordpress\/ -->\n<title>Avocado Gel  Esfoliante Enzim\u00e1tico Calmante\u00a0 - Frudia<\/title>\n<meta name=\"robots\" content=\"index, follow, max-snippet:-1, max-image-preview:large, max-video-preview:-1\" \/>\n<link rel=\"canonical\" href=\"https:\/\/frudia.es\/pt-pt\/producto\/avocado-gel-exfoliante-enzimatico-calmante\/\" \/>\n<meta property=\"og:locale\" content=\"pt_PT\" \/>\n<meta property=\"og:type\" content=\"article\" \/>\n<meta property=\"og:title\" content=\"Avocado Gel  Esfoliante Enzim\u00e1tico Calmante\u00a0 - Frudia\" \/>\n<meta property=\"og:description\" content=\"Gel esfoliante  ligeiramente \u00e1cido que remove suavemente as c\u00e9lulas mortas da pele e protege  confortavelmente a barreira cut\u00e2nea:   - Sistema de esfolia\u00e7\u00e3o dupla: A\u00e7\u00e3o suave mas poderosa atrav\u00e9s da  esfolia\u00e7\u00e3o com celulose e dissolu\u00e7\u00e3o com enzimas naturais e PHA.   - Tratamento calmante ligeiramente \u00e1cido: O equil\u00edbrio ideal de pH protege  a barreira cut\u00e2nea e mant\u00e9m a pele saud\u00e1vel.   - Celulose derivada do algod\u00e3o: minimiza o atrito sobre a pele para remover  suavemente os detritos que obstruem os poros e as c\u00e9lulas mortas da pele,  cuidando-a suavemente.\" \/>\n<meta property=\"og:url\" content=\"https:\/\/frudia.es\/pt-pt\/producto\/avocado-gel-exfoliante-enzimatico-calmante\/\" \/>\n<meta property=\"og:site_name\" content=\"Frudia\" \/>\n<meta property=\"article:modified_time\" content=\"2024-07-31T13:11:33+00:00\" \/>\n<meta property=\"og:image\" content=\"https:\/\/frudia.es\/wp-content\/uploads\/2023\/01\/ffddpgap120@31.jpg\" \/>\n\t<meta property=\"og:image:width\" content=\"800\" \/>\n\t<meta property=\"og:image:height\" content=\"800\" \/>\n\t<meta property=\"og:image:type\" content=\"image\/jpeg\" \/>\n<meta name=\"twitter:card\" content=\"summary_large_image\" \/>\n<meta name=\"twitter:label1\" content=\"Tempo estimado de leitura\" \/>\n\t<meta name=\"twitter:data1\" content=\"1 minuto\" \/>\n<script type=\"application\/ld+json\" class=\"yoast-schema-graph\">{\"@context\":\"https:\\\/\\\/schema.org\",\"@graph\":[{\"@type\":\"WebPage\",\"@id\":\"https:\\\/\\\/frudia.es\\\/pt-pt\\\/producto\\\/avocado-gel-exfoliante-enzimatico-calmante\\\/\",\"url\":\"https:\\\/\\\/frudia.es\\\/pt-pt\\\/producto\\\/avocado-gel-exfoliante-enzimatico-calmante\\\/\",\"name\":\"Avocado Gel Esfoliante Enzim\u00e1tico Calmante\u00a0 - Frudia\",\"isPartOf\":{\"@id\":\"https:\\\/\\\/frudia.es\\\/pt-pt\\\/#website\"},\"primaryImageOfPage\":{\"@id\":\"https:\\\/\\\/frudia.es\\\/pt-pt\\\/producto\\\/avocado-gel-exfoliante-enzimatico-calmante\\\/#primaryimage\"},\"image\":{\"@id\":\"https:\\\/\\\/frudia.es\\\/pt-pt\\\/producto\\\/avocado-gel-exfoliante-enzimatico-calmante\\\/#primaryimage\"},\"thumbnailUrl\":\"https:\\\/\\\/frudia.es\\\/wp-content\\\/uploads\\\/2023\\\/01\\\/ffddpgap120@31.jpg\",\"datePublished\":\"2023-01-27T08:52:09+00:00\",\"dateModified\":\"2024-07-31T13:11:33+00:00\",\"breadcrumb\":{\"@id\":\"https:\\\/\\\/frudia.es\\\/pt-pt\\\/producto\\\/avocado-gel-exfoliante-enzimatico-calmante\\\/#breadcrumb\"},\"inLanguage\":\"pt-PT\",\"potentialAction\":[{\"@type\":\"ReadAction\",\"target\":[\"https:\\\/\\\/frudia.es\\\/pt-pt\\\/producto\\\/avocado-gel-exfoliante-enzimatico-calmante\\\/\"]}]},{\"@type\":\"ImageObject\",\"inLanguage\":\"pt-PT\",\"@id\":\"https:\\\/\\\/frudia.es\\\/pt-pt\\\/producto\\\/avocado-gel-exfoliante-enzimatico-calmante\\\/#primaryimage\",\"url\":\"https:\\\/\\\/frudia.es\\\/wp-content\\\/uploads\\\/2023\\\/01\\\/ffddpgap120@31.jpg\",\"contentUrl\":\"https:\\\/\\\/frudia.es\\\/wp-content\\\/uploads\\\/2023\\\/01\\\/ffddpgap120@31.jpg\",\"width\":800,\"height\":800},{\"@type\":\"BreadcrumbList\",\"@id\":\"https:\\\/\\\/frudia.es\\\/pt-pt\\\/producto\\\/avocado-gel-exfoliante-enzimatico-calmante\\\/#breadcrumb\",\"itemListElement\":[{\"@type\":\"ListItem\",\"position\":1,\"name\":\"Portada\",\"item\":\"https:\\\/\\\/frudia.es\\\/pt-pt\\\/\"},{\"@type\":\"ListItem\",\"position\":2,\"name\":\"Tienda\",\"item\":\"https:\\\/\\\/frudia.es\\\/en\\\/shop\\\/\"},{\"@type\":\"ListItem\",\"position\":3,\"name\":\"Avocado Gel Esfoliante Enzim\u00e1tico Calmante\u00a0\"}]},{\"@type\":\"WebSite\",\"@id\":\"https:\\\/\\\/frudia.es\\\/pt-pt\\\/#website\",\"url\":\"https:\\\/\\\/frudia.es\\\/pt-pt\\\/\",\"name\":\"Frudia\",\"description\":\"La belleza est\u00e1 en las frutas\",\"potentialAction\":[{\"@type\":\"SearchAction\",\"target\":{\"@type\":\"EntryPoint\",\"urlTemplate\":\"https:\\\/\\\/frudia.es\\\/pt-pt\\\/?s={search_term_string}\"},\"query-input\":{\"@type\":\"PropertyValueSpecification\",\"valueRequired\":true,\"valueName\":\"search_term_string\"}}],\"inLanguage\":\"pt-PT\"}]}<\/script>\n<!-- \/ Yoast SEO plugin. -->","yoast_head_json":{"title":"Avocado Gel  Esfoliante Enzim\u00e1tico Calmante\u00a0 - Frudia","robots":{"index":"index","follow":"follow","max-snippet":"max-snippet:-1","max-image-preview":"max-image-preview:large","max-video-preview":"max-video-preview:-1"},"canonical":"https:\/\/frudia.es\/pt-pt\/producto\/avocado-gel-exfoliante-enzimatico-calmante\/","og_locale":"pt_PT","og_type":"article","og_title":"Avocado Gel  Esfoliante Enzim\u00e1tico Calmante\u00a0 - Frudia","og_description":"Gel esfoliante  ligeiramente \u00e1cido que remove suavemente as c\u00e9lulas mortas da pele e protege  confortavelmente a barreira cut\u00e2nea:   - Sistema de esfolia\u00e7\u00e3o dupla: A\u00e7\u00e3o suave mas poderosa atrav\u00e9s da  esfolia\u00e7\u00e3o com celulose e dissolu\u00e7\u00e3o com enzimas naturais e PHA.   - Tratamento calmante ligeiramente \u00e1cido: O equil\u00edbrio ideal de pH protege  a barreira cut\u00e2nea e mant\u00e9m a pele saud\u00e1vel.   - Celulose derivada do algod\u00e3o: minimiza o atrito sobre a pele para remover  suavemente os detritos que obstruem os poros e as c\u00e9lulas mortas da pele,  cuidando-a suavemente.","og_url":"https:\/\/frudia.es\/pt-pt\/producto\/avocado-gel-exfoliante-enzimatico-calmante\/","og_site_name":"Frudia","article_modified_time":"2024-07-31T13:11:33+00:00","og_image":[{"width":800,"height":800,"url":"https:\/\/frudia.es\/wp-content\/uploads\/2023\/01\/ffddpgap120@31.jpg","type":"image\/jpeg"}],"twitter_card":"summary_large_image","twitter_misc":{"Tempo estimado de leitura":"1 minuto"},"schema":{"@context":"https:\/\/schema.org","@graph":[{"@type":"WebPage","@id":"https:\/\/frudia.es\/pt-pt\/producto\/avocado-gel-exfoliante-enzimatico-calmante\/","url":"https:\/\/frudia.es\/pt-pt\/producto\/avocado-gel-exfoliante-enzimatico-calmante\/","name":"Avocado Gel Esfoliante Enzim\u00e1tico Calmante\u00a0 - Frudia","isPartOf":{"@id":"https:\/\/frudia.es\/pt-pt\/#website"},"primaryImageOfPage":{"@id":"https:\/\/frudia.es\/pt-pt\/producto\/avocado-gel-exfoliante-enzimatico-calmante\/#primaryimage"},"image":{"@id":"https:\/\/frudia.es\/pt-pt\/producto\/avocado-gel-exfoliante-enzimatico-calmante\/#primaryimage"},"thumbnailUrl":"https:\/\/frudia.es\/wp-content\/uploads\/2023\/01\/ffddpgap120@31.jpg","datePublished":"2023-01-27T08:52:09+00:00","dateModified":"2024-07-31T13:11:33+00:00","breadcrumb":{"@id":"https:\/\/frudia.es\/pt-pt\/producto\/avocado-gel-exfoliante-enzimatico-calmante\/#breadcrumb"},"inLanguage":"pt-PT","potentialAction":[{"@type":"ReadAction","target":["https:\/\/frudia.es\/pt-pt\/producto\/avocado-gel-exfoliante-enzimatico-calmante\/"]}]},{"@type":"ImageObject","inLanguage":"pt-PT","@id":"https:\/\/frudia.es\/pt-pt\/producto\/avocado-gel-exfoliante-enzimatico-calmante\/#primaryimage","url":"https:\/\/frudia.es\/wp-content\/uploads\/2023\/01\/ffddpgap120@31.jpg","contentUrl":"https:\/\/frudia.es\/wp-content\/uploads\/2023\/01\/ffddpgap120@31.jpg","width":800,"height":800},{"@type":"BreadcrumbList","@id":"https:\/\/frudia.es\/pt-pt\/producto\/avocado-gel-exfoliante-enzimatico-calmante\/#breadcrumb","itemListElement":[{"@type":"ListItem","position":1,"name":"Portada","item":"https:\/\/frudia.es\/pt-pt\/"},{"@type":"ListItem","position":2,"name":"Tienda","item":"https:\/\/frudia.es\/en\/shop\/"},{"@type":"ListItem","position":3,"name":"Avocado Gel Esfoliante Enzim\u00e1tico Calmante\u00a0"}]},{"@type":"WebSite","@id":"https:\/\/frudia.es\/pt-pt\/#website","url":"https:\/\/frudia.es\/pt-pt\/","name":"Frudia","description":"La belleza est\u00e1 en las frutas","potentialAction":[{"@type":"SearchAction","target":{"@type":"EntryPoint","urlTemplate":"https:\/\/frudia.es\/pt-pt\/?s={search_term_string}"},"query-input":{"@type":"PropertyValueSpecification","valueRequired":true,"valueName":"search_term_string"}}],"inLanguage":"pt-PT"}]}},"_links":{"self":[{"href":"https:\/\/frudia.es\/pt-pt\/wp-json\/wp\/v2\/product\/21666","targetHints":{"allow":["GET"]}}],"collection":[{"href":"https:\/\/frudia.es\/pt-pt\/wp-json\/wp\/v2\/product"}],"about":[{"href":"https:\/\/frudia.es\/pt-pt\/wp-json\/wp\/v2\/types\/product"}],"replies":[{"embeddable":true,"href":"https:\/\/frudia.es\/pt-pt\/wp-json\/wp\/v2\/comments?post=21666"}],"wp:featuredmedia":[{"embeddable":true,"href":"https:\/\/frudia.es\/pt-pt\/wp-json\/wp\/v2\/media\/20215"}],"wp:attachment":[{"href":"https:\/\/frudia.es\/pt-pt\/wp-json\/wp\/v2\/media?parent=21666"}],"wp:term":[{"taxonomy":"product_brand","embeddable":true,"href":"https:\/\/frudia.es\/pt-pt\/wp-json\/wp\/v2\/product_brand?post=21666"},{"taxonomy":"product_cat","embeddable":true,"href":"https:\/\/frudia.es\/pt-pt\/wp-json\/wp\/v2\/product_cat?post=21666"},{"taxonomy":"product_tag","embeddable":true,"href":"https:\/\/frudia.es\/pt-pt\/wp-json\/wp\/v2\/product_tag?post=21666"}],"curies":[{"name":"wp","href":"https:\/\/api.w.org\/{rel}","templated":true}]}}