{"id":21669,"date":"2023-01-27T08:52:01","date_gmt":"2023-01-27T08:52:01","guid":{"rendered":"https:\/\/frudia.es\/producto\/avocado-tonico-esencia-calmante-2\/"},"modified":"2024-07-31T13:11:33","modified_gmt":"2024-07-31T13:11:33","slug":"avocado-tonico-esencia-calmante","status":"publish","type":"product","link":"https:\/\/frudia.es\/pt-pt\/producto\/avocado-tonico-esencia-calmante\/","title":{"rendered":"Avocado T\u00f3nico\n  Ess\u00eancia Calmante\u00a0"},"content":{"rendered":"<h4>Modo de<br \/>\n  uso<\/h4>\n<p>Ap\u00f3s a limpeza na primeira etapa dos cuidados com a<br \/>\n  pele, dispensar uma quantidade moderada e aplic\u00e1-la no rosto, com toques<br \/>\n  suaves at\u00e9 total<br \/>\n  absor\u00e7\u00e3o.<\/p>\n<h4>Ingredientes<\/h4>\n<p>Persea Gratissima<br \/>\n  (Avocado) Fruit Extract, Glycerin, Propanediol, Betaine, 1,2-Hexanediol,<br \/>\n  Butylene Glycol Dicaprylate\/Dicaprate, Caprylic\/Capric Triglyceride,<br \/>\n  Panthenol, Simmondsia Chinensis (Jojoba) Seed Oil, Polyglyceryl-3<br \/>\n  Methylglucose Distearate, Glyceryl Caprylate, Ammonium<br \/>\n  Acryloyldimethyltaurate\/VP Copolymer, Water, Dipropylene Glycol, Cetyl<br \/>\n  Alcohol, Sorbitan Stearate, Butylene Glycol, Arachidyl Alcohol, Squalane,<br \/>\n  Caprylyl Glycol, Punica Granatum Fruit Extract, Behenyl Alcohol,<br \/>\n  Ethylhexylglycerin, Xanthan Gum, Stearyl Alcohol, Arachidyl Glucoside,<br \/>\n  Zanthoxylum Piperitum Fruit Extract, Usnea Barbata (Lichen) Extract,<br \/>\n  Pulsatilla Koreana Extract, Allantoin, Illicium Verum (Anise) Fruit Extract,<br \/>\n  Myristyl Alcohol, Madecassoside, Lauryl Alcohol, Aesculus Hippocastanum<br \/>\n  (Horse Chestnut) Extract, Asiaticoside, Centella Asiatica Extract, Madecassic<br \/>\n  Acid, Cinnamomum Camphora (Camphor) Bark Oil, Camellia Sinensis Leaf Oil,<br \/>\n  Hydrogenated Lecithin, Asiatic Acid, Gardenia Taitensis Flower, Hamamelis<br \/>\n  Virginiana (Witch Hazel) Leaf Extract, Glucose, Tocopherol, Phytosterols,<br \/>\n  Camphor, Phenylalanine, Leucine, Methionine, Lysine, Valine, Isoleucine,<br \/>\n  Histidine, Threonine, Tryptophan, Disodium EDTA, Cocos Nucifera (Coconut)<br \/>\n  Oil, Citrus Aurantium Bergamia (Bergamot) Fruit Oil, Lavandula Hybrida Oil,<br \/>\n  Juniperus Virginiana Oil, Cupressus Sempervirens Leaf\/Nut\/Stem Oil, Citrus<br \/>\n  Aurantium Dulcis (Orange) Peel Oil, Citrus Paradisi (Grapefruit) Peel Oil,<br \/>\n  Limonene, Linalool<\/p>\n","protected":false},"excerpt":{"rendered":"<p>Por conter extrato<br \/>\n  de abacate com um elevado teor de amino\u00e1cidos (76%) em vez de \u00e1gua, este<br \/>\n  t\u00f3nico fornece nutri\u00e7\u00e3o \u00e0 pele fragilizada pelo stress. Este produto ajuda a<br \/>\n  aumentar a capacidade de defesa da pr\u00f3pria pele, cuidando-a para que se<br \/>\n  mantenha saud\u00e1vel e confort\u00e1vel. O ingrediente pantenol cuida da pele seca,<br \/>\n  enquanto os ingredientes vegetais, incluindo o complexo verde de jeju e o<br \/>\n  madecassoside ajudam a suavizar a pele sens\u00edvel. Este t\u00f3nico altamente<br \/>\n  nutritivo, que cont\u00e9m todos os nutrientes do abacate, passou no teste de<br \/>\n  irrita\u00e7\u00e3o cut\u00e2nea, pelo que pode ser utilizado amplamente em peles sens\u00edveis.<\/p>\n","protected":false},"featured_media":20179,"comment_status":"closed","ping_status":"closed","template":"","meta":[],"product_brand":[],"product_cat":[716,746],"product_tag":[],"class_list":{"0":"post-21669","1":"product","2":"type-product","3":"status-publish","4":"has-post-thumbnail","6":"product_cat-avocado-pt-pt","7":"product_cat-tonico-pt-pt","9":"first","10":"instock","11":"shipping-taxable","12":"purchasable","13":"product-type-simple"},"yoast_head":"<!-- This site is optimized with the Yoast SEO plugin v27.2 - https:\/\/yoast.com\/product\/yoast-seo-wordpress\/ -->\n<title>Avocado T\u00f3nico  Ess\u00eancia Calmante\u00a0 - Frudia<\/title>\n<meta name=\"robots\" content=\"index, follow, max-snippet:-1, max-image-preview:large, max-video-preview:-1\" \/>\n<link rel=\"canonical\" href=\"https:\/\/frudia.es\/pt-pt\/producto\/avocado-tonico-esencia-calmante\/\" \/>\n<meta property=\"og:locale\" content=\"pt_PT\" \/>\n<meta property=\"og:type\" content=\"article\" \/>\n<meta property=\"og:title\" content=\"Avocado T\u00f3nico  Ess\u00eancia Calmante\u00a0 - Frudia\" \/>\n<meta property=\"og:description\" content=\"Por conter extrato  de abacate com um elevado teor de amino\u00e1cidos (76%) em vez de \u00e1gua, este  t\u00f3nico fornece nutri\u00e7\u00e3o \u00e0 pele fragilizada pelo stress. Este produto ajuda a  aumentar a capacidade de defesa da pr\u00f3pria pele, cuidando-a para que se  mantenha saud\u00e1vel e confort\u00e1vel. O ingrediente pantenol cuida da pele seca,  enquanto os ingredientes vegetais, incluindo o complexo verde de jeju e o  madecassoside ajudam a suavizar a pele sens\u00edvel. Este t\u00f3nico altamente  nutritivo, que cont\u00e9m todos os nutrientes do abacate, passou no teste de  irrita\u00e7\u00e3o cut\u00e2nea, pelo que pode ser utilizado amplamente em peles sens\u00edveis.\" \/>\n<meta property=\"og:url\" content=\"https:\/\/frudia.es\/pt-pt\/producto\/avocado-tonico-esencia-calmante\/\" \/>\n<meta property=\"og:site_name\" content=\"Frudia\" \/>\n<meta property=\"article:modified_time\" content=\"2024-07-31T13:11:33+00:00\" \/>\n<meta property=\"og:image\" content=\"https:\/\/frudia.es\/wp-content\/uploads\/2023\/01\/0tf16646@2.jpg\" \/>\n\t<meta property=\"og:image:width\" content=\"600\" \/>\n\t<meta property=\"og:image:height\" content=\"600\" \/>\n\t<meta property=\"og:image:type\" content=\"image\/jpeg\" \/>\n<meta name=\"twitter:card\" content=\"summary_large_image\" \/>\n<meta name=\"twitter:label1\" content=\"Tempo estimado de leitura\" \/>\n\t<meta name=\"twitter:data1\" content=\"1 minuto\" \/>\n<script type=\"application\/ld+json\" class=\"yoast-schema-graph\">{\"@context\":\"https:\/\/schema.org\",\"@graph\":[{\"@type\":\"WebPage\",\"@id\":\"https:\/\/frudia.es\/pt-pt\/producto\/avocado-tonico-esencia-calmante\/\",\"url\":\"https:\/\/frudia.es\/pt-pt\/producto\/avocado-tonico-esencia-calmante\/\",\"name\":\"Avocado T\u00f3nico Ess\u00eancia Calmante\u00a0 - Frudia\",\"isPartOf\":{\"@id\":\"https:\/\/frudia.es\/pt-pt\/#website\"},\"primaryImageOfPage\":{\"@id\":\"https:\/\/frudia.es\/pt-pt\/producto\/avocado-tonico-esencia-calmante\/#primaryimage\"},\"image\":{\"@id\":\"https:\/\/frudia.es\/pt-pt\/producto\/avocado-tonico-esencia-calmante\/#primaryimage\"},\"thumbnailUrl\":\"https:\/\/frudia.es\/wp-content\/uploads\/2023\/01\/0tf16646@2.jpg\",\"datePublished\":\"2023-01-27T08:52:01+00:00\",\"dateModified\":\"2024-07-31T13:11:33+00:00\",\"breadcrumb\":{\"@id\":\"https:\/\/frudia.es\/pt-pt\/producto\/avocado-tonico-esencia-calmante\/#breadcrumb\"},\"inLanguage\":\"pt-PT\",\"potentialAction\":[{\"@type\":\"ReadAction\",\"target\":[\"https:\/\/frudia.es\/pt-pt\/producto\/avocado-tonico-esencia-calmante\/\"]}]},{\"@type\":\"ImageObject\",\"inLanguage\":\"pt-PT\",\"@id\":\"https:\/\/frudia.es\/pt-pt\/producto\/avocado-tonico-esencia-calmante\/#primaryimage\",\"url\":\"https:\/\/frudia.es\/wp-content\/uploads\/2023\/01\/0tf16646@2.jpg\",\"contentUrl\":\"https:\/\/frudia.es\/wp-content\/uploads\/2023\/01\/0tf16646@2.jpg\",\"width\":600,\"height\":600},{\"@type\":\"BreadcrumbList\",\"@id\":\"https:\/\/frudia.es\/pt-pt\/producto\/avocado-tonico-esencia-calmante\/#breadcrumb\",\"itemListElement\":[{\"@type\":\"ListItem\",\"position\":1,\"name\":\"Portada\",\"item\":\"https:\/\/frudia.es\/pt-pt\/\"},{\"@type\":\"ListItem\",\"position\":2,\"name\":\"Tienda\",\"item\":\"https:\/\/frudia.es\/en\/shop\/\"},{\"@type\":\"ListItem\",\"position\":3,\"name\":\"Avocado T\u00f3nico Ess\u00eancia Calmante\u00a0\"}]},{\"@type\":\"WebSite\",\"@id\":\"https:\/\/frudia.es\/pt-pt\/#website\",\"url\":\"https:\/\/frudia.es\/pt-pt\/\",\"name\":\"Frudia\",\"description\":\"La belleza est\u00e1 en las frutas\",\"potentialAction\":[{\"@type\":\"SearchAction\",\"target\":{\"@type\":\"EntryPoint\",\"urlTemplate\":\"https:\/\/frudia.es\/pt-pt\/?s={search_term_string}\"},\"query-input\":{\"@type\":\"PropertyValueSpecification\",\"valueRequired\":true,\"valueName\":\"search_term_string\"}}],\"inLanguage\":\"pt-PT\"}]}<\/script>\n<!-- \/ Yoast SEO plugin. -->","yoast_head_json":{"title":"Avocado T\u00f3nico  Ess\u00eancia Calmante\u00a0 - Frudia","robots":{"index":"index","follow":"follow","max-snippet":"max-snippet:-1","max-image-preview":"max-image-preview:large","max-video-preview":"max-video-preview:-1"},"canonical":"https:\/\/frudia.es\/pt-pt\/producto\/avocado-tonico-esencia-calmante\/","og_locale":"pt_PT","og_type":"article","og_title":"Avocado T\u00f3nico  Ess\u00eancia Calmante\u00a0 - Frudia","og_description":"Por conter extrato  de abacate com um elevado teor de amino\u00e1cidos (76%) em vez de \u00e1gua, este  t\u00f3nico fornece nutri\u00e7\u00e3o \u00e0 pele fragilizada pelo stress. Este produto ajuda a  aumentar a capacidade de defesa da pr\u00f3pria pele, cuidando-a para que se  mantenha saud\u00e1vel e confort\u00e1vel. O ingrediente pantenol cuida da pele seca,  enquanto os ingredientes vegetais, incluindo o complexo verde de jeju e o  madecassoside ajudam a suavizar a pele sens\u00edvel. Este t\u00f3nico altamente  nutritivo, que cont\u00e9m todos os nutrientes do abacate, passou no teste de  irrita\u00e7\u00e3o cut\u00e2nea, pelo que pode ser utilizado amplamente em peles sens\u00edveis.","og_url":"https:\/\/frudia.es\/pt-pt\/producto\/avocado-tonico-esencia-calmante\/","og_site_name":"Frudia","article_modified_time":"2024-07-31T13:11:33+00:00","og_image":[{"width":600,"height":600,"url":"https:\/\/frudia.es\/wp-content\/uploads\/2023\/01\/0tf16646@2.jpg","type":"image\/jpeg"}],"twitter_card":"summary_large_image","twitter_misc":{"Tempo estimado de leitura":"1 minuto"},"schema":{"@context":"https:\/\/schema.org","@graph":[{"@type":"WebPage","@id":"https:\/\/frudia.es\/pt-pt\/producto\/avocado-tonico-esencia-calmante\/","url":"https:\/\/frudia.es\/pt-pt\/producto\/avocado-tonico-esencia-calmante\/","name":"Avocado T\u00f3nico Ess\u00eancia Calmante\u00a0 - Frudia","isPartOf":{"@id":"https:\/\/frudia.es\/pt-pt\/#website"},"primaryImageOfPage":{"@id":"https:\/\/frudia.es\/pt-pt\/producto\/avocado-tonico-esencia-calmante\/#primaryimage"},"image":{"@id":"https:\/\/frudia.es\/pt-pt\/producto\/avocado-tonico-esencia-calmante\/#primaryimage"},"thumbnailUrl":"https:\/\/frudia.es\/wp-content\/uploads\/2023\/01\/0tf16646@2.jpg","datePublished":"2023-01-27T08:52:01+00:00","dateModified":"2024-07-31T13:11:33+00:00","breadcrumb":{"@id":"https:\/\/frudia.es\/pt-pt\/producto\/avocado-tonico-esencia-calmante\/#breadcrumb"},"inLanguage":"pt-PT","potentialAction":[{"@type":"ReadAction","target":["https:\/\/frudia.es\/pt-pt\/producto\/avocado-tonico-esencia-calmante\/"]}]},{"@type":"ImageObject","inLanguage":"pt-PT","@id":"https:\/\/frudia.es\/pt-pt\/producto\/avocado-tonico-esencia-calmante\/#primaryimage","url":"https:\/\/frudia.es\/wp-content\/uploads\/2023\/01\/0tf16646@2.jpg","contentUrl":"https:\/\/frudia.es\/wp-content\/uploads\/2023\/01\/0tf16646@2.jpg","width":600,"height":600},{"@type":"BreadcrumbList","@id":"https:\/\/frudia.es\/pt-pt\/producto\/avocado-tonico-esencia-calmante\/#breadcrumb","itemListElement":[{"@type":"ListItem","position":1,"name":"Portada","item":"https:\/\/frudia.es\/pt-pt\/"},{"@type":"ListItem","position":2,"name":"Tienda","item":"https:\/\/frudia.es\/en\/shop\/"},{"@type":"ListItem","position":3,"name":"Avocado T\u00f3nico Ess\u00eancia Calmante\u00a0"}]},{"@type":"WebSite","@id":"https:\/\/frudia.es\/pt-pt\/#website","url":"https:\/\/frudia.es\/pt-pt\/","name":"Frudia","description":"La belleza est\u00e1 en las frutas","potentialAction":[{"@type":"SearchAction","target":{"@type":"EntryPoint","urlTemplate":"https:\/\/frudia.es\/pt-pt\/?s={search_term_string}"},"query-input":{"@type":"PropertyValueSpecification","valueRequired":true,"valueName":"search_term_string"}}],"inLanguage":"pt-PT"}]}},"_links":{"self":[{"href":"https:\/\/frudia.es\/pt-pt\/wp-json\/wp\/v2\/product\/21669","targetHints":{"allow":["GET"]}}],"collection":[{"href":"https:\/\/frudia.es\/pt-pt\/wp-json\/wp\/v2\/product"}],"about":[{"href":"https:\/\/frudia.es\/pt-pt\/wp-json\/wp\/v2\/types\/product"}],"replies":[{"embeddable":true,"href":"https:\/\/frudia.es\/pt-pt\/wp-json\/wp\/v2\/comments?post=21669"}],"wp:featuredmedia":[{"embeddable":true,"href":"https:\/\/frudia.es\/pt-pt\/wp-json\/wp\/v2\/media\/20179"}],"wp:attachment":[{"href":"https:\/\/frudia.es\/pt-pt\/wp-json\/wp\/v2\/media?parent=21669"}],"wp:term":[{"taxonomy":"product_brand","embeddable":true,"href":"https:\/\/frudia.es\/pt-pt\/wp-json\/wp\/v2\/product_brand?post=21669"},{"taxonomy":"product_cat","embeddable":true,"href":"https:\/\/frudia.es\/pt-pt\/wp-json\/wp\/v2\/product_cat?post=21669"},{"taxonomy":"product_tag","embeddable":true,"href":"https:\/\/frudia.es\/pt-pt\/wp-json\/wp\/v2\/product_tag?post=21669"}],"curies":[{"name":"wp","href":"https:\/\/api.w.org\/{rel}","templated":true}]}}