{"id":21672,"date":"2023-01-27T08:51:59","date_gmt":"2023-01-27T08:51:59","guid":{"rendered":"https:\/\/frudia.es\/producto\/blueberry-crema-hidratante-mini-2\/"},"modified":"2024-07-31T13:11:42","modified_gmt":"2024-07-31T13:11:42","slug":"blueberry-crema-hidratante-mini","status":"publish","type":"product","link":"https:\/\/frudia.es\/pt-pt\/producto\/blueberry-crema-hidratante-mini\/","title":{"rendered":"Blueberry Creme\n  Hidratante Mini\u00a0"},"content":{"rendered":"<h4>Modo de<br \/>\n  uso<\/h4>\n<p>Na fase final da rotina de cuidados com a pele,<br \/>\n  aplicar o produto no rosto at\u00e9 ser absorvido para criar uma barreira<br \/>\n  hidratante<br \/>\n  protetora.<\/p>\n<h4>Ingredientes<\/h4>\n<p>Vaccinium<br \/>\n  Angustifolium (Blueberry) Fruit Extract, Methylpropanediol, Glycerin,<br \/>\n  Diglycerin, 1,2-Hexanediol, Water, Diethoxyethyl Succinate, Acrylates\/C10-30<br \/>\n  Alkyl Acrylate Crosspolymer, Panthenol, Tromethamine, Dimethicone,<br \/>\n  Polyglyceryl-10 Laurate, Xanthan Gum, Polyglyceryl-4 Laurate, Caprylic\/Capric<br \/>\n  Triglyceride, Butyrospermum Parkii (Shea) Butter, Olea Europaea (Olive) Fruit<br \/>\n  Oil, Hydrogenated Lecithin, Squalane, Caprylyl\/Capryl Glucoside,<br \/>\n  Ethylhexylglycerin, Butylene Glycol, Beta-Glucan, Betaine,<br \/>\n  Coco-Caprylate\/Caprate, Sodium Hyaluronate, Prunus Armeniaca (Apricot) Kernel<br \/>\n  Oil, Vitis Vinifera (Grape) Seed Oil, Ceramide NP, Cholesterol,<br \/>\n  Phytosphingosine, Phytosterols, Citrus Paradisi (Grapefruit) Seed Oil,<br \/>\n  Mangifera Indica (Mango) Seed Oil, Punica Granatum Seed Oil, Solanum<br \/>\n  Lycopersicum (Tomato) Seed Oil, Selaginella Tamariscina Extract, Gypsophila<br \/>\n  Paniculata Root Extract, Passiflora Incarnata Extract, Albizia Julibrissin<br \/>\n  Bark Extract, Peucedanum Graveolens (Dill) Extract, Tocopherol, Disodium<br \/>\n  EDTA, Fragrance<\/p>\n","protected":false},"excerpt":{"rendered":"<p>Formulado com 77%<br \/>\n  de extrato de mirtilos em vez de \u00e1gua para refo\u00e7ar a barreira protetora da<br \/>\n  pele e evitar a perda de \u00e1gua. Com um complexo vegetal patenteado de 5<br \/>\n  plantas, este creme leve e n\u00e3o oleoso mant\u00e9m a pele hidratada durante at\u00e9 48<br \/>\n  horas. Clinicamente testado em pele sens\u00edvel para proporcionar o m\u00e1ximo de<br \/>\n  benef\u00edcios sem irrita\u00e7\u00e3o.<\/p>\n","protected":false},"featured_media":20155,"comment_status":"closed","ping_status":"closed","template":"","meta":[],"product_brand":[],"product_cat":[718,739],"product_tag":[],"class_list":{"0":"post-21672","1":"product","2":"type-product","3":"status-publish","4":"has-post-thumbnail","6":"product_cat-blueberry-pt-pt","7":"product_cat-crema-pt-pt","9":"first","10":"instock","11":"shipping-taxable","12":"purchasable","13":"product-type-simple"},"yoast_head":"<!-- This site is optimized with the Yoast SEO plugin v27.2 - https:\/\/yoast.com\/product\/yoast-seo-wordpress\/ -->\n<title>Blueberry Creme  Hidratante Mini\u00a0 - Frudia<\/title>\n<meta name=\"robots\" content=\"index, follow, max-snippet:-1, max-image-preview:large, max-video-preview:-1\" \/>\n<link rel=\"canonical\" href=\"https:\/\/frudia.es\/pt-pt\/producto\/blueberry-crema-hidratante-mini\/\" \/>\n<meta property=\"og:locale\" content=\"pt_PT\" \/>\n<meta property=\"og:type\" content=\"article\" \/>\n<meta property=\"og:title\" content=\"Blueberry Creme  Hidratante Mini\u00a0 - Frudia\" \/>\n<meta property=\"og:description\" content=\"Formulado com 77%  de extrato de mirtilos em vez de \u00e1gua para refo\u00e7ar a barreira protetora da  pele e evitar a perda de \u00e1gua. Com um complexo vegetal patenteado de 5  plantas, este creme leve e n\u00e3o oleoso mant\u00e9m a pele hidratada durante at\u00e9 48  horas. Clinicamente testado em pele sens\u00edvel para proporcionar o m\u00e1ximo de  benef\u00edcios sem irrita\u00e7\u00e3o.\" \/>\n<meta property=\"og:url\" content=\"https:\/\/frudia.es\/pt-pt\/producto\/blueberry-crema-hidratante-mini\/\" \/>\n<meta property=\"og:site_name\" content=\"Frudia\" \/>\n<meta property=\"article:modified_time\" content=\"2024-07-31T13:11:42+00:00\" \/>\n<meta property=\"og:image\" content=\"https:\/\/frudia.es\/wp-content\/uploads\/2023\/01\/0tf16662@1.jpg\" \/>\n\t<meta property=\"og:image:width\" content=\"600\" \/>\n\t<meta property=\"og:image:height\" content=\"600\" \/>\n\t<meta property=\"og:image:type\" content=\"image\/jpeg\" \/>\n<meta name=\"twitter:card\" content=\"summary_large_image\" \/>\n<meta name=\"twitter:label1\" content=\"Tempo estimado de leitura\" \/>\n\t<meta name=\"twitter:data1\" content=\"1 minuto\" \/>\n<script type=\"application\/ld+json\" class=\"yoast-schema-graph\">{\"@context\":\"https:\/\/schema.org\",\"@graph\":[{\"@type\":\"WebPage\",\"@id\":\"https:\/\/frudia.es\/pt-pt\/producto\/blueberry-crema-hidratante-mini\/\",\"url\":\"https:\/\/frudia.es\/pt-pt\/producto\/blueberry-crema-hidratante-mini\/\",\"name\":\"Blueberry Creme Hidratante Mini\u00a0 - Frudia\",\"isPartOf\":{\"@id\":\"https:\/\/frudia.es\/pt-pt\/#website\"},\"primaryImageOfPage\":{\"@id\":\"https:\/\/frudia.es\/pt-pt\/producto\/blueberry-crema-hidratante-mini\/#primaryimage\"},\"image\":{\"@id\":\"https:\/\/frudia.es\/pt-pt\/producto\/blueberry-crema-hidratante-mini\/#primaryimage\"},\"thumbnailUrl\":\"https:\/\/frudia.es\/wp-content\/uploads\/2023\/01\/0tf16662@1.jpg\",\"datePublished\":\"2023-01-27T08:51:59+00:00\",\"dateModified\":\"2024-07-31T13:11:42+00:00\",\"breadcrumb\":{\"@id\":\"https:\/\/frudia.es\/pt-pt\/producto\/blueberry-crema-hidratante-mini\/#breadcrumb\"},\"inLanguage\":\"pt-PT\",\"potentialAction\":[{\"@type\":\"ReadAction\",\"target\":[\"https:\/\/frudia.es\/pt-pt\/producto\/blueberry-crema-hidratante-mini\/\"]}]},{\"@type\":\"ImageObject\",\"inLanguage\":\"pt-PT\",\"@id\":\"https:\/\/frudia.es\/pt-pt\/producto\/blueberry-crema-hidratante-mini\/#primaryimage\",\"url\":\"https:\/\/frudia.es\/wp-content\/uploads\/2023\/01\/0tf16662@1.jpg\",\"contentUrl\":\"https:\/\/frudia.es\/wp-content\/uploads\/2023\/01\/0tf16662@1.jpg\",\"width\":600,\"height\":600,\"caption\":\"Blueberry Crema Hidratante Mini\"},{\"@type\":\"BreadcrumbList\",\"@id\":\"https:\/\/frudia.es\/pt-pt\/producto\/blueberry-crema-hidratante-mini\/#breadcrumb\",\"itemListElement\":[{\"@type\":\"ListItem\",\"position\":1,\"name\":\"Portada\",\"item\":\"https:\/\/frudia.es\/pt-pt\/\"},{\"@type\":\"ListItem\",\"position\":2,\"name\":\"Tienda\",\"item\":\"https:\/\/frudia.es\/en\/shop\/\"},{\"@type\":\"ListItem\",\"position\":3,\"name\":\"Blueberry Creme Hidratante Mini\u00a0\"}]},{\"@type\":\"WebSite\",\"@id\":\"https:\/\/frudia.es\/pt-pt\/#website\",\"url\":\"https:\/\/frudia.es\/pt-pt\/\",\"name\":\"Frudia\",\"description\":\"La belleza est\u00e1 en las frutas\",\"potentialAction\":[{\"@type\":\"SearchAction\",\"target\":{\"@type\":\"EntryPoint\",\"urlTemplate\":\"https:\/\/frudia.es\/pt-pt\/?s={search_term_string}\"},\"query-input\":{\"@type\":\"PropertyValueSpecification\",\"valueRequired\":true,\"valueName\":\"search_term_string\"}}],\"inLanguage\":\"pt-PT\"}]}<\/script>\n<!-- \/ Yoast SEO plugin. -->","yoast_head_json":{"title":"Blueberry Creme  Hidratante Mini\u00a0 - Frudia","robots":{"index":"index","follow":"follow","max-snippet":"max-snippet:-1","max-image-preview":"max-image-preview:large","max-video-preview":"max-video-preview:-1"},"canonical":"https:\/\/frudia.es\/pt-pt\/producto\/blueberry-crema-hidratante-mini\/","og_locale":"pt_PT","og_type":"article","og_title":"Blueberry Creme  Hidratante Mini\u00a0 - Frudia","og_description":"Formulado com 77%  de extrato de mirtilos em vez de \u00e1gua para refo\u00e7ar a barreira protetora da  pele e evitar a perda de \u00e1gua. Com um complexo vegetal patenteado de 5  plantas, este creme leve e n\u00e3o oleoso mant\u00e9m a pele hidratada durante at\u00e9 48  horas. Clinicamente testado em pele sens\u00edvel para proporcionar o m\u00e1ximo de  benef\u00edcios sem irrita\u00e7\u00e3o.","og_url":"https:\/\/frudia.es\/pt-pt\/producto\/blueberry-crema-hidratante-mini\/","og_site_name":"Frudia","article_modified_time":"2024-07-31T13:11:42+00:00","og_image":[{"width":600,"height":600,"url":"https:\/\/frudia.es\/wp-content\/uploads\/2023\/01\/0tf16662@1.jpg","type":"image\/jpeg"}],"twitter_card":"summary_large_image","twitter_misc":{"Tempo estimado de leitura":"1 minuto"},"schema":{"@context":"https:\/\/schema.org","@graph":[{"@type":"WebPage","@id":"https:\/\/frudia.es\/pt-pt\/producto\/blueberry-crema-hidratante-mini\/","url":"https:\/\/frudia.es\/pt-pt\/producto\/blueberry-crema-hidratante-mini\/","name":"Blueberry Creme Hidratante Mini\u00a0 - Frudia","isPartOf":{"@id":"https:\/\/frudia.es\/pt-pt\/#website"},"primaryImageOfPage":{"@id":"https:\/\/frudia.es\/pt-pt\/producto\/blueberry-crema-hidratante-mini\/#primaryimage"},"image":{"@id":"https:\/\/frudia.es\/pt-pt\/producto\/blueberry-crema-hidratante-mini\/#primaryimage"},"thumbnailUrl":"https:\/\/frudia.es\/wp-content\/uploads\/2023\/01\/0tf16662@1.jpg","datePublished":"2023-01-27T08:51:59+00:00","dateModified":"2024-07-31T13:11:42+00:00","breadcrumb":{"@id":"https:\/\/frudia.es\/pt-pt\/producto\/blueberry-crema-hidratante-mini\/#breadcrumb"},"inLanguage":"pt-PT","potentialAction":[{"@type":"ReadAction","target":["https:\/\/frudia.es\/pt-pt\/producto\/blueberry-crema-hidratante-mini\/"]}]},{"@type":"ImageObject","inLanguage":"pt-PT","@id":"https:\/\/frudia.es\/pt-pt\/producto\/blueberry-crema-hidratante-mini\/#primaryimage","url":"https:\/\/frudia.es\/wp-content\/uploads\/2023\/01\/0tf16662@1.jpg","contentUrl":"https:\/\/frudia.es\/wp-content\/uploads\/2023\/01\/0tf16662@1.jpg","width":600,"height":600,"caption":"Blueberry Crema Hidratante Mini"},{"@type":"BreadcrumbList","@id":"https:\/\/frudia.es\/pt-pt\/producto\/blueberry-crema-hidratante-mini\/#breadcrumb","itemListElement":[{"@type":"ListItem","position":1,"name":"Portada","item":"https:\/\/frudia.es\/pt-pt\/"},{"@type":"ListItem","position":2,"name":"Tienda","item":"https:\/\/frudia.es\/en\/shop\/"},{"@type":"ListItem","position":3,"name":"Blueberry Creme Hidratante Mini\u00a0"}]},{"@type":"WebSite","@id":"https:\/\/frudia.es\/pt-pt\/#website","url":"https:\/\/frudia.es\/pt-pt\/","name":"Frudia","description":"La belleza est\u00e1 en las frutas","potentialAction":[{"@type":"SearchAction","target":{"@type":"EntryPoint","urlTemplate":"https:\/\/frudia.es\/pt-pt\/?s={search_term_string}"},"query-input":{"@type":"PropertyValueSpecification","valueRequired":true,"valueName":"search_term_string"}}],"inLanguage":"pt-PT"}]}},"_links":{"self":[{"href":"https:\/\/frudia.es\/pt-pt\/wp-json\/wp\/v2\/product\/21672","targetHints":{"allow":["GET"]}}],"collection":[{"href":"https:\/\/frudia.es\/pt-pt\/wp-json\/wp\/v2\/product"}],"about":[{"href":"https:\/\/frudia.es\/pt-pt\/wp-json\/wp\/v2\/types\/product"}],"replies":[{"embeddable":true,"href":"https:\/\/frudia.es\/pt-pt\/wp-json\/wp\/v2\/comments?post=21672"}],"wp:featuredmedia":[{"embeddable":true,"href":"https:\/\/frudia.es\/pt-pt\/wp-json\/wp\/v2\/media\/20155"}],"wp:attachment":[{"href":"https:\/\/frudia.es\/pt-pt\/wp-json\/wp\/v2\/media?parent=21672"}],"wp:term":[{"taxonomy":"product_brand","embeddable":true,"href":"https:\/\/frudia.es\/pt-pt\/wp-json\/wp\/v2\/product_brand?post=21672"},{"taxonomy":"product_cat","embeddable":true,"href":"https:\/\/frudia.es\/pt-pt\/wp-json\/wp\/v2\/product_cat?post=21672"},{"taxonomy":"product_tag","embeddable":true,"href":"https:\/\/frudia.es\/pt-pt\/wp-json\/wp\/v2\/product_tag?post=21672"}],"curies":[{"name":"wp","href":"https:\/\/api.w.org\/{rel}","templated":true}]}}