{"id":21676,"date":"2023-01-27T08:51:57","date_gmt":"2023-01-27T08:51:57","guid":{"rendered":"https:\/\/frudia.es\/producto\/blueberry-tonico-hidratante-2\/"},"modified":"2024-07-31T13:11:50","modified_gmt":"2024-07-31T13:11:50","slug":"blueberry-tonico-hidratante","status":"publish","type":"product","link":"https:\/\/frudia.es\/pt-pt\/producto\/blueberry-tonico-hidratante\/","title":{"rendered":"Blueberry T\u00f3nico\n  Hidratante\u00a0"},"content":{"rendered":"<h4>Modo de<br \/>\n  uso<\/h4>\n<p>Ap\u00f3s a limpeza na primeira etapa dos cuidados com a<br \/>\n  pele, dispensar uma quantidade moderada e aplic\u00e1-la no rosto, com toques<br \/>\n  suaves at\u00e9 total<br \/>\n  absor\u00e7\u00e3o.<\/p>\n<h4>Ingredientes<\/h4>\n<p>Vaccinium Angustifolium<br \/>\n  (Blueberry) Fruit Extract, Butylene Glycol, 1,2-Hexanediol, Glycerin,<br \/>\n  Diethoxyethyl Succinate, Ammonium Acryloyldimethyltaurate\/VP Copolymer,<br \/>\n  Polyglyceryl-10 Laurate, Polyglyceryl-4 Laurate, Water, Caprylyl\/Capryl<br \/>\n  Glucoside, Ethylhexylglycerin, Betaine, Panthenol, Caprylic\/Capric<br \/>\n  Triglyceride, Coco-Caprylate\/Caprate, Selaginella Tamariscina Extract,<br \/>\n  Gypsophila Paniculata Root Extract, Passiflora Incarnata Extract,<br \/>\n  Hydrogenated Lecithin, Albizia Julibrissin Bark Extract, Peucedanum Graveolens<br \/>\n  (Dill) Extract, Prunus Armeniaca (Apricot) Kernel Oil, Vitis Vinifera (Grape)<br \/>\n  Seed Oil, Phytosterols, Citrus Paradisi (Grapefruit) Seed Oil, Mangifera<br \/>\n  Indica (Mango) Seed Oil, Punica Granatum Seed Oil, Solanum Lycopersicum<br \/>\n  (Tomato) Seed Oil, Tocopherol, Disodium EDTA, Fragrance<\/p>\n","protected":false},"excerpt":{"rendered":"<p>Formulado com 88%<br \/>\n  de extrato de mirtilos em vez de \u00e1gua, para hidratar intensamente a pele<br \/>\n  seca. Cont\u00e9m um complexo vegetal patenteado de 5 plantas que ajudam a<br \/>\n  restaurar a barreira de hidrata\u00e7\u00e3o da pele. Clinicamente testado em pele<br \/>\n  sens\u00edvel para proporcionar o m\u00e1ximo de benef\u00edcios sem irrita\u00e7\u00e3o.<\/p>\n","protected":false},"featured_media":20127,"comment_status":"closed","ping_status":"closed","template":"","meta":[],"product_brand":[],"product_cat":[718,746],"product_tag":[],"class_list":{"0":"post-21676","1":"product","2":"type-product","3":"status-publish","4":"has-post-thumbnail","6":"product_cat-blueberry-pt-pt","7":"product_cat-tonico-pt-pt","9":"first","10":"instock","11":"shipping-taxable","12":"purchasable","13":"product-type-simple"},"yoast_head":"<!-- This site is optimized with the Yoast SEO plugin v27.2 - https:\/\/yoast.com\/product\/yoast-seo-wordpress\/ -->\n<title>Blueberry T\u00f3nico  Hidratante\u00a0 - Frudia<\/title>\n<meta name=\"robots\" content=\"index, follow, max-snippet:-1, max-image-preview:large, max-video-preview:-1\" \/>\n<link rel=\"canonical\" href=\"https:\/\/frudia.es\/pt-pt\/producto\/blueberry-tonico-hidratante\/\" \/>\n<meta property=\"og:locale\" content=\"pt_PT\" \/>\n<meta property=\"og:type\" content=\"article\" \/>\n<meta property=\"og:title\" content=\"Blueberry T\u00f3nico  Hidratante\u00a0 - Frudia\" \/>\n<meta property=\"og:description\" content=\"Formulado com 88%  de extrato de mirtilos em vez de \u00e1gua, para hidratar intensamente a pele  seca. Cont\u00e9m um complexo vegetal patenteado de 5 plantas que ajudam a  restaurar a barreira de hidrata\u00e7\u00e3o da pele. Clinicamente testado em pele  sens\u00edvel para proporcionar o m\u00e1ximo de benef\u00edcios sem irrita\u00e7\u00e3o.\" \/>\n<meta property=\"og:url\" content=\"https:\/\/frudia.es\/pt-pt\/producto\/blueberry-tonico-hidratante\/\" \/>\n<meta property=\"og:site_name\" content=\"Frudia\" \/>\n<meta property=\"article:modified_time\" content=\"2024-07-31T13:11:50+00:00\" \/>\n<meta property=\"og:image\" content=\"https:\/\/frudia.es\/wp-content\/uploads\/2023\/01\/0tf16642@1.jpg\" \/>\n\t<meta property=\"og:image:width\" content=\"600\" \/>\n\t<meta property=\"og:image:height\" content=\"600\" \/>\n\t<meta property=\"og:image:type\" content=\"image\/jpeg\" \/>\n<meta name=\"twitter:card\" content=\"summary_large_image\" \/>\n<meta name=\"twitter:label1\" content=\"Tempo estimado de leitura\" \/>\n\t<meta name=\"twitter:data1\" content=\"1 minuto\" \/>\n<script type=\"application\/ld+json\" class=\"yoast-schema-graph\">{\"@context\":\"https:\/\/schema.org\",\"@graph\":[{\"@type\":\"WebPage\",\"@id\":\"https:\/\/frudia.es\/pt-pt\/producto\/blueberry-tonico-hidratante\/\",\"url\":\"https:\/\/frudia.es\/pt-pt\/producto\/blueberry-tonico-hidratante\/\",\"name\":\"Blueberry T\u00f3nico Hidratante\u00a0 - Frudia\",\"isPartOf\":{\"@id\":\"https:\/\/frudia.es\/pt-pt\/#website\"},\"primaryImageOfPage\":{\"@id\":\"https:\/\/frudia.es\/pt-pt\/producto\/blueberry-tonico-hidratante\/#primaryimage\"},\"image\":{\"@id\":\"https:\/\/frudia.es\/pt-pt\/producto\/blueberry-tonico-hidratante\/#primaryimage\"},\"thumbnailUrl\":\"https:\/\/frudia.es\/wp-content\/uploads\/2023\/01\/0tf16642@1.jpg\",\"datePublished\":\"2023-01-27T08:51:57+00:00\",\"dateModified\":\"2024-07-31T13:11:50+00:00\",\"breadcrumb\":{\"@id\":\"https:\/\/frudia.es\/pt-pt\/producto\/blueberry-tonico-hidratante\/#breadcrumb\"},\"inLanguage\":\"pt-PT\",\"potentialAction\":[{\"@type\":\"ReadAction\",\"target\":[\"https:\/\/frudia.es\/pt-pt\/producto\/blueberry-tonico-hidratante\/\"]}]},{\"@type\":\"ImageObject\",\"inLanguage\":\"pt-PT\",\"@id\":\"https:\/\/frudia.es\/pt-pt\/producto\/blueberry-tonico-hidratante\/#primaryimage\",\"url\":\"https:\/\/frudia.es\/wp-content\/uploads\/2023\/01\/0tf16642@1.jpg\",\"contentUrl\":\"https:\/\/frudia.es\/wp-content\/uploads\/2023\/01\/0tf16642@1.jpg\",\"width\":600,\"height\":600},{\"@type\":\"BreadcrumbList\",\"@id\":\"https:\/\/frudia.es\/pt-pt\/producto\/blueberry-tonico-hidratante\/#breadcrumb\",\"itemListElement\":[{\"@type\":\"ListItem\",\"position\":1,\"name\":\"Portada\",\"item\":\"https:\/\/frudia.es\/pt-pt\/\"},{\"@type\":\"ListItem\",\"position\":2,\"name\":\"Tienda\",\"item\":\"https:\/\/frudia.es\/en\/shop\/\"},{\"@type\":\"ListItem\",\"position\":3,\"name\":\"Blueberry T\u00f3nico Hidratante\u00a0\"}]},{\"@type\":\"WebSite\",\"@id\":\"https:\/\/frudia.es\/pt-pt\/#website\",\"url\":\"https:\/\/frudia.es\/pt-pt\/\",\"name\":\"Frudia\",\"description\":\"La belleza est\u00e1 en las frutas\",\"potentialAction\":[{\"@type\":\"SearchAction\",\"target\":{\"@type\":\"EntryPoint\",\"urlTemplate\":\"https:\/\/frudia.es\/pt-pt\/?s={search_term_string}\"},\"query-input\":{\"@type\":\"PropertyValueSpecification\",\"valueRequired\":true,\"valueName\":\"search_term_string\"}}],\"inLanguage\":\"pt-PT\"}]}<\/script>\n<!-- \/ Yoast SEO plugin. -->","yoast_head_json":{"title":"Blueberry T\u00f3nico  Hidratante\u00a0 - Frudia","robots":{"index":"index","follow":"follow","max-snippet":"max-snippet:-1","max-image-preview":"max-image-preview:large","max-video-preview":"max-video-preview:-1"},"canonical":"https:\/\/frudia.es\/pt-pt\/producto\/blueberry-tonico-hidratante\/","og_locale":"pt_PT","og_type":"article","og_title":"Blueberry T\u00f3nico  Hidratante\u00a0 - Frudia","og_description":"Formulado com 88%  de extrato de mirtilos em vez de \u00e1gua, para hidratar intensamente a pele  seca. Cont\u00e9m um complexo vegetal patenteado de 5 plantas que ajudam a  restaurar a barreira de hidrata\u00e7\u00e3o da pele. Clinicamente testado em pele  sens\u00edvel para proporcionar o m\u00e1ximo de benef\u00edcios sem irrita\u00e7\u00e3o.","og_url":"https:\/\/frudia.es\/pt-pt\/producto\/blueberry-tonico-hidratante\/","og_site_name":"Frudia","article_modified_time":"2024-07-31T13:11:50+00:00","og_image":[{"width":600,"height":600,"url":"https:\/\/frudia.es\/wp-content\/uploads\/2023\/01\/0tf16642@1.jpg","type":"image\/jpeg"}],"twitter_card":"summary_large_image","twitter_misc":{"Tempo estimado de leitura":"1 minuto"},"schema":{"@context":"https:\/\/schema.org","@graph":[{"@type":"WebPage","@id":"https:\/\/frudia.es\/pt-pt\/producto\/blueberry-tonico-hidratante\/","url":"https:\/\/frudia.es\/pt-pt\/producto\/blueberry-tonico-hidratante\/","name":"Blueberry T\u00f3nico Hidratante\u00a0 - Frudia","isPartOf":{"@id":"https:\/\/frudia.es\/pt-pt\/#website"},"primaryImageOfPage":{"@id":"https:\/\/frudia.es\/pt-pt\/producto\/blueberry-tonico-hidratante\/#primaryimage"},"image":{"@id":"https:\/\/frudia.es\/pt-pt\/producto\/blueberry-tonico-hidratante\/#primaryimage"},"thumbnailUrl":"https:\/\/frudia.es\/wp-content\/uploads\/2023\/01\/0tf16642@1.jpg","datePublished":"2023-01-27T08:51:57+00:00","dateModified":"2024-07-31T13:11:50+00:00","breadcrumb":{"@id":"https:\/\/frudia.es\/pt-pt\/producto\/blueberry-tonico-hidratante\/#breadcrumb"},"inLanguage":"pt-PT","potentialAction":[{"@type":"ReadAction","target":["https:\/\/frudia.es\/pt-pt\/producto\/blueberry-tonico-hidratante\/"]}]},{"@type":"ImageObject","inLanguage":"pt-PT","@id":"https:\/\/frudia.es\/pt-pt\/producto\/blueberry-tonico-hidratante\/#primaryimage","url":"https:\/\/frudia.es\/wp-content\/uploads\/2023\/01\/0tf16642@1.jpg","contentUrl":"https:\/\/frudia.es\/wp-content\/uploads\/2023\/01\/0tf16642@1.jpg","width":600,"height":600},{"@type":"BreadcrumbList","@id":"https:\/\/frudia.es\/pt-pt\/producto\/blueberry-tonico-hidratante\/#breadcrumb","itemListElement":[{"@type":"ListItem","position":1,"name":"Portada","item":"https:\/\/frudia.es\/pt-pt\/"},{"@type":"ListItem","position":2,"name":"Tienda","item":"https:\/\/frudia.es\/en\/shop\/"},{"@type":"ListItem","position":3,"name":"Blueberry T\u00f3nico Hidratante\u00a0"}]},{"@type":"WebSite","@id":"https:\/\/frudia.es\/pt-pt\/#website","url":"https:\/\/frudia.es\/pt-pt\/","name":"Frudia","description":"La belleza est\u00e1 en las frutas","potentialAction":[{"@type":"SearchAction","target":{"@type":"EntryPoint","urlTemplate":"https:\/\/frudia.es\/pt-pt\/?s={search_term_string}"},"query-input":{"@type":"PropertyValueSpecification","valueRequired":true,"valueName":"search_term_string"}}],"inLanguage":"pt-PT"}]}},"_links":{"self":[{"href":"https:\/\/frudia.es\/pt-pt\/wp-json\/wp\/v2\/product\/21676","targetHints":{"allow":["GET"]}}],"collection":[{"href":"https:\/\/frudia.es\/pt-pt\/wp-json\/wp\/v2\/product"}],"about":[{"href":"https:\/\/frudia.es\/pt-pt\/wp-json\/wp\/v2\/types\/product"}],"replies":[{"embeddable":true,"href":"https:\/\/frudia.es\/pt-pt\/wp-json\/wp\/v2\/comments?post=21676"}],"wp:featuredmedia":[{"embeddable":true,"href":"https:\/\/frudia.es\/pt-pt\/wp-json\/wp\/v2\/media\/20127"}],"wp:attachment":[{"href":"https:\/\/frudia.es\/pt-pt\/wp-json\/wp\/v2\/media?parent=21676"}],"wp:term":[{"taxonomy":"product_brand","embeddable":true,"href":"https:\/\/frudia.es\/pt-pt\/wp-json\/wp\/v2\/product_brand?post=21676"},{"taxonomy":"product_cat","embeddable":true,"href":"https:\/\/frudia.es\/pt-pt\/wp-json\/wp\/v2\/product_cat?post=21676"},{"taxonomy":"product_tag","embeddable":true,"href":"https:\/\/frudia.es\/pt-pt\/wp-json\/wp\/v2\/product_tag?post=21676"}],"curies":[{"name":"wp","href":"https:\/\/api.w.org\/{rel}","templated":true}]}}