{"id":21678,"date":"2023-01-27T08:51:55","date_gmt":"2023-01-27T08:51:55","guid":{"rendered":"https:\/\/frudia.es\/producto\/green-grape-algodon-exfoliante-control-poros-3\/"},"modified":"2024-07-31T13:11:58","modified_gmt":"2024-07-31T13:11:58","slug":"green-grape-algodon-exfoliante-control-poros","status":"publish","type":"product","link":"https:\/\/frudia.es\/pt-pt\/producto\/green-grape-algodon-exfoliante-control-poros\/","title":{"rendered":"Green Grape Discos\n  Esfoliantes de Algod\u00e3o Control Poros\u00a0"},"content":{"rendered":"<h4>Modo de<br \/>\n  uso<\/h4>\n<p>1. Ap\u00f3s a limpeza, limpar suavemente todo o rosto,<br \/>\n  excepto a zona dos olhos, com o lado do disco que apresenta relevo. 2. Em<br \/>\n  oposi\u00e7\u00e3o, utilizar o lado liso para cuidar e suavizar a pele usando<br \/>\n  movimentos circulares.\n  <\/p>\n<h4>Ingredientes<\/h4>\n<p>Water, Vitis Vinifera<br \/>\n  (Grape) Fruit Extract, 1,2-Hexanediol, Methylpropanediol, Butylene Glycol,<br \/>\n  Sodium Citrate, Propanediol, Betaine Salicylate, Polyglyceryl-10 Laurate,<br \/>\n  Pentylene Glycol, Hydroxyethyl Urea, Panthenol, Ethylhexylglycerin,<br \/>\n  Polyquaternium-51, Tannic Acid, Oenothera Biennis (Evening Primrose) Flower<br \/>\n  Extract, Pinus Palustris Leaf Extract, Pueraria Lobata Root Extract, Ulmus<br \/>\n  Davidiana Root Extract, Disodium EDTA, Chlorphenesin, Citrus Aurantium<br \/>\n  Bergamia (Bergamot) Fruit Oil, Lavandula Hybrida Oil, Cupressus Sempervirens<br \/>\n  Leaf\/Nut\/Stem Oil, Juniperus Virginiana Oil, Citrus Aurantium Dulcis (Orange)<br \/>\n  Peel Oil, Citrus Paradisi (Grapefruit) Peel Oil, Limonene, Linalool<\/p>\n","protected":false},"excerpt":{"rendered":"<p>O disco esfoliante remove as impurezas e as c\u00e9lulas mortas que<br \/>\n  obstruem os poros para manter a textura da pele suave e macia. O extrato de<br \/>\n  uva verde rico em taninos controla a secre\u00e7\u00e3o de excesso de sebo e minimiza<br \/>\n  visivelmente a apar\u00eancia dos poros. Hipoalerg\u00e9nico, com um pH semelhante ao<br \/>\n  da pele, equilibra-a para criar uma pele saud\u00e1vel. O disco de grandes<br \/>\n  dimens\u00f5es tamb\u00e9m se encontra dispon\u00edvel para esfolia\u00e7\u00e3o das costas e joelhos.<\/p>\n","protected":false},"featured_media":20115,"comment_status":"closed","ping_status":"closed","template":"","meta":[],"product_brand":[],"product_cat":[740,750],"product_tag":[],"class_list":{"0":"post-21678","1":"product","2":"type-product","3":"status-publish","4":"has-post-thumbnail","6":"product_cat-esfoliante-pt-pt","7":"product_cat-green-grape-pt-pt","9":"first","10":"instock","11":"shipping-taxable","12":"purchasable","13":"product-type-simple"},"yoast_head":"<!-- This site is optimized with the Yoast SEO plugin v27.2 - https:\/\/yoast.com\/product\/yoast-seo-wordpress\/ -->\n<title>Green Grape Discos  Esfoliantes de Algod\u00e3o Control Poros\u00a0 - Frudia<\/title>\n<meta name=\"robots\" content=\"index, follow, max-snippet:-1, max-image-preview:large, max-video-preview:-1\" \/>\n<link rel=\"canonical\" href=\"https:\/\/frudia.es\/pt-pt\/producto\/green-grape-algodon-exfoliante-control-poros\/\" \/>\n<meta property=\"og:locale\" content=\"pt_PT\" \/>\n<meta property=\"og:type\" content=\"article\" \/>\n<meta property=\"og:title\" content=\"Green Grape Discos  Esfoliantes de Algod\u00e3o Control Poros\u00a0 - Frudia\" \/>\n<meta property=\"og:description\" content=\"O disco esfoliante remove as impurezas e as c\u00e9lulas mortas que  obstruem os poros para manter a textura da pele suave e macia. O extrato de  uva verde rico em taninos controla a secre\u00e7\u00e3o de excesso de sebo e minimiza  visivelmente a apar\u00eancia dos poros. Hipoalerg\u00e9nico, com um pH semelhante ao  da pele, equilibra-a para criar uma pele saud\u00e1vel. O disco de grandes  dimens\u00f5es tamb\u00e9m se encontra dispon\u00edvel para esfolia\u00e7\u00e3o das costas e joelhos.\" \/>\n<meta property=\"og:url\" content=\"https:\/\/frudia.es\/pt-pt\/producto\/green-grape-algodon-exfoliante-control-poros\/\" \/>\n<meta property=\"og:site_name\" content=\"Frudia\" \/>\n<meta property=\"article:modified_time\" content=\"2024-07-31T13:11:58+00:00\" \/>\n<meta property=\"og:image\" content=\"https:\/\/frudia.es\/wp-content\/uploads\/2023\/01\/0tf18294@1.jpg\" \/>\n\t<meta property=\"og:image:width\" content=\"600\" \/>\n\t<meta property=\"og:image:height\" content=\"600\" \/>\n\t<meta property=\"og:image:type\" content=\"image\/jpeg\" \/>\n<meta name=\"twitter:card\" content=\"summary_large_image\" \/>\n<meta name=\"twitter:label1\" content=\"Tempo estimado de leitura\" \/>\n\t<meta name=\"twitter:data1\" content=\"1 minuto\" \/>\n<script type=\"application\/ld+json\" class=\"yoast-schema-graph\">{\"@context\":\"https:\/\/schema.org\",\"@graph\":[{\"@type\":\"WebPage\",\"@id\":\"https:\/\/frudia.es\/pt-pt\/producto\/green-grape-algodon-exfoliante-control-poros\/\",\"url\":\"https:\/\/frudia.es\/pt-pt\/producto\/green-grape-algodon-exfoliante-control-poros\/\",\"name\":\"Green Grape Discos Esfoliantes de Algod\u00e3o Control Poros\u00a0 - Frudia\",\"isPartOf\":{\"@id\":\"https:\/\/frudia.es\/pt-pt\/#website\"},\"primaryImageOfPage\":{\"@id\":\"https:\/\/frudia.es\/pt-pt\/producto\/green-grape-algodon-exfoliante-control-poros\/#primaryimage\"},\"image\":{\"@id\":\"https:\/\/frudia.es\/pt-pt\/producto\/green-grape-algodon-exfoliante-control-poros\/#primaryimage\"},\"thumbnailUrl\":\"https:\/\/frudia.es\/wp-content\/uploads\/2023\/01\/0tf18294@1.jpg\",\"datePublished\":\"2023-01-27T08:51:55+00:00\",\"dateModified\":\"2024-07-31T13:11:58+00:00\",\"breadcrumb\":{\"@id\":\"https:\/\/frudia.es\/pt-pt\/producto\/green-grape-algodon-exfoliante-control-poros\/#breadcrumb\"},\"inLanguage\":\"pt-PT\",\"potentialAction\":[{\"@type\":\"ReadAction\",\"target\":[\"https:\/\/frudia.es\/pt-pt\/producto\/green-grape-algodon-exfoliante-control-poros\/\"]}]},{\"@type\":\"ImageObject\",\"inLanguage\":\"pt-PT\",\"@id\":\"https:\/\/frudia.es\/pt-pt\/producto\/green-grape-algodon-exfoliante-control-poros\/#primaryimage\",\"url\":\"https:\/\/frudia.es\/wp-content\/uploads\/2023\/01\/0tf18294@1.jpg\",\"contentUrl\":\"https:\/\/frudia.es\/wp-content\/uploads\/2023\/01\/0tf18294@1.jpg\",\"width\":600,\"height\":600},{\"@type\":\"BreadcrumbList\",\"@id\":\"https:\/\/frudia.es\/pt-pt\/producto\/green-grape-algodon-exfoliante-control-poros\/#breadcrumb\",\"itemListElement\":[{\"@type\":\"ListItem\",\"position\":1,\"name\":\"Portada\",\"item\":\"https:\/\/frudia.es\/pt-pt\/\"},{\"@type\":\"ListItem\",\"position\":2,\"name\":\"Tienda\",\"item\":\"https:\/\/frudia.es\/en\/shop\/\"},{\"@type\":\"ListItem\",\"position\":3,\"name\":\"Green Grape Discos Esfoliantes de Algod\u00e3o Control Poros\u00a0\"}]},{\"@type\":\"WebSite\",\"@id\":\"https:\/\/frudia.es\/pt-pt\/#website\",\"url\":\"https:\/\/frudia.es\/pt-pt\/\",\"name\":\"Frudia\",\"description\":\"La belleza est\u00e1 en las frutas\",\"potentialAction\":[{\"@type\":\"SearchAction\",\"target\":{\"@type\":\"EntryPoint\",\"urlTemplate\":\"https:\/\/frudia.es\/pt-pt\/?s={search_term_string}\"},\"query-input\":{\"@type\":\"PropertyValueSpecification\",\"valueRequired\":true,\"valueName\":\"search_term_string\"}}],\"inLanguage\":\"pt-PT\"}]}<\/script>\n<!-- \/ Yoast SEO plugin. -->","yoast_head_json":{"title":"Green Grape Discos  Esfoliantes de Algod\u00e3o Control Poros\u00a0 - Frudia","robots":{"index":"index","follow":"follow","max-snippet":"max-snippet:-1","max-image-preview":"max-image-preview:large","max-video-preview":"max-video-preview:-1"},"canonical":"https:\/\/frudia.es\/pt-pt\/producto\/green-grape-algodon-exfoliante-control-poros\/","og_locale":"pt_PT","og_type":"article","og_title":"Green Grape Discos  Esfoliantes de Algod\u00e3o Control Poros\u00a0 - Frudia","og_description":"O disco esfoliante remove as impurezas e as c\u00e9lulas mortas que  obstruem os poros para manter a textura da pele suave e macia. O extrato de  uva verde rico em taninos controla a secre\u00e7\u00e3o de excesso de sebo e minimiza  visivelmente a apar\u00eancia dos poros. Hipoalerg\u00e9nico, com um pH semelhante ao  da pele, equilibra-a para criar uma pele saud\u00e1vel. O disco de grandes  dimens\u00f5es tamb\u00e9m se encontra dispon\u00edvel para esfolia\u00e7\u00e3o das costas e joelhos.","og_url":"https:\/\/frudia.es\/pt-pt\/producto\/green-grape-algodon-exfoliante-control-poros\/","og_site_name":"Frudia","article_modified_time":"2024-07-31T13:11:58+00:00","og_image":[{"width":600,"height":600,"url":"https:\/\/frudia.es\/wp-content\/uploads\/2023\/01\/0tf18294@1.jpg","type":"image\/jpeg"}],"twitter_card":"summary_large_image","twitter_misc":{"Tempo estimado de leitura":"1 minuto"},"schema":{"@context":"https:\/\/schema.org","@graph":[{"@type":"WebPage","@id":"https:\/\/frudia.es\/pt-pt\/producto\/green-grape-algodon-exfoliante-control-poros\/","url":"https:\/\/frudia.es\/pt-pt\/producto\/green-grape-algodon-exfoliante-control-poros\/","name":"Green Grape Discos Esfoliantes de Algod\u00e3o Control Poros\u00a0 - Frudia","isPartOf":{"@id":"https:\/\/frudia.es\/pt-pt\/#website"},"primaryImageOfPage":{"@id":"https:\/\/frudia.es\/pt-pt\/producto\/green-grape-algodon-exfoliante-control-poros\/#primaryimage"},"image":{"@id":"https:\/\/frudia.es\/pt-pt\/producto\/green-grape-algodon-exfoliante-control-poros\/#primaryimage"},"thumbnailUrl":"https:\/\/frudia.es\/wp-content\/uploads\/2023\/01\/0tf18294@1.jpg","datePublished":"2023-01-27T08:51:55+00:00","dateModified":"2024-07-31T13:11:58+00:00","breadcrumb":{"@id":"https:\/\/frudia.es\/pt-pt\/producto\/green-grape-algodon-exfoliante-control-poros\/#breadcrumb"},"inLanguage":"pt-PT","potentialAction":[{"@type":"ReadAction","target":["https:\/\/frudia.es\/pt-pt\/producto\/green-grape-algodon-exfoliante-control-poros\/"]}]},{"@type":"ImageObject","inLanguage":"pt-PT","@id":"https:\/\/frudia.es\/pt-pt\/producto\/green-grape-algodon-exfoliante-control-poros\/#primaryimage","url":"https:\/\/frudia.es\/wp-content\/uploads\/2023\/01\/0tf18294@1.jpg","contentUrl":"https:\/\/frudia.es\/wp-content\/uploads\/2023\/01\/0tf18294@1.jpg","width":600,"height":600},{"@type":"BreadcrumbList","@id":"https:\/\/frudia.es\/pt-pt\/producto\/green-grape-algodon-exfoliante-control-poros\/#breadcrumb","itemListElement":[{"@type":"ListItem","position":1,"name":"Portada","item":"https:\/\/frudia.es\/pt-pt\/"},{"@type":"ListItem","position":2,"name":"Tienda","item":"https:\/\/frudia.es\/en\/shop\/"},{"@type":"ListItem","position":3,"name":"Green Grape Discos Esfoliantes de Algod\u00e3o Control Poros\u00a0"}]},{"@type":"WebSite","@id":"https:\/\/frudia.es\/pt-pt\/#website","url":"https:\/\/frudia.es\/pt-pt\/","name":"Frudia","description":"La belleza est\u00e1 en las frutas","potentialAction":[{"@type":"SearchAction","target":{"@type":"EntryPoint","urlTemplate":"https:\/\/frudia.es\/pt-pt\/?s={search_term_string}"},"query-input":{"@type":"PropertyValueSpecification","valueRequired":true,"valueName":"search_term_string"}}],"inLanguage":"pt-PT"}]}},"_links":{"self":[{"href":"https:\/\/frudia.es\/pt-pt\/wp-json\/wp\/v2\/product\/21678","targetHints":{"allow":["GET"]}}],"collection":[{"href":"https:\/\/frudia.es\/pt-pt\/wp-json\/wp\/v2\/product"}],"about":[{"href":"https:\/\/frudia.es\/pt-pt\/wp-json\/wp\/v2\/types\/product"}],"replies":[{"embeddable":true,"href":"https:\/\/frudia.es\/pt-pt\/wp-json\/wp\/v2\/comments?post=21678"}],"wp:featuredmedia":[{"embeddable":true,"href":"https:\/\/frudia.es\/pt-pt\/wp-json\/wp\/v2\/media\/20115"}],"wp:attachment":[{"href":"https:\/\/frudia.es\/pt-pt\/wp-json\/wp\/v2\/media?parent=21678"}],"wp:term":[{"taxonomy":"product_brand","embeddable":true,"href":"https:\/\/frudia.es\/pt-pt\/wp-json\/wp\/v2\/product_brand?post=21678"},{"taxonomy":"product_cat","embeddable":true,"href":"https:\/\/frudia.es\/pt-pt\/wp-json\/wp\/v2\/product_cat?post=21678"},{"taxonomy":"product_tag","embeddable":true,"href":"https:\/\/frudia.es\/pt-pt\/wp-json\/wp\/v2\/product_tag?post=21678"}],"curies":[{"name":"wp","href":"https:\/\/api.w.org\/{rel}","templated":true}]}}