{"id":21682,"date":"2023-01-27T08:51:52","date_gmt":"2023-01-27T08:51:52","guid":{"rendered":"https:\/\/frudia.es\/producto\/green-grape-tonico-control-poros-2\/"},"modified":"2024-07-31T13:12:06","modified_gmt":"2024-07-31T13:12:06","slug":"green-grape-tonico-control-poros","status":"publish","type":"product","link":"https:\/\/frudia.es\/pt-pt\/producto\/green-grape-tonico-control-poros\/","title":{"rendered":"Green Grape T\u00f3nico\n  Control Poros\u00a0"},"content":{"rendered":"<h4>Modo de<br \/>\n  uso<\/h4>\n<p>Ap\u00f3s a limpeza na primeira etapa dos cuidados com a<br \/>\n  pele, dispensar uma quantidade moderada e aplic\u00e1-la no rosto, com toques<br \/>\n  suaves at\u00e9 total<br \/>\n  absor\u00e7\u00e3o.<\/p>\n<h4>Ingredientes<\/h4>\n<p>Vitis Vinifera<br \/>\n  (Grape) Fruit Extract, Butylene Glycol, Propanediol, 1,2-Hexanediol,<br \/>\n  Glycerin, Panthenol, Water, Polyglyceryl-10 Laurate, Polyglyceryl-4 Laurate,<br \/>\n  Tromethamine, Caprylyl\/Capryl Glucoside, Ethylhexylglycerin, Citric Acid,<br \/>\n  Sodium Citrate, Diospyros Kaki Leaf Extract, Gluconolactone, Carthamus<br \/>\n  Tinctorius (Safflower) Flower Extract, Coffea Arabica (Coffee) Seed Extract,<br \/>\n  Polygonum Cuspidatum Root Extract, Camellia Sinensis Leaf Extract, Castanea<br \/>\n  Crenata (Chestnut) Shell Extract, Zanthoxylum Piperitum Fruit Extract,<br \/>\n  Caprylic\/Capric Triglyceride, Tannic Acid, Hydrogenated Lecithin, Soluble<br \/>\n  Collagen, Papain, Oenothera Biennis (Evening Primrose) Flower Extract, Pinus<br \/>\n  Palustris Leaf Extract, Pueraria Lobata Root Extract, Ulmus Davidiana Root<br \/>\n  Extract, Phytosterols, Disodium EDTA, Fragrance, Hexyl Cinnamal, Benzyl<br \/>\n  Salicylate, Linalool<\/p>\n","protected":false},"excerpt":{"rendered":"<p>Formulado com 89%<br \/>\n  de extrato de uvas verdes em vez de \u00e1gua pela sua riqueza em antioxidantes<br \/>\n  para esfoliar e limpar os poros sem um efeito de desidrata\u00e7\u00e3o, deixando a<br \/>\n  pele visivelmente equilibrada. Controla o excesso de sebo para minimizar a<br \/>\n  apar\u00eancia dos poros para uma pele visivelmente mais uniforme e luminosa.<br \/>\n  Testado clinicamente para pele sens\u00edvel para proporcionar o m\u00e1ximo de<br \/>\n  benef\u00edcios sem irrita\u00e7\u00e3o.<\/p>\n","protected":false},"featured_media":20081,"comment_status":"closed","ping_status":"closed","template":"","meta":[],"product_brand":[],"product_cat":[750,746],"product_tag":[],"class_list":{"0":"post-21682","1":"product","2":"type-product","3":"status-publish","4":"has-post-thumbnail","6":"product_cat-green-grape-pt-pt","7":"product_cat-tonico-pt-pt","9":"first","10":"instock","11":"shipping-taxable","12":"purchasable","13":"product-type-simple"},"yoast_head":"<!-- This site is optimized with the Yoast SEO plugin v27.2 - https:\/\/yoast.com\/product\/yoast-seo-wordpress\/ -->\n<title>Green Grape T\u00f3nico  Control Poros\u00a0 - Frudia<\/title>\n<meta name=\"robots\" content=\"index, follow, max-snippet:-1, max-image-preview:large, max-video-preview:-1\" \/>\n<link rel=\"canonical\" href=\"https:\/\/frudia.es\/pt-pt\/producto\/green-grape-tonico-control-poros\/\" \/>\n<meta property=\"og:locale\" content=\"pt_PT\" \/>\n<meta property=\"og:type\" content=\"article\" \/>\n<meta property=\"og:title\" content=\"Green Grape T\u00f3nico  Control Poros\u00a0 - Frudia\" \/>\n<meta property=\"og:description\" content=\"Formulado com 89%  de extrato de uvas verdes em vez de \u00e1gua pela sua riqueza em antioxidantes  para esfoliar e limpar os poros sem um efeito de desidrata\u00e7\u00e3o, deixando a  pele visivelmente equilibrada. Controla o excesso de sebo para minimizar a  apar\u00eancia dos poros para uma pele visivelmente mais uniforme e luminosa.  Testado clinicamente para pele sens\u00edvel para proporcionar o m\u00e1ximo de  benef\u00edcios sem irrita\u00e7\u00e3o.\" \/>\n<meta property=\"og:url\" content=\"https:\/\/frudia.es\/pt-pt\/producto\/green-grape-tonico-control-poros\/\" \/>\n<meta property=\"og:site_name\" content=\"Frudia\" \/>\n<meta property=\"article:modified_time\" content=\"2024-07-31T13:12:06+00:00\" \/>\n<meta property=\"og:image\" content=\"https:\/\/frudia.es\/wp-content\/uploads\/2023\/01\/0tf16633@1.jpg\" \/>\n\t<meta property=\"og:image:width\" content=\"600\" \/>\n\t<meta property=\"og:image:height\" content=\"600\" \/>\n\t<meta property=\"og:image:type\" content=\"image\/jpeg\" \/>\n<meta name=\"twitter:card\" content=\"summary_large_image\" \/>\n<meta name=\"twitter:label1\" content=\"Tempo estimado de leitura\" \/>\n\t<meta name=\"twitter:data1\" content=\"1 minuto\" \/>\n<script type=\"application\/ld+json\" class=\"yoast-schema-graph\">{\"@context\":\"https:\/\/schema.org\",\"@graph\":[{\"@type\":\"WebPage\",\"@id\":\"https:\/\/frudia.es\/pt-pt\/producto\/green-grape-tonico-control-poros\/\",\"url\":\"https:\/\/frudia.es\/pt-pt\/producto\/green-grape-tonico-control-poros\/\",\"name\":\"Green Grape T\u00f3nico Control Poros\u00a0 - Frudia\",\"isPartOf\":{\"@id\":\"https:\/\/frudia.es\/pt-pt\/#website\"},\"primaryImageOfPage\":{\"@id\":\"https:\/\/frudia.es\/pt-pt\/producto\/green-grape-tonico-control-poros\/#primaryimage\"},\"image\":{\"@id\":\"https:\/\/frudia.es\/pt-pt\/producto\/green-grape-tonico-control-poros\/#primaryimage\"},\"thumbnailUrl\":\"https:\/\/frudia.es\/wp-content\/uploads\/2023\/01\/0tf16633@1.jpg\",\"datePublished\":\"2023-01-27T08:51:52+00:00\",\"dateModified\":\"2024-07-31T13:12:06+00:00\",\"breadcrumb\":{\"@id\":\"https:\/\/frudia.es\/pt-pt\/producto\/green-grape-tonico-control-poros\/#breadcrumb\"},\"inLanguage\":\"pt-PT\",\"potentialAction\":[{\"@type\":\"ReadAction\",\"target\":[\"https:\/\/frudia.es\/pt-pt\/producto\/green-grape-tonico-control-poros\/\"]}]},{\"@type\":\"ImageObject\",\"inLanguage\":\"pt-PT\",\"@id\":\"https:\/\/frudia.es\/pt-pt\/producto\/green-grape-tonico-control-poros\/#primaryimage\",\"url\":\"https:\/\/frudia.es\/wp-content\/uploads\/2023\/01\/0tf16633@1.jpg\",\"contentUrl\":\"https:\/\/frudia.es\/wp-content\/uploads\/2023\/01\/0tf16633@1.jpg\",\"width\":600,\"height\":600},{\"@type\":\"BreadcrumbList\",\"@id\":\"https:\/\/frudia.es\/pt-pt\/producto\/green-grape-tonico-control-poros\/#breadcrumb\",\"itemListElement\":[{\"@type\":\"ListItem\",\"position\":1,\"name\":\"Portada\",\"item\":\"https:\/\/frudia.es\/pt-pt\/\"},{\"@type\":\"ListItem\",\"position\":2,\"name\":\"Tienda\",\"item\":\"https:\/\/frudia.es\/en\/shop\/\"},{\"@type\":\"ListItem\",\"position\":3,\"name\":\"Green Grape T\u00f3nico Control Poros\u00a0\"}]},{\"@type\":\"WebSite\",\"@id\":\"https:\/\/frudia.es\/pt-pt\/#website\",\"url\":\"https:\/\/frudia.es\/pt-pt\/\",\"name\":\"Frudia\",\"description\":\"La belleza est\u00e1 en las frutas\",\"potentialAction\":[{\"@type\":\"SearchAction\",\"target\":{\"@type\":\"EntryPoint\",\"urlTemplate\":\"https:\/\/frudia.es\/pt-pt\/?s={search_term_string}\"},\"query-input\":{\"@type\":\"PropertyValueSpecification\",\"valueRequired\":true,\"valueName\":\"search_term_string\"}}],\"inLanguage\":\"pt-PT\"}]}<\/script>\n<!-- \/ Yoast SEO plugin. -->","yoast_head_json":{"title":"Green Grape T\u00f3nico  Control Poros\u00a0 - Frudia","robots":{"index":"index","follow":"follow","max-snippet":"max-snippet:-1","max-image-preview":"max-image-preview:large","max-video-preview":"max-video-preview:-1"},"canonical":"https:\/\/frudia.es\/pt-pt\/producto\/green-grape-tonico-control-poros\/","og_locale":"pt_PT","og_type":"article","og_title":"Green Grape T\u00f3nico  Control Poros\u00a0 - Frudia","og_description":"Formulado com 89%  de extrato de uvas verdes em vez de \u00e1gua pela sua riqueza em antioxidantes  para esfoliar e limpar os poros sem um efeito de desidrata\u00e7\u00e3o, deixando a  pele visivelmente equilibrada. Controla o excesso de sebo para minimizar a  apar\u00eancia dos poros para uma pele visivelmente mais uniforme e luminosa.  Testado clinicamente para pele sens\u00edvel para proporcionar o m\u00e1ximo de  benef\u00edcios sem irrita\u00e7\u00e3o.","og_url":"https:\/\/frudia.es\/pt-pt\/producto\/green-grape-tonico-control-poros\/","og_site_name":"Frudia","article_modified_time":"2024-07-31T13:12:06+00:00","og_image":[{"width":600,"height":600,"url":"https:\/\/frudia.es\/wp-content\/uploads\/2023\/01\/0tf16633@1.jpg","type":"image\/jpeg"}],"twitter_card":"summary_large_image","twitter_misc":{"Tempo estimado de leitura":"1 minuto"},"schema":{"@context":"https:\/\/schema.org","@graph":[{"@type":"WebPage","@id":"https:\/\/frudia.es\/pt-pt\/producto\/green-grape-tonico-control-poros\/","url":"https:\/\/frudia.es\/pt-pt\/producto\/green-grape-tonico-control-poros\/","name":"Green Grape T\u00f3nico Control Poros\u00a0 - Frudia","isPartOf":{"@id":"https:\/\/frudia.es\/pt-pt\/#website"},"primaryImageOfPage":{"@id":"https:\/\/frudia.es\/pt-pt\/producto\/green-grape-tonico-control-poros\/#primaryimage"},"image":{"@id":"https:\/\/frudia.es\/pt-pt\/producto\/green-grape-tonico-control-poros\/#primaryimage"},"thumbnailUrl":"https:\/\/frudia.es\/wp-content\/uploads\/2023\/01\/0tf16633@1.jpg","datePublished":"2023-01-27T08:51:52+00:00","dateModified":"2024-07-31T13:12:06+00:00","breadcrumb":{"@id":"https:\/\/frudia.es\/pt-pt\/producto\/green-grape-tonico-control-poros\/#breadcrumb"},"inLanguage":"pt-PT","potentialAction":[{"@type":"ReadAction","target":["https:\/\/frudia.es\/pt-pt\/producto\/green-grape-tonico-control-poros\/"]}]},{"@type":"ImageObject","inLanguage":"pt-PT","@id":"https:\/\/frudia.es\/pt-pt\/producto\/green-grape-tonico-control-poros\/#primaryimage","url":"https:\/\/frudia.es\/wp-content\/uploads\/2023\/01\/0tf16633@1.jpg","contentUrl":"https:\/\/frudia.es\/wp-content\/uploads\/2023\/01\/0tf16633@1.jpg","width":600,"height":600},{"@type":"BreadcrumbList","@id":"https:\/\/frudia.es\/pt-pt\/producto\/green-grape-tonico-control-poros\/#breadcrumb","itemListElement":[{"@type":"ListItem","position":1,"name":"Portada","item":"https:\/\/frudia.es\/pt-pt\/"},{"@type":"ListItem","position":2,"name":"Tienda","item":"https:\/\/frudia.es\/en\/shop\/"},{"@type":"ListItem","position":3,"name":"Green Grape T\u00f3nico Control Poros\u00a0"}]},{"@type":"WebSite","@id":"https:\/\/frudia.es\/pt-pt\/#website","url":"https:\/\/frudia.es\/pt-pt\/","name":"Frudia","description":"La belleza est\u00e1 en las frutas","potentialAction":[{"@type":"SearchAction","target":{"@type":"EntryPoint","urlTemplate":"https:\/\/frudia.es\/pt-pt\/?s={search_term_string}"},"query-input":{"@type":"PropertyValueSpecification","valueRequired":true,"valueName":"search_term_string"}}],"inLanguage":"pt-PT"}]}},"_links":{"self":[{"href":"https:\/\/frudia.es\/pt-pt\/wp-json\/wp\/v2\/product\/21682","targetHints":{"allow":["GET"]}}],"collection":[{"href":"https:\/\/frudia.es\/pt-pt\/wp-json\/wp\/v2\/product"}],"about":[{"href":"https:\/\/frudia.es\/pt-pt\/wp-json\/wp\/v2\/types\/product"}],"replies":[{"embeddable":true,"href":"https:\/\/frudia.es\/pt-pt\/wp-json\/wp\/v2\/comments?post=21682"}],"wp:featuredmedia":[{"embeddable":true,"href":"https:\/\/frudia.es\/pt-pt\/wp-json\/wp\/v2\/media\/20081"}],"wp:attachment":[{"href":"https:\/\/frudia.es\/pt-pt\/wp-json\/wp\/v2\/media?parent=21682"}],"wp:term":[{"taxonomy":"product_brand","embeddable":true,"href":"https:\/\/frudia.es\/pt-pt\/wp-json\/wp\/v2\/product_brand?post=21682"},{"taxonomy":"product_cat","embeddable":true,"href":"https:\/\/frudia.es\/pt-pt\/wp-json\/wp\/v2\/product_cat?post=21682"},{"taxonomy":"product_tag","embeddable":true,"href":"https:\/\/frudia.es\/pt-pt\/wp-json\/wp\/v2\/product_tag?post=21682"}],"curies":[{"name":"wp","href":"https:\/\/api.w.org\/{rel}","templated":true}]}}