{"id":21683,"date":"2023-01-27T08:51:52","date_gmt":"2023-01-27T08:51:52","guid":{"rendered":"https:\/\/frudia.es\/producto\/pomegranate-espuma-limpiadora-nutri-hidratante-y-antiarrugas-2\/"},"modified":"2024-07-31T13:12:06","modified_gmt":"2024-07-31T13:12:06","slug":"pomegranate-espuma-limpiadora-nutri-hidratante-y-antiarrugas","status":"publish","type":"product","link":"https:\/\/frudia.es\/pt-pt\/producto\/pomegranate-espuma-limpiadora-nutri-hidratante-y-antiarrugas\/","title":{"rendered":"Pomegranate Espuma de Limpeza\n  Nutri-Hidratante e Antirrugas\u00a0"},"content":{"rendered":"<h4>Modo de<br \/>\n  uso<\/h4>\n<p>Aplicar uma quantidade adequada sobre o rosto e<br \/>\n  massajar. Depois disso, lavar o rosto com \u00e1gua t\u00e9pida.\n  <\/p>\n<h4>Ingredientes<\/h4>\n<p>Water, Palmitic Acid,<br \/>\n  Stearic Acid, Glycerin, Myristic Acid, Lauric Acid, Potassium Hydroxide,<br \/>\n  Cocamidopropyl Betaine, Sorbitan Olivate, Sodium Chloride, Punica Granatum<br \/>\n  Fruit Extract, Panthenol, Allantoin, PEG-90M, Butylene Glycol,<br \/>\n  Coco-Caprylate\/Caprate, Vitis Vinifera (Grape) Seed Oil, Prunus Armeniaca<br \/>\n  (Apricot) Kernel Oil, Palmitoyl Tripeptide-5, Solanum Lycopersicum (Tomato)<br \/>\n  Seed Oil, Punica Granatum Seed Oil, Mangifera Indica (Mango) Seed Oil, Citrus<br \/>\n  Paradisi (Grapefruit) Seed Oil, Eucalyptus Globulus Leaf Extract,<br \/>\n  Chamaecyparis Obtusa Leaf Extract, Bambusa Vulgaris Extract, Tocopherol,<br \/>\n  Disodium EDTA, Chlorphenesin, 1,2-Hexanediol, Phenoxyethanol,<br \/>\n  Fragrance<\/p>\n","protected":false},"excerpt":{"rendered":"<p>O conte\u00fado<br \/>\n  polifen\u00f3lico do extrato de rom\u00e3 e microbolhas ajudam a remover a polui\u00e7\u00e3o da<br \/>\n  pele, deixando-a firme e hidratada.<\/p>\n","protected":false},"featured_media":20074,"comment_status":"closed","ping_status":"closed","template":"","meta":[],"product_brand":[],"product_cat":[729,742],"product_tag":[],"class_list":{"0":"post-21683","1":"product","2":"type-product","3":"status-publish","4":"has-post-thumbnail","6":"product_cat-granada-pt-pt","7":"product_cat-limpador","9":"first","10":"instock","11":"shipping-taxable","12":"purchasable","13":"product-type-simple"},"yoast_head":"<!-- This site is optimized with the Yoast SEO plugin v27.2 - https:\/\/yoast.com\/product\/yoast-seo-wordpress\/ -->\n<title>Pomegranate Espuma de Limpeza  Nutri-Hidratante e Antirrugas\u00a0 - Frudia<\/title>\n<meta name=\"robots\" content=\"index, follow, max-snippet:-1, max-image-preview:large, max-video-preview:-1\" \/>\n<link rel=\"canonical\" href=\"https:\/\/frudia.es\/pt-pt\/producto\/pomegranate-espuma-limpiadora-nutri-hidratante-y-antiarrugas\/\" \/>\n<meta property=\"og:locale\" content=\"pt_PT\" \/>\n<meta property=\"og:type\" content=\"article\" \/>\n<meta property=\"og:title\" content=\"Pomegranate Espuma de Limpeza  Nutri-Hidratante e Antirrugas\u00a0 - Frudia\" \/>\n<meta property=\"og:description\" content=\"O conte\u00fado  polifen\u00f3lico do extrato de rom\u00e3 e microbolhas ajudam a remover a polui\u00e7\u00e3o da  pele, deixando-a firme e hidratada.\" \/>\n<meta property=\"og:url\" content=\"https:\/\/frudia.es\/pt-pt\/producto\/pomegranate-espuma-limpiadora-nutri-hidratante-y-antiarrugas\/\" \/>\n<meta property=\"og:site_name\" content=\"Frudia\" \/>\n<meta property=\"article:modified_time\" content=\"2024-07-31T13:12:06+00:00\" \/>\n<meta property=\"og:image\" content=\"https:\/\/frudia.es\/wp-content\/uploads\/2023\/01\/0tf16632@1.jpg\" \/>\n\t<meta property=\"og:image:width\" content=\"600\" \/>\n\t<meta property=\"og:image:height\" content=\"600\" \/>\n\t<meta property=\"og:image:type\" content=\"image\/jpeg\" \/>\n<meta name=\"twitter:card\" content=\"summary_large_image\" \/>\n<script type=\"application\/ld+json\" class=\"yoast-schema-graph\">{\"@context\":\"https:\/\/schema.org\",\"@graph\":[{\"@type\":\"WebPage\",\"@id\":\"https:\/\/frudia.es\/pt-pt\/producto\/pomegranate-espuma-limpiadora-nutri-hidratante-y-antiarrugas\/\",\"url\":\"https:\/\/frudia.es\/pt-pt\/producto\/pomegranate-espuma-limpiadora-nutri-hidratante-y-antiarrugas\/\",\"name\":\"Pomegranate Espuma de Limpeza Nutri-Hidratante e Antirrugas\u00a0 - Frudia\",\"isPartOf\":{\"@id\":\"https:\/\/frudia.es\/pt-pt\/#website\"},\"primaryImageOfPage\":{\"@id\":\"https:\/\/frudia.es\/pt-pt\/producto\/pomegranate-espuma-limpiadora-nutri-hidratante-y-antiarrugas\/#primaryimage\"},\"image\":{\"@id\":\"https:\/\/frudia.es\/pt-pt\/producto\/pomegranate-espuma-limpiadora-nutri-hidratante-y-antiarrugas\/#primaryimage\"},\"thumbnailUrl\":\"https:\/\/frudia.es\/wp-content\/uploads\/2023\/01\/0tf16632@1.jpg\",\"datePublished\":\"2023-01-27T08:51:52+00:00\",\"dateModified\":\"2024-07-31T13:12:06+00:00\",\"breadcrumb\":{\"@id\":\"https:\/\/frudia.es\/pt-pt\/producto\/pomegranate-espuma-limpiadora-nutri-hidratante-y-antiarrugas\/#breadcrumb\"},\"inLanguage\":\"pt-PT\",\"potentialAction\":[{\"@type\":\"ReadAction\",\"target\":[\"https:\/\/frudia.es\/pt-pt\/producto\/pomegranate-espuma-limpiadora-nutri-hidratante-y-antiarrugas\/\"]}]},{\"@type\":\"ImageObject\",\"inLanguage\":\"pt-PT\",\"@id\":\"https:\/\/frudia.es\/pt-pt\/producto\/pomegranate-espuma-limpiadora-nutri-hidratante-y-antiarrugas\/#primaryimage\",\"url\":\"https:\/\/frudia.es\/wp-content\/uploads\/2023\/01\/0tf16632@1.jpg\",\"contentUrl\":\"https:\/\/frudia.es\/wp-content\/uploads\/2023\/01\/0tf16632@1.jpg\",\"width\":600,\"height\":600},{\"@type\":\"BreadcrumbList\",\"@id\":\"https:\/\/frudia.es\/pt-pt\/producto\/pomegranate-espuma-limpiadora-nutri-hidratante-y-antiarrugas\/#breadcrumb\",\"itemListElement\":[{\"@type\":\"ListItem\",\"position\":1,\"name\":\"Portada\",\"item\":\"https:\/\/frudia.es\/pt-pt\/\"},{\"@type\":\"ListItem\",\"position\":2,\"name\":\"Tienda\",\"item\":\"https:\/\/frudia.es\/en\/shop\/\"},{\"@type\":\"ListItem\",\"position\":3,\"name\":\"Pomegranate Espuma de Limpeza Nutri-Hidratante e Antirrugas\u00a0\"}]},{\"@type\":\"WebSite\",\"@id\":\"https:\/\/frudia.es\/pt-pt\/#website\",\"url\":\"https:\/\/frudia.es\/pt-pt\/\",\"name\":\"Frudia\",\"description\":\"La belleza est\u00e1 en las frutas\",\"potentialAction\":[{\"@type\":\"SearchAction\",\"target\":{\"@type\":\"EntryPoint\",\"urlTemplate\":\"https:\/\/frudia.es\/pt-pt\/?s={search_term_string}\"},\"query-input\":{\"@type\":\"PropertyValueSpecification\",\"valueRequired\":true,\"valueName\":\"search_term_string\"}}],\"inLanguage\":\"pt-PT\"}]}<\/script>\n<!-- \/ Yoast SEO plugin. -->","yoast_head_json":{"title":"Pomegranate Espuma de Limpeza  Nutri-Hidratante e Antirrugas\u00a0 - Frudia","robots":{"index":"index","follow":"follow","max-snippet":"max-snippet:-1","max-image-preview":"max-image-preview:large","max-video-preview":"max-video-preview:-1"},"canonical":"https:\/\/frudia.es\/pt-pt\/producto\/pomegranate-espuma-limpiadora-nutri-hidratante-y-antiarrugas\/","og_locale":"pt_PT","og_type":"article","og_title":"Pomegranate Espuma de Limpeza  Nutri-Hidratante e Antirrugas\u00a0 - Frudia","og_description":"O conte\u00fado  polifen\u00f3lico do extrato de rom\u00e3 e microbolhas ajudam a remover a polui\u00e7\u00e3o da  pele, deixando-a firme e hidratada.","og_url":"https:\/\/frudia.es\/pt-pt\/producto\/pomegranate-espuma-limpiadora-nutri-hidratante-y-antiarrugas\/","og_site_name":"Frudia","article_modified_time":"2024-07-31T13:12:06+00:00","og_image":[{"width":600,"height":600,"url":"https:\/\/frudia.es\/wp-content\/uploads\/2023\/01\/0tf16632@1.jpg","type":"image\/jpeg"}],"twitter_card":"summary_large_image","schema":{"@context":"https:\/\/schema.org","@graph":[{"@type":"WebPage","@id":"https:\/\/frudia.es\/pt-pt\/producto\/pomegranate-espuma-limpiadora-nutri-hidratante-y-antiarrugas\/","url":"https:\/\/frudia.es\/pt-pt\/producto\/pomegranate-espuma-limpiadora-nutri-hidratante-y-antiarrugas\/","name":"Pomegranate Espuma de Limpeza Nutri-Hidratante e Antirrugas\u00a0 - Frudia","isPartOf":{"@id":"https:\/\/frudia.es\/pt-pt\/#website"},"primaryImageOfPage":{"@id":"https:\/\/frudia.es\/pt-pt\/producto\/pomegranate-espuma-limpiadora-nutri-hidratante-y-antiarrugas\/#primaryimage"},"image":{"@id":"https:\/\/frudia.es\/pt-pt\/producto\/pomegranate-espuma-limpiadora-nutri-hidratante-y-antiarrugas\/#primaryimage"},"thumbnailUrl":"https:\/\/frudia.es\/wp-content\/uploads\/2023\/01\/0tf16632@1.jpg","datePublished":"2023-01-27T08:51:52+00:00","dateModified":"2024-07-31T13:12:06+00:00","breadcrumb":{"@id":"https:\/\/frudia.es\/pt-pt\/producto\/pomegranate-espuma-limpiadora-nutri-hidratante-y-antiarrugas\/#breadcrumb"},"inLanguage":"pt-PT","potentialAction":[{"@type":"ReadAction","target":["https:\/\/frudia.es\/pt-pt\/producto\/pomegranate-espuma-limpiadora-nutri-hidratante-y-antiarrugas\/"]}]},{"@type":"ImageObject","inLanguage":"pt-PT","@id":"https:\/\/frudia.es\/pt-pt\/producto\/pomegranate-espuma-limpiadora-nutri-hidratante-y-antiarrugas\/#primaryimage","url":"https:\/\/frudia.es\/wp-content\/uploads\/2023\/01\/0tf16632@1.jpg","contentUrl":"https:\/\/frudia.es\/wp-content\/uploads\/2023\/01\/0tf16632@1.jpg","width":600,"height":600},{"@type":"BreadcrumbList","@id":"https:\/\/frudia.es\/pt-pt\/producto\/pomegranate-espuma-limpiadora-nutri-hidratante-y-antiarrugas\/#breadcrumb","itemListElement":[{"@type":"ListItem","position":1,"name":"Portada","item":"https:\/\/frudia.es\/pt-pt\/"},{"@type":"ListItem","position":2,"name":"Tienda","item":"https:\/\/frudia.es\/en\/shop\/"},{"@type":"ListItem","position":3,"name":"Pomegranate Espuma de Limpeza Nutri-Hidratante e Antirrugas\u00a0"}]},{"@type":"WebSite","@id":"https:\/\/frudia.es\/pt-pt\/#website","url":"https:\/\/frudia.es\/pt-pt\/","name":"Frudia","description":"La belleza est\u00e1 en las frutas","potentialAction":[{"@type":"SearchAction","target":{"@type":"EntryPoint","urlTemplate":"https:\/\/frudia.es\/pt-pt\/?s={search_term_string}"},"query-input":{"@type":"PropertyValueSpecification","valueRequired":true,"valueName":"search_term_string"}}],"inLanguage":"pt-PT"}]}},"_links":{"self":[{"href":"https:\/\/frudia.es\/pt-pt\/wp-json\/wp\/v2\/product\/21683","targetHints":{"allow":["GET"]}}],"collection":[{"href":"https:\/\/frudia.es\/pt-pt\/wp-json\/wp\/v2\/product"}],"about":[{"href":"https:\/\/frudia.es\/pt-pt\/wp-json\/wp\/v2\/types\/product"}],"replies":[{"embeddable":true,"href":"https:\/\/frudia.es\/pt-pt\/wp-json\/wp\/v2\/comments?post=21683"}],"wp:featuredmedia":[{"embeddable":true,"href":"https:\/\/frudia.es\/pt-pt\/wp-json\/wp\/v2\/media\/20074"}],"wp:attachment":[{"href":"https:\/\/frudia.es\/pt-pt\/wp-json\/wp\/v2\/media?parent=21683"}],"wp:term":[{"taxonomy":"product_brand","embeddable":true,"href":"https:\/\/frudia.es\/pt-pt\/wp-json\/wp\/v2\/product_brand?post=21683"},{"taxonomy":"product_cat","embeddable":true,"href":"https:\/\/frudia.es\/pt-pt\/wp-json\/wp\/v2\/product_cat?post=21683"},{"taxonomy":"product_tag","embeddable":true,"href":"https:\/\/frudia.es\/pt-pt\/wp-json\/wp\/v2\/product_tag?post=21683"}],"curies":[{"name":"wp","href":"https:\/\/api.w.org\/{rel}","templated":true}]}}