{"id":21687,"date":"2023-01-27T08:51:49","date_gmt":"2023-01-27T08:51:49","guid":{"rendered":"https:\/\/frudia.es\/producto\/pomegranate-crema-nutri-hidratante-y-antiarrugas-2\/"},"modified":"2024-07-31T13:12:14","modified_gmt":"2024-07-31T13:12:14","slug":"pomegranate-crema-nutri-hidratante-y-antiarrugas","status":"publish","type":"product","link":"https:\/\/frudia.es\/pt-pt\/producto\/pomegranate-crema-nutri-hidratante-y-antiarrugas\/","title":{"rendered":"Pomegranate Creme\n  Nutri-Hidratante e Antirrugas\u00a0"},"content":{"rendered":"<h4>Modo de<br \/>\n  uso<\/h4>\n<p>Na fase final da rotina de cuidados com a pele,<br \/>\n  aplicar o produto no rosto at\u00e9 ser absorvido para criar uma barreira<br \/>\n  hidratante<br \/>\n  protetora.<\/p>\n<h4>Ingredientes<\/h4>\n<p>Punica Granatum<br \/>\n  Fruit Extract, Glycerin, Caprylic\/Capric Triglyceride, Butylene Glycol,<br \/>\n  Pentaerythrityl Tetraethylhexanoate, Diisostearyl Malate, Cyclopentasiloxane,<br \/>\n  Dimethicone, Cyclohexasiloxane, 1,2-Hexanediol, Trehalose, Glyceryl Stearate,<br \/>\n  Water, PEG-100 Stearate, Sorbitan Stearate, Polyglyceryl-3 Methylglucose<br \/>\n  Distearate, PEG-240\/HDI Copolymer Bis-Decyltetradeceth-20 Ether, Glyceryl<br \/>\n  Caprylate, Hydroxyethyl Acrylate\/Sodium Acryloyldimethyl Taurate Copolymer,<br \/>\n  Sodium Polyacrylate, Dimethicone\/Vinyl Dimethicone Crosspolymer, Ethylhexyl<br \/>\n  Stearate, Coco-Caprylate\/Caprate, Sucrose Cocoate, Adenosine, Glyceryl<br \/>\n  Acrylate\/Acrylic Acid Copolymer, Sorbitan Isostearate, Polysorbate 60, Vitis<br \/>\n  Vinifera (Grape) Seed Oil, Prunus Armeniaca (Apricot) Kernel Oil,<br \/>\n  Trideceth-6, Panthenol, Eclipta Prostrata Extract, Hydrogenated Lecithin,<br \/>\n  Melia Azadirachta Leaf Extract, Sodium Hyaluronate, Solanum Lycopersicum<br \/>\n  (Tomato) Seed Oil, Punica Granatum Seed Oil, Mangifera Indica (Mango) Seed<br \/>\n  Oil, Citrus Paradisi (Grapefruit) Seed Oil, Moringa Oleifera Seed Oil,<br \/>\n  Phytosterols, Prunella Vulgaris Extract, Fucus Vesiculosus Extract, Soluble<br \/>\n  Collagen, Tocopherol, Hyaluronic Acid, Disodium EDTA, Chlorphenesin,<br \/>\n  Fragrance<\/p>\n","protected":false},"excerpt":{"rendered":"<p>Formulado com 63%<br \/>\n  de extrato de rom\u00e3 em vez de \u00e1gua pela sua riqueza em polifen\u00f3is para<br \/>\n  hidratar intensamente a pele seca. Aumenta a densidade das papilas d\u00e9rmicas<br \/>\n  em apenas 4 semanas e melhora a firmeza e elasticidade da pele.\u00a0 Enriquecido com adenosina que minimiza o<br \/>\n  aspeto das linhas finas e rugas, enquanto o colag\u00e9nio vegan refor\u00e7a a<br \/>\n  barreira da pele para um aspeto mais jovem. Testado clinicamente para pele<br \/>\n  sens\u00edvel para proporcionar o m\u00e1ximo de benef\u00edcios sem irrita\u00e7\u00e3o.<\/p>\n","protected":false},"featured_media":20043,"comment_status":"closed","ping_status":"closed","template":"","meta":[],"product_brand":[],"product_cat":[739,729],"product_tag":[],"class_list":{"0":"post-21687","1":"product","2":"type-product","3":"status-publish","4":"has-post-thumbnail","6":"product_cat-crema-pt-pt","7":"product_cat-granada-pt-pt","9":"first","10":"instock","11":"shipping-taxable","12":"purchasable","13":"product-type-simple"},"yoast_head":"<!-- This site is optimized with the Yoast SEO plugin v27.2 - https:\/\/yoast.com\/product\/yoast-seo-wordpress\/ -->\n<title>Pomegranate Creme  Nutri-Hidratante e Antirrugas\u00a0 - Frudia<\/title>\n<meta name=\"robots\" content=\"index, follow, max-snippet:-1, max-image-preview:large, max-video-preview:-1\" \/>\n<link rel=\"canonical\" href=\"https:\/\/frudia.es\/pt-pt\/producto\/pomegranate-crema-nutri-hidratante-y-antiarrugas\/\" \/>\n<meta property=\"og:locale\" content=\"pt_PT\" \/>\n<meta property=\"og:type\" content=\"article\" \/>\n<meta property=\"og:title\" content=\"Pomegranate Creme  Nutri-Hidratante e Antirrugas\u00a0 - Frudia\" \/>\n<meta property=\"og:description\" content=\"Formulado com 63%  de extrato de rom\u00e3 em vez de \u00e1gua pela sua riqueza em polifen\u00f3is para  hidratar intensamente a pele seca. Aumenta a densidade das papilas d\u00e9rmicas  em apenas 4 semanas e melhora a firmeza e elasticidade da pele.\u00a0 Enriquecido com adenosina que minimiza o  aspeto das linhas finas e rugas, enquanto o colag\u00e9nio vegan refor\u00e7a a  barreira da pele para um aspeto mais jovem. Testado clinicamente para pele  sens\u00edvel para proporcionar o m\u00e1ximo de benef\u00edcios sem irrita\u00e7\u00e3o.\" \/>\n<meta property=\"og:url\" content=\"https:\/\/frudia.es\/pt-pt\/producto\/pomegranate-crema-nutri-hidratante-y-antiarrugas\/\" \/>\n<meta property=\"og:site_name\" content=\"Frudia\" \/>\n<meta property=\"article:modified_time\" content=\"2024-07-31T13:12:14+00:00\" \/>\n<meta property=\"og:image\" content=\"https:\/\/frudia.es\/wp-content\/uploads\/2023\/01\/0tf16629@2.jpg\" \/>\n\t<meta property=\"og:image:width\" content=\"600\" \/>\n\t<meta property=\"og:image:height\" content=\"600\" \/>\n\t<meta property=\"og:image:type\" content=\"image\/jpeg\" \/>\n<meta name=\"twitter:card\" content=\"summary_large_image\" \/>\n<meta name=\"twitter:label1\" content=\"Tempo estimado de leitura\" \/>\n\t<meta name=\"twitter:data1\" content=\"1 minuto\" \/>\n<script type=\"application\/ld+json\" class=\"yoast-schema-graph\">{\"@context\":\"https:\/\/schema.org\",\"@graph\":[{\"@type\":\"WebPage\",\"@id\":\"https:\/\/frudia.es\/pt-pt\/producto\/pomegranate-crema-nutri-hidratante-y-antiarrugas\/\",\"url\":\"https:\/\/frudia.es\/pt-pt\/producto\/pomegranate-crema-nutri-hidratante-y-antiarrugas\/\",\"name\":\"Pomegranate Creme Nutri-Hidratante e Antirrugas\u00a0 - Frudia\",\"isPartOf\":{\"@id\":\"https:\/\/frudia.es\/pt-pt\/#website\"},\"primaryImageOfPage\":{\"@id\":\"https:\/\/frudia.es\/pt-pt\/producto\/pomegranate-crema-nutri-hidratante-y-antiarrugas\/#primaryimage\"},\"image\":{\"@id\":\"https:\/\/frudia.es\/pt-pt\/producto\/pomegranate-crema-nutri-hidratante-y-antiarrugas\/#primaryimage\"},\"thumbnailUrl\":\"https:\/\/frudia.es\/wp-content\/uploads\/2023\/01\/0tf16629@2.jpg\",\"datePublished\":\"2023-01-27T08:51:49+00:00\",\"dateModified\":\"2024-07-31T13:12:14+00:00\",\"breadcrumb\":{\"@id\":\"https:\/\/frudia.es\/pt-pt\/producto\/pomegranate-crema-nutri-hidratante-y-antiarrugas\/#breadcrumb\"},\"inLanguage\":\"pt-PT\",\"potentialAction\":[{\"@type\":\"ReadAction\",\"target\":[\"https:\/\/frudia.es\/pt-pt\/producto\/pomegranate-crema-nutri-hidratante-y-antiarrugas\/\"]}]},{\"@type\":\"ImageObject\",\"inLanguage\":\"pt-PT\",\"@id\":\"https:\/\/frudia.es\/pt-pt\/producto\/pomegranate-crema-nutri-hidratante-y-antiarrugas\/#primaryimage\",\"url\":\"https:\/\/frudia.es\/wp-content\/uploads\/2023\/01\/0tf16629@2.jpg\",\"contentUrl\":\"https:\/\/frudia.es\/wp-content\/uploads\/2023\/01\/0tf16629@2.jpg\",\"width\":600,\"height\":600},{\"@type\":\"BreadcrumbList\",\"@id\":\"https:\/\/frudia.es\/pt-pt\/producto\/pomegranate-crema-nutri-hidratante-y-antiarrugas\/#breadcrumb\",\"itemListElement\":[{\"@type\":\"ListItem\",\"position\":1,\"name\":\"Portada\",\"item\":\"https:\/\/frudia.es\/pt-pt\/\"},{\"@type\":\"ListItem\",\"position\":2,\"name\":\"Tienda\",\"item\":\"https:\/\/frudia.es\/en\/shop\/\"},{\"@type\":\"ListItem\",\"position\":3,\"name\":\"Pomegranate Creme Nutri-Hidratante e Antirrugas\u00a0\"}]},{\"@type\":\"WebSite\",\"@id\":\"https:\/\/frudia.es\/pt-pt\/#website\",\"url\":\"https:\/\/frudia.es\/pt-pt\/\",\"name\":\"Frudia\",\"description\":\"La belleza est\u00e1 en las frutas\",\"potentialAction\":[{\"@type\":\"SearchAction\",\"target\":{\"@type\":\"EntryPoint\",\"urlTemplate\":\"https:\/\/frudia.es\/pt-pt\/?s={search_term_string}\"},\"query-input\":{\"@type\":\"PropertyValueSpecification\",\"valueRequired\":true,\"valueName\":\"search_term_string\"}}],\"inLanguage\":\"pt-PT\"}]}<\/script>\n<!-- \/ Yoast SEO plugin. -->","yoast_head_json":{"title":"Pomegranate Creme  Nutri-Hidratante e Antirrugas\u00a0 - Frudia","robots":{"index":"index","follow":"follow","max-snippet":"max-snippet:-1","max-image-preview":"max-image-preview:large","max-video-preview":"max-video-preview:-1"},"canonical":"https:\/\/frudia.es\/pt-pt\/producto\/pomegranate-crema-nutri-hidratante-y-antiarrugas\/","og_locale":"pt_PT","og_type":"article","og_title":"Pomegranate Creme  Nutri-Hidratante e Antirrugas\u00a0 - Frudia","og_description":"Formulado com 63%  de extrato de rom\u00e3 em vez de \u00e1gua pela sua riqueza em polifen\u00f3is para  hidratar intensamente a pele seca. Aumenta a densidade das papilas d\u00e9rmicas  em apenas 4 semanas e melhora a firmeza e elasticidade da pele.\u00a0 Enriquecido com adenosina que minimiza o  aspeto das linhas finas e rugas, enquanto o colag\u00e9nio vegan refor\u00e7a a  barreira da pele para um aspeto mais jovem. Testado clinicamente para pele  sens\u00edvel para proporcionar o m\u00e1ximo de benef\u00edcios sem irrita\u00e7\u00e3o.","og_url":"https:\/\/frudia.es\/pt-pt\/producto\/pomegranate-crema-nutri-hidratante-y-antiarrugas\/","og_site_name":"Frudia","article_modified_time":"2024-07-31T13:12:14+00:00","og_image":[{"width":600,"height":600,"url":"https:\/\/frudia.es\/wp-content\/uploads\/2023\/01\/0tf16629@2.jpg","type":"image\/jpeg"}],"twitter_card":"summary_large_image","twitter_misc":{"Tempo estimado de leitura":"1 minuto"},"schema":{"@context":"https:\/\/schema.org","@graph":[{"@type":"WebPage","@id":"https:\/\/frudia.es\/pt-pt\/producto\/pomegranate-crema-nutri-hidratante-y-antiarrugas\/","url":"https:\/\/frudia.es\/pt-pt\/producto\/pomegranate-crema-nutri-hidratante-y-antiarrugas\/","name":"Pomegranate Creme Nutri-Hidratante e Antirrugas\u00a0 - Frudia","isPartOf":{"@id":"https:\/\/frudia.es\/pt-pt\/#website"},"primaryImageOfPage":{"@id":"https:\/\/frudia.es\/pt-pt\/producto\/pomegranate-crema-nutri-hidratante-y-antiarrugas\/#primaryimage"},"image":{"@id":"https:\/\/frudia.es\/pt-pt\/producto\/pomegranate-crema-nutri-hidratante-y-antiarrugas\/#primaryimage"},"thumbnailUrl":"https:\/\/frudia.es\/wp-content\/uploads\/2023\/01\/0tf16629@2.jpg","datePublished":"2023-01-27T08:51:49+00:00","dateModified":"2024-07-31T13:12:14+00:00","breadcrumb":{"@id":"https:\/\/frudia.es\/pt-pt\/producto\/pomegranate-crema-nutri-hidratante-y-antiarrugas\/#breadcrumb"},"inLanguage":"pt-PT","potentialAction":[{"@type":"ReadAction","target":["https:\/\/frudia.es\/pt-pt\/producto\/pomegranate-crema-nutri-hidratante-y-antiarrugas\/"]}]},{"@type":"ImageObject","inLanguage":"pt-PT","@id":"https:\/\/frudia.es\/pt-pt\/producto\/pomegranate-crema-nutri-hidratante-y-antiarrugas\/#primaryimage","url":"https:\/\/frudia.es\/wp-content\/uploads\/2023\/01\/0tf16629@2.jpg","contentUrl":"https:\/\/frudia.es\/wp-content\/uploads\/2023\/01\/0tf16629@2.jpg","width":600,"height":600},{"@type":"BreadcrumbList","@id":"https:\/\/frudia.es\/pt-pt\/producto\/pomegranate-crema-nutri-hidratante-y-antiarrugas\/#breadcrumb","itemListElement":[{"@type":"ListItem","position":1,"name":"Portada","item":"https:\/\/frudia.es\/pt-pt\/"},{"@type":"ListItem","position":2,"name":"Tienda","item":"https:\/\/frudia.es\/en\/shop\/"},{"@type":"ListItem","position":3,"name":"Pomegranate Creme Nutri-Hidratante e Antirrugas\u00a0"}]},{"@type":"WebSite","@id":"https:\/\/frudia.es\/pt-pt\/#website","url":"https:\/\/frudia.es\/pt-pt\/","name":"Frudia","description":"La belleza est\u00e1 en las frutas","potentialAction":[{"@type":"SearchAction","target":{"@type":"EntryPoint","urlTemplate":"https:\/\/frudia.es\/pt-pt\/?s={search_term_string}"},"query-input":{"@type":"PropertyValueSpecification","valueRequired":true,"valueName":"search_term_string"}}],"inLanguage":"pt-PT"}]}},"_links":{"self":[{"href":"https:\/\/frudia.es\/pt-pt\/wp-json\/wp\/v2\/product\/21687","targetHints":{"allow":["GET"]}}],"collection":[{"href":"https:\/\/frudia.es\/pt-pt\/wp-json\/wp\/v2\/product"}],"about":[{"href":"https:\/\/frudia.es\/pt-pt\/wp-json\/wp\/v2\/types\/product"}],"replies":[{"embeddable":true,"href":"https:\/\/frudia.es\/pt-pt\/wp-json\/wp\/v2\/comments?post=21687"}],"wp:featuredmedia":[{"embeddable":true,"href":"https:\/\/frudia.es\/pt-pt\/wp-json\/wp\/v2\/media\/20043"}],"wp:attachment":[{"href":"https:\/\/frudia.es\/pt-pt\/wp-json\/wp\/v2\/media?parent=21687"}],"wp:term":[{"taxonomy":"product_brand","embeddable":true,"href":"https:\/\/frudia.es\/pt-pt\/wp-json\/wp\/v2\/product_brand?post=21687"},{"taxonomy":"product_cat","embeddable":true,"href":"https:\/\/frudia.es\/pt-pt\/wp-json\/wp\/v2\/product_cat?post=21687"},{"taxonomy":"product_tag","embeddable":true,"href":"https:\/\/frudia.es\/pt-pt\/wp-json\/wp\/v2\/product_tag?post=21687"}],"curies":[{"name":"wp","href":"https:\/\/api.w.org\/{rel}","templated":true}]}}