{"id":21689,"date":"2023-01-27T08:51:47","date_gmt":"2023-01-27T08:51:47","guid":{"rendered":"https:\/\/frudia.es\/producto\/pomegranate-tonico-nutri-hidratante-y-antiarrugas-2\/"},"modified":"2024-07-31T13:12:14","modified_gmt":"2024-07-31T13:12:14","slug":"pomegranate-tonico-nutri-hidratante-y-antiarrugas","status":"publish","type":"product","link":"https:\/\/frudia.es\/pt-pt\/producto\/pomegranate-tonico-nutri-hidratante-y-antiarrugas\/","title":{"rendered":"Pomegranate T\u00f3nico\n  Nutri-Hidratante e Antirrugas\u00a0"},"content":{"rendered":"<h4>Modo de<br \/>\n  uso<\/h4>\n<p>Ap\u00f3s a limpeza na primeira etapa dos cuidados com a<br \/>\n  pele, dispensar uma quantidade moderada e aplic\u00e1-la no rosto, com toques<br \/>\n  suaves at\u00e9 total<br \/>\n  absor\u00e7\u00e3o.<\/p>\n<h4>Ingredientes<\/h4>\n<p>Punica Granatum<br \/>\n  Fruit Extract, Butylene Glycol, 1,2-Hexanediol, Hydrogenated Polyisobutene,<br \/>\n  Betaine, Ammonium Acryloyldimethyltaurate\/VP Copolymer, C14-22 Alcohols,<br \/>\n  Polyglyceryl-10 Laurate, Xanthan Gum, Water, Polyglyceryl-4 Laurate, C12-20<br \/>\n  Alkyl Glucoside, Caprylyl\/Capryl Glucoside, Glycerin, Ethylhexylglycerin,<br \/>\n  Adenosine, Caprylic\/Capric Triglyceride, Panthenol, Coco-Caprylate\/Caprate,<br \/>\n  Hydrogenated Lecithin, Prunus Armeniaca (Apricot) Kernel Oil, Vitis Vinifera<br \/>\n  (Grape) Seed Oil, Sodium Hyaluronate, Tocopherol, Glucose, Phytosterols,<br \/>\n  Citrus Paradisi (Grapefruit) Seed Oil, Fucus Vesiculosus Extract, Mangifera<br \/>\n  Indica (Mango) Seed Oil, Prunella Vulgaris Extract, Punica Granatum Seed Oil,<br \/>\n  Solanum Lycopersicum (Tomato) Seed Oil, Hyaluronic Acid, Soluble Collagen, Disodium<br \/>\n  EDTA, Fragrance<\/p>\n","protected":false},"excerpt":{"rendered":"<p>Formulado com 89% de extrato de rom\u00e3 em vez de \u00e1gua pela sua<br \/>\n  riqueza em polifen\u00f3is para refor\u00e7ar a barreira da pele e evitar a perda de<br \/>\n  \u00e1gua. Enriquecido com adenosina que minimiza o aspeto das linhas finas e<br \/>\n  rugas, enquanto o colag\u00e9nio vegan refor\u00e7a a barreira da pele para um aspeto<br \/>\n  mais jovem. Testado clinicamente para pele sens\u00edvel para proporcionar o<br \/>\n  m\u00e1ximo de benef\u00edcios sem irrita\u00e7\u00e3o.<\/p>\n","protected":false},"featured_media":20029,"comment_status":"closed","ping_status":"closed","template":"","meta":[],"product_brand":[],"product_cat":[729,746],"product_tag":[],"class_list":{"0":"post-21689","1":"product","2":"type-product","3":"status-publish","4":"has-post-thumbnail","6":"product_cat-granada-pt-pt","7":"product_cat-tonico-pt-pt","9":"first","10":"instock","11":"shipping-taxable","12":"purchasable","13":"product-type-simple"},"yoast_head":"<!-- This site is optimized with the Yoast SEO plugin v27.2 - https:\/\/yoast.com\/product\/yoast-seo-wordpress\/ -->\n<title>Pomegranate T\u00f3nico  Nutri-Hidratante e Antirrugas\u00a0 - Frudia<\/title>\n<meta name=\"robots\" content=\"index, follow, max-snippet:-1, max-image-preview:large, max-video-preview:-1\" \/>\n<link rel=\"canonical\" href=\"https:\/\/frudia.es\/pt-pt\/producto\/pomegranate-tonico-nutri-hidratante-y-antiarrugas\/\" \/>\n<meta property=\"og:locale\" content=\"pt_PT\" \/>\n<meta property=\"og:type\" content=\"article\" \/>\n<meta property=\"og:title\" content=\"Pomegranate T\u00f3nico  Nutri-Hidratante e Antirrugas\u00a0 - Frudia\" \/>\n<meta property=\"og:description\" content=\"Formulado com 89% de extrato de rom\u00e3 em vez de \u00e1gua pela sua  riqueza em polifen\u00f3is para refor\u00e7ar a barreira da pele e evitar a perda de  \u00e1gua. Enriquecido com adenosina que minimiza o aspeto das linhas finas e  rugas, enquanto o colag\u00e9nio vegan refor\u00e7a a barreira da pele para um aspeto  mais jovem. Testado clinicamente para pele sens\u00edvel para proporcionar o  m\u00e1ximo de benef\u00edcios sem irrita\u00e7\u00e3o.\" \/>\n<meta property=\"og:url\" content=\"https:\/\/frudia.es\/pt-pt\/producto\/pomegranate-tonico-nutri-hidratante-y-antiarrugas\/\" \/>\n<meta property=\"og:site_name\" content=\"Frudia\" \/>\n<meta property=\"article:modified_time\" content=\"2024-07-31T13:12:14+00:00\" \/>\n<meta property=\"og:image\" content=\"https:\/\/frudia.es\/wp-content\/uploads\/2023\/01\/0tf16627@1.jpg\" \/>\n\t<meta property=\"og:image:width\" content=\"600\" \/>\n\t<meta property=\"og:image:height\" content=\"600\" \/>\n\t<meta property=\"og:image:type\" content=\"image\/jpeg\" \/>\n<meta name=\"twitter:card\" content=\"summary_large_image\" \/>\n<meta name=\"twitter:label1\" content=\"Tempo estimado de leitura\" \/>\n\t<meta name=\"twitter:data1\" content=\"1 minuto\" \/>\n<script type=\"application\/ld+json\" class=\"yoast-schema-graph\">{\"@context\":\"https:\/\/schema.org\",\"@graph\":[{\"@type\":\"WebPage\",\"@id\":\"https:\/\/frudia.es\/pt-pt\/producto\/pomegranate-tonico-nutri-hidratante-y-antiarrugas\/\",\"url\":\"https:\/\/frudia.es\/pt-pt\/producto\/pomegranate-tonico-nutri-hidratante-y-antiarrugas\/\",\"name\":\"Pomegranate T\u00f3nico Nutri-Hidratante e Antirrugas\u00a0 - Frudia\",\"isPartOf\":{\"@id\":\"https:\/\/frudia.es\/pt-pt\/#website\"},\"primaryImageOfPage\":{\"@id\":\"https:\/\/frudia.es\/pt-pt\/producto\/pomegranate-tonico-nutri-hidratante-y-antiarrugas\/#primaryimage\"},\"image\":{\"@id\":\"https:\/\/frudia.es\/pt-pt\/producto\/pomegranate-tonico-nutri-hidratante-y-antiarrugas\/#primaryimage\"},\"thumbnailUrl\":\"https:\/\/frudia.es\/wp-content\/uploads\/2023\/01\/0tf16627@1.jpg\",\"datePublished\":\"2023-01-27T08:51:47+00:00\",\"dateModified\":\"2024-07-31T13:12:14+00:00\",\"breadcrumb\":{\"@id\":\"https:\/\/frudia.es\/pt-pt\/producto\/pomegranate-tonico-nutri-hidratante-y-antiarrugas\/#breadcrumb\"},\"inLanguage\":\"pt-PT\",\"potentialAction\":[{\"@type\":\"ReadAction\",\"target\":[\"https:\/\/frudia.es\/pt-pt\/producto\/pomegranate-tonico-nutri-hidratante-y-antiarrugas\/\"]}]},{\"@type\":\"ImageObject\",\"inLanguage\":\"pt-PT\",\"@id\":\"https:\/\/frudia.es\/pt-pt\/producto\/pomegranate-tonico-nutri-hidratante-y-antiarrugas\/#primaryimage\",\"url\":\"https:\/\/frudia.es\/wp-content\/uploads\/2023\/01\/0tf16627@1.jpg\",\"contentUrl\":\"https:\/\/frudia.es\/wp-content\/uploads\/2023\/01\/0tf16627@1.jpg\",\"width\":600,\"height\":600},{\"@type\":\"BreadcrumbList\",\"@id\":\"https:\/\/frudia.es\/pt-pt\/producto\/pomegranate-tonico-nutri-hidratante-y-antiarrugas\/#breadcrumb\",\"itemListElement\":[{\"@type\":\"ListItem\",\"position\":1,\"name\":\"Portada\",\"item\":\"https:\/\/frudia.es\/pt-pt\/\"},{\"@type\":\"ListItem\",\"position\":2,\"name\":\"Tienda\",\"item\":\"https:\/\/frudia.es\/en\/shop\/\"},{\"@type\":\"ListItem\",\"position\":3,\"name\":\"Pomegranate T\u00f3nico Nutri-Hidratante e Antirrugas\u00a0\"}]},{\"@type\":\"WebSite\",\"@id\":\"https:\/\/frudia.es\/pt-pt\/#website\",\"url\":\"https:\/\/frudia.es\/pt-pt\/\",\"name\":\"Frudia\",\"description\":\"La belleza est\u00e1 en las frutas\",\"potentialAction\":[{\"@type\":\"SearchAction\",\"target\":{\"@type\":\"EntryPoint\",\"urlTemplate\":\"https:\/\/frudia.es\/pt-pt\/?s={search_term_string}\"},\"query-input\":{\"@type\":\"PropertyValueSpecification\",\"valueRequired\":true,\"valueName\":\"search_term_string\"}}],\"inLanguage\":\"pt-PT\"}]}<\/script>\n<!-- \/ Yoast SEO plugin. -->","yoast_head_json":{"title":"Pomegranate T\u00f3nico  Nutri-Hidratante e Antirrugas\u00a0 - Frudia","robots":{"index":"index","follow":"follow","max-snippet":"max-snippet:-1","max-image-preview":"max-image-preview:large","max-video-preview":"max-video-preview:-1"},"canonical":"https:\/\/frudia.es\/pt-pt\/producto\/pomegranate-tonico-nutri-hidratante-y-antiarrugas\/","og_locale":"pt_PT","og_type":"article","og_title":"Pomegranate T\u00f3nico  Nutri-Hidratante e Antirrugas\u00a0 - Frudia","og_description":"Formulado com 89% de extrato de rom\u00e3 em vez de \u00e1gua pela sua  riqueza em polifen\u00f3is para refor\u00e7ar a barreira da pele e evitar a perda de  \u00e1gua. Enriquecido com adenosina que minimiza o aspeto das linhas finas e  rugas, enquanto o colag\u00e9nio vegan refor\u00e7a a barreira da pele para um aspeto  mais jovem. Testado clinicamente para pele sens\u00edvel para proporcionar o  m\u00e1ximo de benef\u00edcios sem irrita\u00e7\u00e3o.","og_url":"https:\/\/frudia.es\/pt-pt\/producto\/pomegranate-tonico-nutri-hidratante-y-antiarrugas\/","og_site_name":"Frudia","article_modified_time":"2024-07-31T13:12:14+00:00","og_image":[{"width":600,"height":600,"url":"https:\/\/frudia.es\/wp-content\/uploads\/2023\/01\/0tf16627@1.jpg","type":"image\/jpeg"}],"twitter_card":"summary_large_image","twitter_misc":{"Tempo estimado de leitura":"1 minuto"},"schema":{"@context":"https:\/\/schema.org","@graph":[{"@type":"WebPage","@id":"https:\/\/frudia.es\/pt-pt\/producto\/pomegranate-tonico-nutri-hidratante-y-antiarrugas\/","url":"https:\/\/frudia.es\/pt-pt\/producto\/pomegranate-tonico-nutri-hidratante-y-antiarrugas\/","name":"Pomegranate T\u00f3nico Nutri-Hidratante e Antirrugas\u00a0 - Frudia","isPartOf":{"@id":"https:\/\/frudia.es\/pt-pt\/#website"},"primaryImageOfPage":{"@id":"https:\/\/frudia.es\/pt-pt\/producto\/pomegranate-tonico-nutri-hidratante-y-antiarrugas\/#primaryimage"},"image":{"@id":"https:\/\/frudia.es\/pt-pt\/producto\/pomegranate-tonico-nutri-hidratante-y-antiarrugas\/#primaryimage"},"thumbnailUrl":"https:\/\/frudia.es\/wp-content\/uploads\/2023\/01\/0tf16627@1.jpg","datePublished":"2023-01-27T08:51:47+00:00","dateModified":"2024-07-31T13:12:14+00:00","breadcrumb":{"@id":"https:\/\/frudia.es\/pt-pt\/producto\/pomegranate-tonico-nutri-hidratante-y-antiarrugas\/#breadcrumb"},"inLanguage":"pt-PT","potentialAction":[{"@type":"ReadAction","target":["https:\/\/frudia.es\/pt-pt\/producto\/pomegranate-tonico-nutri-hidratante-y-antiarrugas\/"]}]},{"@type":"ImageObject","inLanguage":"pt-PT","@id":"https:\/\/frudia.es\/pt-pt\/producto\/pomegranate-tonico-nutri-hidratante-y-antiarrugas\/#primaryimage","url":"https:\/\/frudia.es\/wp-content\/uploads\/2023\/01\/0tf16627@1.jpg","contentUrl":"https:\/\/frudia.es\/wp-content\/uploads\/2023\/01\/0tf16627@1.jpg","width":600,"height":600},{"@type":"BreadcrumbList","@id":"https:\/\/frudia.es\/pt-pt\/producto\/pomegranate-tonico-nutri-hidratante-y-antiarrugas\/#breadcrumb","itemListElement":[{"@type":"ListItem","position":1,"name":"Portada","item":"https:\/\/frudia.es\/pt-pt\/"},{"@type":"ListItem","position":2,"name":"Tienda","item":"https:\/\/frudia.es\/en\/shop\/"},{"@type":"ListItem","position":3,"name":"Pomegranate T\u00f3nico Nutri-Hidratante e Antirrugas\u00a0"}]},{"@type":"WebSite","@id":"https:\/\/frudia.es\/pt-pt\/#website","url":"https:\/\/frudia.es\/pt-pt\/","name":"Frudia","description":"La belleza est\u00e1 en las frutas","potentialAction":[{"@type":"SearchAction","target":{"@type":"EntryPoint","urlTemplate":"https:\/\/frudia.es\/pt-pt\/?s={search_term_string}"},"query-input":{"@type":"PropertyValueSpecification","valueRequired":true,"valueName":"search_term_string"}}],"inLanguage":"pt-PT"}]}},"_links":{"self":[{"href":"https:\/\/frudia.es\/pt-pt\/wp-json\/wp\/v2\/product\/21689","targetHints":{"allow":["GET"]}}],"collection":[{"href":"https:\/\/frudia.es\/pt-pt\/wp-json\/wp\/v2\/product"}],"about":[{"href":"https:\/\/frudia.es\/pt-pt\/wp-json\/wp\/v2\/types\/product"}],"replies":[{"embeddable":true,"href":"https:\/\/frudia.es\/pt-pt\/wp-json\/wp\/v2\/comments?post=21689"}],"wp:featuredmedia":[{"embeddable":true,"href":"https:\/\/frudia.es\/pt-pt\/wp-json\/wp\/v2\/media\/20029"}],"wp:attachment":[{"href":"https:\/\/frudia.es\/pt-pt\/wp-json\/wp\/v2\/media?parent=21689"}],"wp:term":[{"taxonomy":"product_brand","embeddable":true,"href":"https:\/\/frudia.es\/pt-pt\/wp-json\/wp\/v2\/product_brand?post=21689"},{"taxonomy":"product_cat","embeddable":true,"href":"https:\/\/frudia.es\/pt-pt\/wp-json\/wp\/v2\/product_cat?post=21689"},{"taxonomy":"product_tag","embeddable":true,"href":"https:\/\/frudia.es\/pt-pt\/wp-json\/wp\/v2\/product_tag?post=21689"}],"curies":[{"name":"wp","href":"https:\/\/api.w.org\/{rel}","templated":true}]}}