{"id":21692,"date":"2023-01-27T08:51:45","date_gmt":"2023-01-27T08:51:45","guid":{"rendered":"https:\/\/frudia.es\/producto\/citrus-crema-iluminadora-2\/"},"modified":"2024-07-31T13:12:23","modified_gmt":"2024-07-31T13:12:23","slug":"citrus-crema-iluminadora","status":"publish","type":"product","link":"https:\/\/frudia.es\/pt-pt\/producto\/citrus-crema-iluminadora\/","title":{"rendered":"Citrus Creme\n  Iluminador\u00a0"},"content":{"rendered":"<h4>Modo de<br \/>\n  uso<\/h4>\n<p>Na fase final da rotina de cuidados com a pele,<br \/>\n  aplicar o produto no rosto at\u00e9 ser absorvido para criar uma barreira<br \/>\n  hidratante<br \/>\n  protetora.<\/p>\n<h4>Ingredientes<\/h4>\n<p>Citrus Unshiu<br \/>\n  Peel Extract, Glycerin, Pentaerythrityl Tetraethylhexanoate, Water, Butylene<br \/>\n  Glycol, Dimethicone\/Divinyldimethicone\/Silsesquioxane Crosspolymer,<br \/>\n  1,2-Hexanediol, Niacinamide, Hydrogenated Polydecene, Diisostearyl Malate,<br \/>\n  Cetyl Alcohol, Betaine, Cetearyl Olivate, Sorbitan Olivate, Caprylic\/Capric<br \/>\n  Triglyceride, Glyceryl Caprylate, Glycereth-26, Dimethicone, Glyceryl<br \/>\n  Stearate, PEG-100 Stearate, Stearyl Alcohol, Sodium Acrylate\/Sodium<br \/>\n  Acryloyldimethyl Taurate Copolymer, Elaeis Guineensis (Palm) Oil, Tocopherol,<br \/>\n  Carbomer, Arginine, Isohexadecane, Polyquaternium-51, Myristyl Alcohol,<br \/>\n  Polysorbate 80, Sodium Hyaluronate, Lauryl Alcohol, Sorbitan Oleate, Eclipta<br \/>\n  Prostrata Extract, Propanediol, Melia Azadirachta Leaf Extract, Moringa<br \/>\n  Oleifera Seed Oil, Eriobotrya Japonica Leaf Extract, Hydrogenated Lecithin,<br \/>\n  Mentha Viridis (Spearmint) Extract, Phytosterols, Panthenol, Allantoin,<br \/>\n  Riboflavin, Cyanocobalamin, Biotin, Ascorbic Acid, Ceramide NP, Disodium<br \/>\n  EDTA, Chlorphenesin, Fragrance, Limonene, Linalool<\/p>\n","protected":false},"excerpt":{"rendered":"<p>Enriquecido com 61%<br \/>\n  de extrato de casca de tangerina de Jeju rica em vitaminas para um aspeto<br \/>\n  radiante. Ajuda a reduzir a apar\u00eancia de manchas escuras, manchas solares,<br \/>\n  hiperpigmenta\u00e7\u00e3o e descolora\u00e7\u00e3o e melhora o tom geral da pele em apenas 4<br \/>\n  semanas. 5 vitaminas trabalham em harmonia com a niacinamida para uma pele<br \/>\n  visivelmente mais brilhante. Testado clinicamente para pele sens\u00edvel para<br \/>\n  proporcionar o m\u00e1ximo de benef\u00edcios sem irrita\u00e7\u00e3o.<\/p>\n","protected":false},"featured_media":20008,"comment_status":"closed","ping_status":"closed","template":"","meta":[],"product_brand":[],"product_cat":[719,739],"product_tag":[],"class_list":{"0":"post-21692","1":"product","2":"type-product","3":"status-publish","4":"has-post-thumbnail","6":"product_cat-citrus-pt-pt","7":"product_cat-crema-pt-pt","9":"first","10":"instock","11":"shipping-taxable","12":"purchasable","13":"product-type-simple"},"yoast_head":"<!-- This site is optimized with the Yoast SEO plugin v27.2 - https:\/\/yoast.com\/product\/yoast-seo-wordpress\/ -->\n<title>Citrus Creme  Iluminador\u00a0 - Frudia<\/title>\n<meta name=\"robots\" content=\"index, follow, max-snippet:-1, max-image-preview:large, max-video-preview:-1\" \/>\n<link rel=\"canonical\" href=\"https:\/\/frudia.es\/pt-pt\/producto\/citrus-crema-iluminadora\/\" \/>\n<meta property=\"og:locale\" content=\"pt_PT\" \/>\n<meta property=\"og:type\" content=\"article\" \/>\n<meta property=\"og:title\" content=\"Citrus Creme  Iluminador\u00a0 - Frudia\" \/>\n<meta property=\"og:description\" content=\"Enriquecido com 61%  de extrato de casca de tangerina de Jeju rica em vitaminas para um aspeto  radiante. Ajuda a reduzir a apar\u00eancia de manchas escuras, manchas solares,  hiperpigmenta\u00e7\u00e3o e descolora\u00e7\u00e3o e melhora o tom geral da pele em apenas 4  semanas. 5 vitaminas trabalham em harmonia com a niacinamida para uma pele  visivelmente mais brilhante. Testado clinicamente para pele sens\u00edvel para  proporcionar o m\u00e1ximo de benef\u00edcios sem irrita\u00e7\u00e3o.\" \/>\n<meta property=\"og:url\" content=\"https:\/\/frudia.es\/pt-pt\/producto\/citrus-crema-iluminadora\/\" \/>\n<meta property=\"og:site_name\" content=\"Frudia\" \/>\n<meta property=\"article:modified_time\" content=\"2024-07-31T13:12:23+00:00\" \/>\n<meta property=\"og:image\" content=\"https:\/\/frudia.es\/wp-content\/uploads\/2023\/01\/0tf16624@3.jpg\" \/>\n\t<meta property=\"og:image:width\" content=\"600\" \/>\n\t<meta property=\"og:image:height\" content=\"600\" \/>\n\t<meta property=\"og:image:type\" content=\"image\/jpeg\" \/>\n<meta name=\"twitter:card\" content=\"summary_large_image\" \/>\n<meta name=\"twitter:label1\" content=\"Tempo estimado de leitura\" \/>\n\t<meta name=\"twitter:data1\" content=\"1 minuto\" \/>\n<script type=\"application\/ld+json\" class=\"yoast-schema-graph\">{\"@context\":\"https:\/\/schema.org\",\"@graph\":[{\"@type\":\"WebPage\",\"@id\":\"https:\/\/frudia.es\/pt-pt\/producto\/citrus-crema-iluminadora\/\",\"url\":\"https:\/\/frudia.es\/pt-pt\/producto\/citrus-crema-iluminadora\/\",\"name\":\"Citrus Creme Iluminador\u00a0 - Frudia\",\"isPartOf\":{\"@id\":\"https:\/\/frudia.es\/pt-pt\/#website\"},\"primaryImageOfPage\":{\"@id\":\"https:\/\/frudia.es\/pt-pt\/producto\/citrus-crema-iluminadora\/#primaryimage\"},\"image\":{\"@id\":\"https:\/\/frudia.es\/pt-pt\/producto\/citrus-crema-iluminadora\/#primaryimage\"},\"thumbnailUrl\":\"https:\/\/frudia.es\/wp-content\/uploads\/2023\/01\/0tf16624@3.jpg\",\"datePublished\":\"2023-01-27T08:51:45+00:00\",\"dateModified\":\"2024-07-31T13:12:23+00:00\",\"breadcrumb\":{\"@id\":\"https:\/\/frudia.es\/pt-pt\/producto\/citrus-crema-iluminadora\/#breadcrumb\"},\"inLanguage\":\"pt-PT\",\"potentialAction\":[{\"@type\":\"ReadAction\",\"target\":[\"https:\/\/frudia.es\/pt-pt\/producto\/citrus-crema-iluminadora\/\"]}]},{\"@type\":\"ImageObject\",\"inLanguage\":\"pt-PT\",\"@id\":\"https:\/\/frudia.es\/pt-pt\/producto\/citrus-crema-iluminadora\/#primaryimage\",\"url\":\"https:\/\/frudia.es\/wp-content\/uploads\/2023\/01\/0tf16624@3.jpg\",\"contentUrl\":\"https:\/\/frudia.es\/wp-content\/uploads\/2023\/01\/0tf16624@3.jpg\",\"width\":600,\"height\":600,\"caption\":\"CITRUS BRIGHTENING CREAM\"},{\"@type\":\"BreadcrumbList\",\"@id\":\"https:\/\/frudia.es\/pt-pt\/producto\/citrus-crema-iluminadora\/#breadcrumb\",\"itemListElement\":[{\"@type\":\"ListItem\",\"position\":1,\"name\":\"Portada\",\"item\":\"https:\/\/frudia.es\/pt-pt\/\"},{\"@type\":\"ListItem\",\"position\":2,\"name\":\"Tienda\",\"item\":\"https:\/\/frudia.es\/en\/shop\/\"},{\"@type\":\"ListItem\",\"position\":3,\"name\":\"Citrus Creme Iluminador\u00a0\"}]},{\"@type\":\"WebSite\",\"@id\":\"https:\/\/frudia.es\/pt-pt\/#website\",\"url\":\"https:\/\/frudia.es\/pt-pt\/\",\"name\":\"Frudia\",\"description\":\"La belleza est\u00e1 en las frutas\",\"potentialAction\":[{\"@type\":\"SearchAction\",\"target\":{\"@type\":\"EntryPoint\",\"urlTemplate\":\"https:\/\/frudia.es\/pt-pt\/?s={search_term_string}\"},\"query-input\":{\"@type\":\"PropertyValueSpecification\",\"valueRequired\":true,\"valueName\":\"search_term_string\"}}],\"inLanguage\":\"pt-PT\"}]}<\/script>\n<!-- \/ Yoast SEO plugin. -->","yoast_head_json":{"title":"Citrus Creme  Iluminador\u00a0 - Frudia","robots":{"index":"index","follow":"follow","max-snippet":"max-snippet:-1","max-image-preview":"max-image-preview:large","max-video-preview":"max-video-preview:-1"},"canonical":"https:\/\/frudia.es\/pt-pt\/producto\/citrus-crema-iluminadora\/","og_locale":"pt_PT","og_type":"article","og_title":"Citrus Creme  Iluminador\u00a0 - Frudia","og_description":"Enriquecido com 61%  de extrato de casca de tangerina de Jeju rica em vitaminas para um aspeto  radiante. Ajuda a reduzir a apar\u00eancia de manchas escuras, manchas solares,  hiperpigmenta\u00e7\u00e3o e descolora\u00e7\u00e3o e melhora o tom geral da pele em apenas 4  semanas. 5 vitaminas trabalham em harmonia com a niacinamida para uma pele  visivelmente mais brilhante. Testado clinicamente para pele sens\u00edvel para  proporcionar o m\u00e1ximo de benef\u00edcios sem irrita\u00e7\u00e3o.","og_url":"https:\/\/frudia.es\/pt-pt\/producto\/citrus-crema-iluminadora\/","og_site_name":"Frudia","article_modified_time":"2024-07-31T13:12:23+00:00","og_image":[{"width":600,"height":600,"url":"https:\/\/frudia.es\/wp-content\/uploads\/2023\/01\/0tf16624@3.jpg","type":"image\/jpeg"}],"twitter_card":"summary_large_image","twitter_misc":{"Tempo estimado de leitura":"1 minuto"},"schema":{"@context":"https:\/\/schema.org","@graph":[{"@type":"WebPage","@id":"https:\/\/frudia.es\/pt-pt\/producto\/citrus-crema-iluminadora\/","url":"https:\/\/frudia.es\/pt-pt\/producto\/citrus-crema-iluminadora\/","name":"Citrus Creme Iluminador\u00a0 - Frudia","isPartOf":{"@id":"https:\/\/frudia.es\/pt-pt\/#website"},"primaryImageOfPage":{"@id":"https:\/\/frudia.es\/pt-pt\/producto\/citrus-crema-iluminadora\/#primaryimage"},"image":{"@id":"https:\/\/frudia.es\/pt-pt\/producto\/citrus-crema-iluminadora\/#primaryimage"},"thumbnailUrl":"https:\/\/frudia.es\/wp-content\/uploads\/2023\/01\/0tf16624@3.jpg","datePublished":"2023-01-27T08:51:45+00:00","dateModified":"2024-07-31T13:12:23+00:00","breadcrumb":{"@id":"https:\/\/frudia.es\/pt-pt\/producto\/citrus-crema-iluminadora\/#breadcrumb"},"inLanguage":"pt-PT","potentialAction":[{"@type":"ReadAction","target":["https:\/\/frudia.es\/pt-pt\/producto\/citrus-crema-iluminadora\/"]}]},{"@type":"ImageObject","inLanguage":"pt-PT","@id":"https:\/\/frudia.es\/pt-pt\/producto\/citrus-crema-iluminadora\/#primaryimage","url":"https:\/\/frudia.es\/wp-content\/uploads\/2023\/01\/0tf16624@3.jpg","contentUrl":"https:\/\/frudia.es\/wp-content\/uploads\/2023\/01\/0tf16624@3.jpg","width":600,"height":600,"caption":"CITRUS BRIGHTENING CREAM"},{"@type":"BreadcrumbList","@id":"https:\/\/frudia.es\/pt-pt\/producto\/citrus-crema-iluminadora\/#breadcrumb","itemListElement":[{"@type":"ListItem","position":1,"name":"Portada","item":"https:\/\/frudia.es\/pt-pt\/"},{"@type":"ListItem","position":2,"name":"Tienda","item":"https:\/\/frudia.es\/en\/shop\/"},{"@type":"ListItem","position":3,"name":"Citrus Creme Iluminador\u00a0"}]},{"@type":"WebSite","@id":"https:\/\/frudia.es\/pt-pt\/#website","url":"https:\/\/frudia.es\/pt-pt\/","name":"Frudia","description":"La belleza est\u00e1 en las frutas","potentialAction":[{"@type":"SearchAction","target":{"@type":"EntryPoint","urlTemplate":"https:\/\/frudia.es\/pt-pt\/?s={search_term_string}"},"query-input":{"@type":"PropertyValueSpecification","valueRequired":true,"valueName":"search_term_string"}}],"inLanguage":"pt-PT"}]}},"_links":{"self":[{"href":"https:\/\/frudia.es\/pt-pt\/wp-json\/wp\/v2\/product\/21692","targetHints":{"allow":["GET"]}}],"collection":[{"href":"https:\/\/frudia.es\/pt-pt\/wp-json\/wp\/v2\/product"}],"about":[{"href":"https:\/\/frudia.es\/pt-pt\/wp-json\/wp\/v2\/types\/product"}],"replies":[{"embeddable":true,"href":"https:\/\/frudia.es\/pt-pt\/wp-json\/wp\/v2\/comments?post=21692"}],"wp:featuredmedia":[{"embeddable":true,"href":"https:\/\/frudia.es\/pt-pt\/wp-json\/wp\/v2\/media\/20008"}],"wp:attachment":[{"href":"https:\/\/frudia.es\/pt-pt\/wp-json\/wp\/v2\/media?parent=21692"}],"wp:term":[{"taxonomy":"product_brand","embeddable":true,"href":"https:\/\/frudia.es\/pt-pt\/wp-json\/wp\/v2\/product_brand?post=21692"},{"taxonomy":"product_cat","embeddable":true,"href":"https:\/\/frudia.es\/pt-pt\/wp-json\/wp\/v2\/product_cat?post=21692"},{"taxonomy":"product_tag","embeddable":true,"href":"https:\/\/frudia.es\/pt-pt\/wp-json\/wp\/v2\/product_tag?post=21692"}],"curies":[{"name":"wp","href":"https:\/\/api.w.org\/{rel}","templated":true}]}}