{"id":21693,"date":"2023-01-27T08:51:44","date_gmt":"2023-01-27T08:51:44","guid":{"rendered":"https:\/\/frudia.es\/producto\/citrus-serum-illuminador-2\/"},"modified":"2024-07-31T13:12:23","modified_gmt":"2024-07-31T13:12:23","slug":"citrus-serum-illuminador","status":"publish","type":"product","link":"https:\/\/frudia.es\/pt-pt\/producto\/citrus-serum-illuminador\/","title":{"rendered":"Citrus S\u00e9rum\n  Iluminador\u00a0"},"content":{"rendered":"<h4>Modo de<br \/>\n  uso<\/h4>\n<p>Dispensar uma quantidade adequada de produto e<br \/>\n  aplic\u00e1-lo suavemente no rosto para uma melhor<br \/>\n  absor\u00e7\u00e3o.<\/p>\n<h4>Ingredientes<\/h4>\n<p>Citrus Unshiu<br \/>\n  Peel Extract, Dimethicone, Triethylhexanoin, Dipropylene Glycol, Alcohol,<br \/>\n  1,2-Hexanediol, Water, Niacinamide, Polysorbate 60, Dimethicone\/Vinyl<br \/>\n  Dimethicone Crosspolymer, Polysorbate 20, Glyceryl Caprylate,<br \/>\n  Hydroxyethylcellulose, Sodium Polyacrylate, Panthenol, Tromethamine,<br \/>\n  Polyquaternium-51, Carbomer, Alumina, Glycerin, Titanium Dioxide,<br \/>\n  Caprylic\/Capric Triglyceride, Tocopherol, Betaine, Propanediol, Butylene<br \/>\n  Glycol, Sodium Acrylate\/Sodium Acryloyldimethyl Taurate Copolymer,<br \/>\n  Hydrogenated Lecithin, Isohexadecane, Tin Oxide, Polysorbate 80, Eriobotrya<br \/>\n  Japonica Leaf Extract, Sorbitan Oleate, Phytosterols, Mentha Viridis<br \/>\n  (Spearmint) Extract, Allantoin, Riboflavin, Cyanocobalamin, Biotin, Ascorbic<br \/>\n  Acid, Ceramide NP, Disodium EDTA, Chlorphenesin, Fragrance, Limonene,<br \/>\n  Linalool, Hexyl Cinnamal<\/p>\n","protected":false},"excerpt":{"rendered":"<p>Enriquecido com 74%<br \/>\n  de extrato de casca de tangerina de Jeju rica em vitaminas para um aspeto<br \/>\n  radiante. A niacinamida reduz visivelmente a apar\u00eancia da hiperpigmenta\u00e7\u00e3o,<br \/>\n  enquanto que as suas 5 vitaminas restauram a hidrata\u00e7\u00e3o, deixando a pele com<br \/>\n  um aspeto mais suave e mais flex\u00edvel. Testado clinicamente para pele sens\u00edvel<br \/>\n  para proporcionar o m\u00e1ximo de benef\u00edcios sem irrita\u00e7\u00e3o.<\/p>\n","protected":false},"featured_media":19983,"comment_status":"closed","ping_status":"closed","template":"","meta":[],"product_brand":[],"product_cat":[719,744],"product_tag":[],"class_list":{"0":"post-21693","1":"product","2":"type-product","3":"status-publish","4":"has-post-thumbnail","6":"product_cat-citrus-pt-pt","7":"product_cat-serum-pt-pt","9":"first","10":"instock","11":"shipping-taxable","12":"purchasable","13":"product-type-simple"},"yoast_head":"<!-- This site is optimized with the Yoast SEO plugin v27.2 - https:\/\/yoast.com\/product\/yoast-seo-wordpress\/ -->\n<title>Citrus S\u00e9rum  Iluminador\u00a0 - Frudia<\/title>\n<meta name=\"robots\" content=\"index, follow, max-snippet:-1, max-image-preview:large, max-video-preview:-1\" \/>\n<link rel=\"canonical\" href=\"https:\/\/frudia.es\/pt-pt\/producto\/citrus-serum-illuminador\/\" \/>\n<meta property=\"og:locale\" content=\"pt_PT\" \/>\n<meta property=\"og:type\" content=\"article\" \/>\n<meta property=\"og:title\" content=\"Citrus S\u00e9rum  Iluminador\u00a0 - Frudia\" \/>\n<meta property=\"og:description\" content=\"Enriquecido com 74%  de extrato de casca de tangerina de Jeju rica em vitaminas para um aspeto  radiante. A niacinamida reduz visivelmente a apar\u00eancia da hiperpigmenta\u00e7\u00e3o,  enquanto que as suas 5 vitaminas restauram a hidrata\u00e7\u00e3o, deixando a pele com  um aspeto mais suave e mais flex\u00edvel. Testado clinicamente para pele sens\u00edvel  para proporcionar o m\u00e1ximo de benef\u00edcios sem irrita\u00e7\u00e3o.\" \/>\n<meta property=\"og:url\" content=\"https:\/\/frudia.es\/pt-pt\/producto\/citrus-serum-illuminador\/\" \/>\n<meta property=\"og:site_name\" content=\"Frudia\" \/>\n<meta property=\"article:modified_time\" content=\"2024-07-31T13:12:23+00:00\" \/>\n<meta property=\"og:image\" content=\"https:\/\/frudia.es\/wp-content\/uploads\/2023\/01\/0tf16623@3.jpg\" \/>\n\t<meta property=\"og:image:width\" content=\"600\" \/>\n\t<meta property=\"og:image:height\" content=\"600\" \/>\n\t<meta property=\"og:image:type\" content=\"image\/jpeg\" \/>\n<meta name=\"twitter:card\" content=\"summary_large_image\" \/>\n<script type=\"application\/ld+json\" class=\"yoast-schema-graph\">{\"@context\":\"https:\/\/schema.org\",\"@graph\":[{\"@type\":\"WebPage\",\"@id\":\"https:\/\/frudia.es\/pt-pt\/producto\/citrus-serum-illuminador\/\",\"url\":\"https:\/\/frudia.es\/pt-pt\/producto\/citrus-serum-illuminador\/\",\"name\":\"Citrus S\u00e9rum Iluminador\u00a0 - Frudia\",\"isPartOf\":{\"@id\":\"https:\/\/frudia.es\/pt-pt\/#website\"},\"primaryImageOfPage\":{\"@id\":\"https:\/\/frudia.es\/pt-pt\/producto\/citrus-serum-illuminador\/#primaryimage\"},\"image\":{\"@id\":\"https:\/\/frudia.es\/pt-pt\/producto\/citrus-serum-illuminador\/#primaryimage\"},\"thumbnailUrl\":\"https:\/\/frudia.es\/wp-content\/uploads\/2023\/01\/0tf16623@3.jpg\",\"datePublished\":\"2023-01-27T08:51:44+00:00\",\"dateModified\":\"2024-07-31T13:12:23+00:00\",\"breadcrumb\":{\"@id\":\"https:\/\/frudia.es\/pt-pt\/producto\/citrus-serum-illuminador\/#breadcrumb\"},\"inLanguage\":\"pt-PT\",\"potentialAction\":[{\"@type\":\"ReadAction\",\"target\":[\"https:\/\/frudia.es\/pt-pt\/producto\/citrus-serum-illuminador\/\"]}]},{\"@type\":\"ImageObject\",\"inLanguage\":\"pt-PT\",\"@id\":\"https:\/\/frudia.es\/pt-pt\/producto\/citrus-serum-illuminador\/#primaryimage\",\"url\":\"https:\/\/frudia.es\/wp-content\/uploads\/2023\/01\/0tf16623@3.jpg\",\"contentUrl\":\"https:\/\/frudia.es\/wp-content\/uploads\/2023\/01\/0tf16623@3.jpg\",\"width\":600,\"height\":600},{\"@type\":\"BreadcrumbList\",\"@id\":\"https:\/\/frudia.es\/pt-pt\/producto\/citrus-serum-illuminador\/#breadcrumb\",\"itemListElement\":[{\"@type\":\"ListItem\",\"position\":1,\"name\":\"Portada\",\"item\":\"https:\/\/frudia.es\/pt-pt\/\"},{\"@type\":\"ListItem\",\"position\":2,\"name\":\"Tienda\",\"item\":\"https:\/\/frudia.es\/en\/shop\/\"},{\"@type\":\"ListItem\",\"position\":3,\"name\":\"Citrus S\u00e9rum Iluminador\u00a0\"}]},{\"@type\":\"WebSite\",\"@id\":\"https:\/\/frudia.es\/pt-pt\/#website\",\"url\":\"https:\/\/frudia.es\/pt-pt\/\",\"name\":\"Frudia\",\"description\":\"La belleza est\u00e1 en las frutas\",\"potentialAction\":[{\"@type\":\"SearchAction\",\"target\":{\"@type\":\"EntryPoint\",\"urlTemplate\":\"https:\/\/frudia.es\/pt-pt\/?s={search_term_string}\"},\"query-input\":{\"@type\":\"PropertyValueSpecification\",\"valueRequired\":true,\"valueName\":\"search_term_string\"}}],\"inLanguage\":\"pt-PT\"}]}<\/script>\n<!-- \/ Yoast SEO plugin. -->","yoast_head_json":{"title":"Citrus S\u00e9rum  Iluminador\u00a0 - Frudia","robots":{"index":"index","follow":"follow","max-snippet":"max-snippet:-1","max-image-preview":"max-image-preview:large","max-video-preview":"max-video-preview:-1"},"canonical":"https:\/\/frudia.es\/pt-pt\/producto\/citrus-serum-illuminador\/","og_locale":"pt_PT","og_type":"article","og_title":"Citrus S\u00e9rum  Iluminador\u00a0 - Frudia","og_description":"Enriquecido com 74%  de extrato de casca de tangerina de Jeju rica em vitaminas para um aspeto  radiante. A niacinamida reduz visivelmente a apar\u00eancia da hiperpigmenta\u00e7\u00e3o,  enquanto que as suas 5 vitaminas restauram a hidrata\u00e7\u00e3o, deixando a pele com  um aspeto mais suave e mais flex\u00edvel. Testado clinicamente para pele sens\u00edvel  para proporcionar o m\u00e1ximo de benef\u00edcios sem irrita\u00e7\u00e3o.","og_url":"https:\/\/frudia.es\/pt-pt\/producto\/citrus-serum-illuminador\/","og_site_name":"Frudia","article_modified_time":"2024-07-31T13:12:23+00:00","og_image":[{"width":600,"height":600,"url":"https:\/\/frudia.es\/wp-content\/uploads\/2023\/01\/0tf16623@3.jpg","type":"image\/jpeg"}],"twitter_card":"summary_large_image","schema":{"@context":"https:\/\/schema.org","@graph":[{"@type":"WebPage","@id":"https:\/\/frudia.es\/pt-pt\/producto\/citrus-serum-illuminador\/","url":"https:\/\/frudia.es\/pt-pt\/producto\/citrus-serum-illuminador\/","name":"Citrus S\u00e9rum Iluminador\u00a0 - Frudia","isPartOf":{"@id":"https:\/\/frudia.es\/pt-pt\/#website"},"primaryImageOfPage":{"@id":"https:\/\/frudia.es\/pt-pt\/producto\/citrus-serum-illuminador\/#primaryimage"},"image":{"@id":"https:\/\/frudia.es\/pt-pt\/producto\/citrus-serum-illuminador\/#primaryimage"},"thumbnailUrl":"https:\/\/frudia.es\/wp-content\/uploads\/2023\/01\/0tf16623@3.jpg","datePublished":"2023-01-27T08:51:44+00:00","dateModified":"2024-07-31T13:12:23+00:00","breadcrumb":{"@id":"https:\/\/frudia.es\/pt-pt\/producto\/citrus-serum-illuminador\/#breadcrumb"},"inLanguage":"pt-PT","potentialAction":[{"@type":"ReadAction","target":["https:\/\/frudia.es\/pt-pt\/producto\/citrus-serum-illuminador\/"]}]},{"@type":"ImageObject","inLanguage":"pt-PT","@id":"https:\/\/frudia.es\/pt-pt\/producto\/citrus-serum-illuminador\/#primaryimage","url":"https:\/\/frudia.es\/wp-content\/uploads\/2023\/01\/0tf16623@3.jpg","contentUrl":"https:\/\/frudia.es\/wp-content\/uploads\/2023\/01\/0tf16623@3.jpg","width":600,"height":600},{"@type":"BreadcrumbList","@id":"https:\/\/frudia.es\/pt-pt\/producto\/citrus-serum-illuminador\/#breadcrumb","itemListElement":[{"@type":"ListItem","position":1,"name":"Portada","item":"https:\/\/frudia.es\/pt-pt\/"},{"@type":"ListItem","position":2,"name":"Tienda","item":"https:\/\/frudia.es\/en\/shop\/"},{"@type":"ListItem","position":3,"name":"Citrus S\u00e9rum Iluminador\u00a0"}]},{"@type":"WebSite","@id":"https:\/\/frudia.es\/pt-pt\/#website","url":"https:\/\/frudia.es\/pt-pt\/","name":"Frudia","description":"La belleza est\u00e1 en las frutas","potentialAction":[{"@type":"SearchAction","target":{"@type":"EntryPoint","urlTemplate":"https:\/\/frudia.es\/pt-pt\/?s={search_term_string}"},"query-input":{"@type":"PropertyValueSpecification","valueRequired":true,"valueName":"search_term_string"}}],"inLanguage":"pt-PT"}]}},"_links":{"self":[{"href":"https:\/\/frudia.es\/pt-pt\/wp-json\/wp\/v2\/product\/21693","targetHints":{"allow":["GET"]}}],"collection":[{"href":"https:\/\/frudia.es\/pt-pt\/wp-json\/wp\/v2\/product"}],"about":[{"href":"https:\/\/frudia.es\/pt-pt\/wp-json\/wp\/v2\/types\/product"}],"replies":[{"embeddable":true,"href":"https:\/\/frudia.es\/pt-pt\/wp-json\/wp\/v2\/comments?post=21693"}],"wp:featuredmedia":[{"embeddable":true,"href":"https:\/\/frudia.es\/pt-pt\/wp-json\/wp\/v2\/media\/19983"}],"wp:attachment":[{"href":"https:\/\/frudia.es\/pt-pt\/wp-json\/wp\/v2\/media?parent=21693"}],"wp:term":[{"taxonomy":"product_brand","embeddable":true,"href":"https:\/\/frudia.es\/pt-pt\/wp-json\/wp\/v2\/product_brand?post=21693"},{"taxonomy":"product_cat","embeddable":true,"href":"https:\/\/frudia.es\/pt-pt\/wp-json\/wp\/v2\/product_cat?post=21693"},{"taxonomy":"product_tag","embeddable":true,"href":"https:\/\/frudia.es\/pt-pt\/wp-json\/wp\/v2\/product_tag?post=21693"}],"curies":[{"name":"wp","href":"https:\/\/api.w.org\/{rel}","templated":true}]}}