{"id":21845,"date":"2024-07-31T08:38:21","date_gmt":"2024-07-31T08:38:21","guid":{"rendered":"https:\/\/frudia.es\/producto\/parches-calmantes-whats-wrong\/"},"modified":"2024-07-31T13:12:31","modified_gmt":"2024-07-31T13:12:31","slug":"parches-calmantes-whats-wrong","status":"publish","type":"product","link":"https:\/\/frudia.es\/pt-pt\/producto\/parches-calmantes-whats-wrong\/","title":{"rendered":"What&#8217;s Wrong Patches calmantes"},"content":{"rendered":"<h4>Modo de<br \/>\n  uso<\/h4>\n<p>Ap\u00f3s a limpeza, aplique suavemente o disco de algod\u00e3o<br \/>\n  nas zonas que necessitam de ser suavizadas ou em todo o rosto e ajude a<br \/>\n  absorver a ess\u00eancia restante na pele, massajando<br \/>\n  suavemente.<\/p>\n<h4>Ingredientes<\/h4>\n<p>Water(Aqua),<br \/>\n  Propanediol, Butylene Glycol, Dipropylene Glycol, 1,2-Hexanediol, Glycerin,<br \/>\n  Betaine, Polyglyceryl-10 Laurate, Polyglyceryl-4 Laurate, Caprylyl\/Capryl<br \/>\n  Glucoside, Panthenol, Sodium Citrate, Ethylhexylglycerin, Melia Azadirachta<br \/>\n  Leaf Extract, Citric Acid, Melia Azadirachta Flower Extract, Capryloyl<br \/>\n  Salicylic Acid, Caprylic\/Capric Triglyceride, Pentylene Glycol, Caprylyl<br \/>\n  Glycol, Oenothera Biennis (Evening Primrose) Flower Extract, Pinus Palustris<br \/>\n  Leaf Extract, Pueraria Lobata Root Extract, Ulmus Davidiana Root Extract,<br \/>\n  Centella Asiatica Extract, Calophyllum Inophyllum Seed Oil, Disodium EDTA,<br \/>\n  Citrus Aurantium Bergamia (Bergamot) Fruit Oil, Limonene, Linalool<\/p>\n","protected":false},"excerpt":{"rendered":"<p>Um disco de algod\u00e3o<br \/>\n  impregnado com uma solu\u00e7\u00e3o que cont\u00e9m LHA e Cica. Mant\u00e9m a pele com uma<br \/>\n  textura fina e acalma a pele danificada por irrita\u00e7\u00f5es externas.<\/p>\n","protected":false},"featured_media":21837,"comment_status":"closed","ping_status":"closed","template":"","meta":[],"product_brand":[],"product_cat":[733,744],"product_tag":[],"class_list":{"0":"post-21845","1":"product","2":"type-product","3":"status-publish","4":"has-post-thumbnail","6":"product_cat-novo","7":"product_cat-serum-pt-pt","9":"first","10":"instock","11":"shipping-taxable","12":"purchasable","13":"product-type-simple"},"yoast_head":"<!-- This site is optimized with the Yoast SEO plugin v27.2 - https:\/\/yoast.com\/product\/yoast-seo-wordpress\/ -->\n<title>What&#039;s Wrong Patches calmantes - Frudia<\/title>\n<meta name=\"robots\" content=\"index, follow, max-snippet:-1, max-image-preview:large, max-video-preview:-1\" \/>\n<link rel=\"canonical\" href=\"https:\/\/frudia.es\/pt-pt\/producto\/parches-calmantes-whats-wrong\/\" \/>\n<meta property=\"og:locale\" content=\"pt_PT\" \/>\n<meta property=\"og:type\" content=\"article\" \/>\n<meta property=\"og:title\" content=\"What&#039;s Wrong Patches calmantes - Frudia\" \/>\n<meta property=\"og:description\" content=\"Um disco de algod\u00e3o  impregnado com uma solu\u00e7\u00e3o que cont\u00e9m LHA e Cica. Mant\u00e9m a pele com uma  textura fina e acalma a pele danificada por irrita\u00e7\u00f5es externas.\" \/>\n<meta property=\"og:url\" content=\"https:\/\/frudia.es\/pt-pt\/producto\/parches-calmantes-whats-wrong\/\" \/>\n<meta property=\"og:site_name\" content=\"Frudia\" \/>\n<meta property=\"article:modified_time\" content=\"2024-07-31T13:12:31+00:00\" \/>\n<meta property=\"og:image\" content=\"https:\/\/frudia.es\/wp-content\/uploads\/2024\/07\/FFDAPDPNC04_8803348051091.png\" \/>\n\t<meta property=\"og:image:width\" content=\"1500\" \/>\n\t<meta property=\"og:image:height\" content=\"1500\" \/>\n\t<meta property=\"og:image:type\" content=\"image\/png\" \/>\n<meta name=\"twitter:card\" content=\"summary_large_image\" \/>\n<meta name=\"twitter:label1\" content=\"Tempo estimado de leitura\" \/>\n\t<meta name=\"twitter:data1\" content=\"1 minuto\" \/>\n<script type=\"application\/ld+json\" class=\"yoast-schema-graph\">{\"@context\":\"https:\/\/schema.org\",\"@graph\":[{\"@type\":\"WebPage\",\"@id\":\"https:\/\/frudia.es\/pt-pt\/producto\/parches-calmantes-whats-wrong\/\",\"url\":\"https:\/\/frudia.es\/pt-pt\/producto\/parches-calmantes-whats-wrong\/\",\"name\":\"What's Wrong Patches calmantes - Frudia\",\"isPartOf\":{\"@id\":\"https:\/\/frudia.es\/pt-pt\/#website\"},\"primaryImageOfPage\":{\"@id\":\"https:\/\/frudia.es\/pt-pt\/producto\/parches-calmantes-whats-wrong\/#primaryimage\"},\"image\":{\"@id\":\"https:\/\/frudia.es\/pt-pt\/producto\/parches-calmantes-whats-wrong\/#primaryimage\"},\"thumbnailUrl\":\"https:\/\/frudia.es\/wp-content\/uploads\/2024\/07\/FFDAPDPNC04_8803348051091.png\",\"datePublished\":\"2024-07-31T08:38:21+00:00\",\"dateModified\":\"2024-07-31T13:12:31+00:00\",\"breadcrumb\":{\"@id\":\"https:\/\/frudia.es\/pt-pt\/producto\/parches-calmantes-whats-wrong\/#breadcrumb\"},\"inLanguage\":\"pt-PT\",\"potentialAction\":[{\"@type\":\"ReadAction\",\"target\":[\"https:\/\/frudia.es\/pt-pt\/producto\/parches-calmantes-whats-wrong\/\"]}]},{\"@type\":\"ImageObject\",\"inLanguage\":\"pt-PT\",\"@id\":\"https:\/\/frudia.es\/pt-pt\/producto\/parches-calmantes-whats-wrong\/#primaryimage\",\"url\":\"https:\/\/frudia.es\/wp-content\/uploads\/2024\/07\/FFDAPDPNC04_8803348051091.png\",\"contentUrl\":\"https:\/\/frudia.es\/wp-content\/uploads\/2024\/07\/FFDAPDPNC04_8803348051091.png\",\"width\":1500,\"height\":1500},{\"@type\":\"BreadcrumbList\",\"@id\":\"https:\/\/frudia.es\/pt-pt\/producto\/parches-calmantes-whats-wrong\/#breadcrumb\",\"itemListElement\":[{\"@type\":\"ListItem\",\"position\":1,\"name\":\"Portada\",\"item\":\"https:\/\/frudia.es\/pt-pt\/\"},{\"@type\":\"ListItem\",\"position\":2,\"name\":\"Tienda\",\"item\":\"https:\/\/frudia.es\/en\/shop\/\"},{\"@type\":\"ListItem\",\"position\":3,\"name\":\"What&#8217;s Wrong Patches calmantes\"}]},{\"@type\":\"WebSite\",\"@id\":\"https:\/\/frudia.es\/pt-pt\/#website\",\"url\":\"https:\/\/frudia.es\/pt-pt\/\",\"name\":\"Frudia\",\"description\":\"La belleza est\u00e1 en las frutas\",\"potentialAction\":[{\"@type\":\"SearchAction\",\"target\":{\"@type\":\"EntryPoint\",\"urlTemplate\":\"https:\/\/frudia.es\/pt-pt\/?s={search_term_string}\"},\"query-input\":{\"@type\":\"PropertyValueSpecification\",\"valueRequired\":true,\"valueName\":\"search_term_string\"}}],\"inLanguage\":\"pt-PT\"}]}<\/script>\n<!-- \/ Yoast SEO plugin. -->","yoast_head_json":{"title":"What's Wrong Patches calmantes - Frudia","robots":{"index":"index","follow":"follow","max-snippet":"max-snippet:-1","max-image-preview":"max-image-preview:large","max-video-preview":"max-video-preview:-1"},"canonical":"https:\/\/frudia.es\/pt-pt\/producto\/parches-calmantes-whats-wrong\/","og_locale":"pt_PT","og_type":"article","og_title":"What's Wrong Patches calmantes - Frudia","og_description":"Um disco de algod\u00e3o  impregnado com uma solu\u00e7\u00e3o que cont\u00e9m LHA e Cica. Mant\u00e9m a pele com uma  textura fina e acalma a pele danificada por irrita\u00e7\u00f5es externas.","og_url":"https:\/\/frudia.es\/pt-pt\/producto\/parches-calmantes-whats-wrong\/","og_site_name":"Frudia","article_modified_time":"2024-07-31T13:12:31+00:00","og_image":[{"width":1500,"height":1500,"url":"https:\/\/frudia.es\/wp-content\/uploads\/2024\/07\/FFDAPDPNC04_8803348051091.png","type":"image\/png"}],"twitter_card":"summary_large_image","twitter_misc":{"Tempo estimado de leitura":"1 minuto"},"schema":{"@context":"https:\/\/schema.org","@graph":[{"@type":"WebPage","@id":"https:\/\/frudia.es\/pt-pt\/producto\/parches-calmantes-whats-wrong\/","url":"https:\/\/frudia.es\/pt-pt\/producto\/parches-calmantes-whats-wrong\/","name":"What's Wrong Patches calmantes - Frudia","isPartOf":{"@id":"https:\/\/frudia.es\/pt-pt\/#website"},"primaryImageOfPage":{"@id":"https:\/\/frudia.es\/pt-pt\/producto\/parches-calmantes-whats-wrong\/#primaryimage"},"image":{"@id":"https:\/\/frudia.es\/pt-pt\/producto\/parches-calmantes-whats-wrong\/#primaryimage"},"thumbnailUrl":"https:\/\/frudia.es\/wp-content\/uploads\/2024\/07\/FFDAPDPNC04_8803348051091.png","datePublished":"2024-07-31T08:38:21+00:00","dateModified":"2024-07-31T13:12:31+00:00","breadcrumb":{"@id":"https:\/\/frudia.es\/pt-pt\/producto\/parches-calmantes-whats-wrong\/#breadcrumb"},"inLanguage":"pt-PT","potentialAction":[{"@type":"ReadAction","target":["https:\/\/frudia.es\/pt-pt\/producto\/parches-calmantes-whats-wrong\/"]}]},{"@type":"ImageObject","inLanguage":"pt-PT","@id":"https:\/\/frudia.es\/pt-pt\/producto\/parches-calmantes-whats-wrong\/#primaryimage","url":"https:\/\/frudia.es\/wp-content\/uploads\/2024\/07\/FFDAPDPNC04_8803348051091.png","contentUrl":"https:\/\/frudia.es\/wp-content\/uploads\/2024\/07\/FFDAPDPNC04_8803348051091.png","width":1500,"height":1500},{"@type":"BreadcrumbList","@id":"https:\/\/frudia.es\/pt-pt\/producto\/parches-calmantes-whats-wrong\/#breadcrumb","itemListElement":[{"@type":"ListItem","position":1,"name":"Portada","item":"https:\/\/frudia.es\/pt-pt\/"},{"@type":"ListItem","position":2,"name":"Tienda","item":"https:\/\/frudia.es\/en\/shop\/"},{"@type":"ListItem","position":3,"name":"What&#8217;s Wrong Patches calmantes"}]},{"@type":"WebSite","@id":"https:\/\/frudia.es\/pt-pt\/#website","url":"https:\/\/frudia.es\/pt-pt\/","name":"Frudia","description":"La belleza est\u00e1 en las frutas","potentialAction":[{"@type":"SearchAction","target":{"@type":"EntryPoint","urlTemplate":"https:\/\/frudia.es\/pt-pt\/?s={search_term_string}"},"query-input":{"@type":"PropertyValueSpecification","valueRequired":true,"valueName":"search_term_string"}}],"inLanguage":"pt-PT"}]}},"_links":{"self":[{"href":"https:\/\/frudia.es\/pt-pt\/wp-json\/wp\/v2\/product\/21845","targetHints":{"allow":["GET"]}}],"collection":[{"href":"https:\/\/frudia.es\/pt-pt\/wp-json\/wp\/v2\/product"}],"about":[{"href":"https:\/\/frudia.es\/pt-pt\/wp-json\/wp\/v2\/types\/product"}],"replies":[{"embeddable":true,"href":"https:\/\/frudia.es\/pt-pt\/wp-json\/wp\/v2\/comments?post=21845"}],"wp:featuredmedia":[{"embeddable":true,"href":"https:\/\/frudia.es\/pt-pt\/wp-json\/wp\/v2\/media\/21837"}],"wp:attachment":[{"href":"https:\/\/frudia.es\/pt-pt\/wp-json\/wp\/v2\/media?parent=21845"}],"wp:term":[{"taxonomy":"product_brand","embeddable":true,"href":"https:\/\/frudia.es\/pt-pt\/wp-json\/wp\/v2\/product_brand?post=21845"},{"taxonomy":"product_cat","embeddable":true,"href":"https:\/\/frudia.es\/pt-pt\/wp-json\/wp\/v2\/product_cat?post=21845"},{"taxonomy":"product_tag","embeddable":true,"href":"https:\/\/frudia.es\/pt-pt\/wp-json\/wp\/v2\/product_tag?post=21845"}],"curies":[{"name":"wp","href":"https:\/\/api.w.org\/{rel}","templated":true}]}}