{"id":21848,"date":"2024-07-31T08:38:21","date_gmt":"2024-07-31T08:38:21","guid":{"rendered":"https:\/\/frudia.es\/producto\/balsamo-de-aguacate-y-cica-duo\/"},"modified":"2024-08-01T07:49:04","modified_gmt":"2024-08-01T07:49:04","slug":"balsamo-de-aguacate-y-cica-duo","status":"publish","type":"product","link":"https:\/\/frudia.es\/pt-pt\/producto\/balsamo-de-aguacate-y-cica-duo\/","title":{"rendered":"B\u00e1lsamo de Aguacate y Cica DUO"},"content":{"rendered":"<h4>Modo de uso<\/h4>\n<p>Tomar la cantidad adecuada y aplicar suavemente alrededor de la delicada zona de los labios.<\/p>\n<p>&nbsp;<\/p>\n<h4>Ingredientes<\/h4>\n<p>Hydrogenated Polyisobutene, Synthetic Beeswax, Hydrogenated Castor Oil Dimer Dilinoleate, Hydrogenated Vegetable Oil, Helianthus Annuus (Sunflower) Seed Wax, Silica Dimethyl Silylate, Ethylene\/Propylene\/Styrene Copolymer, Polyglyceryl-2 Triisostearate, Sucrose Tetrastearate Triacetate, Persea Gratissima (Avocado) Fruit Extract, Madecassic Acid, Asiaticoside, Asiatic Acid, Madecassoside, Panthenol, Centella Asiatica Extract, Camellia Sinensis Leaf Oil, Cinnamomum Camphora (Camphor) Bark Oil, Leucine, Phenylalanine, Methionine, Lysine, Histidine, Isoleucine, Valine, Threonine, Tryptophan, Hydrogenated Castor Oil, Glyceryl Caprylate, Tocopherol, Butyrospermum Parkii (Shea) Butter, Mauritia Flexuosa Fruit Oil, Butylene\/Ethylene\/Styrene Copolymer, Water(Aqua), Glycerin, Pentaerythrityl Tetra-di-t-butyl Hydroxyhydrocinnamate, Caprylic\/Capric Triglyceride, Butylene Glycol, Hydrogenated Lecithin, Pentylene Glycol, Caprylyl Glycol, Phytosterols, Ethylhexylglycerin, 1,2-Hexanediol, Citrus Aurantium Dulcis (Orange) Peel Oil, Citrus Aurantium Bergamia (Bergamot) Fruit Oil, Citrus Paradisi (Grapefruit) Peel Oil, Mentha Viridis (Spearmint) Leaf Oil, Citrus Nobilis (Mandarin Orange) Peel Oil, Limonene, Linalool<\/p>\n","protected":false},"excerpt":{"rendered":"<p>Un b\u00e1lsamo labial que retiene la humedad. Contiene aguacate que es rico en amino\u00e1cidos, y cica, que es excelente para calmar. Fragancia artificial CERO, aroma de aceite esencial. Sin siliconas.<\/p>\n","protected":false},"featured_media":21869,"comment_status":"closed","ping_status":"closed","template":"","meta":[],"product_brand":[],"product_cat":[716,741,733],"product_tag":[],"class_list":{"0":"post-21848","1":"product","2":"type-product","3":"status-publish","4":"has-post-thumbnail","6":"product_cat-avocado-pt-pt","7":"product_cat-labios-pt-pt","8":"product_cat-novo","10":"first","11":"instock","12":"shipping-taxable","13":"purchasable","14":"product-type-simple"},"yoast_head":"<!-- This site is optimized with the Yoast SEO plugin v27.2 - https:\/\/yoast.com\/product\/yoast-seo-wordpress\/ -->\n<title>B\u00e1lsamo de Aguacate y Cica DUO - Frudia<\/title>\n<meta name=\"robots\" content=\"index, follow, max-snippet:-1, max-image-preview:large, max-video-preview:-1\" \/>\n<link rel=\"canonical\" href=\"https:\/\/frudia.es\/pt-pt\/producto\/balsamo-de-aguacate-y-cica-duo\/\" \/>\n<meta property=\"og:locale\" content=\"pt_PT\" \/>\n<meta property=\"og:type\" content=\"article\" \/>\n<meta property=\"og:title\" content=\"B\u00e1lsamo de Aguacate y Cica DUO - Frudia\" \/>\n<meta property=\"og:description\" content=\"Un b\u00e1lsamo labial que retiene la humedad. Contiene aguacate que es rico en amino\u00e1cidos, y cica, que es excelente para calmar. Fragancia artificial CERO, aroma de aceite esencial. Sin siliconas.\" \/>\n<meta property=\"og:url\" content=\"https:\/\/frudia.es\/pt-pt\/producto\/balsamo-de-aguacate-y-cica-duo\/\" \/>\n<meta property=\"og:site_name\" content=\"Frudia\" \/>\n<meta property=\"article:modified_time\" content=\"2024-08-01T07:49:04+00:00\" \/>\n<meta property=\"og:image\" content=\"http:\/\/frudia.es\/wp-content\/uploads\/2024\/08\/FFDELBDU020_8803348050926.png\" \/>\n\t<meta property=\"og:image:width\" content=\"1080\" \/>\n\t<meta property=\"og:image:height\" content=\"1080\" \/>\n\t<meta property=\"og:image:type\" content=\"image\/png\" \/>\n<meta name=\"twitter:card\" content=\"summary_large_image\" \/>\n<meta name=\"twitter:label1\" content=\"Tempo estimado de leitura\" \/>\n\t<meta name=\"twitter:data1\" content=\"1 minuto\" \/>\n<script type=\"application\/ld+json\" class=\"yoast-schema-graph\">{\"@context\":\"https:\/\/schema.org\",\"@graph\":[{\"@type\":\"WebPage\",\"@id\":\"https:\/\/frudia.es\/pt-pt\/producto\/balsamo-de-aguacate-y-cica-duo\/\",\"url\":\"https:\/\/frudia.es\/pt-pt\/producto\/balsamo-de-aguacate-y-cica-duo\/\",\"name\":\"B\u00e1lsamo de Aguacate y Cica DUO - Frudia\",\"isPartOf\":{\"@id\":\"https:\/\/frudia.es\/pt-pt\/#website\"},\"primaryImageOfPage\":{\"@id\":\"https:\/\/frudia.es\/pt-pt\/producto\/balsamo-de-aguacate-y-cica-duo\/#primaryimage\"},\"image\":{\"@id\":\"https:\/\/frudia.es\/pt-pt\/producto\/balsamo-de-aguacate-y-cica-duo\/#primaryimage\"},\"thumbnailUrl\":\"https:\/\/frudia.es\/wp-content\/uploads\/2024\/08\/FFDELBDU020_8803348050926.png\",\"datePublished\":\"2024-07-31T08:38:21+00:00\",\"dateModified\":\"2024-08-01T07:49:04+00:00\",\"breadcrumb\":{\"@id\":\"https:\/\/frudia.es\/pt-pt\/producto\/balsamo-de-aguacate-y-cica-duo\/#breadcrumb\"},\"inLanguage\":\"pt-PT\",\"potentialAction\":[{\"@type\":\"ReadAction\",\"target\":[\"https:\/\/frudia.es\/pt-pt\/producto\/balsamo-de-aguacate-y-cica-duo\/\"]}]},{\"@type\":\"ImageObject\",\"inLanguage\":\"pt-PT\",\"@id\":\"https:\/\/frudia.es\/pt-pt\/producto\/balsamo-de-aguacate-y-cica-duo\/#primaryimage\",\"url\":\"https:\/\/frudia.es\/wp-content\/uploads\/2024\/08\/FFDELBDU020_8803348050926.png\",\"contentUrl\":\"https:\/\/frudia.es\/wp-content\/uploads\/2024\/08\/FFDELBDU020_8803348050926.png\",\"width\":1080,\"height\":1080},{\"@type\":\"BreadcrumbList\",\"@id\":\"https:\/\/frudia.es\/pt-pt\/producto\/balsamo-de-aguacate-y-cica-duo\/#breadcrumb\",\"itemListElement\":[{\"@type\":\"ListItem\",\"position\":1,\"name\":\"Portada\",\"item\":\"https:\/\/frudia.es\/pt-pt\/\"},{\"@type\":\"ListItem\",\"position\":2,\"name\":\"Tienda\",\"item\":\"https:\/\/frudia.es\/en\/shop\/\"},{\"@type\":\"ListItem\",\"position\":3,\"name\":\"B\u00e1lsamo de Aguacate y Cica DUO\"}]},{\"@type\":\"WebSite\",\"@id\":\"https:\/\/frudia.es\/pt-pt\/#website\",\"url\":\"https:\/\/frudia.es\/pt-pt\/\",\"name\":\"Frudia\",\"description\":\"La belleza est\u00e1 en las frutas\",\"potentialAction\":[{\"@type\":\"SearchAction\",\"target\":{\"@type\":\"EntryPoint\",\"urlTemplate\":\"https:\/\/frudia.es\/pt-pt\/?s={search_term_string}\"},\"query-input\":{\"@type\":\"PropertyValueSpecification\",\"valueRequired\":true,\"valueName\":\"search_term_string\"}}],\"inLanguage\":\"pt-PT\"}]}<\/script>\n<!-- \/ Yoast SEO plugin. -->","yoast_head_json":{"title":"B\u00e1lsamo de Aguacate y Cica DUO - Frudia","robots":{"index":"index","follow":"follow","max-snippet":"max-snippet:-1","max-image-preview":"max-image-preview:large","max-video-preview":"max-video-preview:-1"},"canonical":"https:\/\/frudia.es\/pt-pt\/producto\/balsamo-de-aguacate-y-cica-duo\/","og_locale":"pt_PT","og_type":"article","og_title":"B\u00e1lsamo de Aguacate y Cica DUO - Frudia","og_description":"Un b\u00e1lsamo labial que retiene la humedad. Contiene aguacate que es rico en amino\u00e1cidos, y cica, que es excelente para calmar. Fragancia artificial CERO, aroma de aceite esencial. Sin siliconas.","og_url":"https:\/\/frudia.es\/pt-pt\/producto\/balsamo-de-aguacate-y-cica-duo\/","og_site_name":"Frudia","article_modified_time":"2024-08-01T07:49:04+00:00","og_image":[{"width":1080,"height":1080,"url":"http:\/\/frudia.es\/wp-content\/uploads\/2024\/08\/FFDELBDU020_8803348050926.png","type":"image\/png"}],"twitter_card":"summary_large_image","twitter_misc":{"Tempo estimado de leitura":"1 minuto"},"schema":{"@context":"https:\/\/schema.org","@graph":[{"@type":"WebPage","@id":"https:\/\/frudia.es\/pt-pt\/producto\/balsamo-de-aguacate-y-cica-duo\/","url":"https:\/\/frudia.es\/pt-pt\/producto\/balsamo-de-aguacate-y-cica-duo\/","name":"B\u00e1lsamo de Aguacate y Cica DUO - Frudia","isPartOf":{"@id":"https:\/\/frudia.es\/pt-pt\/#website"},"primaryImageOfPage":{"@id":"https:\/\/frudia.es\/pt-pt\/producto\/balsamo-de-aguacate-y-cica-duo\/#primaryimage"},"image":{"@id":"https:\/\/frudia.es\/pt-pt\/producto\/balsamo-de-aguacate-y-cica-duo\/#primaryimage"},"thumbnailUrl":"https:\/\/frudia.es\/wp-content\/uploads\/2024\/08\/FFDELBDU020_8803348050926.png","datePublished":"2024-07-31T08:38:21+00:00","dateModified":"2024-08-01T07:49:04+00:00","breadcrumb":{"@id":"https:\/\/frudia.es\/pt-pt\/producto\/balsamo-de-aguacate-y-cica-duo\/#breadcrumb"},"inLanguage":"pt-PT","potentialAction":[{"@type":"ReadAction","target":["https:\/\/frudia.es\/pt-pt\/producto\/balsamo-de-aguacate-y-cica-duo\/"]}]},{"@type":"ImageObject","inLanguage":"pt-PT","@id":"https:\/\/frudia.es\/pt-pt\/producto\/balsamo-de-aguacate-y-cica-duo\/#primaryimage","url":"https:\/\/frudia.es\/wp-content\/uploads\/2024\/08\/FFDELBDU020_8803348050926.png","contentUrl":"https:\/\/frudia.es\/wp-content\/uploads\/2024\/08\/FFDELBDU020_8803348050926.png","width":1080,"height":1080},{"@type":"BreadcrumbList","@id":"https:\/\/frudia.es\/pt-pt\/producto\/balsamo-de-aguacate-y-cica-duo\/#breadcrumb","itemListElement":[{"@type":"ListItem","position":1,"name":"Portada","item":"https:\/\/frudia.es\/pt-pt\/"},{"@type":"ListItem","position":2,"name":"Tienda","item":"https:\/\/frudia.es\/en\/shop\/"},{"@type":"ListItem","position":3,"name":"B\u00e1lsamo de Aguacate y Cica DUO"}]},{"@type":"WebSite","@id":"https:\/\/frudia.es\/pt-pt\/#website","url":"https:\/\/frudia.es\/pt-pt\/","name":"Frudia","description":"La belleza est\u00e1 en las frutas","potentialAction":[{"@type":"SearchAction","target":{"@type":"EntryPoint","urlTemplate":"https:\/\/frudia.es\/pt-pt\/?s={search_term_string}"},"query-input":{"@type":"PropertyValueSpecification","valueRequired":true,"valueName":"search_term_string"}}],"inLanguage":"pt-PT"}]}},"_links":{"self":[{"href":"https:\/\/frudia.es\/pt-pt\/wp-json\/wp\/v2\/product\/21848","targetHints":{"allow":["GET"]}}],"collection":[{"href":"https:\/\/frudia.es\/pt-pt\/wp-json\/wp\/v2\/product"}],"about":[{"href":"https:\/\/frudia.es\/pt-pt\/wp-json\/wp\/v2\/types\/product"}],"replies":[{"embeddable":true,"href":"https:\/\/frudia.es\/pt-pt\/wp-json\/wp\/v2\/comments?post=21848"}],"wp:featuredmedia":[{"embeddable":true,"href":"https:\/\/frudia.es\/pt-pt\/wp-json\/wp\/v2\/media\/21869"}],"wp:attachment":[{"href":"https:\/\/frudia.es\/pt-pt\/wp-json\/wp\/v2\/media?parent=21848"}],"wp:term":[{"taxonomy":"product_brand","embeddable":true,"href":"https:\/\/frudia.es\/pt-pt\/wp-json\/wp\/v2\/product_brand?post=21848"},{"taxonomy":"product_cat","embeddable":true,"href":"https:\/\/frudia.es\/pt-pt\/wp-json\/wp\/v2\/product_cat?post=21848"},{"taxonomy":"product_tag","embeddable":true,"href":"https:\/\/frudia.es\/pt-pt\/wp-json\/wp\/v2\/product_tag?post=21848"}],"curies":[{"name":"wp","href":"https:\/\/api.w.org\/{rel}","templated":true}]}}